{"id":600,"date":"2016-04-03T12:17:45","date_gmt":"2016-04-03T10:17:45","guid":{"rendered":"https:\/\/www.kde.cs.uni-kassel.de\/?page_id=600"},"modified":"2016-04-03T12:17:45","modified_gmt":"2016-04-03T10:17:45","slug":"projekt","status":"publish","type":"page","link":"https:\/\/www.kde.cs.uni-kassel.de\/en\/lehre\/ws2012-13\/projekt","title":{"rendered":"Projekt Web 2.0 \/ Wissensverarbeitung"},"content":{"rendered":"<p>Dieses Projekt l\u00e4sst sich als Projekt Web 2.0 im Bachelor und als Projekt Wissensverarbeitung im Master anrechnen.<\/p>\n<p>Projektvorbesprechung: Donnerstag, 18.10.2012, 16.15 Uhr in Raum 0445\/E. Bei Interesse k\u00f6nnen Sie auch gerne vorab den jeweiligen Betreuer ansprechen.<\/p>\n<p><span style=\"color: #a3004e;\">Themen:<\/span><\/p>\n<p style=\"padding-left: 30px;\">Jeder Teilnehmer des Projektes bearbeitet eine individuelle Aufgabe im Umfeld unseres kooperativen Verschlagwortungssystems <a href=\"http:\/\/www.bibsonomy.org\/\"><u><span style=\"color: #0066cc;\">BibSonomy<\/span><\/u><\/a> oder der ubiquit\u00e4ren Plattform <a href=\"http:\/\/ubicon.eu\/about\/\"><u><span style=\"color: #0066cc;\">Ubicon<\/span><\/u><\/a>.<\/p>\n<p style=\"padding-left: 30px;\">\u00a0Unter anderem stehen die folgenden Themen zur Auswahl:<\/p>\n<p style=\"padding-left: 30px;\">(<span style=\"color: #a3004e;\">M<\/span> = methodischer Schwerpunkt, <span style=\"color: #a3004e;\">T<\/span> = technischer Schwerpunkt)<\/p>\n<p><span style=\"color: #a3004e;\">Which paper should I read, which website must I visit? Ressource-Recommendation in folksonomies. <\/span><span style=\"color: #a3004e;\"><strong>M,T<\/strong>\u00a0<\/span><\/p>\n<p style=\"padding-left: 30px;\">Beim Schreiben einer wissenschaftlichen Arbeit, bei bei der Auswahl von Filmen oder Musik oder einfach beim Surfen im Netz stellt sich immer wieder die Frage, welche Ressourcen (Paper\/Webseiten\/&#8230;) von pers\u00f6nlichem Interesse sein k\u00f6nnten. Oft gibt es zu viele Ressourcen um alle auch nur kurz zu betrachten. Au\u00dferdem haben verschiedene Personen sehr verschiedene Interessen. Recommender sind Algorithmen, die dem Anwender bei der Suche nach interessanten Inhalten helfen, indem Sie Ihm potentiell interessante Ressourcen vorschlagen. Gute Algorithmen schlagen viele Ressourcen vor, die dann tats\u00e4chlich f\u00fcr den Nutzer interessant sind. Als Eingabe dienen dabei die Profil-Daten der Benutzer, deren Interaktionsverhalten mit dem System etc.<\/p>\n<p style=\"padding-left: 30px;\">F\u00fcr das Web-System BibSonomy sollen nun aktuelle Recommender-Algorithmen zum Vorschlagen von Webseiten und von wissenschaftlichen Publikationen implementiert und dort evaluiert werden. Die Algorithmen m\u00fcssen daf\u00fcr verstanden, implementiert, getestet und angepasst werden um m\u00f6glichst viele vorhandene Daten ber\u00fccksichtigen zu k\u00f6nnen.<\/p>\n<p style=\"padding-left: 30px;\">Je nach Bedarf kann die Arbeit als Projekt-, Bachelor- oder Masterarbeit, allein oder zu zweit bearbeitet werden: Der Schwierigkeitsgrad und der Umfang der Arbeit werden durch die Auswahl und die Anzahl der Algorithmen bzw. durch verschiedene Evaluationstechniken f\u00fcr die produzierten Vorschl\u00e4ge entsprechend angepasst.<\/p>\n<p style=\"padding-left: 30px;\">Informationen: <a href=\"\/doerfel\"><u><span style=\"color: #0066cc;\">Stephan Doerfel<\/span><\/u><\/a><\/p>\n<p><span style=\"color: #a3004e;\">Import-Assistent f\u00fcr BibSonomy\u00a0<strong>T<\/strong>\u00a0<\/span><\/p>\n<p style=\"padding-left: 30px;\">Anwender, die BibSonomy benutzen m\u00f6chten, haben oft schon relevante Daten auf ihrer Platte liegen bzw. bei anderen Diensten gespeichert. Ein Import-Assistent kann den Anwendern helfen, die Daten in BibSonomy einzuf\u00fcgen. Der Assistent durchsucht dazu die Festplatte nach BibTeX- oder EndNote-Dateien, nach Browser-Lesezeichen und fragt andere Services (wie Delicious oder CiteULike) nach den Daten des Nutzers ab. Danach kann der Benutzer diese Daten aufbereiten, ausw\u00e4hlen und in BibSonomy einf\u00fcgen. Ziel des Projektes ist die Implementierung eines solchen Assistenten.<\/p>\n<p style=\"padding-left: 30px;\">Informationen: <a href=\"\/doerfel\"><u><span style=\"color: #0066cc;\">Stephan Doerfel<\/span><\/u><\/a><\/p>\n<p><span style=\"color: #a3004e;\">Namens-Empfehlungen im <a href=\"http:\/\/nameling.net\/\"><u><span style=\"color: #0066cc;\">nameling<\/span><\/u><\/a> <span style=\"color: #a3004e;\">\u00a0<strong>M,T<\/strong><\/span><\/span><\/p>\n<p style=\"padding-left: 30px;\">Seit M\u00e4rz 2012 l\u00e4uft am Fachgebiet Wissensverarbeitung der nameling, eine Plattform zur Suche von Vornamen. Dank einer breiten Presseresonanz konnte der nameling innerhalb weniger Monate mehr als 40.000 Nutzer verzeichnen.<br \/>\nDer nameling basiert auf Analysen von Namens-Kookkurenzen in Wikipedia und soll im Rahmen dieser Projektarbeit um Empfehlungen basierend auf Namenspr\u00e4ferenzen anderer Anwender erweitert werden. Diese Projektarbeit umfasst folgende Schwerpunkte:<\/p>\n<ul>\n<li>Implementierung existierender Empfehlungs-Systeme in den nameling<\/li>\n<li>Konzeption der entsprechenden Benutzerschnittstelle im nameling<\/li>\n<li>Implementierung eines Logging-Systems zur Auswertung verschiedener Empfehlungssysteme<\/li>\n<\/ul>\n<p style=\"padding-left: 30px;\">Informationen: <a href=\"\/mitzlaff\"><u><span style=\"color: #0066cc;\">Folke Mitzlaff<\/span><\/u><\/a><\/p>\n<p><span style=\"color: #a3004e;\"> Geographische Darstellung von beliebten Namen im <a href=\"http:\/\/nameling.net\/\"><u><span style=\"color: #0066cc;\">nameling<\/span><\/u><\/a> <strong>M,T<\/strong><\/span><\/p>\n<p style=\"padding-left: 30px;\">Seit M\u00e4rz 2012 l\u00e4uft am Fachgebiet Wissensverarbeitung der nameling, eine Plattform zur Suche von Vornamen. Dank einer breiten Presseresonanz konnte der nameling innerhalb weniger Monate mehr als 40.000 Nutzer verzeichnen.<br \/>\nIm Rahmen dieser Projektarbeit sollen (zun\u00e4chst) auf einer Deutschlandkarte beliebte Vornamen nach Bundesland aufgeschl\u00fcsselt dargestellt werden:<\/p>\n<p style=\"padding-left: 30px;\">Die Projektarbeit umfasst dabei folgende Schwerpunkte:<\/p>\n<ul>\n<li>Implementierung eines Bundesland-bezogenen Rankings von beliebten Vornamen<\/li>\n<li>Darstellung von beliebten Vornamen auf einer Landkarte<\/li>\n<li>Aufsetzen eines automatischen Update-Prozesses zur t\u00e4glichen Aktualisierung der Karte<\/li>\n<\/ul>\n<p style=\"padding-left: 30px;\">Informationen: <a href=\"\/mitzlaff\"><u><span style=\"color: #0066cc;\">Folke Mitzlaff<\/span><\/u><\/a><\/p>\n<p><span style=\"color: #a3004e;\">Weiterentwicklung eines Eclipse Plugins zur Unterst\u00fctzung von Wissenstransfer in OpenSource Development Teams <strong>T<\/strong><\/span><\/p>\n<p style=\"padding-left: 30px;\">In gro\u00dfen Entwicklungsteams, in denen viele Programmierer \u00fcber gro\u00dfe Distanzen hinweg zusammen an ein und demselben System schreiben, ergibt sich h\u00e4ufig die Frage, wer mit welchem Code oder Bibliothek am vertrautesten ist und am leichtesten bei Fragen Hilfestellung geben kann. Ziel soll es sein, ein Plugin f\u00fcr die weit verbreitete Entwicklungsumgebung Eclipse zu schreiben, das anhand der gesammelten Daten, die bei der Benutzung von Eclipse erzeugt werden, dem Hilfesuchenden eine Liste von Leuten vorschl\u00e4gt, die ihm bei seinem Problem helfen k\u00f6nnen.<\/p>\n<p style=\"padding-left: 30px;\">Informationen: <a href=\"\/macek\"><u><span style=\"color: #0066cc;\">Bj\u00f6rn-Elmar Macek<\/span><\/u><\/a><\/p>\n<p><span style=\"color: #a3004e;\">Anbindung der sozialen Netzwerke an ubiquit\u00e4re Systeme<\/span> <span style=\"color: #a3004e;\"><strong>T<\/strong><\/span><\/p>\n<p style=\"padding-left: 30px;\"><a href=\"http:\/\/ubicon.eu\/about\"><u><span style=\"color: #0066cc;\">Ubicon.eu<\/span><\/u><\/a> ist eine Plattform f\u00fcr unterschiedliche ubiquit\u00e4re Anwendungen. Zurzeit sind folgende Anwendungen implementiert:<br \/>\n&#8211; Conferator: unterst\u00fctzt Konferenzteilnehmer beim Verwalten pers\u00f6nlicher Kontakte und bei der pers\u00f6nlichen Konferenzorganisation;<br \/>\n&#8211; MyGroup: f\u00f6rdert Interaktionen zwischen Kollegen und dient dem Erfahrungs-und Wissensaustausch<br \/>\n&#8211; EveryAware: ein Projekt zur Erforschung der L\u00e4rm- und Luftverschmutzung mithilfe unterschiedlicher ubiquit\u00e4rer Techniken<\/p>\n<p style=\"padding-left: 30px;\">Die ubiquit\u00e4ren Systeme setzen die Anbindung mehrerer anderer Systeme inklusive unterschiedlicher sozialer Netzwerke voraus, um eine bessere Adaptivit\u00e4t zu gew\u00e4hrleisten. Dabei sollen die ubiquit\u00e4ren Systeme performant bleiben.<br \/>\nIn Rahmen der Projektarbeit soll die Anbindung der verschiedenen sozialen Netzwerke mithilfe von Spring Social implementiert werden. <a href=\"http:\/\/www.springsource.org\/spring-social\"><u><span style=\"color: #0066cc;\">Spring Social<\/span><\/u><\/a> ist eine Erweiterung des Spring-Frameworks. Dabei soll eine Strategie zur Speicherung und L\u00f6schung der Daten aus sozialen Netzwerken erarbeitet werden.<\/p>\n<p style=\"padding-left: 30px;\">Informationen: <a href=\"\/kibanov\"><u><span style=\"color: #0066cc;\">Mark Kibanov<\/span><\/u><\/a><\/p>\n<p><span style=\"color: #a3004e;\">Researcher-Seite der ubiquit\u00e4ren Plattform ubicon.eu<\/span> <strong><span style=\"color: #a3004e;\">T<\/span><\/strong><\/p>\n<p style=\"padding-left: 30px;\"><a href=\"http:\/\/ubicon.eu\/about\"><u><span style=\"color: #0066cc;\">Ubicon.eu<\/span><\/u><\/a> ist eine Plattform f\u00fcr unterschiedliche ubiquit\u00e4re Anwendungen. Zurzeit sind folgende Anwendungen implementiert:<br \/>\n&#8211; Conferator: unterst\u00fctzt Konferenzteilnehmer beim Verwalten pers\u00f6nlicher Kontakte und bei der pers\u00f6nlichen Konferenzorganisation;<br \/>\n&#8211; MyGroup: f\u00f6rdert Interaktionen zwischen Kollegen und dient dem Erfahrungs-und Wissensaustausch<br \/>\n&#8211; EveryAware: ein Projekt zur Erforschung der L\u00e4rm- und Luftverschmutzung mithilfe unterschiedlicher ubiquit\u00e4rer Techniken<\/p>\n<p style=\"padding-left: 30px;\">Das Ziel des Projektes ist die Implementierung der Seite, die alle grundlegenden Statistiken bzw. Ergebnisse der ausgew\u00e4hlten Data-Mining-Algorithmen des Events. Dies erm\u00f6glicht eine kurze Zusammenfassung des Experiments bzw. einen \u00dcberblick \u00fcber den Experiment-Verlauf.<br \/>\nDie passenden Algorithmen m\u00fcssen ausgew\u00e4hlt und implementiert werden. Diese Algorithmen m\u00fcssen au\u00dferdem sozialvertr\u00e4glich und gesetzeskonform Daten nutzen und ggf. diese anonymisieren.<\/p>\n<p style=\"padding-left: 30px;\">Informationen: <a href=\"\/kibanov\"><u><span style=\"color: #0066cc;\">Mark Kibanov<\/span><\/u><\/a><\/p>\n<p><span style=\"color: #a3004e;\">Admin-Seite der Connect-U <strong>T<\/strong><\/span><\/p>\n<p style=\"padding-left: 30px;\"><a href=\"http:\/\/ubicon.eu\/about\"><u><span style=\"color: #0066cc;\">Ubicon.eu<\/span><\/u><\/a> ist eine Plattform f\u00fcr unterschiedliche ubiquit\u00e4re Anwendungen. Zurzeit sind folgende Anwendungen implementiert:<br \/>\n&#8211; Conferator: unterst\u00fctzt Konferenzteilnehmer beim Verwalten pers\u00f6nlicher Kontakte und bei der pers\u00f6nlichen Konferenzorganisation;<br \/>\n&#8211; MyGroup: f\u00f6rdert Interaktionen zwischen Kollegen und dient dem Erfahrungs-und Wissensaustausch<br \/>\n&#8211; EveryAware: ein Projekt zur Erforschung der L\u00e4rm- und Luftverschmutzung mithilfe unterschiedlicher ubiquit\u00e4rer Techniken<\/p>\n<p style=\"padding-left: 30px;\">Der Begriff Connect-U ist ein Oberbegriff f\u00fcr Conferator- und MyGroup-Anwendungen. Der Administrator des jeweiligen Systems soll f\u00e4hig sein, unterschiedliche Aktionen wie Erstellen, Editieren und L\u00f6schen von Events, Nutzer-Profilen, Konferenz-Schedule-Eintr\u00e4gen usw. durchzuf\u00fchren.<br \/>\nDas Projekt-Ziel ist die Erstellung der Admin-Seite der ubiquit\u00e4ren Plattform Ubicon und einzelner Anwendungen (MyGroup, Conferator).<\/p>\n<p style=\"padding-left: 30px;\">Informationen: <a href=\"\/kibanov\"><u><span style=\"color: #0066cc;\">Mark Kibanov<\/span><\/u><\/a><\/p>\n<p><span style=\"color: #a3004e;\">Modellierung von Konferenz-Prozessen <strong><span style=\"color: #a3004e;\">M,T<\/span><\/strong><\/span><\/p>\n<p style=\"padding-left: 30px;\"><a href=\"http:\/\/ubicon.eu\/about\"><u><span style=\"color: #0066cc;\">Ubicon.eu<\/span><\/u><\/a> ist eine Plattform f\u00fcr unterschiedliche ubiquit\u00e4re Anwendungen. Zurzeit sind folgende Anwendungen implementiert:<br \/>\n&#8211; Conferator: unterst\u00fctzt Konferenzteilnehmer beim Verwalten pers\u00f6nlicher Kontakte und bei der pers\u00f6nlichen Konferenzorganisation;<br \/>\n&#8211; MyGroup: f\u00f6rdert Interaktionen zwischen Kollegen und dient dem Erfahrungs-und Wissensaustausch<br \/>\n&#8211; EveryAware: ein Projekt zur Erforschung der L\u00e4rm- und Luftverschmutzung mithilfe unterschiedlicher ubiquit\u00e4rer Techniken<\/p>\n<p>Die Tagungen und andere wissenschaftliche Veranstaltungen haben Ablauf-Merkmale, die diese von anderen Veranstaltungen unterscheiden. In der Projektarbeit sollen die Gesch\u00e4ftsprozesse der wissenschaftlichen Konferenzen modelliert werden. Die Conferator-Anwendung muss an diese Prozesse angepasst werden, indem die gr\u00f6\u00dften \u201eGaps\u201c behoben werden und teilweise neue Funktionalit\u00e4ten implementiert werden.<\/p>\n<p style=\"padding-left: 30px;\">Informationen: <a href=\"\/kibanov\"><u><span style=\"color: #0066cc;\">Mark Kibanov<\/span><\/u><\/a><\/p>\n<p><span style=\"color: #a3004e;\">Aufgabenstellung und Termin:<\/span><\/p>\n<p style=\"padding-left: 30px;\">Nach Absprache mit dem jeweiligen Betreuer. Je nach Thema kann die Aufgabe in Kleingruppen oder einzeln bearbeitet werden.<\/p>\n<p><span style=\"color: #a3004e;\">Vorkenntnisse:<\/span><\/p>\n<p style=\"padding-left: 30px;\">Informatik Grundstudium<\/p>\n<p><span style=\"color: #a3004e;\">Angesprochener H\u00f6rerInnenkreis:<\/span><\/p>\n<p style=\"padding-left: 30px;\">Inf. Hauptstudium Bachelor und Diplom I, Master, Math. NF Inf. Hauptstudium<\/p>\n<p><span style=\"color: #a3004e;\">Umfang:<\/span><\/p>\n<p style=\"padding-left: 30px;\">4 oder 8 SWS im Bachelor und Diplom I nach Absprache, 4 SWS im Master<\/p>\n<p><span style=\"color: #a3004e;\">Leistungsnachweis:<\/span><\/p>\n<p style=\"padding-left: 30px;\">Implementierung, schriftliche Ausarbeitung und zwei Vortr\u00e4ge<\/p>\n<p><span style=\"color: #a3004e;\">Veranstalter:<\/span><\/p>\n<p style=\"padding-left: 30px;\"><a href=\"\/stumme\"><u><span style=\"color: #0066cc;\">Prof. Dr. Gerd Stumme<\/span><\/u><\/a>, <a href=\"\/atzmueller\"><u><span style=\"color: #0066cc;\">PD Dr. Martin Atzm\u00fcller<\/span><\/u><\/a>, <a href=\"\/doerfel\"><u><span style=\"color: #0066cc;\">Dipl.-Math. Stephan Doerfel<\/span><\/u><\/a>,\u00a0<a href=\"\/kibanov\"><u><span style=\"color: #0066cc;\">Dipl.-Inform. Mark Kibanov<\/span><\/u><\/a>, <a href=\"\/macek\"><u><span style=\"color: #0066cc;\">Dipl.-Inform. Bj\u00f6rn Elmar Macek<\/span><\/u><\/a>, <a href=\"\/mitzlaff\"><u><span style=\"color: #0066cc;\">Dipl.-Inform. Folke Mitzlaff<\/span><\/u><\/a>, <a href=\"\/mueller\"><u><span style=\"color: #0066cc;\">Juergen Mueller<\/span><\/u><\/a>, <a href=\"\/scholz\"><u><span style=\"color: #0066cc;\">M. Sc. Christoph Scholz<\/span><\/u><\/a><\/p>\n<p><span style=\"color: #a3004e;\">Ablauf:<\/span><\/p>\n<p style=\"padding-left: 30px;\">In der Regel sollte die Projektarbeit mit Semesterbeginn begonnen werden. Nach 4-6 Wochen findet eine Zwischenpr\u00e4sentation statt, in der der Stand der Projektarbeit vorgestellt wird. In der Regel in der ersten Vorlesungswoche des folgenden Semesters werden dann die Endergebnisse vorgestellt. Eine kurze Beschreibung der Arbeit (5 Seiten) ist 3 Tage vor dem Vortrag einzureichen.<\/p>\n<p style=\"padding-left: 30px;\">Eine Woche nach der Annahme des Themas gibt der Student eine einseitige Beschreibung der Aufgabe, sowie einen Arbeitsplan f\u00fcr das Semester ab. Zur besseren Koordination und Kommunikation wird erwartet, dass der Student bei einem 4(8) SWS-Projekt regelm\u00e4\u00dfig an einem (zwei) Tagen in der Softwarewerkstatt anwesend ist. Der genaue Tag ist in Absprache mit dem Betreuer festzulegen.<\/p>\n<p style=\"padding-left: 30px;\">Als Richtlinie f\u00fcr die Erstellung einer guten Ausarbeitung wird das Buch<\/p>\n<ul>\n<li>Markus Deininger and Horst Lichter and Jochen Ludewig and Kurt Schneider. Studien-Arbeiten: ein Leitfaden zur Vorbereitung, Durchf\u00fchrung und Betreuung von Studien-, Diplom- Abschluss- und Doktorarbeiten am Beispiel Informatik. 5. Auflage. vdf Hochschulverlag, Z\u00fcrich, 2005.<\/li>\n<\/ul>\n<p style=\"padding-left: 30px;\">empfohlen, welches in der Bibliothek im Semesterapparat des Fachgebiets Wissensverarbeitung ausliegt, und welches auch in einigen Exemplaren ausleihbar ist. Wir empfehlen die Anschaffung dieses Buchs (9,50 \u20ac), da es Sie bis zur Masterarbeit (und weiter) begleiten kann.<\/p>\n<p style=\"padding-left: 30px;\">Alle verwendeten Referenzen sind zus\u00e4tzlich zum Literaturverzeichnis der Ausarbeitung in <a class=\"external\" href=\"http:\/\/www.bibsonomy.org\/\" rel=\"nofollow\"><u><span style=\"color: #0066cc;\">http:\/\/www.bibsonomy.org<\/span><\/u><\/a> einzugeben, mit den Tags &#8220;projekt kde &lt; laufendes Semester in der Form ss08 bzw ww08 &gt; &#8221; und weiteren sinnvollen Tags.<\/p>\n","protected":false},"excerpt":{"rendered":"<p>Dieses Projekt l\u00e4sst sich als Projekt Web 2.0 im Bachelor und als Projekt Wissensverarbeitung im Master anrechnen. Projektvorbesprechung: Donnerstag, 18.10.2012, 16.15 Uhr in Raum 0445\/E. Bei Interesse k\u00f6nnen Sie auch gerne vorab den jeweiligen Betreuer<a class=\"moretag\" href=\"https:\/\/www.kde.cs.uni-kassel.de\/en\/lehre\/ws2012-13\/projekt\"> Read more&hellip;<\/a><\/p>\n","protected":false},"author":1,"featured_media":0,"parent":597,"menu_order":0,"comment_status":"closed","ping_status":"closed","template":"","meta":{"footnotes":""},"class_list":["post-600","page","type-page","status-publish","hentry"],"translation":{"provider":"WPGlobus","version":"3.0.2","language":"en","enabled_languages":["de","en"],"languages":{"de":{"title":true,"content":true,"excerpt":false},"en":{"title":false,"content":false,"excerpt":false}}},"_links":{"self":[{"href":"https:\/\/www.kde.cs.uni-kassel.de\/en\/wp-json\/wp\/v2\/pages\/600","targetHints":{"allow":["GET"]}}],"collection":[{"href":"https:\/\/www.kde.cs.uni-kassel.de\/en\/wp-json\/wp\/v2\/pages"}],"about":[{"href":"https:\/\/www.kde.cs.uni-kassel.de\/en\/wp-json\/wp\/v2\/types\/page"}],"author":[{"embeddable":true,"href":"https:\/\/www.kde.cs.uni-kassel.de\/en\/wp-json\/wp\/v2\/users\/1"}],"replies":[{"embeddable":true,"href":"https:\/\/www.kde.cs.uni-kassel.de\/en\/wp-json\/wp\/v2\/comments?post=600"}],"version-history":[{"count":1,"href":"https:\/\/www.kde.cs.uni-kassel.de\/en\/wp-json\/wp\/v2\/pages\/600\/revisions"}],"predecessor-version":[{"id":612,"href":"https:\/\/www.kde.cs.uni-kassel.de\/en\/wp-json\/wp\/v2\/pages\/600\/revisions\/612"}],"up":[{"embeddable":true,"href":"https:\/\/www.kde.cs.uni-kassel.de\/en\/wp-json\/wp\/v2\/pages\/597"}],"wp:attachment":[{"href":"https:\/\/www.kde.cs.uni-kassel.de\/en\/wp-json\/wp\/v2\/media?parent=600"}],"curies":[{"name":"wp","href":"https:\/\/api.w.org\/{rel}","templated":true}]}}