{"id":597,"date":"2016-04-03T12:09:31","date_gmt":"2016-04-03T10:09:31","guid":{"rendered":"https:\/\/www.kde.cs.uni-kassel.de\/?page_id=597"},"modified":"2018-01-26T14:36:42","modified_gmt":"2018-01-26T13:36:42","slug":"ws2012-13","status":"publish","type":"page","link":"https:\/\/www.kde.cs.uni-kassel.de\/en\/lehre\/ws2012-13","title":{"rendered":"Lehrveranstaltungen im Wintersemester 2012\/2013"},"content":{"rendered":"<p>Folgende Lehrveranstaltungen werden im Wintersemester 2012\/2013 angeboten:<\/p>\n<h2><span style=\"color: #a3004e;\">Vorlesungen<\/span><\/h2>\n<ul><!--\n \t\n\n<li><a href=\"KI\">K\u00fcnstliche Intelligenz<\/a> (PD Dr. Martin Atzm\u00fcller)<\/li>\n\n\n--><\/p>\n<li><a href=\"\/lehre\/ws2012-13\/ki\"><u><span style=\"color: #0066cc;\">K\u00fcnstliche Intelligenz<\/span><\/u><\/a> (Prof. Dr. Gerd Stumme)<\/li>\n<li><a href=\"\/lehre\/ws2012-13\/ki_einfuehrung\"><u><span style=\"color: #0066cc;\">Einf\u00fchrung in die K\u00fcnstliche Intelligenz<\/span><\/u><\/a> (Prof. Dr. Gerd Stumme)<\/li>\n<li><a href=\"\/lehre\/ws2012-13\/kdd\"><u><span style=\"color: #0066cc;\">Knowledge Discovery<\/span><\/u><\/a> (PD Dr. Martin Atzm\u00fcller, Prof. Dr. Gerd Stumme)<\/li>\n<li><a href=\"\/lehre\/ws2012-13\/kdd_Praktikum\"><u><span style=\"color: #0066cc;\">Praktikum Knowledge Discovery<\/span><\/u><\/a> ( Prof. Dr. Gerd Stumme)<\/li>\n<\/ul>\n<ul><!--\n \t\n\n<li><a href=\"KI\">K\u00fcnstliche Intelligenz<\/a> (PD Dr. Martin Atzm\u00fcller)<\/li>\n\n\n--><\/ul>\n<h2><span style=\"color: #a3004e;\">Projekte<\/span><\/h2>\n<ul>\n<li><a href=\"\/lehre\/ws2012-13\/projekt\"><u><span style=\"color: #0066cc;\">Projekte &#8220;Semantic Web&#8221; und &#8220;Wissensverarbeitung&#8221;<\/span><\/u><\/a><\/li>\n<\/ul>\n<h2><span style=\"color: #a3004e;\">Seminar<\/span><\/h2>\n<ul>\n<li><a href=\"\/lehre\/ws2012-13\/seminar\"><u><span style=\"color: #0066cc;\">Data-Mining f\u00fcr die Analyse sozialer Netzwerke (Seminar)<\/span><\/u><\/a><\/li>\n<\/ul>\n<p><!--\n \t\n\n<li><a href=\"wissenschaftliches_arbeiten\">Seminar \"Wissenschaftliches Arbeiten im Fach Wissensverarbeitung\"<\/a> (Prof. Dr. Gerd Stumme)<\/li>\n\n\n--><\/p>\n<h2><span style=\"color: #a3004e;\">Abschlussarbeiten<\/span><\/h2>\n<ul>\n<li><a href=\"\/lehre\/ws2012-13\/arbeiten\"><u><span style=\"color: #0066cc;\">Bachelor-, Diplom- und Masterarbeiten<\/span><\/u><\/a><\/li>\n<\/ul>\n","protected":false},"excerpt":{"rendered":"<p>Folgende Lehrveranstaltungen werden im Wintersemester 2012\/2013 angeboten: Vorlesungen K\u00fcnstliche Intelligenz (Prof. Dr. Gerd Stumme) Einf\u00fchrung in die K\u00fcnstliche Intelligenz (Prof. Dr. Gerd Stumme) Knowledge Discovery (PD Dr. Martin Atzm\u00fcller, Prof. Dr. Gerd Stumme) Praktikum Knowledge<a class=\"moretag\" href=\"https:\/\/www.kde.cs.uni-kassel.de\/en\/lehre\/ws2012-13\"> Read more&hellip;<\/a><\/p>\n","protected":false},"author":1,"featured_media":0,"parent":30,"menu_order":39,"comment_status":"closed","ping_status":"closed","template":"","meta":{"footnotes":""},"class_list":["post-597","page","type-page","status-publish","hentry"],"translation":{"provider":"WPGlobus","version":"3.0.2","language":"en","enabled_languages":["de","en"],"languages":{"de":{"title":true,"content":true,"excerpt":false},"en":{"title":false,"content":false,"excerpt":false}}},"_links":{"self":[{"href":"https:\/\/www.kde.cs.uni-kassel.de\/en\/wp-json\/wp\/v2\/pages\/597","targetHints":{"allow":["GET"]}}],"collection":[{"href":"https:\/\/www.kde.cs.uni-kassel.de\/en\/wp-json\/wp\/v2\/pages"}],"about":[{"href":"https:\/\/www.kde.cs.uni-kassel.de\/en\/wp-json\/wp\/v2\/types\/page"}],"author":[{"embeddable":true,"href":"https:\/\/www.kde.cs.uni-kassel.de\/en\/wp-json\/wp\/v2\/users\/1"}],"replies":[{"embeddable":true,"href":"https:\/\/www.kde.cs.uni-kassel.de\/en\/wp-json\/wp\/v2\/comments?post=597"}],"version-history":[{"count":4,"href":"https:\/\/www.kde.cs.uni-kassel.de\/en\/wp-json\/wp\/v2\/pages\/597\/revisions"}],"predecessor-version":[{"id":2636,"href":"https:\/\/www.kde.cs.uni-kassel.de\/en\/wp-json\/wp\/v2\/pages\/597\/revisions\/2636"}],"up":[{"embeddable":true,"href":"https:\/\/www.kde.cs.uni-kassel.de\/en\/wp-json\/wp\/v2\/pages\/30"}],"wp:attachment":[{"href":"https:\/\/www.kde.cs.uni-kassel.de\/en\/wp-json\/wp\/v2\/media?parent=597"}],"curies":[{"name":"wp","href":"https:\/\/api.w.org\/{rel}","templated":true}]}}