{"id":576,"date":"2016-04-03T11:42:47","date_gmt":"2016-04-03T09:42:47","guid":{"rendered":"https:\/\/www.kde.cs.uni-kassel.de\/?page_id=576"},"modified":"2018-01-26T14:32:41","modified_gmt":"2018-01-26T13:32:41","slug":"ws2013-14","status":"publish","type":"page","link":"https:\/\/www.kde.cs.uni-kassel.de\/en\/lehre\/ws2013-14","title":{"rendered":"Lehrveranstaltungen im Wintersemester 2013\/2014"},"content":{"rendered":"<p>Folgende Lehrveranstaltungen werden im Wintersemester 2013\/2014 angeboten:<\/p>\n<h2><span style=\"color: #a3004e;\">Vorlesungen<\/span><\/h2>\n<ul><!--\n \t\n\n<li><a href=\"KI\">K\u00fcnstliche Intelligenz<\/a> (PD Dr. Martin Atzm\u00fcller)<\/li>\n\n\n--><\/p>\n<li><a href=\"\/lehre\/ws2013-14\/ki\"><u><span style=\"color: #0066cc;\">K\u00fcnstliche Intelligenz<\/span><\/u><\/a> (Prof. Dr. Gerd Stumme)<\/li>\n<li><a href=\"\/lehre\/ws2013-14\/ki_einfuehrung\"><u><span style=\"color: #0066cc;\">Einf\u00fchrung in die K\u00fcnstliche Intelligenz<\/span><\/u><\/a> (Prof. Dr. Gerd Stumme)<\/li>\n<li><a href=\"\/lehre\/ws2013-14\/kdd\"><u><span style=\"color: #0066cc;\">Knowledge Discovery<\/span><\/u><\/a> (PD Dr. Martin Atzm\u00fcller, Prof. Dr. Gerd Stumme)<\/li>\n<li><a href=\"\/lehre\/ws2013-14\/kdd_Praktikum\"><u><span style=\"color: #0066cc;\">Praktikum Knowledge Discovery<\/span><\/u><\/a> (PD Dr. Martin Atzm\u00fcller, Prof. Dr. Gerd Stumme)<\/li>\n<\/ul>\n<ul><!--\n \t\n\n<li><a href=\"KI\">K\u00fcnstliche Intelligenz<\/a> (PD Dr. Martin Atzm\u00fcller)<\/li>\n\n\n--><\/ul>\n<h2><span style=\"color: #a3004e;\">Projekte<\/span><\/h2>\n<ul>\n<li><a href=\"\/lehre\/ws2013-14\/projekt\"><u><span style=\"color: #0066cc;\">Projekte &#8220;Semantic Web&#8221; und &#8220;Wissensverarbeitung&#8221;<\/span><\/u><\/a><\/li>\n<\/ul>\n<h2><span style=\"color: #a3004e;\">Seminar<\/span><\/h2>\n<ul>\n<li><a href=\"\/lehre\/ws2013-14\/seminar\"><u><span style=\"color: #0066cc;\">Data-Mining f\u00fcr die Analyse sozialer Netzwerke (Seminar)<\/span><\/u><\/a><\/li>\n<\/ul>\n<p><!--\n \t\n\n<li><a href=\"wissenschaftliches_arbeiten\">Seminar \"Wissenschaftliches Arbeiten im Fach Wissensverarbeitung\"<\/a> (Prof. Dr. Gerd Stumme)<\/li>\n\n\n--><\/p>\n<h2><span style=\"color: #a3004e;\">Abschlussarbeiten<\/span><\/h2>\n<ul>\n<li><a href=\"\/lehre\/ws2013-14\/arbeiten\"><u><span style=\"color: #0066cc;\">Bachelor-, Diplom- und Masterarbeiten<\/span><\/u><\/a><\/li>\n<\/ul>\n","protected":false},"excerpt":{"rendered":"<p>Folgende Lehrveranstaltungen werden im Wintersemester 2013\/2014 angeboten: Vorlesungen K\u00fcnstliche Intelligenz (Prof. Dr. Gerd Stumme) Einf\u00fchrung in die K\u00fcnstliche Intelligenz (Prof. Dr. Gerd Stumme) Knowledge Discovery (PD Dr. Martin Atzm\u00fcller, Prof. Dr. Gerd Stumme) Praktikum Knowledge<a class=\"moretag\" href=\"https:\/\/www.kde.cs.uni-kassel.de\/en\/lehre\/ws2013-14\"> Read more&hellip;<\/a><\/p>\n","protected":false},"author":1,"featured_media":0,"parent":30,"menu_order":39,"comment_status":"closed","ping_status":"closed","template":"","meta":{"footnotes":""},"class_list":["post-576","page","type-page","status-publish","hentry"],"translation":{"provider":"WPGlobus","version":"3.0.2","language":"en","enabled_languages":["de","en"],"languages":{"de":{"title":true,"content":true,"excerpt":false},"en":{"title":false,"content":false,"excerpt":false}}},"_links":{"self":[{"href":"https:\/\/www.kde.cs.uni-kassel.de\/en\/wp-json\/wp\/v2\/pages\/576","targetHints":{"allow":["GET"]}}],"collection":[{"href":"https:\/\/www.kde.cs.uni-kassel.de\/en\/wp-json\/wp\/v2\/pages"}],"about":[{"href":"https:\/\/www.kde.cs.uni-kassel.de\/en\/wp-json\/wp\/v2\/types\/page"}],"author":[{"embeddable":true,"href":"https:\/\/www.kde.cs.uni-kassel.de\/en\/wp-json\/wp\/v2\/users\/1"}],"replies":[{"embeddable":true,"href":"https:\/\/www.kde.cs.uni-kassel.de\/en\/wp-json\/wp\/v2\/comments?post=576"}],"version-history":[{"count":4,"href":"https:\/\/www.kde.cs.uni-kassel.de\/en\/wp-json\/wp\/v2\/pages\/576\/revisions"}],"predecessor-version":[{"id":2632,"href":"https:\/\/www.kde.cs.uni-kassel.de\/en\/wp-json\/wp\/v2\/pages\/576\/revisions\/2632"}],"up":[{"embeddable":true,"href":"https:\/\/www.kde.cs.uni-kassel.de\/en\/wp-json\/wp\/v2\/pages\/30"}],"wp:attachment":[{"href":"https:\/\/www.kde.cs.uni-kassel.de\/en\/wp-json\/wp\/v2\/media?parent=576"}],"curies":[{"name":"wp","href":"https:\/\/api.w.org\/{rel}","templated":true}]}}