{"id":563,"date":"2016-04-03T11:25:06","date_gmt":"2016-04-03T09:25:06","guid":{"rendered":"https:\/\/www.kde.cs.uni-kassel.de\/?page_id=563"},"modified":"2018-01-26T14:30:06","modified_gmt":"2018-01-26T13:30:06","slug":"kdd_praktikum","status":"publish","type":"page","link":"https:\/\/www.kde.cs.uni-kassel.de\/en\/lehre\/ws2014-15\/kdd_praktikum","title":{"rendered":"Knowledge Discovery (Praktikum)"},"content":{"rendered":"<p><span style=\"color: #a3004e;\">Inhalt:<\/span><\/p>\n<p style=\"padding-left: 30px;\">Im Praktikum werden die in der Vorlesung Knowledge Discovery vermittelten Konzepte in die Praxis umgesetzt.<\/p>\n<p><span style=\"color: #a3004e;\"> Veranstalter: <\/span><\/p>\n<p style=\"padding-left: 30px;\"><a href=\"\/stumme\"><u><span style=\"color: #0066cc;\">Prof. Dr. Gerd Stumme<\/span><\/u><\/a>, <a href=\"\/atzmueller\"><u><span style=\"color: #0066cc;\">PD Dr. Martin Atzm\u00fcller<\/span><\/u><\/a>, <a href=\"\/doerfel\"><u><span style=\"color: #0066cc;\">Dipl.-Math. Stephan Doerfel<\/span><\/u><\/a>, <a href=\"\/mueller\"><u><span style=\"color: #0066cc;\">Juergen Mueller<\/span><\/u><\/a><\/p>\n<p><span style=\"color: #a3004e;\"> Terminabsprache: <\/span><\/p>\n<p style=\"padding-left: 30px;\">In der ersten Vorlesung <a href=\"\/lehre\/ws2014-15\/kdd\"><u><span style=\"color: #0066cc;\"> Knowledge Discovery<\/span><\/u><\/a>.<\/p>\n<p><span style=\"color: #a3004e;\"> Vorkenntnisse: <\/span><\/p>\n<p style=\"padding-left: 30px;\">Informatik Grundstudium<\/p>\n<p><span style=\"color: #a3004e;\"> Angesprochener H\u00f6rerInnenkreis: <\/span><\/p>\n<p style=\"padding-left: 30px;\">Inf. ab 4. Sem., Math. NF Inf.<\/p>\n<p><span style=\"color: #a3004e;\"> Voraussetzung: <\/span><\/p>\n<p style=\"padding-left: 30px;\">Der gleichzeitige Besuch der Vorlesung <a href=\"\/lehre\/ws2014-15\/kdd\"><u><span style=\"color: #0066cc;\"> Knowledge Discovery<\/span><\/u><\/a> wird empfohlen. Teilnehmer d\u00fcrfen das Praktikum Knowledge Discovery noch nicht bereits absolviert haben (weder als Praktikum noch \u00fcbungsbegleitend in einer fr\u00fcheren Vorlesung).<\/p>\n<p><span style=\"color: #a3004e;\">\u00a0Umfang: <\/span><\/p>\n<p style=\"padding-left: 30px;\">2 SWS, 4 Credits<\/p>\n<p><span style=\"color: #a3004e;\"> Leistungsnachweis: <\/span><\/p>\n<p style=\"padding-left: 30px;\">Bearbeitung der Praktikumsaufgaben, m\u00fcndliche Pr\u00fcfung.<br \/>\nDie Vorlesung kann im Bereich Praktische Informatik sowie in den Anwendungsgebieten Knowledge &amp; Data Engineering und Internet-Technologien angerechnet werden.<\/p>\n","protected":false},"excerpt":{"rendered":"<p>Inhalt: Im Praktikum werden die in der Vorlesung Knowledge Discovery vermittelten Konzepte in die Praxis umgesetzt. Veranstalter: Prof. Dr. Gerd Stumme, PD Dr. Martin Atzm\u00fcller, Dipl.-Math. Stephan Doerfel, Juergen Mueller Terminabsprache: In der ersten Vorlesung<a class=\"moretag\" href=\"https:\/\/www.kde.cs.uni-kassel.de\/en\/lehre\/ws2014-15\/kdd_praktikum\"> Read more&hellip;<\/a><\/p>\n","protected":false},"author":1,"featured_media":0,"parent":558,"menu_order":0,"comment_status":"closed","ping_status":"closed","template":"","meta":{"footnotes":""},"class_list":["post-563","page","type-page","status-publish","hentry"],"translation":{"provider":"WPGlobus","version":"3.0.2","language":"en","enabled_languages":["de","en"],"languages":{"de":{"title":true,"content":true,"excerpt":false},"en":{"title":false,"content":false,"excerpt":false}}},"_links":{"self":[{"href":"https:\/\/www.kde.cs.uni-kassel.de\/en\/wp-json\/wp\/v2\/pages\/563","targetHints":{"allow":["GET"]}}],"collection":[{"href":"https:\/\/www.kde.cs.uni-kassel.de\/en\/wp-json\/wp\/v2\/pages"}],"about":[{"href":"https:\/\/www.kde.cs.uni-kassel.de\/en\/wp-json\/wp\/v2\/types\/page"}],"author":[{"embeddable":true,"href":"https:\/\/www.kde.cs.uni-kassel.de\/en\/wp-json\/wp\/v2\/users\/1"}],"replies":[{"embeddable":true,"href":"https:\/\/www.kde.cs.uni-kassel.de\/en\/wp-json\/wp\/v2\/comments?post=563"}],"version-history":[{"count":4,"href":"https:\/\/www.kde.cs.uni-kassel.de\/en\/wp-json\/wp\/v2\/pages\/563\/revisions"}],"predecessor-version":[{"id":2630,"href":"https:\/\/www.kde.cs.uni-kassel.de\/en\/wp-json\/wp\/v2\/pages\/563\/revisions\/2630"}],"up":[{"embeddable":true,"href":"https:\/\/www.kde.cs.uni-kassel.de\/en\/wp-json\/wp\/v2\/pages\/558"}],"wp:attachment":[{"href":"https:\/\/www.kde.cs.uni-kassel.de\/en\/wp-json\/wp\/v2\/media?parent=563"}],"curies":[{"name":"wp","href":"https:\/\/api.w.org\/{rel}","templated":true}]}}