{"id":558,"date":"2016-04-03T11:18:04","date_gmt":"2016-04-03T09:18:04","guid":{"rendered":"https:\/\/www.kde.cs.uni-kassel.de\/?page_id=558"},"modified":"2018-01-26T14:28:46","modified_gmt":"2018-01-26T13:28:46","slug":"ws2014-15","status":"publish","type":"page","link":"https:\/\/www.kde.cs.uni-kassel.de\/en\/lehre\/ws2014-15","title":{"rendered":"Lehrveranstaltungen im Wintersemester 2014\/2015"},"content":{"rendered":"<p>Folgende Lehrveranstaltungen werden im Wintersemester 2014\/2015 angeboten:<\/p>\n<h2><span style=\"color: #a3004e;\">Vorlesungen<\/span><\/h2>\n<ul><!--\n \t\n\n<li><a href=\"KI\">K\u00fcnstliche Intelligenz<\/a> (PD Dr. Martin Atzm\u00fcller)<\/li>\n\n\n--><\/p>\n<li><a href=\"\/lehre\/ws2014-15\/ki_einfuehrung\"><u><span style=\"color: #0066cc;\">Einf\u00fchrung in die K\u00fcnstliche Intelligenz<\/span><\/u><\/a> (Prof. Dr. Gerd Stumme)<\/li>\n<li><a href=\"\/lehre\/ws2014-15\/kdd\"><u><span style=\"color: #0066cc;\">Knowledge Discovery<\/span><\/u><\/a> (PD Dr. Martin Atzm\u00fcller, Prof. Dr. Gerd Stumme)<\/li>\n<li><a href=\"\/lehre\/ws2014-15\/kdd_Praktikum\"><u><span style=\"color: #0066cc;\">Praktikum Knowledge Discovery<\/span><\/u><\/a> (PD Dr. Martin Atzm\u00fcller, Prof. Dr. Gerd Stumme)<\/li>\n<\/ul>\n<h2><span style=\"color: #a3004e;\">Projekte<\/span><\/h2>\n<ul>\n<li><a href=\"\/lehre\/ws2014-15\/projekt\"><u><span style=\"color: #0066cc;\">Projekte &#8220;Semantic Web&#8221; und &#8220;Wissensverarbeitung&#8221;<\/span><\/u><\/a><\/li>\n<\/ul>\n<h2><span style=\"color: #a3004e;\">Seminar<\/span><\/h2>\n<ul>\n<li><a href=\"\/lehre\/ws2014-15\/seminar\"><u><span style=\"color: #0066cc;\">Data-Mining f\u00fcr die Analyse sozialer Netzwerke (Seminar)<\/span><\/u><\/a><\/li>\n<\/ul>\n<p><!--\n \t\n\n<li><a href=\"wissenschaftliches_arbeiten\">Seminar \"Wissenschaftliches Arbeiten im Fach Wissensverarbeitung\"<\/a> (Prof. Dr. Gerd Stumme)<\/li>\n\n\n--><\/p>\n<h2><span style=\"color: #a3004e;\">Abschlussarbeiten<\/span><\/h2>\n<ul>\n<li><a href=\"\/lehre\/ws2014-15\/arbeiten\"><u><span style=\"color: #0066cc;\">Bachelor-, Diplom- und Masterarbeiten<\/span><\/u><\/a><\/li>\n<\/ul>\n","protected":false},"excerpt":{"rendered":"<p>Folgende Lehrveranstaltungen werden im Wintersemester 2014\/2015 angeboten: Vorlesungen Einf\u00fchrung in die K\u00fcnstliche Intelligenz (Prof. Dr. Gerd Stumme) Knowledge Discovery (PD Dr. Martin Atzm\u00fcller, Prof. Dr. Gerd Stumme) Praktikum Knowledge Discovery (PD Dr. Martin Atzm\u00fcller, Prof.<a class=\"moretag\" href=\"https:\/\/www.kde.cs.uni-kassel.de\/en\/lehre\/ws2014-15\"> Read more&hellip;<\/a><\/p>\n","protected":false},"author":1,"featured_media":0,"parent":30,"menu_order":39,"comment_status":"closed","ping_status":"closed","template":"","meta":{"footnotes":""},"class_list":["post-558","page","type-page","status-publish","hentry"],"translation":{"provider":"WPGlobus","version":"3.0.2","language":"en","enabled_languages":["de","en"],"languages":{"de":{"title":true,"content":true,"excerpt":false},"en":{"title":false,"content":false,"excerpt":false}}},"_links":{"self":[{"href":"https:\/\/www.kde.cs.uni-kassel.de\/en\/wp-json\/wp\/v2\/pages\/558","targetHints":{"allow":["GET"]}}],"collection":[{"href":"https:\/\/www.kde.cs.uni-kassel.de\/en\/wp-json\/wp\/v2\/pages"}],"about":[{"href":"https:\/\/www.kde.cs.uni-kassel.de\/en\/wp-json\/wp\/v2\/types\/page"}],"author":[{"embeddable":true,"href":"https:\/\/www.kde.cs.uni-kassel.de\/en\/wp-json\/wp\/v2\/users\/1"}],"replies":[{"embeddable":true,"href":"https:\/\/www.kde.cs.uni-kassel.de\/en\/wp-json\/wp\/v2\/comments?post=558"}],"version-history":[{"count":5,"href":"https:\/\/www.kde.cs.uni-kassel.de\/en\/wp-json\/wp\/v2\/pages\/558\/revisions"}],"predecessor-version":[{"id":2628,"href":"https:\/\/www.kde.cs.uni-kassel.de\/en\/wp-json\/wp\/v2\/pages\/558\/revisions\/2628"}],"up":[{"embeddable":true,"href":"https:\/\/www.kde.cs.uni-kassel.de\/en\/wp-json\/wp\/v2\/pages\/30"}],"wp:attachment":[{"href":"https:\/\/www.kde.cs.uni-kassel.de\/en\/wp-json\/wp\/v2\/media?parent=558"}],"curies":[{"name":"wp","href":"https:\/\/api.w.org\/{rel}","templated":true}]}}