{"id":5494,"date":"2019-03-27T11:22:58","date_gmt":"2019-03-27T10:22:58","guid":{"rendered":"https:\/\/www.kde.cs.uni-kassel.de\/?page_id=5494"},"modified":"2019-04-03T14:36:02","modified_gmt":"2019-04-03T12:36:02","slug":"cda","status":"publish","type":"page","link":"https:\/\/www.kde.cs.uni-kassel.de\/en\/lehre\/ss2019\/cda","title":{"rendered":"Conceptual Data Analysis \/ Begriffliche Datenanalyse (Vorlesung)"},"content":{"rendered":"\n<h2 class=\"wp-block-heading\">Conceptual Data Analysis \/ Begriffliche Datenanalyse (Vorlesung)<\/h2>\n\n\n\n<p>Die Studierenden erlernen die grundlegenden Konzepte und Methoden der Begriffsanalyse im Bereich der Wissensverarbeitung und \u2013repr\u00e4sentation. Der gleichzeitige oder anschlie\u00dfende Besuch des Labors <a href=\"https:\/\/www.kde.cs.uni-kassel.de\/lehre\/ss2019\/labor-qda\">Qualitative Datenanalyse<\/a> wird empfohlen.<\/p>\n\n\n\n<h3 class=\"wp-block-heading\">Erster Veranstaltungstag:<\/h3>\n\n\n\n<p>Mittwoch, 24. April 2019<\/p>\n\n\n\n<h3 class=\"wp-block-heading\">Ort und Zeit: <\/h3>\n\n\n\n<p>Mittwochs, 10.15 h &#8211; 11.45 h in Raum 0445\/E<\/p>\n\n\n\n<h3 class=\"wp-block-heading\">\u00dcbungen: <\/h3>\n\n\n\n<p>Freitags, 10.15 h &#8211; 11.45 h, in Raum 0445\/E, Beginn 26. April 2019<\/p>\n\n\n\n<h3 class=\"wp-block-heading\">Vorkenntnisse: <\/h3>\n\n\n\n<p>Informatik Grundstudium<\/p>\n\n\n\n<h3 class=\"wp-block-heading\">Angesprochener H\u00f6rerInnenkreis: <\/h3>\n\n\n\n<p>Informatik Master<\/p>\n\n\n\n<h3 class=\"wp-block-heading\">Umfang: <\/h3>\n\n\n\n<p>6 Cr.<\/p>\n\n\n\n<h3 class=\"wp-block-heading\">Leistungsnachweis: <\/h3>\n\n\n\n<p>m\u00fcndliche Pr\u00fcfung (ca. 30min) oder schriftliche Pr\u00fcfung (ca. 120min)<\/p>\n\n\n\n<h3 class=\"wp-block-heading\">Veranstalter: <\/h3>\n\n\n\n<p>Prof. Dr. Gerd Stumme<!-- InstanceEndEditable --><\/p>\n\n\n\n<h3 class=\"wp-block-heading\">Inhalt: <\/h3>\n\n\n\n<p>Die Formale Begriffsanalyse ist eine Methode, mit der Daten auf Zusammenh\u00e4nge und Struktur analysiert werden k\u00f6nnen. Die Daten werden dabei so geclustert, dass sie dem menschlichen Denken in Begriffen und Begriffshierarchien entsprechen.<br>Einf\u00fchrung: Theorie und Anwendungen der Formalen Begriffsanalyse; Gewinnung von Begriffen und Begriffshierarchien aus Daten; Datenanalyse und Unterst\u00fctzung der Wissensakquisition; Strukturierung der Begriffe in (Spezialisierungs-)Hierarchien; verschiedene Darstellungsformen; Algorithmus zur Exploration eines Merkmalraumes<\/p>\n\n\n\n<h3 class=\"wp-block-heading\">Literatur: <\/h3>\n\n\n\n<p>&#8211; Ganter, Wille: Formale Begriffsanalyse \u2013 mathematische Grundlagen<br>&#8211; Ganter, Stumme, Wille: Formal Concept Analysis \u2013 Foundations and Applications<br>&#8211; Ganter, Obiedkov: Conceptual Exploration<!-- InstanceEndEditable --><\/p>\n","protected":false},"excerpt":{"rendered":"<p>Conceptual Data Analysis \/ Begriffliche Datenanalyse (Vorlesung) Die Studierenden erlernen die grundlegenden Konzepte und Methoden der Begriffsanalyse im Bereich der Wissensverarbeitung und \u2013repr\u00e4sentation. Der gleichzeitige oder anschlie\u00dfende Besuch des Labors Qualitative Datenanalyse wird empfohlen. Erster<a class=\"moretag\" href=\"https:\/\/www.kde.cs.uni-kassel.de\/en\/lehre\/ss2019\/cda\"> Read more&hellip;<\/a><\/p>\n","protected":false},"author":15,"featured_media":0,"parent":5066,"menu_order":0,"comment_status":"closed","ping_status":"closed","template":"","meta":{"footnotes":""},"class_list":["post-5494","page","type-page","status-publish","hentry"],"translation":{"provider":"WPGlobus","version":"3.0.2","language":"en","enabled_languages":["de","en"],"languages":{"de":{"title":true,"content":true,"excerpt":false},"en":{"title":false,"content":false,"excerpt":false}}},"_links":{"self":[{"href":"https:\/\/www.kde.cs.uni-kassel.de\/en\/wp-json\/wp\/v2\/pages\/5494","targetHints":{"allow":["GET"]}}],"collection":[{"href":"https:\/\/www.kde.cs.uni-kassel.de\/en\/wp-json\/wp\/v2\/pages"}],"about":[{"href":"https:\/\/www.kde.cs.uni-kassel.de\/en\/wp-json\/wp\/v2\/types\/page"}],"author":[{"embeddable":true,"href":"https:\/\/www.kde.cs.uni-kassel.de\/en\/wp-json\/wp\/v2\/users\/15"}],"replies":[{"embeddable":true,"href":"https:\/\/www.kde.cs.uni-kassel.de\/en\/wp-json\/wp\/v2\/comments?post=5494"}],"version-history":[{"count":12,"href":"https:\/\/www.kde.cs.uni-kassel.de\/en\/wp-json\/wp\/v2\/pages\/5494\/revisions"}],"predecessor-version":[{"id":5639,"href":"https:\/\/www.kde.cs.uni-kassel.de\/en\/wp-json\/wp\/v2\/pages\/5494\/revisions\/5639"}],"up":[{"embeddable":true,"href":"https:\/\/www.kde.cs.uni-kassel.de\/en\/wp-json\/wp\/v2\/pages\/5066"}],"wp:attachment":[{"href":"https:\/\/www.kde.cs.uni-kassel.de\/en\/wp-json\/wp\/v2\/media?parent=5494"}],"curies":[{"name":"wp","href":"https:\/\/api.w.org\/{rel}","templated":true}]}}