{"id":545,"date":"2016-04-03T10:38:18","date_gmt":"2016-04-03T08:38:18","guid":{"rendered":"https:\/\/www.kde.cs.uni-kassel.de\/?page_id=545"},"modified":"2016-04-03T10:39:19","modified_gmt":"2016-04-03T08:39:19","slug":"ki_einfuehrung","status":"publish","type":"page","link":"https:\/\/www.kde.cs.uni-kassel.de\/en\/lehre\/ws2015-16\/ki_einfuehrung","title":{"rendered":"Einf\u00fchrung in die K\u00fcnstliche Intelligenz"},"content":{"rendered":"<p>Aktuelle Informationen (Termin\u00e4nderungen, etc.), das Skript, die \u00dcbungsbl\u00e4tter und L\u00f6sungsvorschl\u00e4ge finden Sie in der <a href=\"https:\/\/moodle.uni-kassel.de\/moodle\/course\/view.php?id=2150\"><u><span style=\"color: #0066cc;\">Moodle-Lernplattform<\/span><\/u><\/a><a href=\"https:\/\/moodle.uni-kassel.de\/moodle\/course\/view.php?id=2150\"><\/a> der Universit\u00e4t Kassel.<\/p>\n<p><span style=\"color: #a3004e;\">Erster Veranstaltungstag:<\/span><\/p>\n<p style=\"padding-left: 30px;\">Freitag, 16. Oktober 2015, 10.15 Uhr in Raum 0446<\/p>\n<p><span style=\"color: #a3004e;\"> Ort und Zeit: <\/span><\/p>\n<p style=\"padding-left: 30px;\">Freitags 10:15 &#8211; 11:45 Uhr in Raum 0446 am 16.10., 23.10. und 30.10.15, ab dann zweiw\u00f6chig, au\u00dfer bei den letzten zwei Veranstaltungen (29.01.2016, 05.02.2016) .<\/p>\n<p><span style=\"color: #a3004e;\"> \u00dcbungen: <\/span><\/p>\n<p style=\"padding-left: 30px;\">Jede zweite Woche freitags, 10.15 Uhr &#8211; 11.45 Uhr in Raum 0446, Beginn 6. November,<\/p>\n<p style=\"padding-left: 30px;\">jede zweite Woche donnerstags, 12.15 Uhr \u2013 13.45 Uhr in Raum -1607, Beginn 5. November.<\/p>\n<p><span style=\"color: #a3004e;\"> Voraussetzung nach Pr\u00fcfungsordnung: <\/span><\/p>\n<p style=\"padding-left: 30px;\">Mathematiktest. Empfohlene Voraussetzungen: Algorithmen und Datenstrukturen.<\/p>\n<p><span style=\"color: #a3004e;\"> Angesprochener H\u00f6rerInnenkreis: <\/span><\/p>\n<p style=\"padding-left: 30px;\">Bachelor Informatik.<\/p>\n<p><span style=\"color: #a3004e;\">\u00a0Umfang: <\/span><\/p>\n<p style=\"padding-left: 30px;\">1 1\/3 SWS Vorlesung und 2\/3 SWS \u00dcbungen, 3 Credits<\/p>\n<p><span style=\"color: #a3004e;\"> Leistungsnachweis: <\/span><\/p>\n<p style=\"padding-left: 30px;\">Klausur<\/p>\n<p><span style=\"color: #a3004e;\">\u00a0Veranstalter: <\/span><\/p>\n<p style=\"padding-left: 30px;\"><a href=\"\/atzmueller\"><u><span style=\"color: #0066cc;\">PD Dr. Martin Atzm\u00fcller<\/span><\/u><\/a><\/p>\n<p><span style=\"color: #a3004e;\">\u00a0Inhalt: <\/span><\/p>\n<p style=\"padding-left: 30px;\">Die Veranstaltung zeigt das Spektrum von Methoden der K\u00fcnstlichen Intelligenz f\u00fcr die Verarbeitung von Wissen mit dem Rechner auf. Die Vorlesung gibt einen \u00dcberblick \u00fcber verschiedene Gebiete der Wissensrepr\u00e4sentation und f\u00fchrt hin zu aktuellen Einsatzszenarien wie der Erweiterung des World Wide Web hin zu einem Semantic Web. Ziel ist insbesondere der effiziente Umgang mit Wissen in Internet und Intranet.<\/p>\n<p><span style=\"color: #a3004e;\">\u00a0Themen: <\/span><\/p>\n<p style=\"padding-left: 30px;\">Probleml\u00f6semethoden, Wissensrepr\u00e4sentation, Inferenz, Ontologien, Semantic Web, XML, RDF, OWL.<\/p>\n","protected":false},"excerpt":{"rendered":"<p>Aktuelle Informationen (Termin\u00e4nderungen, etc.), das Skript, die \u00dcbungsbl\u00e4tter und L\u00f6sungsvorschl\u00e4ge finden Sie in der Moodle-Lernplattform der Universit\u00e4t Kassel. Erster Veranstaltungstag: Freitag, 16. Oktober 2015, 10.15 Uhr in Raum 0446 Ort und Zeit: Freitags 10:15 &#8211;<a class=\"moretag\" href=\"https:\/\/www.kde.cs.uni-kassel.de\/en\/lehre\/ws2015-16\/ki_einfuehrung\"> Read more&hellip;<\/a><\/p>\n","protected":false},"author":1,"featured_media":0,"parent":55,"menu_order":0,"comment_status":"closed","ping_status":"closed","template":"","meta":{"footnotes":""},"class_list":["post-545","page","type-page","status-publish","hentry"],"translation":{"provider":"WPGlobus","version":"3.0.2","language":"en","enabled_languages":["de","en"],"languages":{"de":{"title":true,"content":true,"excerpt":false},"en":{"title":false,"content":false,"excerpt":false}}},"_links":{"self":[{"href":"https:\/\/www.kde.cs.uni-kassel.de\/en\/wp-json\/wp\/v2\/pages\/545","targetHints":{"allow":["GET"]}}],"collection":[{"href":"https:\/\/www.kde.cs.uni-kassel.de\/en\/wp-json\/wp\/v2\/pages"}],"about":[{"href":"https:\/\/www.kde.cs.uni-kassel.de\/en\/wp-json\/wp\/v2\/types\/page"}],"author":[{"embeddable":true,"href":"https:\/\/www.kde.cs.uni-kassel.de\/en\/wp-json\/wp\/v2\/users\/1"}],"replies":[{"embeddable":true,"href":"https:\/\/www.kde.cs.uni-kassel.de\/en\/wp-json\/wp\/v2\/comments?post=545"}],"version-history":[{"count":2,"href":"https:\/\/www.kde.cs.uni-kassel.de\/en\/wp-json\/wp\/v2\/pages\/545\/revisions"}],"predecessor-version":[{"id":2520,"href":"https:\/\/www.kde.cs.uni-kassel.de\/en\/wp-json\/wp\/v2\/pages\/545\/revisions\/2520"}],"up":[{"embeddable":true,"href":"https:\/\/www.kde.cs.uni-kassel.de\/en\/wp-json\/wp\/v2\/pages\/55"}],"wp:attachment":[{"href":"https:\/\/www.kde.cs.uni-kassel.de\/en\/wp-json\/wp\/v2\/media?parent=545"}],"curies":[{"name":"wp","href":"https:\/\/api.w.org\/{rel}","templated":true}]}}