{"id":5126,"date":"2019-02-05T08:52:14","date_gmt":"2019-02-05T07:52:14","guid":{"rendered":"https:\/\/www.kde.cs.uni-kassel.de\/?page_id=5126"},"modified":"2019-03-06T10:24:35","modified_gmt":"2019-03-06T09:24:35","slug":"m-arbeiten","status":"publish","type":"page","link":"https:\/\/www.kde.cs.uni-kassel.de\/en\/lehre\/ws2018-19\/arbeiten\/m-arbeiten","title":{"rendered":"Bachelor-, Diplom- und Masterarbeiten"},"content":{"rendered":"<h2>Bachelor-, Diplom- und Masterarbeiten<\/h2>\n<p><span style=\"color: #a3004e;\">Themen:<\/span><\/p>\n<p style=\"padding-left: 30px;\">Viele Aufgabenstellungen besch\u00e4ftigen sich mit der Implementierung verschiedener Komponenten in eines der Websysteme die am Fachgebiet betrieben werden &lt;!&#8211; des <a href=\"http:\/\/www.bibsonomy.org\">BibSonomy-Systems<\/a>&#8211;&gt; oder mit der Analyse der in solchen System vorhandenen Daten. <!--Ziel ist es im allgemeinen, die Nutzbarkeit des System durch Dienste mit Mehrwert zu erh\u00f6hen. --> Dar\u00fcber hinaus werden weitere Themen angeboten, die in der Regel einen inhaltlichen Bezug zu aktuellen Forschungsprojekten des Fachgebiets Wissensverarbeitung haben.<\/p>\n<p style=\"padding-left: 30px;\">Die Themenstellung erfolgt in Absprache mit dem Studierenden; die Ausrichtung und der Umfang der Arbeit richtet sich nach dem jeweils angestrebten Anschluss. Prinzipiell liegt der Schwerpunkt bei Abschlussarbeiten auf der Methodik, w\u00e4hrend er bei Projektarbeiten auf der technischen Umsetzung liegt.<\/p>\n<p style=\"padding-left: 30px;\">Zu folgenden Themengebieten k\u00f6nnen wir Arbeiten anbieten; zu konkreten Themen k\u00f6nnen die jeweiligen Betreuer genauere Auskunft geben.<\/p>\n<p style=\"padding-left: 30px;\">(<a href=\"\/lehre\/ws2018-19\/arbeiten\/m-arbeiten\"><span style=\"color: #a3004e;\">M<\/span><\/a> = methodischer Schwerpunkt, <a href=\"\/lehre\/ws2018-19\/arbeiten\/t-arbeiten\"><span style=\"color: #a3004e;\">T<\/span><\/a> = technischer Schwerpunkt, <a href=\"\/lehre\/ws2018-19\/arbeiten\/b-arbeiten\"><span style=\"color: #a3004e;\">B<\/span><\/a> = als Bachelorarbeit m\u00f6glich, <a href=\"\/lehre\/ws2018-19\/arbeiten\/ma-arbeiten\"><span style=\"color: #a3004e;\">MA<\/span><\/a> = als Masterarbeit m\u00f6glich)<\/p>\n<p style=\"padding-left: 30px;\"><\/p>\n<p><span style=\"color: #a3004e;\"> Aufgabenstellung und Termin:<\/span><\/p>\n<p style=\"padding-left: 30px;\">nach Absprache mit dem jeweiligen Betreuer<\/p>\n<p><span style=\"color: #a3004e;\"> Vorkenntnisse:<\/span><\/p>\n<p style=\"padding-left: 30px;\">Informatik Grundstudium bzw. 30 absolvierte Credits des Masterstudiums<\/p>\n<p><span style=\"color: #a3004e;\"> Angesprochener Teilnehmerkreis:<\/span><\/p>\n<p style=\"padding-left: 30px;\">Bachelor-, Diplom- und Masterstudierende Informatik, Math. NF Inf. Hauptstudium<\/p>\n<p><span style=\"color: #a3004e;\"> Leistungsnachweis:<\/span><\/p>\n<p style=\"padding-left: 30px;\">in der Regel Implementierung, schriftliche Ausarbeitung und Vortrag<\/p>\n<p><span style=\"color: #a3004e;\">Umfang:<\/span><\/p>\n<p style=\"padding-left: 30px;\">9 Wochen f\u00fcr Bachelor, 3 Monate f\u00fcr Diplom I und 6 Monate f\u00fcr Master und Diplom II<\/p>\n<p><span style=\"color: #a3004e;\"> Veranstalter:<\/span><\/p>\n<p style=\"padding-left: 30px;\"><a href=\"\/stumme\"><u><span style=\"color: #0066cc;\">Prof. Dr. Gerd Stumme<\/span><\/u><\/a>, <a href=\"\/felde\"><u><span style=\"color: #0066cc;\">Master Math. Maximilian Felde<\/span><\/u><\/a>, <a href=\"\/hanika\"><u><span style=\"color: #0066cc;\">Dipl.-Math. Tom Hanika<\/span><\/u><\/a>, <a href=\"\/koyda\"><u><span style=\"color: #0066cc;\">Master Math. Maren Koyda<\/span><\/u><\/a>, <a href=\"\/schaefermeier\"><u><span style=\"color: #0066cc;\">Master Inform. Bastian Sch\u00e4fermeier<\/span><\/u><\/a>, <a href=\"\/schmidt\"><u><span style=\"color: #0066cc;\">Master Inform. Andreas Schmidt<\/span><\/u><\/a><\/p>\n<p><span style=\"color: #a3004e;\"><\/span><\/p>\n","protected":false},"excerpt":{"rendered":"<p>Bachelor-, Diplom- und Masterarbeiten Themen: Viele Aufgabenstellungen besch\u00e4ftigen sich mit der Implementierung verschiedener Komponenten in eines der Websysteme die am Fachgebiet betrieben werden &lt;!&#8211; des BibSonomy-Systems&#8211;&gt; oder mit der Analyse der in solchen System vorhandenen<a class=\"moretag\" href=\"https:\/\/www.kde.cs.uni-kassel.de\/en\/lehre\/ws2018-19\/arbeiten\/m-arbeiten\"> Read more&hellip;<\/a><\/p>\n","protected":false},"author":8,"featured_media":0,"parent":4290,"menu_order":4,"comment_status":"closed","ping_status":"closed","template":"","meta":{"footnotes":""},"class_list":["post-5126","page","type-page","status-publish","hentry"],"translation":{"provider":"WPGlobus","version":"3.0.2","language":"en","enabled_languages":["de","en"],"languages":{"de":{"title":true,"content":true,"excerpt":false},"en":{"title":false,"content":false,"excerpt":false}}},"_links":{"self":[{"href":"https:\/\/www.kde.cs.uni-kassel.de\/en\/wp-json\/wp\/v2\/pages\/5126","targetHints":{"allow":["GET"]}}],"collection":[{"href":"https:\/\/www.kde.cs.uni-kassel.de\/en\/wp-json\/wp\/v2\/pages"}],"about":[{"href":"https:\/\/www.kde.cs.uni-kassel.de\/en\/wp-json\/wp\/v2\/types\/page"}],"author":[{"embeddable":true,"href":"https:\/\/www.kde.cs.uni-kassel.de\/en\/wp-json\/wp\/v2\/users\/8"}],"replies":[{"embeddable":true,"href":"https:\/\/www.kde.cs.uni-kassel.de\/en\/wp-json\/wp\/v2\/comments?post=5126"}],"version-history":[{"count":4,"href":"https:\/\/www.kde.cs.uni-kassel.de\/en\/wp-json\/wp\/v2\/pages\/5126\/revisions"}],"predecessor-version":[{"id":5340,"href":"https:\/\/www.kde.cs.uni-kassel.de\/en\/wp-json\/wp\/v2\/pages\/5126\/revisions\/5340"}],"up":[{"embeddable":true,"href":"https:\/\/www.kde.cs.uni-kassel.de\/en\/wp-json\/wp\/v2\/pages\/4290"}],"wp:attachment":[{"href":"https:\/\/www.kde.cs.uni-kassel.de\/en\/wp-json\/wp\/v2\/media?parent=5126"}],"curies":[{"name":"wp","href":"https:\/\/api.w.org\/{rel}","templated":true}]}}