{"id":5072,"date":"2019-03-11T16:08:30","date_gmt":"2019-03-11T15:08:30","guid":{"rendered":"https:\/\/www.kde.cs.uni-kassel.de\/?page_id=5072"},"modified":"2019-04-24T12:06:15","modified_gmt":"2019-04-24T10:06:15","slug":"projekt","status":"publish","type":"page","link":"https:\/\/www.kde.cs.uni-kassel.de\/en\/lehre\/ss2019\/projekt","title":{"rendered":"Projekt Web 2.0"},"content":{"rendered":"\n<h2 class=\"wp-block-heading\">Projekt Web 2.0<\/h2>\n\n\n\n<p>Dieses Projekt l\u00e4sst sich als Bachelor- und als Masterprojekt anrechnen.<\/p>\n\n\n\n<h3 class=\"kasten wp-block-heading\">Projektvorbesprechung<\/h3>\n\n\n\n<p class=\"kasten\">Montag, 29.04.2019, 16.15 Uhr in Raum 0445\/E (FG Wissensverarbeitung). Bei Interesse k\u00f6nnen Sie auch gerne vorab den jeweiligen Betreuer ansprechen.<\/p>\n\n\n\n<h3 class=\"wp-block-heading\">Themen<\/h3>\n\n\n\n<p>Jeder Teilnehmer des Projektes bearbeitet eine individuelle Aufgabe im Umfeld unseres kooperativen Verschlagwortungssystems&nbsp;<a href=\"http:\/\/bibsonomy.org\/\">BibSonomy<\/a>, der ubiquit\u00e4ren Plattform&nbsp;<a href=\"http:\/\/ubicon.eu\/\">Ubicon<\/a>&nbsp;oder dem Namensuchportal&nbsp;<a href=\"http:\/\/nameling.net\/\">Nameling<\/a>.<\/p>\n\n\n\n<p>Unter anderem stehen die folgenden Themen zur Auswahl:<\/p>\n\n\n<div class=\"post-list-layout\"><div class=\"listing-item\"><div class=\"content\">\n<h3 class=\"wp-block-heading\">PCA auf formalen Kontexten <\/h3>\n\n\n\n<p>Principal Component Analysis dient dazu, Datens\u00e4tze zu vereinfachen. Hierbei wird eine gro\u00dfe Menge an  (m\u00f6glicherweise) korrelierten Variablen in eine m\u00f6glichst aussagekr\u00e4ftige kleinere Menge transformiert. Dieses Vorgehen soll auf formale Kontexte \u00fcbertragen werden, um ihre Merkmalsmenge einzuschr\u00e4nken.<\/p>\n\n\n\n<p>Informationen: <a href=\"https:\/\/www.kde.cs.uni-kassel.de\/koyda\">Maren Koyda<\/a><\/p>\n<\/div> <span class=\"category-display\"><span class=\"category-display-label\">Kategorien:<\/span> <a href=\"https:\/\/www.kde.cs.uni-kassel.de\/en\/blog\/category\/allgemein\">Allgemein<\/a>, <a href=\"https:\/\/www.kde.cs.uni-kassel.de\/en\/blog\/category\/bachelor\">Bachelorarbeit<\/a>, <a href=\"https:\/\/www.kde.cs.uni-kassel.de\/en\/blog\/category\/master\">Masterarbeit<\/a>, <a href=\"https:\/\/www.kde.cs.uni-kassel.de\/en\/blog\/category\/methodischer-schwerpunkt\">Methodischer Schwerpunkt<\/a>, <a href=\"https:\/\/www.kde.cs.uni-kassel.de\/en\/blog\/category\/technischer-schwerpunkt\">Technischer Schwerpunkt<\/a><\/span><\/div><div class=\"listing-item\"><div class=\"content\">\n<h3 class=\"wp-block-heading\">Begriffliches Skalieren von Datens\u00e4tzen <\/h3>\n\n\n\n<p>Um Datens\u00e4tze mit z.B. numerischen oder \nordinalen Eintr\u00e4gen mit Methoden der Formalen Begriffsanalyse \nuntersuchen zu k\u00f6nnen, m\u00fcssen diese zuerst in eine entsprechende Form \ngebracht (also skaliert) werden. In diesem Projekt soll ein interaktives\n Tool erstellt werden, mit dem Datens\u00e4tze begrifflich skaliert werden \nk\u00f6nnen.<\/p>\n\n\n\n<p>Informationen: <a href=\"https:\/\/www.kde.cs.uni-kassel.de\/felde\">Maximilian Felde<\/a><\/p>\n<\/div> <span class=\"category-display\"><span class=\"category-display-label\">Kategorien:<\/span> <a href=\"https:\/\/www.kde.cs.uni-kassel.de\/en\/blog\/category\/methodischer-schwerpunkt\">Methodischer Schwerpunkt<\/a>, <a href=\"https:\/\/www.kde.cs.uni-kassel.de\/en\/blog\/category\/technischer-schwerpunkt\">Technischer Schwerpunkt<\/a><\/span><\/div><div class=\"listing-item\"><div class=\"content\">\n<h3 class=\"wp-block-heading\">Begriffsverband der Ma\u00dfe <\/h3>\n\n\n\n<p>Es gibt eine Vielzahl von Ma\u00dfen zur Identifikation von interessanten formalen Begriffen in Begriffsverb\u00e4nden. Diese besitzen wiederum sehr verschiedene Eigenschaften wie zum Beispiel Monotonie. Dieser Arbeit besteht aus dem Zusammentragen und der Erstellung einer begriffliche Ordnung aller bekannten Ma\u00dfe. <\/p>\n\n\n\n<p>Informationen:&nbsp;<a href=\"https:\/\/www.kde.cs.uni-kassel.de\/hanika\">Tom Hanika<\/a><\/p>\n<\/div> <span class=\"category-display\"><span class=\"category-display-label\">Kategorien:<\/span> <a href=\"https:\/\/www.kde.cs.uni-kassel.de\/en\/blog\/category\/bachelor\">Bachelorarbeit<\/a>, <a href=\"https:\/\/www.kde.cs.uni-kassel.de\/en\/blog\/category\/methodischer-schwerpunkt\">Methodischer Schwerpunkt<\/a>, <a href=\"https:\/\/www.kde.cs.uni-kassel.de\/en\/blog\/category\/technischer-schwerpunkt\">Technischer Schwerpunkt<\/a><\/span><\/div><div class=\"listing-item\"><div class=\"content\">\n<h3 class=\"wp-block-heading\">Standard-Sample-Set f\u00fcr die Algorithmenentwicklung sozialer Netzwerke <\/h3>\n\n\n\n<p>\n\nBei der Entwicklung neuer Methoden f\u00fcr die Untersuchung von sozialen Netzwerken werden h\u00e4ufig echte Beispieldaten ben\u00f6tigt. Ziel dieses Projektes ist es einen Pool solcher Daten in einem homogenen Format zusammenzustellen. Dabei sollen die Elemente des Pools auch hinsichtlich ihrer grundlegenden Eigenschaften klassifiziert werden.\n\n<\/p>\n\n\n\n<p>Informationen:&nbsp;<a href=\"https:\/\/www.kde.cs.uni-kassel.de\/stumme\">Gerd Stumme<\/a><\/p>\n<\/div> <span class=\"category-display\"><span class=\"category-display-label\">Kategorien:<\/span> <a href=\"https:\/\/www.kde.cs.uni-kassel.de\/en\/blog\/category\/methodischer-schwerpunkt\">Methodischer Schwerpunkt<\/a>, <a href=\"https:\/\/www.kde.cs.uni-kassel.de\/en\/blog\/category\/technischer-schwerpunkt\">Technischer Schwerpunkt<\/a><\/span><\/div><div class=\"listing-item\"><div class=\"content\">\n<h3 class=\"wp-block-heading\">BibSonomy: Weiterentwicklung des BibTeX-Parsers <\/h3>\n\n\n\n<p>Parsen von BibTeX-Code ist eine der \nSchnittstellen um Publikationen in BibSonomy einzutragen. In den letzten\n Jahren gab es viele Entwicklungen um die orginale BibTeX-Software \nabzul\u00f6sen. In diesem Projekt soll der Parser der aktuellen Software \nBiber untersucht werden um die m\u00f6gliche Adaptierbarkeit f\u00fcr BibSonomy \neinzusch\u00e4tzen.<\/p>\n\n\n\n<p>Informationen: <a href=\"https:\/\/www.kde.cs.uni-kassel.de\/hanika\">Tom Hanika<\/a><\/p>\n<\/div> <span class=\"category-display\"><span class=\"category-display-label\">Kategorien:<\/span> <a href=\"https:\/\/www.kde.cs.uni-kassel.de\/en\/blog\/category\/methodischer-schwerpunkt\">Methodischer Schwerpunkt<\/a>, <a href=\"https:\/\/www.kde.cs.uni-kassel.de\/en\/blog\/category\/technischer-schwerpunkt\">Technischer Schwerpunkt<\/a><\/span><\/div><div class=\"listing-item\"><div class=\"content\">\n<h3 class=\"wp-block-heading\">BibSonomy: Personen- und Autoren-Clouds <\/h3>\n\n\n\n<p>Personen- und Autoren-Clouds erm\u00f6glichen \nes dem User sehr aktive Autoren von Publikationen als auch Personen zu \nentdecken. Das effiziente und zeitnahe Berechnen und bereitstellen \ndieser Clouds ist jedoch aufgrund der Gr\u00f6\u00dfe des BibSonomy Systems nicht \ntrivial. Das Projekt beinhaltet die Entwicklung und Implementierung \neiner L\u00f6sung.<\/p>\n\n\n\n<p>Informationen: <a href=\"https:\/\/www.kde.cs.uni-kassel.de\/hanika\">Tom Hanika<\/a><\/p>\n<\/div> <span class=\"category-display\"><span class=\"category-display-label\">Kategorien:<\/span> <a href=\"https:\/\/www.kde.cs.uni-kassel.de\/en\/blog\/category\/methodischer-schwerpunkt\">Methodischer Schwerpunkt<\/a>, <a href=\"https:\/\/www.kde.cs.uni-kassel.de\/en\/blog\/category\/technischer-schwerpunkt\">Technischer Schwerpunkt<\/a><\/span><\/div><div class=\"listing-item\"><div class=\"content\">\n<h3 class=\"wp-block-heading\">BibSonomy: Neustrukturierung der Community Post Seite  <\/h3>\n\n\n\n<p>Community Posts bilden in BibSonomy das \ngesammelte bekannte Wissen \u00fcber einen Post ab. Bei diesem Projekt soll \ndiese Seite hinsichtlich Funktionalit\u00e4t und \u00dcbersichtlichkeit \nneustrukturiert werden.<\/p>\n\n\n\n<p>Informationen: <a href=\"https:\/\/www.kde.cs.uni-kassel.de\/hanika\">Tom Hanika<\/a><\/p>\n<\/div> <span class=\"category-display\"><span class=\"category-display-label\">Kategorien:<\/span> <a href=\"https:\/\/www.kde.cs.uni-kassel.de\/en\/blog\/category\/methodischer-schwerpunkt\">Methodischer Schwerpunkt<\/a>, <a href=\"https:\/\/www.kde.cs.uni-kassel.de\/en\/blog\/category\/technischer-schwerpunkt\">Technischer Schwerpunkt<\/a><\/span><\/div><div class=\"listing-item\"><div class=\"content\">\n<h3 class=\"wp-block-heading\">Dichtebasiertes Clustering und FBA <\/h3>\n\n\n\n<p>Die zentrale Fragestellung dieser Arbeit \nist die Verbindung zwischen dichtebasiertem Clustering und der Formalen \nBegriffsanalyse (FBA). Inwiefern k\u00f6nnen Ideen und Methoden des \ndichtebasiertem Clustering auf FBA \u00fcbertragen werden?<\/p>\n\n\n\n<p>Informationen: <a href=\"https:\/\/www.kde.cs.uni-kassel.de\/stumme\">Gerd Stumme<\/a><\/p>\n<\/div> <span class=\"category-display\"><span class=\"category-display-label\">Kategorien:<\/span> <a href=\"https:\/\/www.kde.cs.uni-kassel.de\/en\/blog\/category\/bachelor\">Bachelorarbeit<\/a>, <a href=\"https:\/\/www.kde.cs.uni-kassel.de\/en\/blog\/category\/methodischer-schwerpunkt\">Methodischer Schwerpunkt<\/a>, <a href=\"https:\/\/www.kde.cs.uni-kassel.de\/en\/blog\/category\/technischer-schwerpunkt\">Technischer Schwerpunkt<\/a><\/span><\/div><div class=\"listing-item\"><div class=\"content\">\n<h3 class=\"wp-block-heading\">Entropie in formalen Kontexten <\/h3>\n\n\n\n<p>Entropie ist eine zentrales Ma\u00df f\u00fcr viele\n Objekte in der Wissenschaft. Es gibt verschiedene Ans\u00e4tze die Idee von \nEntropie auf soziale Netzwerke zu \u00fcbertragen. In dieser Arbeit soll ein \nSchritt weiter gegangen werden, indem eine Weiter\u00fcbertragung auf formale\n Kontexte versucht wird. Neben der Modellierung soll eine Evaluierung \nhinsichtlich der Nutzbarkeit durchgef\u00fchrt werden.<\/p>\n\n\n\n<p>Informationen: <a href=\"https:\/\/www.kde.cs.uni-kassel.de\/stumme\">Gerd Stumme<\/a><\/p>\n<\/div> <span class=\"category-display\"><span class=\"category-display-label\">Kategorien:<\/span> <a href=\"https:\/\/www.kde.cs.uni-kassel.de\/en\/blog\/category\/bachelor\">Bachelorarbeit<\/a>, <a href=\"https:\/\/www.kde.cs.uni-kassel.de\/en\/blog\/category\/master\">Masterarbeit<\/a>, <a href=\"https:\/\/www.kde.cs.uni-kassel.de\/en\/blog\/category\/methodischer-schwerpunkt\">Methodischer Schwerpunkt<\/a>, <a href=\"https:\/\/www.kde.cs.uni-kassel.de\/en\/blog\/category\/technischer-schwerpunkt\">Technischer Schwerpunkt<\/a><\/span><\/div><div class=\"listing-item\"><div class=\"content\">\n<h3 class=\"wp-block-heading\">Heuristiken zum Finden maximaler Cliquen <\/h3>\n\n\n\n<p>Die maximale Cliquen in einem bipartiten \nGraphen $G$ entsprechen den formalen Begriffen eines Kontext welcher \nIsomorph zu Adjazenzmatrix von $G$ ist. Die Berechnung der Menge der \nformalen Begriffe ist aufw\u00e4ndig. Inwiefern k\u00f6nnen maximale Cliquen einer\n gewissen Gr\u00f6\u00dfe durch heuristische Algorithmen leichter gefunden werden?<\/p>\n\n\n\n<p>Informationen: <a href=\"https:\/\/www.kde.cs.uni-kassel.de\/hanika\">Tom Hanika<\/a><\/p>\n<\/div> <span class=\"category-display\"><span class=\"category-display-label\">Kategorien:<\/span> <a href=\"https:\/\/www.kde.cs.uni-kassel.de\/en\/blog\/category\/bachelor\">Bachelorarbeit<\/a>, <a href=\"https:\/\/www.kde.cs.uni-kassel.de\/en\/blog\/category\/methodischer-schwerpunkt\">Methodischer Schwerpunkt<\/a>, <a href=\"https:\/\/www.kde.cs.uni-kassel.de\/en\/blog\/category\/technischer-schwerpunkt\">Technischer Schwerpunkt<\/a><\/span><\/div><div class=\"listing-item\"><div class=\"content\">\n<h3 class=\"wp-block-heading\">Generator f\u00fcr zuf\u00e4llige bipartite Graphen<\/h3>\n\n\n\n<p>In diesem Projekt sollen verschiedene Ans\u00e4tze f\u00fcr die zuf\u00e4llige Erzeugung bipartiter Graphen praktisch untersucht werden. Dabei soll insbesondere versucht werden, realweltliche Daten zu simulieren. Die Algorithmen sollen in Python3 oder Clojure implementiert werden.<\/p>\n\n\n\n<p>Informationen: <a href=\"https:\/\/www.kde.cs.uni-kassel.de\/hanika\">Tom Hanika<\/a><\/p>\n<\/div> <span class=\"category-display\"><span class=\"category-display-label\">Kategorien:<\/span> <a href=\"https:\/\/www.kde.cs.uni-kassel.de\/en\/blog\/category\/allgemein\">Allgemein<\/a>, <a href=\"https:\/\/www.kde.cs.uni-kassel.de\/en\/blog\/category\/bachelor\">Bachelorarbeit<\/a>, <a href=\"https:\/\/www.kde.cs.uni-kassel.de\/en\/blog\/category\/methodischer-schwerpunkt\">Methodischer Schwerpunkt<\/a>, <a href=\"https:\/\/www.kde.cs.uni-kassel.de\/en\/blog\/category\/technischer-schwerpunkt\">Technischer Schwerpunkt<\/a><\/span><\/div><div class=\"listing-item\"><div class=\"content\">\n<h3 class=\"wp-block-heading\">Pedestrian Dead Reckoning Methoden zur Sch\u00e4tzung der Lage von Orten zueinander <\/h3>\n\n\n\n<p>Bei der Erstellung topologischer Karten \nmithilfe von Sensordaten ist eine ungef\u00e4hre Absch\u00e4tzung der Lage der \nOrte zueinander interessant. Dies kann mit Methoden des Pedestrian Dead \nReckoning realisiert werden, bei denen die Bewegung anhand einer \nSchrittdetektion und der Sch\u00e4tzung der jeweiligen Schrittrichtung und \n-l\u00e4nge modelliert wird. Je nach Umfang des Projektes ist eine \nFokussierung auf einen der Teilaspekte m\u00f6glich (zum Beispiel \nEntfernungen oder Himmelsrichtungen zwischen Orten).<\/p>\n\n\n\n<p>Informationen: <a href=\"https:\/\/www.kde.cs.uni-kassel.de\/schaefermeier\">Bastian Sch\u00e4fermeier<\/a><\/p>\n<\/div> <span class=\"category-display\"><span class=\"category-display-label\">Kategorien:<\/span> <a href=\"https:\/\/www.kde.cs.uni-kassel.de\/en\/blog\/category\/bachelor\">Bachelorarbeit<\/a>, <a href=\"https:\/\/www.kde.cs.uni-kassel.de\/en\/blog\/category\/master\">Masterarbeit<\/a>, <a href=\"https:\/\/www.kde.cs.uni-kassel.de\/en\/blog\/category\/methodischer-schwerpunkt\">Methodischer Schwerpunkt<\/a>, <a href=\"https:\/\/www.kde.cs.uni-kassel.de\/en\/blog\/category\/technischer-schwerpunkt\">Technischer Schwerpunkt<\/a><\/span><\/div><div class=\"listing-item\"><div class=\"content\">\n<h3 class=\"wp-block-heading\">Framework zur Annotation und Klassifikation von Zeitreihen <\/h3>\n\n\n\n<p>Durch menschliches Hintergrundwissen, \nl\u00e4sst sich in geplotteten Sensordaten oft einfach erkennen, welche \nAktivit\u00e4t gerade stattgefunden hat (zum Beispiel laufen, stehen, \nsitzen). In dieser Arbeit wird ein Rahmenwerk entwickelt, das innerhalb \neiner Oberfl\u00e4che die Annotation von Zeitreihen erm\u00f6glicht, um \nKlassifikatoren auf die Aktivit\u00e4tenerkennung zu trainieren. Zun\u00e4chst \nmuss ein geeigneter Workflow \u00fcberlegt werden, der dann durch Auswahl der\n zugrundeliegenden Bibliotheken (z.Bsp. f\u00fcr die Oberfl\u00e4chen) und \ngeeigneter Datenformate in die Praxis umgesetzt wird. Erweitert werden \nkann das Projekt mit einem Workflow zur Segmentierung, \nFeature-Extraktion und dem Training von Klassifikatoren.<\/p>\n\n\n\n<p>Informationen: <a href=\"https:\/\/www.kde.cs.uni-kassel.de\/schaefermeier\">Bastian Sch\u00e4fermeier<\/a><\/p>\n<\/div> <span class=\"category-display\"><span class=\"category-display-label\">Kategorien:<\/span> <a href=\"https:\/\/www.kde.cs.uni-kassel.de\/en\/blog\/category\/methodischer-schwerpunkt\">Methodischer Schwerpunkt<\/a>, <a href=\"https:\/\/www.kde.cs.uni-kassel.de\/en\/blog\/category\/technischer-schwerpunkt\">Technischer Schwerpunkt<\/a><\/span><\/div><\/div>\n\n\n\n<h3 class=\"wp-block-heading\">Aufgabenstellung und Termin<\/h3>\n\n\n\n<p>Nach Absprache mit dem jeweiligen Betreuer. Je nach Thema kann die Aufgabe in Kleingruppen oder einzeln bearbeitet werden.<\/p>\n\n\n\n<h3 class=\"wp-block-heading\">Vorkenntnisse<\/h3>\n\n\n\n<p>Informatik Grundstudium<\/p>\n\n\n\n<h3 class=\"wp-block-heading\">Angesprochener H\u00f6rerInnenkreis<\/h3>\n\n\n\n<p>Informatik Bachelor und Master, Math. NF Inf. Hauptstudium<\/p>\n\n\n\n<h3 class=\"wp-block-heading\">Umfang<\/h3>\n\n\n\n<p>6 oder 12 Credits im Bachelor, bzw. 8 Credits im Master<\/p>\n\n\n\n<h3 class=\"wp-block-heading\">Leistungsnachweis<\/h3>\n\n\n\n<p>Implementierung, schriftliche Ausarbeitung und zwei Vortr\u00e4ge (bei 6 Credits 20 min, bei 8\/12 Credits 30 min, jeweils zzgl. ca 15 min Diskussion)<\/p>\n\n\n\n<h3 class=\"wp-block-heading\">Veranstalter<\/h3>\n\n\n\n<p><a href=\"https:\/\/www.kde.cs.uni-kassel.de\/stumme\">Prof. Dr. Gerd Stumme<\/a>,&nbsp;<a href=\"https:\/\/www.kde.cs.uni-kassel.de\/duerrschnabel\">Master Math. Dominik D\u00fcrrschnabel<\/a>,&nbsp;<a href=\"https:\/\/www.kde.cs.uni-kassel.de\/felde\">Master Math. Maximilian Felde<\/a>,&nbsp;<a href=\"https:\/\/www.kde.cs.uni-kassel.de\/hanika\">Dr. Tom Hanika<\/a>, <a href=\"https:\/\/www.kde.cs.uni-kassel.de\/koyda\">Master Math. Maren Koyda<\/a>,&nbsp;<a href=\"https:\/\/www.kde.cs.uni-kassel.de\/schaefermeier\">Master Inform. Bastian Sch\u00e4fermeier<\/a>,&nbsp;<a href=\"https:\/\/www.kde.cs.uni-kassel.de\/schmidt\">Master Inform. Andreas Schmidt<\/a>,&nbsp;<a href=\"https:\/\/www.kde.cs.uni-kassel.de\/stubbemann\">Master Math. Maximilian Stubbemann<\/a>&nbsp;<\/p>\n\n\n\n<h3 class=\"wp-block-heading\">Ablauf<\/h3>\n\n\n\n<p>In der Regel sollte die Projektarbeit mit Semesterbeginn begonnen werden. Nach 4-6 Wochen findet eine Zwischenpr\u00e4sentation statt, in der der Stand der Projektarbeit vorgestellt wird. In der Regel in der ersten Vorlesungswoche des folgenden Semesters werden dann die Endergebnisse vorgestellt. Eine kurze Beschreibung der Arbeit (5 Seiten) ist 3 Tage vor dem Vortrag einzureichen.<\/p>\n\n\n\n<p>Eine Woche nach der Annahme des Themas gibt der Student eine einseitige Beschreibung der Aufgabe, sowie einen Arbeitsplan f\u00fcr das Semester ab. Zur besseren Koordination und Kommunikation wird erwartet, dass der Student bei einem 6(8-12) Credits-Projekt regelm\u00e4\u00dfig an einem (zwei) Tagen in der Softwarewerkstatt anwesend ist. Der genaue Tag ist in Absprache mit dem Betreuer festzulegen.<\/p>\n\n\n\n<p>Als Richtlinie f\u00fcr die Erstellung einer guten Ausarbeitung wird das Buch<\/p>\n\n\n\n<blockquote class=\"wp-block-quote is-layout-flow wp-block-quote-is-layout-flow\"><p>Markus Deininger and Horst Lichter and Jochen Ludewig and Kurt Schneider. Studien-Arbeiten: ein Leitfaden zur Vorbereitung, Durchf\u00fchrung und Betreuung von Studien-, Diplom- Abschluss- und Doktorarbeiten am Beispiel Informatik. 5. Auflage. vdf Hochschulverlag, Z\u00fcrich, 2005.<\/p><\/blockquote>\n\n\n\n<p>empfohlen, welches in der Bibliothek im Semesterapparat des Fachgebiets Wissensverarbeitung ausliegt, und welches auch in einigen Exemplaren ausleihbar ist. Wir empfehlen die Anschaffung dieses Buchs (9,50 \u20ac), da es Sie bis zur Masterarbeit (und weiter) begleiten kann.<\/p>\n\n\n\n<p>Alle verwendeten Referenzen sind zus\u00e4tzlich zum Literaturverzeichnis der Ausarbeitung in&nbsp;<a href=\"http:\/\/bibsonomy.org\/\">BibSonomy<\/a>&nbsp;einzugeben, mit den Tags &#8220;projekt kde &lt; laufendes Semester in der Form ss18 bzw. ww18 &gt; &#8221; und weiteren sinnvollen Tags.<\/p>\n","protected":false},"excerpt":{"rendered":"<p>Projekt Web 2.0 Dieses Projekt l\u00e4sst sich als Bachelor- und als Masterprojekt anrechnen. Projektvorbesprechung Montag, 29.04.2019, 16.15 Uhr in Raum 0445\/E (FG Wissensverarbeitung). Bei Interesse k\u00f6nnen Sie auch gerne vorab den jeweiligen Betreuer ansprechen. Themen<a class=\"moretag\" href=\"https:\/\/www.kde.cs.uni-kassel.de\/en\/blog\/2019\/03\/04\/framework-zur-annotation-und-klassifikation-von-zeitreihen\"> Read more&hellip;<\/a><\/p>\n","protected":false},"author":17,"featured_media":0,"parent":5066,"menu_order":14,"comment_status":"closed","ping_status":"closed","template":"","meta":{"footnotes":""},"class_list":["post-5072","page","type-page","status-publish","hentry"],"translation":{"provider":"WPGlobus","version":"3.0.2","language":"en","enabled_languages":["de","en"],"languages":{"de":{"title":true,"content":true,"excerpt":false},"en":{"title":false,"content":false,"excerpt":false}}},"_links":{"self":[{"href":"https:\/\/www.kde.cs.uni-kassel.de\/en\/wp-json\/wp\/v2\/pages\/5072","targetHints":{"allow":["GET"]}}],"collection":[{"href":"https:\/\/www.kde.cs.uni-kassel.de\/en\/wp-json\/wp\/v2\/pages"}],"about":[{"href":"https:\/\/www.kde.cs.uni-kassel.de\/en\/wp-json\/wp\/v2\/types\/page"}],"author":[{"embeddable":true,"href":"https:\/\/www.kde.cs.uni-kassel.de\/en\/wp-json\/wp\/v2\/users\/17"}],"replies":[{"embeddable":true,"href":"https:\/\/www.kde.cs.uni-kassel.de\/en\/wp-json\/wp\/v2\/comments?post=5072"}],"version-history":[{"count":22,"href":"https:\/\/www.kde.cs.uni-kassel.de\/en\/wp-json\/wp\/v2\/pages\/5072\/revisions"}],"predecessor-version":[{"id":5646,"href":"https:\/\/www.kde.cs.uni-kassel.de\/en\/wp-json\/wp\/v2\/pages\/5072\/revisions\/5646"}],"up":[{"embeddable":true,"href":"https:\/\/www.kde.cs.uni-kassel.de\/en\/wp-json\/wp\/v2\/pages\/5066"}],"wp:attachment":[{"href":"https:\/\/www.kde.cs.uni-kassel.de\/en\/wp-json\/wp\/v2\/media?parent=5072"}],"curies":[{"name":"wp","href":"https:\/\/api.w.org\/{rel}","templated":true}]}}