{"id":5068,"date":"2019-03-11T13:44:49","date_gmt":"2019-03-11T12:44:49","guid":{"rendered":"https:\/\/www.kde.cs.uni-kassel.de\/?page_id=5068"},"modified":"2020-08-19T13:22:47","modified_gmt":"2020-08-19T11:22:47","slug":"arbeiten","status":"publish","type":"page","link":"https:\/\/www.kde.cs.uni-kassel.de\/en\/lehre\/ss2019\/arbeiten","title":{"rendered":"Bachelor- und Masterarbeiten Sommersemester 2019"},"content":{"rendered":"\n<h2 class=\"wp-block-heading\">Bachelor- und Masterarbeiten<\/h2>\n\n\n\n<h3 class=\"wp-block-heading\">Themen<\/h3>\n\n\n\n<p>Viele Aufgabenstellungen besch\u00e4ftigen sich mit der Implementierung verschiedener Komponenten in eines der Websysteme die am Fachgebiet betrieben werden oder mit der Analyse der in solchen System vorhandenen Daten. Dar\u00fcber hinaus werden weitere Themen angeboten, die in der Regel einen inhaltlichen Bezug zu aktuellen Forschungsprojekten des Fachgebiets Wissensverarbeitung haben.<\/p>\n\n\n\n<p>Die Themenstellung erfolgt in Absprache mit dem Studierenden; die Ausrichtung und der Umfang der Arbeit richtet sich nach dem jeweils angestrebten Anschluss. Prinzipiell liegt der Schwerpunkt bei Abschlussarbeiten auf der Methodik, w\u00e4hrend er bei Projektarbeiten auf der technischen Umsetzung liegt.<\/p>\n\n\n\n<p>Zu folgenden Themengebieten k\u00f6nnen wir Arbeiten anbieten; zu konkreten Themen k\u00f6nnen die jeweiligen Betreuer genauere Auskunft geben.<\/p>\n\n\n<div class=\"post-list-layout\"><div class=\"listing-item\"><div class=\"content\">\n<h3 class=\"wp-block-heading\">PCA auf formalen Kontexten <\/h3>\n\n\n\n<p>Principal Component Analysis dient dazu, Datens\u00e4tze zu vereinfachen. Hierbei wird eine gro\u00dfe Menge an  (m\u00f6glicherweise) korrelierten Variablen in eine m\u00f6glichst aussagekr\u00e4ftige kleinere Menge transformiert. Dieses Vorgehen soll auf formale Kontexte \u00fcbertragen werden, um ihre Merkmalsmenge einzuschr\u00e4nken.<\/p>\n\n\n\n<p>Informationen: <a href=\"https:\/\/www.kde.cs.uni-kassel.de\/koyda\">Maren Koyda<\/a><\/p>\n<\/div> <span class=\"category-display\"><span class=\"category-display-label\">Kategorien:<\/span> <a href=\"https:\/\/www.kde.cs.uni-kassel.de\/en\/blog\/category\/allgemein\">Allgemein<\/a>, <a href=\"https:\/\/www.kde.cs.uni-kassel.de\/en\/blog\/category\/bachelor\">Bachelorarbeit<\/a>, <a href=\"https:\/\/www.kde.cs.uni-kassel.de\/en\/blog\/category\/master\">Masterarbeit<\/a>, <a href=\"https:\/\/www.kde.cs.uni-kassel.de\/en\/blog\/category\/methodischer-schwerpunkt\">Methodischer Schwerpunkt<\/a>, <a href=\"https:\/\/www.kde.cs.uni-kassel.de\/en\/blog\/category\/technischer-schwerpunkt\">Technischer Schwerpunkt<\/a><\/span><\/div><div class=\"listing-item\"><div class=\"content\">\n<h3 class=\"wp-block-heading\">Begriffsverband der Ma\u00dfe <\/h3>\n\n\n\n<p>Es gibt eine Vielzahl von Ma\u00dfen zur Identifikation von interessanten formalen Begriffen in Begriffsverb\u00e4nden. Diese besitzen wiederum sehr verschiedene Eigenschaften wie zum Beispiel Monotonie. Dieser Arbeit besteht aus dem Zusammentragen und der Erstellung einer begriffliche Ordnung aller bekannten Ma\u00dfe. <\/p>\n\n\n\n<p>Informationen:&nbsp;<a href=\"https:\/\/www.kde.cs.uni-kassel.de\/hanika\">Tom Hanika<\/a><\/p>\n<\/div> <span class=\"category-display\"><span class=\"category-display-label\">Kategorien:<\/span> <a href=\"https:\/\/www.kde.cs.uni-kassel.de\/en\/blog\/category\/bachelor\">Bachelorarbeit<\/a>, <a href=\"https:\/\/www.kde.cs.uni-kassel.de\/en\/blog\/category\/methodischer-schwerpunkt\">Methodischer Schwerpunkt<\/a>, <a href=\"https:\/\/www.kde.cs.uni-kassel.de\/en\/blog\/category\/technischer-schwerpunkt\">Technischer Schwerpunkt<\/a><\/span><\/div><div class=\"listing-item\"><div class=\"content\">\n<h3 class=\"wp-block-heading\">Dichtebasiertes Clustering und FBA <\/h3>\n\n\n\n<p>Die zentrale Fragestellung dieser Arbeit \nist die Verbindung zwischen dichtebasiertem Clustering und der Formalen \nBegriffsanalyse (FBA). Inwiefern k\u00f6nnen Ideen und Methoden des \ndichtebasiertem Clustering auf FBA \u00fcbertragen werden?<\/p>\n\n\n\n<p>Informationen: <a href=\"https:\/\/www.kde.cs.uni-kassel.de\/stumme\">Gerd Stumme<\/a><\/p>\n<\/div> <span class=\"category-display\"><span class=\"category-display-label\">Kategorien:<\/span> <a href=\"https:\/\/www.kde.cs.uni-kassel.de\/en\/blog\/category\/bachelor\">Bachelorarbeit<\/a>, <a href=\"https:\/\/www.kde.cs.uni-kassel.de\/en\/blog\/category\/methodischer-schwerpunkt\">Methodischer Schwerpunkt<\/a>, <a href=\"https:\/\/www.kde.cs.uni-kassel.de\/en\/blog\/category\/technischer-schwerpunkt\">Technischer Schwerpunkt<\/a><\/span><\/div><div class=\"listing-item\"><div class=\"content\">\n<h3 class=\"wp-block-heading\">Entropie in formalen Kontexten <\/h3>\n\n\n\n<p>Entropie ist eine zentrales Ma\u00df f\u00fcr viele\n Objekte in der Wissenschaft. Es gibt verschiedene Ans\u00e4tze die Idee von \nEntropie auf soziale Netzwerke zu \u00fcbertragen. In dieser Arbeit soll ein \nSchritt weiter gegangen werden, indem eine Weiter\u00fcbertragung auf formale\n Kontexte versucht wird. Neben der Modellierung soll eine Evaluierung \nhinsichtlich der Nutzbarkeit durchgef\u00fchrt werden.<\/p>\n\n\n\n<p>Informationen: <a href=\"https:\/\/www.kde.cs.uni-kassel.de\/stumme\">Gerd Stumme<\/a><\/p>\n<\/div> <span class=\"category-display\"><span class=\"category-display-label\">Kategorien:<\/span> <a href=\"https:\/\/www.kde.cs.uni-kassel.de\/en\/blog\/category\/bachelor\">Bachelorarbeit<\/a>, <a href=\"https:\/\/www.kde.cs.uni-kassel.de\/en\/blog\/category\/master\">Masterarbeit<\/a>, <a href=\"https:\/\/www.kde.cs.uni-kassel.de\/en\/blog\/category\/methodischer-schwerpunkt\">Methodischer Schwerpunkt<\/a>, <a href=\"https:\/\/www.kde.cs.uni-kassel.de\/en\/blog\/category\/technischer-schwerpunkt\">Technischer Schwerpunkt<\/a><\/span><\/div><div class=\"listing-item\"><div class=\"content\">\n<h3 class=\"wp-block-heading\">Heuristiken zum Finden maximaler Cliquen <\/h3>\n\n\n\n<p>Die maximale Cliquen in einem bipartiten \nGraphen $G$ entsprechen den formalen Begriffen eines Kontext welcher \nIsomorph zu Adjazenzmatrix von $G$ ist. Die Berechnung der Menge der \nformalen Begriffe ist aufw\u00e4ndig. Inwiefern k\u00f6nnen maximale Cliquen einer\n gewissen Gr\u00f6\u00dfe durch heuristische Algorithmen leichter gefunden werden?<\/p>\n\n\n\n<p>Informationen: <a href=\"https:\/\/www.kde.cs.uni-kassel.de\/hanika\">Tom Hanika<\/a><\/p>\n<\/div> <span class=\"category-display\"><span class=\"category-display-label\">Kategorien:<\/span> <a href=\"https:\/\/www.kde.cs.uni-kassel.de\/en\/blog\/category\/bachelor\">Bachelorarbeit<\/a>, <a href=\"https:\/\/www.kde.cs.uni-kassel.de\/en\/blog\/category\/methodischer-schwerpunkt\">Methodischer Schwerpunkt<\/a>, <a href=\"https:\/\/www.kde.cs.uni-kassel.de\/en\/blog\/category\/technischer-schwerpunkt\">Technischer Schwerpunkt<\/a><\/span><\/div><div class=\"listing-item\"><div class=\"content\">\n<h3 class=\"wp-block-heading\">Generator f\u00fcr zuf\u00e4llige bipartite Graphen<\/h3>\n\n\n\n<p>In diesem Projekt sollen verschiedene Ans\u00e4tze f\u00fcr die zuf\u00e4llige Erzeugung bipartiter Graphen praktisch untersucht werden. Dabei soll insbesondere versucht werden, realweltliche Daten zu simulieren. Die Algorithmen sollen in Python3 oder Clojure implementiert werden.<\/p>\n\n\n\n<p>Informationen: <a href=\"https:\/\/www.kde.cs.uni-kassel.de\/hanika\">Tom Hanika<\/a><\/p>\n<\/div> <span class=\"category-display\"><span class=\"category-display-label\">Kategorien:<\/span> <a href=\"https:\/\/www.kde.cs.uni-kassel.de\/en\/blog\/category\/allgemein\">Allgemein<\/a>, <a href=\"https:\/\/www.kde.cs.uni-kassel.de\/en\/blog\/category\/bachelor\">Bachelorarbeit<\/a>, <a href=\"https:\/\/www.kde.cs.uni-kassel.de\/en\/blog\/category\/methodischer-schwerpunkt\">Methodischer Schwerpunkt<\/a>, <a href=\"https:\/\/www.kde.cs.uni-kassel.de\/en\/blog\/category\/technischer-schwerpunkt\">Technischer Schwerpunkt<\/a><\/span><\/div><div class=\"listing-item\"><div class=\"content\">\n<h3 class=\"wp-block-heading\">Pedestrian Dead Reckoning Methoden zur Sch\u00e4tzung der Lage von Orten zueinander <\/h3>\n\n\n\n<p>Bei der Erstellung topologischer Karten \nmithilfe von Sensordaten ist eine ungef\u00e4hre Absch\u00e4tzung der Lage der \nOrte zueinander interessant. Dies kann mit Methoden des Pedestrian Dead \nReckoning realisiert werden, bei denen die Bewegung anhand einer \nSchrittdetektion und der Sch\u00e4tzung der jeweiligen Schrittrichtung und \n-l\u00e4nge modelliert wird. Je nach Umfang des Projektes ist eine \nFokussierung auf einen der Teilaspekte m\u00f6glich (zum Beispiel \nEntfernungen oder Himmelsrichtungen zwischen Orten).<\/p>\n\n\n\n<p>Informationen: <a href=\"https:\/\/www.kde.cs.uni-kassel.de\/schaefermeier\">Bastian Sch\u00e4fermeier<\/a><\/p>\n<\/div> <span class=\"category-display\"><span class=\"category-display-label\">Kategorien:<\/span> <a href=\"https:\/\/www.kde.cs.uni-kassel.de\/en\/blog\/category\/bachelor\">Bachelorarbeit<\/a>, <a href=\"https:\/\/www.kde.cs.uni-kassel.de\/en\/blog\/category\/master\">Masterarbeit<\/a>, <a href=\"https:\/\/www.kde.cs.uni-kassel.de\/en\/blog\/category\/methodischer-schwerpunkt\">Methodischer Schwerpunkt<\/a>, <a href=\"https:\/\/www.kde.cs.uni-kassel.de\/en\/blog\/category\/technischer-schwerpunkt\">Technischer Schwerpunkt<\/a><\/span><\/div><\/div>\n\n\n\n<h3 class=\"wp-block-heading\">Aufgabenstellung und Termin<\/h3>\n\n\n\n<p>Nach Absprache mit dem jeweiligen Betreuer.<\/p>\n\n\n\n<h3 class=\"wp-block-heading\">Vorkenntnisse<\/h3>\n\n\n\n<p>Informatik Grundstudium bzw. 30 absolvierte Credits des Masterstudiums<\/p>\n\n\n\n<h3 class=\"wp-block-heading\">Angesprochener H\u00f6rerInnenkreis<\/h3>\n\n\n\n<p>Informatik Bachelor und Master, Math. NF Inf. Hauptstudium<\/p>\n\n\n\n<h3 class=\"wp-block-heading\">Umfang<\/h3>\n\n\n\n<p>9 Wochen f\u00fcr Bachelor und 6 Monate f\u00fcr Master<\/p>\n\n\n\n<h3 class=\"wp-block-heading\">Leistungsnachweis<\/h3>\n\n\n\n<p>In der Regel Implementierung, schriftliche Ausarbeitung und Vortrag<\/p>\n\n\n\n<h3 class=\"wp-block-heading\">Veranstalter<\/h3>\n\n\n\n<p><a href=\"https:\/\/www.kde.cs.uni-kassel.de\/stumme\">Prof. Dr. Gerd Stumme<\/a>,&nbsp;<a href=\"https:\/\/www.kde.cs.uni-kassel.de\/duerrschnabel\">Master Math. Dominik D\u00fcrrschnabel<\/a>,&nbsp;<a href=\"https:\/\/www.kde.cs.uni-kassel.de\/felde\">Master Math. Maximilian Felde<\/a>, <a href=\"https:\/\/www.kde.cs.uni-kassel.de\/hanika\">Dr. Tom Hanika<\/a>, <a href=\"https:\/\/www.kde.cs.uni-kassel.de\/koyda\">Master Math. Maren Koyda<\/a>,&nbsp;<a href=\"https:\/\/www.kde.cs.uni-kassel.de\/schaefermeier\">Master Inform. Bastian Sch\u00e4fermeier<\/a>,&nbsp;<a href=\"https:\/\/www.kde.cs.uni-kassel.de\/schmidt\">Master Inform. Andreas Schmidt<\/a>,&nbsp;<a href=\"https:\/\/www.kde.cs.uni-kassel.de\/stubbemann\">Master Math. Maximilian Stubbemann<\/a><\/p>\n","protected":false},"excerpt":{"rendered":"<p>Bachelor- und Masterarbeiten Themen Viele Aufgabenstellungen besch\u00e4ftigen sich mit der Implementierung verschiedener Komponenten in eines der Websysteme die am Fachgebiet betrieben werden oder mit der Analyse der in solchen System vorhandenen Daten. Dar\u00fcber hinaus werden<a class=\"moretag\" href=\"https:\/\/www.kde.cs.uni-kassel.de\/en\/blog\/2019\/03\/04\/pedestrian-dead-reckoning-methoden-zur-schaetzung-der-lage-von-orten-zueinander\"> Read more&hellip;<\/a><\/p>\n","protected":false},"author":17,"featured_media":0,"parent":5066,"menu_order":23,"comment_status":"closed","ping_status":"closed","template":"","meta":{"footnotes":""},"class_list":["post-5068","page","type-page","status-publish","hentry"],"translation":{"provider":"WPGlobus","version":"3.0.2","language":"en","enabled_languages":["de","en"],"languages":{"de":{"title":true,"content":true,"excerpt":false},"en":{"title":false,"content":false,"excerpt":false}}},"_links":{"self":[{"href":"https:\/\/www.kde.cs.uni-kassel.de\/en\/wp-json\/wp\/v2\/pages\/5068","targetHints":{"allow":["GET"]}}],"collection":[{"href":"https:\/\/www.kde.cs.uni-kassel.de\/en\/wp-json\/wp\/v2\/pages"}],"about":[{"href":"https:\/\/www.kde.cs.uni-kassel.de\/en\/wp-json\/wp\/v2\/types\/page"}],"author":[{"embeddable":true,"href":"https:\/\/www.kde.cs.uni-kassel.de\/en\/wp-json\/wp\/v2\/users\/17"}],"replies":[{"embeddable":true,"href":"https:\/\/www.kde.cs.uni-kassel.de\/en\/wp-json\/wp\/v2\/comments?post=5068"}],"version-history":[{"count":22,"href":"https:\/\/www.kde.cs.uni-kassel.de\/en\/wp-json\/wp\/v2\/pages\/5068\/revisions"}],"predecessor-version":[{"id":7349,"href":"https:\/\/www.kde.cs.uni-kassel.de\/en\/wp-json\/wp\/v2\/pages\/5068\/revisions\/7349"}],"up":[{"embeddable":true,"href":"https:\/\/www.kde.cs.uni-kassel.de\/en\/wp-json\/wp\/v2\/pages\/5066"}],"wp:attachment":[{"href":"https:\/\/www.kde.cs.uni-kassel.de\/en\/wp-json\/wp\/v2\/media?parent=5068"}],"curies":[{"name":"wp","href":"https:\/\/api.w.org\/{rel}","templated":true}]}}