{"id":505,"date":"2016-04-02T14:37:25","date_gmt":"2016-04-02T12:37:25","guid":{"rendered":"https:\/\/www.kde.cs.uni-kassel.de\/?page_id=505"},"modified":"2016-04-03T13:44:55","modified_gmt":"2016-04-03T11:44:55","slug":"webscience","status":"publish","type":"page","link":"https:\/\/www.kde.cs.uni-kassel.de\/en\/lehre\/ss2016\/webscience","title":{"rendered":"Web Science"},"content":{"rendered":"<p>Die Materialien zur Vorlesung (Skript, \u00dcbungsbl\u00e4tter) und Ank\u00fcndigungen (Termin\u00e4nderungen etc.) finden Sie im <a href=\"https:\/\/moodle.uni-kassel.de\/moodle\/course\/view.php?id=118\"><u><span style=\"color: #0066cc;\">Moodle<\/span><\/u><\/a> der Universit\u00e4t Kassel.<\/p>\n<p><span style=\"color: #a3004e;\">Erster Veranstaltungstag:<\/span><\/p>\n<p style=\"padding-left: 30px;\">Mittwoch, 20. April 2016<\/p>\n<p><span style=\"color: #a3004e;\">Zweite Veranstaltung:<\/span><\/p>\n<p style=\"padding-left: 30px;\">Donnerstag, 21. April 2016 (statt \u00dcbung)<\/p>\n<p><span style=\"color: #a3004e;\"> Ort und Zeit: <\/span><\/p>\n<p style=\"padding-left: 30px;\">Mittwochs, 10.15 &#8211; 11.45 Uhr in Raum 0445\/E (WA 73, FG Wissensverarbeitung)<\/p>\n<p><span style=\"color: #a3004e;\"> \u00dcbungen: <\/span><\/p>\n<p style=\"padding-left: 30px;\">Donnerstags, 12 &#8211; 14 Uhr in Raum -1201 (WA 73), Beginn 28. April 2016<\/p>\n<p><span style=\"color: #a3004e;\"> Vorkenntnisse: <\/span><\/p>\n<p style=\"padding-left: 30px;\">Informatik Bachelor<\/p>\n<p><span style=\"color: #a3004e;\"> Angesprochener H\u00f6rerInnenkreis: <\/span><\/p>\n<p style=\"padding-left: 30px;\">Informatik Master<\/p>\n<p><span style=\"color: #a3004e;\"> Leistungsnachweis: <\/span><\/p>\n<p style=\"padding-left: 30px;\">Klausur oder m\u00fcndliche Pr\u00fcfung, je nach Teilnehmerzahl. Die Vorlesung kann im Bereich Praktische Informatik angerechnet werden.<\/p>\n<p><span style=\"color: #a3004e;\"> Veranstalter: <\/span><\/p>\n<p style=\"padding-left: 30px;\"><a href=\"\/atzmueller\"><u><span style=\"color: #0066cc;\">PD Dr. habil. Martin Atzm\u00fcller<\/span><\/u><\/a><\/p>\n<p><span style=\"color: #a3004e;\"> Inhalt: <\/span><\/p>\n<p style=\"padding-left: 30px;\">Die Vorlesung gibt eine Einf\u00fchrung in das neue Forschungsgebiet \u201eWeb Science\u201c, das vor allem die Gebiete Social Semantic Web, Web 2.0, Knowledge Management, Social Network Analysis, Information Retrieval und Web Mining verbindet. In der Vorlesung lernen die Teilnehmer neben den inhaltlichen Konzepten der einzelnen Bereiche sowohl grundlegende als auch fortgeschrittene Techniken und Algorithmen kennen.<\/p>\n<p><span style=\"color: #a3004e;\"> Literatur: <\/span><\/p>\n<p style=\"padding-left: 30px;\">Wird in der Vorlesung bekanntgegeben.<\/p>\n","protected":false},"excerpt":{"rendered":"<p>Die Materialien zur Vorlesung (Skript, \u00dcbungsbl\u00e4tter) und Ank\u00fcndigungen (Termin\u00e4nderungen etc.) finden Sie im Moodle der Universit\u00e4t Kassel. Erster Veranstaltungstag: Mittwoch, 20. April 2016 Zweite Veranstaltung: Donnerstag, 21. April 2016 (statt \u00dcbung) Ort und Zeit: Mittwochs,<a class=\"moretag\" href=\"https:\/\/www.kde.cs.uni-kassel.de\/en\/lehre\/ss2016\/webscience\"> Read more&hellip;<\/a><\/p>\n","protected":false},"author":1,"featured_media":0,"parent":502,"menu_order":0,"comment_status":"closed","ping_status":"closed","template":"","meta":{"footnotes":""},"class_list":["post-505","page","type-page","status-publish","hentry"],"translation":{"provider":"WPGlobus","version":"3.0.2","language":"en","enabled_languages":["de","en"],"languages":{"de":{"title":true,"content":true,"excerpt":false},"en":{"title":false,"content":false,"excerpt":false}}},"_links":{"self":[{"href":"https:\/\/www.kde.cs.uni-kassel.de\/en\/wp-json\/wp\/v2\/pages\/505","targetHints":{"allow":["GET"]}}],"collection":[{"href":"https:\/\/www.kde.cs.uni-kassel.de\/en\/wp-json\/wp\/v2\/pages"}],"about":[{"href":"https:\/\/www.kde.cs.uni-kassel.de\/en\/wp-json\/wp\/v2\/types\/page"}],"author":[{"embeddable":true,"href":"https:\/\/www.kde.cs.uni-kassel.de\/en\/wp-json\/wp\/v2\/users\/1"}],"replies":[{"embeddable":true,"href":"https:\/\/www.kde.cs.uni-kassel.de\/en\/wp-json\/wp\/v2\/comments?post=505"}],"version-history":[{"count":3,"href":"https:\/\/www.kde.cs.uni-kassel.de\/en\/wp-json\/wp\/v2\/pages\/505\/revisions"}],"predecessor-version":[{"id":2565,"href":"https:\/\/www.kde.cs.uni-kassel.de\/en\/wp-json\/wp\/v2\/pages\/505\/revisions\/2565"}],"up":[{"embeddable":true,"href":"https:\/\/www.kde.cs.uni-kassel.de\/en\/wp-json\/wp\/v2\/pages\/502"}],"wp:attachment":[{"href":"https:\/\/www.kde.cs.uni-kassel.de\/en\/wp-json\/wp\/v2\/media?parent=505"}],"curies":[{"name":"wp","href":"https:\/\/api.w.org\/{rel}","templated":true}]}}