{"id":4658,"date":"2018-10-10T11:52:36","date_gmt":"2018-10-10T09:52:36","guid":{"rendered":"https:\/\/www.kde.cs.uni-kassel.de\/?page_id=4658"},"modified":"2025-01-29T11:42:43","modified_gmt":"2025-01-29T10:42:43","slug":"privacy","status":"publish","type":"page","link":"https:\/\/www.kde.cs.uni-kassel.de\/en\/privacy","title":{"rendered":"Privacy"},"content":{"rendered":"<\/p>\n\n\n<h1 class=\"wp-block-heading\">Privacy Protection and Information<\/h1>\n\n\n\n<hr class=\"wp-block-separator has-css-opacity\"\/>\n\n\n\n<p>If you have questions, please contact<br><a href=\"mailto:stumme@cs.uni-kassel.de\">stumme@cs.uni-kassel.de..<\/a> <\/p>\n\n\n\n<hr class=\"wp-block-separator has-css-opacity\"\/>\n\n\n\n<p>Responsible for the website and service are: <\/p>\n\n\n\n<p><strong>University of Kassel (public corporation)<\/strong><br>Wilhelmsh\u00f6her Allee 73<br>34121 Kassel<br>Tel.: +49 561 804 &#8211; 6250<br>Fax: +49 561 804 &#8211; 6259<br><a href=\"mailto:stumme@cs.uni-kassel.de\">stumme@cs.uni-kassel.de<\/a> <br>Authorized representative for the Knowledge and Data Engineering team is Prof. Dr. Gerd Stumme.<\/p>\n\n\n\n<p><strong>Contact information of the appointed Data Protection Officer (Universit\u00e4t Kassel):<\/strong><br>Universit\u00e4t Kassel<br>Beh\u00f6rdliche Datenschutzbeauftragte der Universit\u00e4t Kassel<br>M\u00f6nchebergstra\u00dfe 19<br>34109 Kassel<br>Tel.: +49 561 804-2756<br><a href=\"mailto:datenschutz@uni-kassel.de\">datenschutz@uni-kassel.de<\/a> <\/p>\n\n\n\n<hr class=\"wp-block-separator has-css-opacity\"\/>\n\n\n\n<h2 class=\"wp-block-heading\">Purposes of processing<\/h2>\n\n\n\n<p>www.kde.cs.uni-kassel.de is run by the Knowledge and Data Engineering team of the University of Kassel as a research project.<\/p>\n\n\n\n<p>In order to carry out the research, www.kde.cs.uni-kassel.de collects more data of  its users and analyzes it in a greater extend than commercial web  applications would do. The information is being used to provide and  improve recommendation services, spam detection or ranking functions and  also for the design of privacy aspects in bookmarking systems. Results  can later be applied to other web 2.0 applications. Since science is an  open process the options for the data&#8217;s usage can not be finalized or  completed. For www.kde.cs.uni-kassel.de, however, there is no interest in the real  person behind the userprofile. The information will not be used for  advertising. www.kde.cs.uni-kassel.de will not give information about the user to third  parties. The only exception to this rule are other research groups,  which can achieve a part of the data set, and use it for their own  research and to revise the findings of the www.kde.cs.uni-kassel.de project. <\/p>\n\n\n\n<div class=\"wp-block-group\"><div class=\"wp-block-group__inner-container is-layout-flow wp-block-group-is-layout-flow\">\n<p>This data  is made pseudonymous though. <\/p>\n<\/div><\/div>\n\n\n\n<p>Legal basis of processing<\/p>\n\n\n\n<p>Consent, Art. 6 Abs. 1 a) GDPR Task performance, Art. 6 Abs. 1 e) \nCDPR i.V.m. Art. 2 Abs. 4 S. 1 BayHSchG; Art. 7 BayHSchG (+ other laws \non higher education) Art. 11 Abs. 1 BayEGovG \u00a7 13 Abs. 7 TMG<\/p>\n\n\n\n<h2 class=\"wp-block-heading\">Unregistered and anonymous users<\/h2>\n\n\n\n<p>In line with the usage of www.kde.cs.uni-kassel.de the following data is gathered  and processed to provide the system&#8217;s services and to collect  statistical information: the name of the requested site, the time of the  request, the size of transfered data, the protocol message, if the  request was successful, the referrer url and the cookie with its session  id. Additionally, the ip adress of the calling computer is stored for research purposes, eg. for developing spam detection algorithms. In  order to analyse the user behaviour, which is being explored to create new algorithms and to evaluate them, www.kde.cs.uni-kassel.de uses a click-log  functionality, which stores every user click on a link within www.kde.cs.uni-kassel.de.  Indeed, www.kde.cs.uni-kassel.de does neither have the resource nor the intent to  relate this data with the person behind the user.<\/p>\n\n\n\n<h3 class=\"wp-block-heading\">Advertisment<\/h3>\n\n\n\n<p>www.kde.cs.uni-kassel.de is free of advertisment. No personal information will be processed for assigning personalized advertisments and will be  circulated to third parties for purposes of advertising.<\/p>\n\n\n\n<h3 class=\"wp-block-heading\">Recipients or categories of recipients of personal data<\/h3>\n\n\n\n<ul class=\"wp-block-list\">\n<li>IT Service Center, University of Kassel<\/li>\n\n\n\n<li>IT-service providers<\/li>\n\n\n\n<li>Research institutions<\/li>\n<\/ul>\n\n\n\n<h3 class=\"wp-block-heading\">Duration of storage of personal data<\/h3>\n\n\n\n<p>The criteria for the duration of storage are defined in the purposes \nof processing. The personal data has to be offered to university \narchives before deletion. If the data is of archival value, it will be \nmoved to the archive for archiving purposes, otherwise the personal data\n will be deleted.<\/p>\n\n\n\n<h3 class=\"wp-block-heading\">Rights of the individuals affected<\/h3>\n\n\n\n<p>You can assert these rights against each of those responsible, and \nalso against the mentioned contact point within the framework of our \nshared responibility. If personal data will be processed, you have the \nright to obtain information about the data that will be saved about you \n(Art. 15 GDPR). If the processed personal data is inaccurate, you have \nthe right of rectification (Art. 16 GDPR). If the legal requirements are\n met, you can demand the erasure or restriction of the processing as \nwell as oppose the data processing (Art. 17, 18 und 21 GDPR). If you \nhave agreed to the data processing or a data processing contract exists \nand the data processing is performed using automated processes, you \npotentially have a right to data portability (Art. 20 GDPR).<\/p>\n\n\n\n<p>If you should exercise the rights mentioned above, the public entity \nwill consider whether the legal requirements for this are met. <\/p>\n\n\n\n<p>Furthermore, you have a right of appeal to the competent supervisory authorities:<\/p>\n\n\n\n<p>Hessische Datenschutzbeauftragte<\/p>\n\n\n\n<p>You can exercise your right of appeal against each of this supervisory authorities.<\/p>\n\n\n\n<h3 class=\"wp-block-heading\">Right of revocation with given consent<\/h3>\n\n\n\n<p>If you have agreed to the processing through the University Kassel with a corresponding consent, you can at any time revoke the consent for the future. The legality of the data processed in the timespan from  consent to revocation will not be affected.<\/p>\n\n\n\n<h3 class=\"wp-block-heading\">Right to data portability<\/h3>\n\n\n\n<p>The data subject shall have the right to receive the personal data \nconcerning him or her (Art. 20 GDPR), which he or she has provided to a \ncontroller, in a structured, commonly used and machine-readable format \nand have the right to transmit those data to another controller without \nhindrance from the controller to which the personal data have been \nprovided. This applies if the basis for data processing is based on \nconsent or a contract and the data processing is carried out by \nautomated means. You can export all your data using our API.<\/p>\n\n\n\n<h3 class=\"wp-block-heading\">Obligation to data provision<\/h3>\n\n\n\n<p>We require your data, to conclude a contract of use with the user and\n to carry out our research projects. If you do not provide the required \ndata, the contract of use can not be concluded and the research projects\n can not be carried out.<\/p>\n\n\n\n<h3 class=\"wp-block-heading\">Area of application<\/h3>\n\n\n\n<p>This privacy protection policy applies only for the collection of  personal data by www.kde.cs.uni-kassel.de, but not for the service providers which are  referenced within the entries of www.kde.cs.uni-kassel.de or other external web sites.<\/p>\n\n\n<p>","protected":false},"excerpt":{"rendered":"<p>Privacy Protection and Information If you have questions, please contactstumme@cs.uni-kassel.de.. Responsible for the website and service are: University of Kassel (public corporation)Wilhelmsh\u00f6her Allee 7334121 KasselTel.: +49 561 804 &#8211; 6250Fax: +49 561 804 &#8211; 6259stumme@cs.uni-kassel.de<a class=\"moretag\" href=\"https:\/\/www.kde.cs.uni-kassel.de\/en\/privacy\"> Read more&hellip;<\/a><\/p>\n","protected":false},"author":5,"featured_media":0,"parent":0,"menu_order":0,"comment_status":"closed","ping_status":"closed","template":"","meta":{"footnotes":""},"class_list":["post-4658","page","type-page","status-publish","hentry"],"translation":{"provider":"WPGlobus","version":"3.0.2","language":"en","enabled_languages":["de","en"],"languages":{"de":{"title":true,"content":true,"excerpt":false},"en":{"title":true,"content":true,"excerpt":false}}},"_links":{"self":[{"href":"https:\/\/www.kde.cs.uni-kassel.de\/en\/wp-json\/wp\/v2\/pages\/4658","targetHints":{"allow":["GET"]}}],"collection":[{"href":"https:\/\/www.kde.cs.uni-kassel.de\/en\/wp-json\/wp\/v2\/pages"}],"about":[{"href":"https:\/\/www.kde.cs.uni-kassel.de\/en\/wp-json\/wp\/v2\/types\/page"}],"author":[{"embeddable":true,"href":"https:\/\/www.kde.cs.uni-kassel.de\/en\/wp-json\/wp\/v2\/users\/5"}],"replies":[{"embeddable":true,"href":"https:\/\/www.kde.cs.uni-kassel.de\/en\/wp-json\/wp\/v2\/comments?post=4658"}],"version-history":[{"count":17,"href":"https:\/\/www.kde.cs.uni-kassel.de\/en\/wp-json\/wp\/v2\/pages\/4658\/revisions"}],"predecessor-version":[{"id":9991,"href":"https:\/\/www.kde.cs.uni-kassel.de\/en\/wp-json\/wp\/v2\/pages\/4658\/revisions\/9991"}],"wp:attachment":[{"href":"https:\/\/www.kde.cs.uni-kassel.de\/en\/wp-json\/wp\/v2\/media?parent=4658"}],"curies":[{"name":"wp","href":"https:\/\/api.w.org\/{rel}","templated":true}]}}