{"id":4270,"date":"2018-09-07T16:06:32","date_gmt":"2018-09-07T14:06:32","guid":{"rendered":"https:\/\/www.kde.cs.uni-kassel.de\/?page_id=4270"},"modified":"2018-10-30T17:38:15","modified_gmt":"2018-10-30T16:38:15","slug":"ki_einfuehrung","status":"publish","type":"page","link":"https:\/\/www.kde.cs.uni-kassel.de\/en\/lehre\/ws2018-19\/ki_einfuehrung","title":{"rendered":"Einf\u00fchrung in die K\u00fcnstliche Intelligenz"},"content":{"rendered":"<h2>Einf\u00fchrung in die K\u00fcnstliche Intelligenz<\/h2>\n<p><span style=\"color: #a3004e;\">Erster Veranstaltungstag:<\/span><\/p>\n<p style=\"padding-left: 30px;\">Freitag, 19. Oktober 2018, 10.15 Uhr in Raum 0446 (WA 73)<\/p>\n<p><span style=\"color: #a3004e;\"> Ort und Zeit: <\/span><\/p>\n<p style=\"padding-left: 30px;\">Freitags 10:15 &#8211; 11:45 Uhr in Raum 0446 (WA 73) am 19.10., 26.10. und 2.11.18, dann jede zweite Woche<\/p>\n<p><span style=\"color: #a3004e;\"> \u00dcbungen: <\/span><\/p>\n<p style=\"padding-left: 30px;\">Jede zweite Woche freitags, 10.15 Uhr &#8211; 11.45 Uhr in Raum 0446 (WA 73), Beginn 9.11.18,<br \/>\nJede zweite Woche donnerstags, 12.15 Uhr \u2013 13.45 Uhr in Raum -1607 (WA Neubau, Emilien), Beginn 8.11.18.<\/p>\n<p><span style=\"color: #a3004e;\"> Voraussetzung nach Pr\u00fcfungsordnung: <\/span><\/p>\n<p style=\"padding-left: 30px;\">Mathematiktest. Empfohlene Voraussetzungen: Algorithmen und Datenstrukturen.<\/p>\n<p><span style=\"color: #a3004e;\"> Angesprochener H\u00f6rerInnenkreis: <\/span><\/p>\n<p style=\"padding-left: 30px;\">Bachelor Informatik.<\/p>\n<p><span style=\"color: #a3004e;\">\u00a0Umfang: <\/span><\/p>\n<p style=\"padding-left: 30px;\">1 1\/3 SWS Vorlesung und 2\/3 SWS \u00dcbungen, 3 Credits<\/p>\n<p><span style=\"color: #a3004e;\"> Leistungsnachweis: <\/span><\/p>\n<p style=\"padding-left: 30px;\">Klausur<\/p>\n<p><span style=\"color: #a3004e;\">\u00a0Veranstalter: <\/span><\/p>\n<p style=\"padding-left: 30px;\"><a href=\"\/stumme\"><u><span style=\"color: #0066cc;\">Prof. Dr. Gerd Stumme<\/span><\/u><\/a><\/p>\n<p><span style=\"color: #a3004e;\">\u00a0Inhalt: <\/span><\/p>\n<p style=\"padding-left: 30px;\">Die Veranstaltung zeigt das Spektrum von Methoden der K\u00fcnstlichen Intelligenz f\u00fcr die Verarbeitung von Wissen mit dem Rechner auf. Die Vorlesung gibt einen \u00dcberblick \u00fcber verschiedene Gebiete der Wissensrepr\u00e4sentation und f\u00fchrt hin zu aktuellen Einsatzszenarien wie der Erweiterung des World Wide Web hin zu einem Semantic Web. Ziel ist insbesondere der effiziente Umgang mit Wissen in Internet und Intranet.<\/p>\n<p><span style=\"color: #a3004e;\">\u00a0Themen: <\/span><\/p>\n<p style=\"padding-left: 30px;\">Probleml\u00f6semethoden, Wissensrepr\u00e4sentation, Inferenz, Ontologien, Semantic Web, XML, RDF, OWL.<\/p>\n","protected":false},"excerpt":{"rendered":"<p>Einf\u00fchrung in die K\u00fcnstliche Intelligenz Erster Veranstaltungstag: Freitag, 19. Oktober 2018, 10.15 Uhr in Raum 0446 (WA 73) Ort und Zeit: Freitags 10:15 &#8211; 11:45 Uhr in Raum 0446 (WA 73) am 19.10., 26.10. und<a class=\"moretag\" href=\"https:\/\/www.kde.cs.uni-kassel.de\/en\/lehre\/ws2018-19\/ki_einfuehrung\"> Read more&hellip;<\/a><\/p>\n","protected":false},"author":8,"featured_media":0,"parent":4263,"menu_order":0,"comment_status":"closed","ping_status":"closed","template":"","meta":{"footnotes":""},"class_list":["post-4270","page","type-page","status-publish","hentry"],"translation":{"provider":"WPGlobus","version":"3.0.2","language":"en","enabled_languages":["de","en"],"languages":{"de":{"title":true,"content":true,"excerpt":false},"en":{"title":false,"content":false,"excerpt":false}}},"_links":{"self":[{"href":"https:\/\/www.kde.cs.uni-kassel.de\/en\/wp-json\/wp\/v2\/pages\/4270","targetHints":{"allow":["GET"]}}],"collection":[{"href":"https:\/\/www.kde.cs.uni-kassel.de\/en\/wp-json\/wp\/v2\/pages"}],"about":[{"href":"https:\/\/www.kde.cs.uni-kassel.de\/en\/wp-json\/wp\/v2\/types\/page"}],"author":[{"embeddable":true,"href":"https:\/\/www.kde.cs.uni-kassel.de\/en\/wp-json\/wp\/v2\/users\/8"}],"replies":[{"embeddable":true,"href":"https:\/\/www.kde.cs.uni-kassel.de\/en\/wp-json\/wp\/v2\/comments?post=4270"}],"version-history":[{"count":6,"href":"https:\/\/www.kde.cs.uni-kassel.de\/en\/wp-json\/wp\/v2\/pages\/4270\/revisions"}],"predecessor-version":[{"id":4842,"href":"https:\/\/www.kde.cs.uni-kassel.de\/en\/wp-json\/wp\/v2\/pages\/4270\/revisions\/4842"}],"up":[{"embeddable":true,"href":"https:\/\/www.kde.cs.uni-kassel.de\/en\/wp-json\/wp\/v2\/pages\/4263"}],"wp:attachment":[{"href":"https:\/\/www.kde.cs.uni-kassel.de\/en\/wp-json\/wp\/v2\/media?parent=4270"}],"curies":[{"name":"wp","href":"https:\/\/api.w.org\/{rel}","templated":true}]}}