{"id":4263,"date":"2018-09-07T16:00:32","date_gmt":"2018-09-07T14:00:32","guid":{"rendered":"https:\/\/www.kde.cs.uni-kassel.de\/?page_id=4263"},"modified":"2018-10-25T11:19:43","modified_gmt":"2018-10-25T09:19:43","slug":"ws2018-19","status":"publish","type":"page","link":"https:\/\/www.kde.cs.uni-kassel.de\/en\/lehre\/ws2018-19","title":{"rendered":"Lehrveranstaltungen im Wintersemester 2018\/2019"},"content":{"rendered":"<p>Folgende Lehrveranstaltungen werden im Wintersemester 2018\/2019 angeboten:<\/p>\n<h2><span>Vorlesungen<\/span><\/h2>\n<ul>&lt;!&#8211;<\/p>\n<li><a href=\"KI\">K\u00fcnstliche Intelligenz<\/a> (PD Dr. Martin Atzm\u00fcller)<\/li>\n<p>&#8211;&gt;<\/p>\n<li><a href=\"\/lehre\/ws2018-19\/ki_einfuehrung\"><u><span>Einf\u00fchrung in die K\u00fcnstliche Intelligenz<\/span><\/u><\/a> (Prof. Dr. Gerd Stumme)<\/li>\n<li><a href=\"\/lehre\/ws2018-19\/kdd\"><u><span>Knowledge Discovery<\/span><\/u><\/a> (Prof. Dr. Gerd Stumme)<\/li>\n<li><a href=\"\/lehre\/ws2018-19\/sna\"><u><span>Soziale Netzwerkanalyse<\/span><\/u><\/a> (Tom Hanika)<\/li>\n<\/ul>\n<h2><span>Praktika \/ Labore<\/span><\/h2>\n<ul>\n<li><a href=\"\/lehre\/ws2018-19\/kdd_praktikum\"><u><span>Praktikum Knowledge Discovery<\/span><\/u><\/a> (Prof. Dr. Gerd Stumme)<\/li>\n<li><a href=\"\/lehre\/ws2018-19\/ln\"><u><span>Labor Netzwerke<\/span><\/u><\/a> (Tom Hanika \/ Prof. Dr. Gerd Stumme)<\/li>\n<\/ul>\n<h2><span>Projekte<\/span><\/h2>\n<ul>\n<li><a href=\"\/lehre\/ws2018-19\/projekt\"><u><span>Bachelor- und Masterprojekt<\/span><\/u><\/a><\/li>\n<\/ul>\n<h2><span>Seminar<\/span><\/h2>\n<ul>\n<li><a href=\"\/lehre\/ws2018-19\/seminar\"><u><span>Data Mining und Soziale Netzwerkanalyse (Seminar)<\/span><\/u><\/a><\/li>\n<li><a href=\"https:\/\/www.kde.cs.uni-kassel.de\/lehre\/kdeseminar\">KDE Seminar<\/a><\/li>\n<\/ul>\n<p>&lt;!&#8211;<\/p>\n<li><a href=\"wissenschaftliches_arbeiten\">Seminar &#8220;Wissenschaftliches Arbeiten im Fach Wissensverarbeitung&#8221;<\/a> (Prof. Dr. Gerd Stumme)<\/li>\n<p>&#8211;&gt;<\/p>\n<h2><span>Abschlussarbeiten<\/span><\/h2>\n<ul>\n<li><a href=\"\/lehre\/ws2018-19\/arbeiten\"><u><span>Bachelor-, Diplom- und Masterarbeiten<\/span><\/u><\/a><\/li>\n<\/ul>\n<h2><span>Extras<\/span><\/h2>\n<ul>\n<li><a href=\"\/lehre\/ws2018-19\/pythonkurs\"><u><span>Python-Einf\u00fchrungskurs<\/span><\/u><\/a><\/li>\n<\/ul>\n","protected":false},"excerpt":{"rendered":"<p>Folgende Lehrveranstaltungen werden im Wintersemester 2018\/2019 angeboten: Vorlesungen &lt;!&#8211; K\u00fcnstliche Intelligenz (PD Dr. Martin Atzm\u00fcller) &#8211;&gt; Einf\u00fchrung in die K\u00fcnstliche Intelligenz (Prof. Dr. Gerd Stumme) Knowledge Discovery (Prof. Dr. Gerd Stumme) Soziale Netzwerkanalyse (Tom Hanika)<a class=\"moretag\" href=\"https:\/\/www.kde.cs.uni-kassel.de\/en\/lehre\/ws2018-19\"> Read more&hellip;<\/a><\/p>\n","protected":false},"author":8,"featured_media":0,"parent":30,"menu_order":37,"comment_status":"closed","ping_status":"closed","template":"","meta":{"footnotes":""},"class_list":["post-4263","page","type-page","status-publish","hentry"],"translation":{"provider":"WPGlobus","version":"3.0.2","language":"en","enabled_languages":["de","en"],"languages":{"de":{"title":true,"content":true,"excerpt":false},"en":{"title":false,"content":false,"excerpt":false}}},"_links":{"self":[{"href":"https:\/\/www.kde.cs.uni-kassel.de\/en\/wp-json\/wp\/v2\/pages\/4263","targetHints":{"allow":["GET"]}}],"collection":[{"href":"https:\/\/www.kde.cs.uni-kassel.de\/en\/wp-json\/wp\/v2\/pages"}],"about":[{"href":"https:\/\/www.kde.cs.uni-kassel.de\/en\/wp-json\/wp\/v2\/types\/page"}],"author":[{"embeddable":true,"href":"https:\/\/www.kde.cs.uni-kassel.de\/en\/wp-json\/wp\/v2\/users\/8"}],"replies":[{"embeddable":true,"href":"https:\/\/www.kde.cs.uni-kassel.de\/en\/wp-json\/wp\/v2\/comments?post=4263"}],"version-history":[{"count":9,"href":"https:\/\/www.kde.cs.uni-kassel.de\/en\/wp-json\/wp\/v2\/pages\/4263\/revisions"}],"predecessor-version":[{"id":5023,"href":"https:\/\/www.kde.cs.uni-kassel.de\/en\/wp-json\/wp\/v2\/pages\/4263\/revisions\/5023"}],"up":[{"embeddable":true,"href":"https:\/\/www.kde.cs.uni-kassel.de\/en\/wp-json\/wp\/v2\/pages\/30"}],"wp:attachment":[{"href":"https:\/\/www.kde.cs.uni-kassel.de\/en\/wp-json\/wp\/v2\/media?parent=4263"}],"curies":[{"name":"wp","href":"https:\/\/api.w.org\/{rel}","templated":true}]}}