{"id":3353,"date":"2018-05-05T16:51:41","date_gmt":"2018-05-05T14:51:41","guid":{"rendered":"https:\/\/www.kde.cs.uni-kassel.de\/?page_id=3353"},"modified":"2018-05-17T11:22:00","modified_gmt":"2018-05-17T09:22:00","slug":"arbeiten","status":"publish","type":"page","link":"https:\/\/www.kde.cs.uni-kassel.de\/en\/lehre\/ss2018\/arbeiten","title":{"rendered":"Bachelor- und Masterarbeiten"},"content":{"rendered":"<h1>Bachelor- und Masterarbeiten<\/h1>\n<section>\n<h2>Themen<\/h2>\n<p>Viele Aufgabenstellungen besch\u00e4ftigen sich mit der Implementierung verschiedener Komponenten in eines der Websysteme die am Fachgebiet betrieben werden oder mit der Analyse der in solchen System vorhandenen Daten. Dar\u00fcber hinaus werden weitere Themen angeboten, die in der Regel einen inhaltlichen Bezug zu aktuellen Forschungsprojekten des Fachgebiets Wissensverarbeitung haben.<\/p>\n<p>Die Themenstellung erfolgt in Absprache mit dem Studierenden; die Ausrichtung und der Umfang der Arbeit richtet sich nach dem jeweils angestrebten Anschluss. Prinzipiell liegt der Schwerpunkt bei Abschlussarbeiten auf der Methodik, w\u00e4hrend er bei Projektarbeiten auf der technischen Umsetzung liegt.<\/p>\n<p>Zu folgenden Themengebieten k\u00f6nnen wir Arbeiten anbieten; zu konkreten Themen k\u00f6nnen die jeweiligen Betreuer genauere Auskunft geben.<\/p>\n<dl>(<\/dl>\n<p><span>\u00a0<\/span><span class=\"schwerpunkt\">M<\/span><span>\u00a0<\/span><\/p>\n<dl>= methodischer Schwerpunkt,<\/dl>\n<p><span>\u00a0<\/span><span class=\"schwerpunkt\">T<\/span><span>\u00a0<\/span><\/p>\n<dl>= technischer Schwerpunkt,<\/dl>\n<p><span>\u00a0<\/span><span class=\"schwerpunkt\">B<\/span><span>\u00a0<\/span><\/p>\n<dl>= als Bachelorarbeit m\u00f6glich,<\/dl>\n<p><span>\u00a0<\/span><span class=\"schwerpunkt\">MA<\/span><span>\u00a0<\/span><\/p>\n<dl>= als Masterarbeit m\u00f6glich )<\/p>\n<dt>Generator f\u00fcr zuf\u00e4llige formale Kontexte<span class=\"schwerpunkt\">T,M<\/span><\/dt>\n<dd>In diesem Projekt sollen verschiedene Ans\u00e4tze bipartite Graphen zu erzeugen praktisch untersucht werden, um Generatoren f\u00fcr interessante Klassen von Kontexten zu entwickeln.<\/p>\n<p>Informationen:<span>\u00a0<\/span><a href=\"https:\/\/www.kde.cs.uni-kassel.de\/hanika\">Tom Hanika<\/a><\/dd>\n<dt>Heuristiken zum Finden maximaler Cliquen<span class=\"schwerpunkt\">T,M<\/span><\/dt>\n<dd>Die maximale Cliquen in einem bipartiten Graphen $G$ entsprechen den formalen Begriffen eines Kontext welcher Isomorph zu Adjazenzmatrix von $G$ ist. Die Berechnung der Menge der formalen Begriffe ist aufw\u00e4ndig. Inwiefern k\u00f6nnen maximale Cliquen einer gewissen Gr\u00f6\u00dfe durch heuristische Algorithmen leichter gefunden werden?<\/p>\n<p>Informationen:<span>\u00a0<\/span><a href=\"https:\/\/www.kde.cs.uni-kassel.de\/hanika\">Tom Hanika<\/a><\/dd>\n<dt>Standard-Sample-Set f\u00fcr die Algorithmenentwicklung sozialer Netzwerke<span class=\"schwerpunkt\">T,M<\/span><\/dt>\n<dd>Bei der Entwicklung neuer Methoden f\u00fcr die Untersuchung von sozialen Netzwerken werden h\u00e4ufig echte Beispieldaten ben\u00f6tigt. Ziel dieses Projektes ist es einen Pool solcher Daten in einem homogenen Format zusammenzustellen. Dabei sollen die Elemente des Pools auch hinsichtlich ihrer grundlegenden Eigenschaften klassifiziert werden.<\/p>\n<p>Informationen:<span>\u00a0<\/span><a href=\"https:\/\/www.kde.cs.uni-kassel.de\/stumme\">Gerd Stumme<\/a><\/dd>\n<dt>Entropie in formalen Kontexten<span class=\"schwerpunkt\">T,M,B,MA<\/span><\/dt>\n<dd>Entropie ist eine zentrales Ma\u00df f\u00fcr viele Objekte in der Wissenschaft. Es gibt verschiedene Ans\u00e4tze die Idee von Entropie auf soziale Netzwerke zu \u00fcbertragen. In dieser Arbeit soll ein Schritt weiter gegangen werden, indem eine Weiter\u00fcbertragung auf formale Kontexte versucht wird. Neben der Modellierung soll eine Evaluierung hinsichtlich der Nutzbarkeit durchgef\u00fchrt werden.<\/p>\n<p>Informationen:<span>\u00a0<\/span><a href=\"https:\/\/www.kde.cs.uni-kassel.de\/stumme\">Gerd Stumme<\/a><\/dd>\n<dt>Begriffsverband der Ma\u00dfe<span class=\"schwerpunkt\">T,M,B<\/span><\/dt>\n<dd>Es gibt eine Vielzahl von Ma\u00dfen zur Identifikation von interessanten formalen Begriffen in Begriffsverb\u00e4nden. Diese besitzen wiederum sehr verschiedene Eigenschaften wie zum Beispiel Monotonie. Dieser Arbeit besteht aus dem Zusammentragen und der Erstellung einer begriffliche Ordnung aller bekannten Ma\u00dfe.<\/p>\n<p>Informationen:<span>\u00a0<\/span><a href=\"https:\/\/www.kde.cs.uni-kassel.de\/hanika\">Tom Hanika<\/a><\/dd>\n<dt>Dichtebasiertes Clustering und FBA<span class=\"schwerpunkt\">T,M,B<\/span><\/dt>\n<dd>Die zentrale Fragestellung dieser Arbeit ist die Verbindung zwischen dichtebasiertem Clustering und der Formalen Begriffsanalyse (FBA). Inwiefern k\u00f6nnen Ideen und Methoden des dichtebasiertem Clustering auf FBA \u00fcbertragen werden?<\/p>\n<p>Informationen:<span>\u00a0<\/span><a href=\"https:\/\/www.kde.cs.uni-kassel.de\/stumme\">Gerd Stumme<\/a><\/dd>\n<dt>BibSonomy: Simple Co-Autor Recommender<span class=\"schwerpunkt\">T,M<\/span><\/dt>\n<dd>F\u00fcr das social bookmark and publication sharing system BibSonomy soll ein simples Co-Autor Empfehlungssystem entworfen und implementiert werden. Es soll zum Beispiel der h\u00e4ufigste Co-Autor eines Autoren empfohlen werden. Dabei kann auf das vorhandene Recommender-Framework des BibSonomy Systems zur\u00fcckgegriffen werden.<\/p>\n<p>Informationen:<span>\u00a0<\/span><a href=\"https:\/\/www.kde.cs.uni-kassel.de\/hanika\">Tom Hanika<\/a><\/dd>\n<dt>BibSonomy: Neustrukturierung der Community Post Seite<span class=\"schwerpunkt\">T,M<\/span><\/dt>\n<dd>Community Posts bilden in BibSonomy das gesammelte bekannte Wissen \u00fcber einen Post ab. Bei diesem Projekt soll diese Seite hinsichtlich Funktionalit\u00e4t und \u00dcbersichtlichkeit neustrukturiert werden.<\/p>\n<p>Informationen:<span>\u00a0<\/span><a href=\"https:\/\/www.kde.cs.uni-kassel.de\/hanika\">Tom Hanika<\/a><\/dd>\n<dt>BibSonomy: Personen- und Autoren-Clouds<span class=\"schwerpunkt\">T,M<\/span><\/dt>\n<dd>Personen- und Autoren-Clouds erm\u00f6glichen es dem User sehr aktive Autoren von Publikationen als auch Personen zu entdecken. Das effiziente und zeitnahe Berechnen und bereitstellen dieser Clouds ist jedoch aufgrund der Gr\u00f6\u00dfe des BibSonomy Systems nicht trivial. Das Projekt beinhaltet die Entwicklung und Implementierung einer L\u00f6sung.<\/p>\n<p>Informationen:<span>\u00a0<\/span><a href=\"https:\/\/www.kde.cs.uni-kassel.de\/hanika\">Tom Hanika<\/a><\/dd>\n<dt>BibSonomy: Weiterentwicklung des BibTeX-Parsers<span class=\"schwerpunkt\">T,M<\/span><\/dt>\n<dd>Parsen von BibTeX-Code ist eine der Schnittstellen um Publikationen in BibSonomy einzutragen. In den letzten Jahren gab es viele Entwicklungen um die orginale BibTeX-Software abzul\u00f6sen. In diesem Projekt soll der Parser der aktuellen Software Biber untersucht werden um die m\u00f6gliche Adaptierbarkeit f\u00fcr BibSonomy einzusch\u00e4tzen.<\/p>\n<p>Informationen:<span>\u00a0<\/span><a href=\"https:\/\/www.kde.cs.uni-kassel.de\/hanika\">Tom Hanika<\/a><\/dd>\n<dt>Scraping-Framework f\u00fcr Social-Media-Daten zur Erkennung von Benutzerinteressen<span>\u00a0<\/span><span class=\"schwerpunkt\">T<\/span><\/dt>\n<dd>Im Projekt topikos werden anhand von mit Smartphones gesammelter Sensordaten automatisch topologische Karten von Umgebungen erstellt. In einem weiteren Schritt sollen die Karten mit automatisch extrahierten Themen angereichert werden. F\u00fcr die Themenextraktion m\u00fcssen zun\u00e4chst Daten aus Social-Media-Plattformen gesammelt werden (hinterlegte \u00f6ffentliche Profildaten, Posts, Likes, plattformspezifische Informationen wie Publikationstitel in ResearchGate).<span>\u00a0<\/span><\/p>\n<p>Ziel dieses Projektes ist die Entwicklung eines einheitlichen und erweiterbaren Frameworks zur Beschaffung von Userdaten aus verschiedenen Social-Media-Plattformen. Die zu unterst\u00fctzenden Plattformen sind Twitter, ResearchGate und Facebook (in Absprache\/optional: Google+, BibSonomy, LinkedIn, Xing). In Absprache mit dem Betreuer muss analysiert werden, welche Daten aus diesen Plattformen zug\u00e4nglich und n\u00fctzlich sind.<span>\u00a0<\/span><br \/>\nIn einem weiteren Schritt soll das Framework das Extrahieren von Features f\u00fcr einen Benutzer erm\u00f6glichen (z. Bsp. Bag-Of-Words, TF-IDF).<\/p>\n<p>Informationen:<span>\u00a0<\/span><a href=\"https:\/\/www.kde.cs.uni-kassel.de\/schaefermeier\">Bastian Sch\u00e4fermeier<\/a><\/dd>\n<dt>Implementierung und Weiterentwicklung des SignalSLAM-Algorithmus<span class=\"schwerpunkt\">T,M<\/span><\/dt>\n<dd>Der Algorithmus<span>\u00a0<\/span><a href=\"http:\/\/ieeexplore.ieee.org\/document\/6817853\/\">SignalSLAM<\/a><span>\u00a0<\/span>stellt eine vielversprechende Methode zur automatischen Indoor-Kartografierung mithilfe herk\u00f6mmlicher Smartphones dar, da der Nutzer sein Smartphone dabei wie sonst auch in der Tasche tragen kann. In diesem Projekt soll der Algorithmus nachimplementiert und anhand selbst gesammelter Sensordaten getestet werden. Ein Nachteil des Algorithmus ist, dass er auf bekannte Punkte im Raum (GPS, NFC oder QR-Codes) angewiesen ist. Daher sollen in einem weiteren Schritt Methoden untersucht werden, diesen Korrekturmechanismus durch andere Informationen zu ersetzen, sodass keinerlei Infrastruktur f\u00fcr die Kartografierung notwendig ist.<\/p>\n<p>Informationen:<span>\u00a0<\/span><a href=\"https:\/\/www.kde.cs.uni-kassel.de\/schaefermeier\">Bastian Sch\u00e4fermeier<\/a><\/dd>\n<dt>Crawler-Framework f\u00fcr Konferenz-Daten<span>\u00a0<\/span><span>T<\/span><\/dt>\n<dd>Im Rahmen des Projekts soll ein Crawler-Framework entwickelt werden, mit dem Datens\u00e4tze um Informationen erweitert werden k\u00f6nnen. Diese sollen aus anderen Quellen (z.B. zugeh\u00f6rige Webseiten) extrahiert werden. Im Projekt geht es konkret um Konferenz-Daten im DBLP-Datensatz, die mit Hilfe des Frameworks um Themengebiete und Core-Rank erg\u00e4nzt werden sollen.<\/p>\n<p>Informationen:<span>\u00a0<\/span><a href=\"https:\/\/www.kde.cs.uni-kassel.de\/schmidt\">Andreas Schmidt<\/a><\/dd>\n<\/dl>\n<\/section>\n<section>\n<h2>Aufgabenstellung und Termin<\/h2>\n<p>Nach Absprache mit dem jeweiligen Betreuer.<\/p>\n<\/section>\n<section>\n<h2>Vorkenntnisse<\/h2>\n<p>Informatik Grundstudium bzw. 30 absolvierte Credits des Masterstudiums<\/p>\n<\/section>\n<section>\n<h2>Angesprochener H\u00f6rerInnenkreis<\/h2>\n<p>Informatik Bachelor und Master, Math. NF Inf. Hauptstudium<\/p>\n<\/section>\n<section>\n<h2>Umfang<\/h2>\n<p>9 Wochen f\u00fcr Bachelor und 6 Monate f\u00fcr Master<\/p>\n<\/section>\n<section>\n<h2>Leistungsnachweis<\/h2>\n<p>In der Regel Implementierung, schriftliche Ausarbeitung und Vortrag<\/p>\n<\/section>\n<section>\n<h2>Veranstalter<\/h2>\n<p><a href=\"https:\/\/www.kde.cs.uni-kassel.de\/stumme\">Prof. Dr. Gerd Stumme<\/a>,<span>\u00a0<\/span><a href=\"https:\/\/www.kde.cs.uni-kassel.de\/hanika\">Dipl.-Math. Tom Hanika<\/a>,<span>\u00a0<\/span><a href=\"https:\/\/www.kde.cs.uni-kassel.de\/kibanov\">Dipl.-Inform. Mark Kibanov<\/a>,<span>\u00a0<\/span><a href=\"https:\/\/www.kde.cs.uni-kassel.de\/schaefermeier\">M.Sc. Bastian Sch\u00e4fermeier<\/a>,<span>\u00a0<\/span><a href=\"https:\/\/www.kde.cs.uni-kassel.de\/schmidt\">M.Sc.Andreas Schmidt<\/a><\/p>\n<\/section>\n","protected":false},"excerpt":{"rendered":"<p>Bachelor- und Masterarbeiten Themen Viele Aufgabenstellungen besch\u00e4ftigen sich mit der Implementierung verschiedener Komponenten in eines der Websysteme die am Fachgebiet betrieben werden oder mit der Analyse der in solchen System vorhandenen Daten. Dar\u00fcber hinaus werden<a class=\"moretag\" href=\"https:\/\/www.kde.cs.uni-kassel.de\/en\/lehre\/ss2018\/arbeiten\"> Read more&hellip;<\/a><\/p>\n","protected":false},"author":7,"featured_media":0,"parent":3151,"menu_order":23,"comment_status":"closed","ping_status":"closed","template":"","meta":{"footnotes":""},"class_list":["post-3353","page","type-page","status-publish","hentry"],"translation":{"provider":"WPGlobus","version":"3.0.2","language":"en","enabled_languages":["de","en"],"languages":{"de":{"title":true,"content":true,"excerpt":false},"en":{"title":false,"content":false,"excerpt":false}}},"_links":{"self":[{"href":"https:\/\/www.kde.cs.uni-kassel.de\/en\/wp-json\/wp\/v2\/pages\/3353","targetHints":{"allow":["GET"]}}],"collection":[{"href":"https:\/\/www.kde.cs.uni-kassel.de\/en\/wp-json\/wp\/v2\/pages"}],"about":[{"href":"https:\/\/www.kde.cs.uni-kassel.de\/en\/wp-json\/wp\/v2\/types\/page"}],"author":[{"embeddable":true,"href":"https:\/\/www.kde.cs.uni-kassel.de\/en\/wp-json\/wp\/v2\/users\/7"}],"replies":[{"embeddable":true,"href":"https:\/\/www.kde.cs.uni-kassel.de\/en\/wp-json\/wp\/v2\/comments?post=3353"}],"version-history":[{"count":3,"href":"https:\/\/www.kde.cs.uni-kassel.de\/en\/wp-json\/wp\/v2\/pages\/3353\/revisions"}],"predecessor-version":[{"id":3604,"href":"https:\/\/www.kde.cs.uni-kassel.de\/en\/wp-json\/wp\/v2\/pages\/3353\/revisions\/3604"}],"up":[{"embeddable":true,"href":"https:\/\/www.kde.cs.uni-kassel.de\/en\/wp-json\/wp\/v2\/pages\/3151"}],"wp:attachment":[{"href":"https:\/\/www.kde.cs.uni-kassel.de\/en\/wp-json\/wp\/v2\/media?parent=3353"}],"curies":[{"name":"wp","href":"https:\/\/api.w.org\/{rel}","templated":true}]}}