{"id":3341,"date":"2018-05-05T16:49:52","date_gmt":"2018-05-05T14:49:52","guid":{"rendered":"https:\/\/www.kde.cs.uni-kassel.de\/?page_id=3341"},"modified":"2018-05-17T11:17:14","modified_gmt":"2018-05-17T09:17:14","slug":"data_science_competition","status":"publish","type":"page","link":"https:\/\/www.kde.cs.uni-kassel.de\/en\/lehre\/ss2018\/data_science_competition","title":{"rendered":"Bachelor-\/Masterprojekt im Fachgebiet Wissensverarbeitung:  Data Science Competition"},"content":{"rendered":"<h1>Bachelor-\/Masterprojekt im Fachgebiet Wissensverarbeitung:<span>\u00a0<\/span><br \/>\nData Science Competition<\/h1>\n<h4 id=\"subtitle\"><\/h4>\n<div>\n<dl>\n<dt>Ort und Zeit:<\/dt>\n<dd>Nach Vereinbarung, Vorbesprechung am 16. April 2018, 16:15 Uhr, Raum 0445\/E (FG Wissensverarbeitung).<\/dd>\n<dt>Umfang<\/dt>\n<dd>Im Bachelor-Studiengang 6 Credits, im Master-Studiengang 8 Credits<\/dd>\n<dt>Inhalt:<\/dt>\n<dd><strong><\/strong>Immer h\u00e4ufiger werden Wettbewerbe veranstaltet, die den kreativen Einsatz von Wissensverarbeitungsmethoden erfordern, um eine L\u00f6sung f\u00fcr noch ungel\u00f6ste Probleme zu finden. Das Fachgebiet Wissensverarbeitung m\u00f6chte mit dieser praxisnahen Veranstaltung den Teilnehmern die M\u00f6glichkeit geben, ihre Kenntnisse aus den Veranstaltungen<span>\u00a0<\/span><a href=\"https:\/\/www.kde.cs.uni-kassel.de\/lehre\/ws2017-18\/kdd\">Knowledge Discovery<\/a>,<span>\u00a0<\/span><a href=\"https:\/\/www.kde.cs.uni-kassel.de\/lehre\/ss2018\/IR\">Internet-Suchmaschinen<\/a><span>\u00a0<\/span>und<span>\u00a0<\/span><a href=\"https:\/\/www.kde.cs.uni-kassel.de\/lehre\/ws2017-18\/KI_Einfuehrung\">Einf\u00fchrung in die k\u00fcnstliche Intelligenz<\/a><span>\u00a0<\/span>auf ein echtes Problem anzuwenden. Dies geschieht durch Teilnahme an einem Wettbewerb, der gemeinsam mit dem Betreuer ausgew\u00e4hlt wird. Ziel der Veranstaltung ist das Experimentieren mit verschiedenen L\u00f6sungsans\u00e4tzen sowie die Auswahl der besten L\u00f6sung f\u00fcr die Teilnahme am Wettbewerb.<\/dd>\n<dt>Lernziele:<\/dt>\n<dd><strong><\/strong>&#8211; Sichtung und Vorverarbeitung der Daten<br \/>\n&#8211; Auswahl und Anwendung geeigneter Algorithmen<br \/>\n&#8211; Auswahl und Anwendung einer geeigneten Evaluation<br \/>\n&#8211; Visualisierung und Pr\u00e4sentation der Ergebnisse<\/dd>\n<dt>Weitere Informationen zu aktuellen Wettbewerben:<\/dt>\n<dd><strong><\/strong><a href=\"https:\/\/www.drivendata.org\/competitions\">DrivenData<\/a><br \/>\n<a href=\"https:\/\/www.kaggle.com\/competitions\">Kaggle<\/a><\/dd>\n<dt>Voraussetzungen:<\/dt>\n<dd>Kenntnisse aus, bzw. Teilnahme an mindestens einer der Vorlesungen<span>\u00a0<\/span><a href=\"https:\/\/www.kde.cs.uni-kassel.de\/lehre\/ws2017-18\/kdd\">Knowledge Discovery<\/a>,<span>\u00a0<\/span><a href=\"https:\/\/www.kde.cs.uni-kassel.de\/lehre\/ss2018\/IR\">Internet-Suchmaschinen<\/a><span>\u00a0<\/span>und<span>\u00a0<\/span><a href=\"https:\/\/www.kde.cs.uni-kassel.de\/lehre\/ws2017-18\/KI_Einfuehrung\">Einf\u00fchrung in die k\u00fcnstliche Intelligenz<\/a>.<\/dd>\n<dt>Veranstalter:<\/dt>\n<dd><a href=\"https:\/\/www.kde.cs.uni-kassel.de\/stumme\">Prof. Dr. Gerd Stumme<\/a><\/dd>\n<\/dl>\n<\/div>\n","protected":false},"excerpt":{"rendered":"<p>Bachelor-\/Masterprojekt im Fachgebiet Wissensverarbeitung:\u00a0 Data Science Competition Ort und Zeit: Nach Vereinbarung, Vorbesprechung am 16. April 2018, 16:15 Uhr, Raum 0445\/E (FG Wissensverarbeitung). Umfang Im Bachelor-Studiengang 6 Credits, im Master-Studiengang 8 Credits Inhalt: Immer h\u00e4ufiger<a class=\"moretag\" href=\"https:\/\/www.kde.cs.uni-kassel.de\/en\/lehre\/ss2018\/data_science_competition\"> Read more&hellip;<\/a><\/p>\n","protected":false},"author":7,"featured_media":0,"parent":3151,"menu_order":22,"comment_status":"closed","ping_status":"closed","template":"","meta":{"footnotes":""},"class_list":["post-3341","page","type-page","status-publish","hentry"],"translation":{"provider":"WPGlobus","version":"3.0.2","language":"en","enabled_languages":["de","en"],"languages":{"de":{"title":true,"content":true,"excerpt":false},"en":{"title":false,"content":false,"excerpt":false}}},"_links":{"self":[{"href":"https:\/\/www.kde.cs.uni-kassel.de\/en\/wp-json\/wp\/v2\/pages\/3341","targetHints":{"allow":["GET"]}}],"collection":[{"href":"https:\/\/www.kde.cs.uni-kassel.de\/en\/wp-json\/wp\/v2\/pages"}],"about":[{"href":"https:\/\/www.kde.cs.uni-kassel.de\/en\/wp-json\/wp\/v2\/types\/page"}],"author":[{"embeddable":true,"href":"https:\/\/www.kde.cs.uni-kassel.de\/en\/wp-json\/wp\/v2\/users\/7"}],"replies":[{"embeddable":true,"href":"https:\/\/www.kde.cs.uni-kassel.de\/en\/wp-json\/wp\/v2\/comments?post=3341"}],"version-history":[{"count":3,"href":"https:\/\/www.kde.cs.uni-kassel.de\/en\/wp-json\/wp\/v2\/pages\/3341\/revisions"}],"predecessor-version":[{"id":3592,"href":"https:\/\/www.kde.cs.uni-kassel.de\/en\/wp-json\/wp\/v2\/pages\/3341\/revisions\/3592"}],"up":[{"embeddable":true,"href":"https:\/\/www.kde.cs.uni-kassel.de\/en\/wp-json\/wp\/v2\/pages\/3151"}],"wp:attachment":[{"href":"https:\/\/www.kde.cs.uni-kassel.de\/en\/wp-json\/wp\/v2\/media?parent=3341"}],"curies":[{"name":"wp","href":"https:\/\/api.w.org\/{rel}","templated":true}]}}