{"id":3333,"date":"2018-05-05T16:47:23","date_gmt":"2018-05-05T14:47:23","guid":{"rendered":"https:\/\/www.kde.cs.uni-kassel.de\/?page_id=3333"},"modified":"2018-05-17T11:13:30","modified_gmt":"2018-05-17T09:13:30","slug":"datenbanken","status":"publish","type":"page","link":"https:\/\/www.kde.cs.uni-kassel.de\/en\/lehre\/ss2018\/datenbanken","title":{"rendered":"Datenbanken (Vorlesung) 2018"},"content":{"rendered":"<h1>Datenbanken (Vorlesung)<\/h1>\n<h4 id=\"subtitle\"><\/h4>\n<div>\n<p class=\"kasten\">Die Materialien zur Vorlesung (Skript, \u00dcbungsbl\u00e4tter) und Ank\u00fcndigungen (Termin\u00e4nderungen etc.) finden Sie im<span>\u00a0<\/span><a href=\"https:\/\/moodle.uni-kassel.de\/moodle\/course\/view.php?id=11556\">Moodle<\/a><span>\u00a0<\/span>der Universit\u00e4t Kassel.<\/p>\n<dl>\n<dt>Erster Veranstaltungstag:<\/dt>\n<dd>Dienstag, 10. April 2018<\/dd>\n<dt>Ort und Zeit:<\/dt>\n<dd>Dienstags, 14.00 h &#8211; 15.30 h in Raum 1332 (WA 73, altes Geb\u00e4ude)<\/dd>\n<dt>\u00dcbungen:<\/dt>\n<dd>Montags, 12.15 &#8211; 13.45 h, in Raum 2104 (WA 71, altes Geb\u00e4ude), Beginn 16. April 2018<br \/>\nMontags, 12.15 &#8211; 13.45 h, in Raum 0315 (WA 73), Beginn 16. April 2018<br \/>\nMontags, 14.15 &#8211; 15.45 h, in Raum 1114 (WA 71, altes Geb\u00e4ude), Beginn 16. April 2018<\/dd>\n<dt>Vorkenntnisse:<\/dt>\n<dd>Informatik Grundstudium<\/dd>\n<dt>Angesprochener H\u00f6rerInnenkreis:<\/dt>\n<dd>Inf. 4. Sem., Math. NF Inf.<\/dd>\n<dt>Umfang:<\/dt>\n<dd>2 SWS Vorlesung und 2 SWS \u00dcbungen, 6 Credits<\/dd>\n<dt>Leistungsnachweis:<\/dt>\n<dd>Klausur<\/dd>\n<dt>Veranstalter:<\/dt>\n<dd>Prof. Dr. Gerd Stumme<\/dd>\n<dt>Inhalt:<\/dt>\n<dd>Behandelt werden Theorie und Praxis relationaler Datenbanksysteme, einschlie\u00dflich Schichten\u00adarchitektur, Modellierung mittels ER-Diagrammen, Funktionale Abh\u00e4ngigkeiten, Normalisierung, Armstrongsche Axiome, Relationenkalk\u00fcl und dessen Realisierung in SQL, Transaktionskonzept.<span>\u00a0<\/span><br \/>\nIn den \u00dcbungen wird u.a. mit SQL auf dem vorhandenen Datenbank-System gearbeitet.<\/dd>\n<dt>Literatur:<\/dt>\n<dd>Alfons Kemper, Andr\u00e9 Eickler: Datenbanksysteme. Eine Einf\u00fchrung. 5., aktualisierte und erweiterte Auflage, Oldenbourg Verlag, 2004.<span>\u00a0<\/span><br \/>\nISBN: 3-486-27392-2. 640 Seiten (Siehe auch<span>\u00a0<\/span><a href=\"http:\/\/www-db.in.tum.de\/research\/publications\/books\/DBMSeinf\/\">http:\/\/www-db.in.tum.de\/research\/publications\/books\/DBMSeinf\/<\/a>), wo u.a. die Vorlagen der unten gelisteten Folien zu finden sind.))<\/dd>\n<dt>Weitere Informationen:<\/dt>\n<dd>Dateien<span>\u00a0<\/span>zu den \u00dcbungen; weitere Daten (z. B. Philosophenuni) gibt es auf der<span>\u00a0<\/span><a href=\"http:\/\/www.db.fmi.uni-passau.de\/publications\/books\/%20DBMSeinf\/\">Seite zum Buch<\/a>.<span>\u00a0<\/span><\/p>\n<p>Weitere Informationen zu SQL (zu finden auch in<span>\u00a0<\/span><a href=\"http:\/\/www.bibsonomy.org\/user\/schmitz\/dbms2006\">BibSonomy<\/a>):<\/p>\n<ul>\n<li><a href=\"http:\/\/leap.sourceforge.net\/\">LEAP RDBMS: Datenbanksystem mit relationaler Algebra als Anfragesprache<\/a><\/li>\n<li><a href=\"http:\/\/sqlzoo.net\/\">A Gentle Introduction to SQL<\/a><\/li>\n<li><a href=\"http:\/\/gretel.db.informatik.uni-kassel.de\/Lehre\/SS2003\/DB\/vorabskript_db_ss2003.pdf\">Vorabskriptum Datenbanken (SS 2003)<\/a><\/li>\n<li><a href=\"http:\/\/www.1keydata.com\/sql\/sql.html\">SQL Tutorial &#8211; SQL reference and programming examples<\/a><\/li>\n<li><a href=\"http:\/\/www.cryer.co.uk\/brian\/sql\/sql_crib_sheet.htm\">SQL Crib Sheet<\/a><\/li>\n<li><a href=\"http:\/\/ourworld.compuserve.com\/homepages\/graeme_birchall\/HTM_COOK.HTM\">DB2 UDB Cookbook Downloads<\/a><\/li>\n<li><a href=\"http:\/\/www.uni-kassel.de\/hrz\/manuals\/db2\/pdf\/de\/DB2Y0G70.PDF\">SQL: Erste Schritte<\/a><\/li>\n<\/ul>\n<\/dd>\n<\/dl>\n<\/div>\n","protected":false},"excerpt":{"rendered":"<p>Datenbanken (Vorlesung) Die Materialien zur Vorlesung (Skript, \u00dcbungsbl\u00e4tter) und Ank\u00fcndigungen (Termin\u00e4nderungen etc.) finden Sie im\u00a0Moodle\u00a0der Universit\u00e4t Kassel. Erster Veranstaltungstag: Dienstag, 10. April 2018 Ort und Zeit: Dienstags, 14.00 h &#8211; 15.30 h in Raum 1332<a class=\"moretag\" href=\"https:\/\/www.kde.cs.uni-kassel.de\/en\/lehre\/ss2018\/datenbanken\"> Read more&hellip;<\/a><\/p>\n","protected":false},"author":7,"featured_media":0,"parent":3151,"menu_order":32,"comment_status":"closed","ping_status":"closed","template":"","meta":{"footnotes":""},"class_list":["post-3333","page","type-page","status-publish","hentry"],"translation":{"provider":"WPGlobus","version":"3.0.2","language":"en","enabled_languages":["de","en"],"languages":{"de":{"title":true,"content":true,"excerpt":false},"en":{"title":false,"content":false,"excerpt":false}}},"_links":{"self":[{"href":"https:\/\/www.kde.cs.uni-kassel.de\/en\/wp-json\/wp\/v2\/pages\/3333","targetHints":{"allow":["GET"]}}],"collection":[{"href":"https:\/\/www.kde.cs.uni-kassel.de\/en\/wp-json\/wp\/v2\/pages"}],"about":[{"href":"https:\/\/www.kde.cs.uni-kassel.de\/en\/wp-json\/wp\/v2\/types\/page"}],"author":[{"embeddable":true,"href":"https:\/\/www.kde.cs.uni-kassel.de\/en\/wp-json\/wp\/v2\/users\/7"}],"replies":[{"embeddable":true,"href":"https:\/\/www.kde.cs.uni-kassel.de\/en\/wp-json\/wp\/v2\/comments?post=3333"}],"version-history":[{"count":3,"href":"https:\/\/www.kde.cs.uni-kassel.de\/en\/wp-json\/wp\/v2\/pages\/3333\/revisions"}],"predecessor-version":[{"id":3587,"href":"https:\/\/www.kde.cs.uni-kassel.de\/en\/wp-json\/wp\/v2\/pages\/3333\/revisions\/3587"}],"up":[{"embeddable":true,"href":"https:\/\/www.kde.cs.uni-kassel.de\/en\/wp-json\/wp\/v2\/pages\/3151"}],"wp:attachment":[{"href":"https:\/\/www.kde.cs.uni-kassel.de\/en\/wp-json\/wp\/v2\/media?parent=3333"}],"curies":[{"name":"wp","href":"https:\/\/api.w.org\/{rel}","templated":true}]}}