{"id":3325,"date":"2018-05-05T16:44:26","date_gmt":"2018-05-05T14:44:26","guid":{"rendered":"https:\/\/www.kde.cs.uni-kassel.de\/?page_id=3325"},"modified":"2018-05-17T11:12:31","modified_gmt":"2018-05-17T09:12:31","slug":"ir","status":"publish","type":"page","link":"https:\/\/www.kde.cs.uni-kassel.de\/en\/lehre\/ss2018\/ir","title":{"rendered":"Internet-Suchmaschinen 2018"},"content":{"rendered":"<h1>Internet-Suchmaschinen<\/h1>\n<h4 id=\"subtitle\"><\/h4>\n<div>\n<p class=\"kasten\">Die Materialien zur Vorlesung (Skript, \u00dcbungsbl\u00e4tter) und Ank\u00fcndigungen (Termin\u00e4nderungen etc.) finden Sie im<span>\u00a0<\/span><a href=\"https:\/\/moodle.uni-kassel.de\/moodle\/course\/view.php?id=11554\">Moodle<\/a><span>\u00a0<\/span>der Universit\u00e4t Kassel.<\/p>\n<dl>\n<dt>Erster Veranstaltungstag:<\/dt>\n<dd>Freitag, 13. April 2018<\/dd>\n<dt>Ort und Zeit:<\/dt>\n<dd>Freitags, 10:00 &#8211; 12:00 Uhr in Raum 0445\/E (WA 73, FG Wissensverarbeitung)<\/dd>\n<dt>\u00dcbungen:<\/dt>\n<dd>Mittwochs, 10:15 &#8211; 11:45 Uhr in Raum 0445\/E (WA 73, FG Wissensverarbeitung), Beginn 18. April 2018<\/dd>\n<dt>Angesprochener H\u00f6rerInnenkreis:<\/dt>\n<dd>Informatik Bachelor\/Diplom I ab 4. Sem., Mathematik Nebenfach<\/dd>\n<dt>Vorkenntnisse:<\/dt>\n<dd>Informatik Grundstudium<\/dd>\n<dt>Leistungsnachweis:<\/dt>\n<dd>Klausur oder m\u00fcndliche Pr\u00fcfung, je nach Teilnehmerzahl. Die Vorlesung kann im Bereich Praktische Informatik sowie in den Anwendungsgebieten Knowledge &amp; Data Engineering und Internet-Technologien angerechnet werden.<\/dd>\n<dt>Veranstalter:<\/dt>\n<dd><a href=\"https:\/\/www.kde.cs.uni-kassel.de\/stumme\">Prof. Dr. Gerd Stumme<\/a>Wir haben keine festen Sprechstunden, unsere T\u00fcren stehen aber meistens offen. Kommen Sie einfach vorbei!<\/dd>\n<dt>Inhalt:<\/dt>\n<dd>Die Vorlesung gibt eine Einf\u00fchrung in das Gebiet des Information Retrievals. Unter Information Retrieval versteht man das Finden von Informationen, wobei man dies h\u00e4ufig auf das Finden von Dokumenten, die die relevanten Informationen beinhalten, beschr\u00e4nkt. In der Vorlesung werden unter anderem neben den inhaltlichen Konzepten, die hinter bekannten Suchmaschinen wie z.B. Google oder Retrievalsystemen im Allgemeinen stehen, auch Ideen der effizienten Implementierung solcher Systeme eingef\u00fchrt.<span>\u00a0<\/span><\/p>\n<p>Wir empfehlen den gleichzeitigen oder anschlie\u00dfenden Besuch des<span>\u00a0<\/span><a href=\"https:\/\/www.kde.cs.uni-kassel.de\/lehre\/ss2018\/IR_Praktikum\">Praktikums Internet-Suchmaschinen<\/a>.<\/dd>\n<dt>Literatur zur Vorlesung:<\/dt>\n<dd><a href=\"https:\/\/www.kde.cs.uni-kassel.de\/lehre\/ss2018\/IR\/literature\">Webseite mit Literatur<\/a><\/dd>\n<dt>Zus\u00e4tzliche Online-Ressourcen (aus dem<span>\u00a0<\/span><a href=\"http:\/\/www.bibsonomy.org\/rss\/group\/kde\/ir+lecture\">RSS-Feed<\/a><span>\u00a0<\/span>von<span>\u00a0<\/span><a href=\"http:\/\/www.bibsonomy.org\/grou\/kde\/ir+lecture\">BibSonomy<\/a>):<\/dt>\n<dd>\n<ul>\n<li><a href=\"https:\/\/www.kde.cs.uni-kassel.de\/lehre\/ss2005\/googlespam\/\">Seminar: Internet-Suchmaschinen oder die Hommingberger Gepardenforelle<\/a><\/li>\n<li><a href=\"http:\/\/rakaposhi.eas.asu.edu\/cse494\/\">CSE 494\/\/598 Information Retrieval, Mining and Integration on the Internet<\/a><\/li>\n<li><a href=\"http:\/\/lit.csci.unt.edu\/~classes\/CSCE5200\/\">CSCE 5200: Information Retrieval and Web Search<\/a><\/li>\n<li><a href=\"http:\/\/www.cl.cam.ac.uk\/teaching\/current\/InfoRtrv\/\">Computer Laboratory &#8211; Information Retrieval<\/a><\/li>\n<li><a href=\"http:\/\/www.apl.jhu.edu\/~paulmac\/ir.html\">605.744: Information Retrieval<\/a><\/li>\n<li><a href=\"http:\/\/www-csli.stanford.edu\/~schuetze\/information-retrieval-book.html\">Introduction to Information Retrieval<\/a><\/li>\n<li><a href=\"http:\/\/www.is.informatik.uni-duisburg.de\/courses\/ir_ss06\/index.html.en\">Information Retrieval &#8211; Lecture, Summer 2006<\/a><\/li>\n<li><a href=\"http:\/\/www.cs.cornell.edu\/courses\/cs430\/2004fa\/readings.html\">CS430\/INFO430: Information Retrieval<\/a><\/li>\n<li><a href=\"http:\/\/www.cs.cornell.edu\/courses\/cs685\/2006sp\/\">The Structure of Information Networks (Jon Kleinberg)<\/a><\/li>\n<li><a href=\"http:\/\/www.google.com\/search?hl=en&amp;hs=6TF&amp;lr=&amp;client=opera&amp;rls=en&amp;defl=en&amp;q=define:Information+Retrieval&amp;sa=X&amp;oi=glossary_definition&amp;ct=title\">define:Information Retrieval &#8211; Google Search<\/a><\/li>\n<\/ul>\n<\/dd>\n<dt>Aktuelle Suchmaschinen (aus dem<span>\u00a0<\/span><a href=\"http:\/\/www.bibsonomy.org\/rss\/tag\/suchmaschinen\">RSS-Feed<\/a><span>\u00a0<\/span>von<span>\u00a0<\/span><a href=\"http:\/\/www.bibsonomy.org\/tag\/suchmaschinen\">BibSonomy<\/a>):<\/dt>\n<dd>\n<ul>\n<li><a href=\"http:\/\/www.technorati.com\/\">Technorati: Front Page<\/a><\/li>\n<li><a href=\"http:\/\/www.scirus.com\/\">Scirus &#8211; for scientific information<\/a><\/li>\n<li><a href=\"http:\/\/doggdot.us\/\">doggdot.us<\/a><\/li>\n<li><a href=\"http:\/\/de.reddit.com\/\">reddit.com: Was gibt&#8217;s neues online!<\/a><\/li>\n<li><a href=\"http:\/\/www.dmoz.org\/\">ODP &#8211; Open Directory Project<\/a><\/li>\n<li><a href=\"http:\/\/ma.gnolia.com\/#\">Ma.gnolia.com &#8211; Find Web Sites &amp; Build Community Online<\/a><\/li>\n<li><a href=\"http:\/\/scholarlypublishing.org\/jpwilkin\/archives\/6\">John Wilkin\u2019s blog \u00bb Metasearch vs. Google Scholar<\/a><\/li>\n<li><a href=\"http:\/\/googlewebmastercentral.blogspot.com\/2008\/04\/crawling-through-html-forms.html\">Official Google Webmaster Central Blog: Crawling through HTML forms<\/a><\/li>\n<li><a href=\"http:\/\/www.seomoz.org\/article\/search-ranking-factors\">SEOmoz | Google Search Engine Ranking FactorsV2<\/a><\/li>\n<li><a href=\"http:\/\/infokanal.zdf.de\/ZDFde\/inhalt\/17\/0,1872,3991185_idDispatch:7529708,00.html?dr=1\">ZDF-Dokumentation \u201eDie Welt ist eine Google\u201c<\/a><\/li>\n<\/ul>\n<\/dd>\n<\/dl>\n<p>Glossar:Zum Buch<span>\u00a0<\/span><a href=\"http:\/\/www.sims.berkeley.edu\/~hearst\/irbook\/glossary.html\">Modern Information Retrieval<\/a><span>\u00a0<\/span>gibt es einen<span>\u00a0<\/span><a href=\"http:\/\/www.sims.berkeley.edu\/~hearst\/irbook\/glossary.html\">Glossar<\/a>.<\/p>\n<\/div>\n","protected":false},"excerpt":{"rendered":"<p>Internet-Suchmaschinen Die Materialien zur Vorlesung (Skript, \u00dcbungsbl\u00e4tter) und Ank\u00fcndigungen (Termin\u00e4nderungen etc.) finden Sie im\u00a0Moodle\u00a0der Universit\u00e4t Kassel. Erster Veranstaltungstag: Freitag, 13. April 2018 Ort und Zeit: Freitags, 10:00 &#8211; 12:00 Uhr in Raum 0445\/E (WA 73,<a class=\"moretag\" href=\"https:\/\/www.kde.cs.uni-kassel.de\/en\/lehre\/ss2018\/ir\"> Read more&hellip;<\/a><\/p>\n","protected":false},"author":7,"featured_media":0,"parent":3151,"menu_order":12,"comment_status":"closed","ping_status":"closed","template":"","meta":{"footnotes":""},"class_list":["post-3325","page","type-page","status-publish","hentry"],"translation":{"provider":"WPGlobus","version":"3.0.2","language":"en","enabled_languages":["de","en"],"languages":{"de":{"title":true,"content":true,"excerpt":false},"en":{"title":false,"content":false,"excerpt":false}}},"_links":{"self":[{"href":"https:\/\/www.kde.cs.uni-kassel.de\/en\/wp-json\/wp\/v2\/pages\/3325","targetHints":{"allow":["GET"]}}],"collection":[{"href":"https:\/\/www.kde.cs.uni-kassel.de\/en\/wp-json\/wp\/v2\/pages"}],"about":[{"href":"https:\/\/www.kde.cs.uni-kassel.de\/en\/wp-json\/wp\/v2\/types\/page"}],"author":[{"embeddable":true,"href":"https:\/\/www.kde.cs.uni-kassel.de\/en\/wp-json\/wp\/v2\/users\/7"}],"replies":[{"embeddable":true,"href":"https:\/\/www.kde.cs.uni-kassel.de\/en\/wp-json\/wp\/v2\/comments?post=3325"}],"version-history":[{"count":4,"href":"https:\/\/www.kde.cs.uni-kassel.de\/en\/wp-json\/wp\/v2\/pages\/3325\/revisions"}],"predecessor-version":[{"id":3583,"href":"https:\/\/www.kde.cs.uni-kassel.de\/en\/wp-json\/wp\/v2\/pages\/3325\/revisions\/3583"}],"up":[{"embeddable":true,"href":"https:\/\/www.kde.cs.uni-kassel.de\/en\/wp-json\/wp\/v2\/pages\/3151"}],"wp:attachment":[{"href":"https:\/\/www.kde.cs.uni-kassel.de\/en\/wp-json\/wp\/v2\/media?parent=3325"}],"curies":[{"name":"wp","href":"https:\/\/api.w.org\/{rel}","templated":true}]}}