{"id":33,"date":"2016-02-09T09:43:54","date_gmt":"2016-02-09T08:43:54","guid":{"rendered":"https:\/\/www.kde.cs.uni-kassel.de\/?page_id=33"},"modified":"2018-10-26T16:38:17","modified_gmt":"2018-10-26T14:38:17","slug":"systems","status":"publish","type":"page","link":"https:\/\/www.kde.cs.uni-kassel.de\/en\/systems","title":{"rendered":"Web-Systeme"},"content":{"rendered":"<p>Unsere Forschungsgruppe entwickelt und betreibt mehrere Web Systeme. In dieser Liste werden die Systeme kurz beschrieben und auf zus\u00e4tzliche Ressourcen verlinkt.<\/p>\n<section class=\"system\">\n<h2 id=\"bibsonomy\">BibSonomy<a href=\"https:\/\/www.bibsonomy.org\/\" rel=\"noopener\" target=\"_blank\"><img loading=\"lazy\" decoding=\"async\" src=\"https:\/\/www.kde.cs.uni-kassel.de\/wp-content\/uploads\/2018\/10\/bibsonomy.png\" alt=\"\" class=\"alignright wp-image-4791\" width=\"490\" height=\"304\" srcset=\"https:\/\/www.kde.cs.uni-kassel.de\/wp-content\/uploads\/2018\/10\/bibsonomy.png 996w, https:\/\/www.kde.cs.uni-kassel.de\/wp-content\/uploads\/2018\/10\/bibsonomy-300x186.png 300w, https:\/\/www.kde.cs.uni-kassel.de\/wp-content\/uploads\/2018\/10\/bibsonomy-768x476.png 768w\" sizes=\"auto, (max-width: 490px) 100vw, 490px\" \/><\/a><\/h2>\n<div class=\"system__description\">\n<p>BibSonomy ist <a title=\"Besuchen Sie das blaue soziale Lesezeichen- und Publikationsverschlagwortungssystem.\" href=\"http:\/\/bibsonomy.org\/\"><u><span style=\"color: #0066cc;\"> ein soziales Verschlagwortungssystem <\/span><\/u><\/a> sowie die diesem zugrunde liegende\u00a0<a title=\"BibSonomy's Source Code Repository\" href=\"http:\/\/bibsonomy.bitbucket.org\/\"><span style=\"color: #0066cc;\"><u> technische Plattform <\/u><\/span><\/a> (die auch die Basis des Systems <a href=\"http:\/\/www.kde.cs.uni-kassel.de\/systems\/#puma\"><u><span style=\"color: #0066cc;\">PUMA<\/span><\/u><\/a> ist). Das System erm\u00f6glicht es dem Benutzer, Lesezeichen und Publikationen zu teilen und zu annotieren. BibSonomy wird \u00fcberall auf der Welt von Wissenschaftlern verwendet, um wissenschaftliche Literatur zu finden, zu sammeln, zu verwalten und zu zitieren und um Publikationslisten zu erzeugen und zu pr\u00e4sentieren.<\/p>\n<ul>\n<li><a href=\"http:\/\/bibsonomy.org\/\"><u><span style=\"color: #0066cc;\">BibSonomy<\/span><\/u><\/a> ist seit 2006 \u00f6ffentlich verf\u00fcgbar und kostenlos zu nutzen.<\/li>\n<li>Folgen Sie Neuigkeiten zu BibSonomy in unserem <a href=\"http:\/\/blog.bibsonomy.org\/\"><u><span style=\"color: #0066cc;\">Blog<\/span><\/u><\/a> oder auf <a href=\"https:\/\/twitter.com\/BibSonomyCrew\"><u><span style=\"color: #0066cc;\">Twitter<\/span><\/u><\/a>.<\/li>\n<li>Informationen f\u00fcr Entwickler (source code, wiki, etc) gibt es bei <a title=\"BibSonomy's source code repository\" href=\"http:\/\/bibsonomy.bitbucket.org\/\"><u><span style=\"color: #0066cc;\"> BitBucket <\/span><\/u><\/a>.<\/li>\n<li>F\u00fcr Wissenschaftler bieten wir <a href=\"http:\/\/kde.cs.uni-kassel.de\/bibsonomy\/dumps\"><u><span style=\"color: #0066cc;\">Datens\u00e4tze<\/span><\/u><\/a> (anonymisierte, regelm\u00e4\u00dfige Snapshots der Posts mit Benutzers, Ressourcen und Tags).<\/li>\n<li>BibSonomy wird in Kooperation mit der <a href=\"http:\/\/is.informatik.uni-wuerzburg.de\/dmir\"><u><span style=\"color: #0066cc;\">DMIR Gruppe<\/span><\/u><\/a> an der Universit\u00e4t W\u00fcrzburg und dem <a href=\"http:\/\/l3s.de\/\"><u><span style=\"color: #0066cc;\">L3S Research Center<\/span><\/u><\/a> betrieben und entwickelt.<\/li>\n<\/ul>\n<\/div>\n<div class=\"system__screenshot\"><\/div>\n<\/section>\n<section class=\"system\">\n<h2 id=\"puma\">PUMA<a href=\"https:\/\/academic-puma.de\/\" rel=\"noopener\" target=\"_blank\"><img loading=\"lazy\" decoding=\"async\" src=\"https:\/\/www.kde.cs.uni-kassel.de\/wp-content\/uploads\/2018\/10\/puma-300x168.png\" alt=\"\" class=\"alignright wp-image-4795\" width=\"490\" height=\"274\" srcset=\"https:\/\/www.kde.cs.uni-kassel.de\/wp-content\/uploads\/2018\/10\/puma-300x168.png 300w, https:\/\/www.kde.cs.uni-kassel.de\/wp-content\/uploads\/2018\/10\/puma-768x429.png 768w, https:\/\/www.kde.cs.uni-kassel.de\/wp-content\/uploads\/2018\/10\/puma-1024x573.png 1024w, https:\/\/www.kde.cs.uni-kassel.de\/wp-content\/uploads\/2018\/10\/puma.png 1055w\" sizes=\"auto, (max-width: 490px) 100vw, 490px\" \/><\/a><\/h2>\n<div class=\"system__description\">\n<p><a href=\"http:\/\/academic-puma.de\/\"><u><span style=\"color: #0066cc;\">PUMA<\/span><\/u><\/a>, das Akademische <b>PU<\/b>blikations<b>MA<\/b>nagementsystem, hilft Wissenschaftlern, Bibliothekaren und Studenten in der allt\u00e4glichen Arbeit mit Literatur &#8211; beim Paper schreiben, bei Studienarbeiten oder beim Erstellen von Literaturlisten zur Pr\u00e4sentation auf Homepages oder zum Reporting. PUMA wurde entwickelt, um in lokalen Installationen an Bibliotheken, Universit\u00e4ten oder Forschungsinstituten betrieben zu werden. PUMA verbindet &#8211; durch Schnittstellen und Plugins &#8211; die Funktionalit\u00e4t von Publikationsservern, Forschungsinformationssystemen, Open Access Repositorys und Content Management Systemen.<\/p>\n<ul>\n<li>PUMA basiert auf dem Open Source Code von <a href=\"http:\/\/www.kde.cs.uni-kassel.de\/systems\/#bibsonomy\"><u><span style=\"color: #0066cc;\">BibSonomy<\/span><\/u><\/a> und kann auch an Ihrer Institution kostenlos installiert und genutzt werden.<\/li>\n<li>PUMA wird bereits an mehreren deutschen <a href=\"http:\/\/academic-puma.de\/referenzen\"><u><span style=\"color: #0066cc;\">Bibliotheken<\/span><\/u><\/a> eingesetzt.<\/li>\n<li>Sie k\u00f6nnen PUMA in unserem Testsystem <a href=\"http:\/\/sandbox.academic-puma.de\/\"><u><span style=\"color: #0066cc;\">Sandbox<\/span><\/u><\/a> ausprobieren oder mehr \u00fcber PUMA und die Integration in bestehende Systeme <a href=\"http:\/\/academic-puma.de\/\"><u><span style=\"color: #0066cc;\">erfahren<\/span><\/u><\/a>!<\/li>\n<li>Wir bieten Service bei der Installation und dem Betrieb des Systems, Anpassung an Ihre Corporate Identity und die Entwicklung individueller Features in PUMA an. <a href=\"http:\/\/academic-puma.de\/uber-uns\/kontakt\"><u><span style=\"color: #0066cc;\"> Sprechen Sie uns an! <\/span><\/u><\/a><\/li>\n<\/ul>\n<\/div>\n<div class=\"system__screenshot\"><\/div>\n<\/section>\n<section class=\"system\">\n<h2 id=\"Conferator\">Conferator<a href=\"http:\/\/conferator.org\/\" rel=\"noopener\" target=\"_blank\"><img loading=\"lazy\" decoding=\"async\" src=\"https:\/\/www.kde.cs.uni-kassel.de\/wp-content\/uploads\/2018\/10\/conferator-300x205.png\" alt=\"\" class=\"alignright wp-image-4792\" width=\"490\" height=\"335\" srcset=\"https:\/\/www.kde.cs.uni-kassel.de\/wp-content\/uploads\/2018\/10\/conferator-300x205.png 300w, https:\/\/www.kde.cs.uni-kassel.de\/wp-content\/uploads\/2018\/10\/conferator-768x525.png 768w, https:\/\/www.kde.cs.uni-kassel.de\/wp-content\/uploads\/2018\/10\/conferator.png 1007w\" sizes=\"auto, (max-width: 490px) 100vw, 490px\" \/><\/a><\/h2>\n<div class=\"system__description\">\n<p><a href=\"http:\/\/conferator.org\/\"><u><span style=\"color: #0066cc;\">Conferator<\/span><\/u><\/a> ist ein soziales System zur Unterst\u00fctzung bei Konferenzen, insbesondere zur Konferenzplanung und Verbesserung der sozialen Interaktion. Conferator nutzt active RFID tags (entwickelt vom <a href=\"http:\/\/www.sociopatterns.org\/\"><u><span style=\"color: #0066cc;\">Sociopatterns Consortium<\/span><\/u><\/a>) um Konferenzteilnehmer zu lokalisieren und Informationen zu sozialen Kontakten bereitzustellen. Weiterhin bietet das System informative Profile der Konferenzteilnehmer inklusive Links zu weiteren sozialen Plattformen.<\/p>\n<ul>\n<li>Conferator wurde bereits bei vielen Konferenzen und Veranstaltungen erfolgreich eingesetzt, beispielsweise bei der LWA 2010, LWA 2011, LWA 2012, ACM Hypertext 2011, und Informatik 2013.<\/li>\n<li>Conferator liegt als Open Source vor \u2013 basierend auf der Ubicon-Plattform, weitere Informationen (u. a. Source Code) finden sich <a href=\"http:\/\/code.ubicon.eu\/\"><u><span style=\"color: #0066cc;\">hier<\/span><\/u><\/a>.<\/li>\n<li>Bitte nehmen Sie <a href=\"http:\/\/ubicon.eu\/about\/imprint\"><u><span style=\"color: #0066cc;\">Kontakt mit uns<\/span><\/u><\/a> auf, wenn Sie Conferator bei einer Veranstaltung einsetzen m\u00f6chten.<\/li>\n<\/ul>\n<p class=\"system__description__stores\"><a href=\"http:\/\/ubicon.eu\/about\/conferator\" rel=\"noopener\" target=\"_blank\" title=\"Gehe zum Conferator Web System\"><img loading=\"lazy\" decoding=\"async\" src=\"https:\/\/www.kde.cs.uni-kassel.de\/wp-content\/uploads\/2018\/10\/ConferatorIcon-300x300.png\" alt=\"\" class=\"alignnone wp-image-4803\" width=\"60\" height=\"60\" srcset=\"https:\/\/www.kde.cs.uni-kassel.de\/wp-content\/uploads\/2018\/10\/ConferatorIcon-300x300.png 300w, https:\/\/www.kde.cs.uni-kassel.de\/wp-content\/uploads\/2018\/10\/ConferatorIcon-150x150.png 150w, https:\/\/www.kde.cs.uni-kassel.de\/wp-content\/uploads\/2018\/10\/ConferatorIcon.png 512w\" sizes=\"auto, (max-width: 60px) 100vw, 60px\" \/><\/a><a href=\"https:\/\/play.google.com\/store\/apps\/details?id=conferator.app\" rel=\"noopener\" target=\"_blank\" alt=\"Jetzt_bei_Google_play\" title=\"Lade Conferator aus Google Play\"><img loading=\"lazy\" decoding=\"async\" src=\"https:\/\/www.kde.cs.uni-kassel.de\/wp-content\/uploads\/2018\/10\/Jetzt_bei_Google_play.png\" alt=\"\" class=\"alignnone size-full wp-image-4809\" width=\"115\" height=\"40\" \/><\/a><\/p>\n<\/div>\n<\/section>\n<section class=\"system\">\n<h2 id=\"Nameling\">Nameling<a href=\"https:\/\/nameling.net\/\" rel=\"noopener\" target=\"_blank\"><img loading=\"lazy\" decoding=\"async\" src=\"https:\/\/www.kde.cs.uni-kassel.de\/wp-content\/uploads\/2018\/10\/Nameling-300x114.png\" alt=\"\" class=\"alignright wp-image-4797\" width=\"490\" height=\"187\" srcset=\"https:\/\/www.kde.cs.uni-kassel.de\/wp-content\/uploads\/2018\/10\/Nameling-300x114.png 300w, https:\/\/www.kde.cs.uni-kassel.de\/wp-content\/uploads\/2018\/10\/Nameling-768x293.png 768w, https:\/\/www.kde.cs.uni-kassel.de\/wp-content\/uploads\/2018\/10\/Nameling-1024x390.png 1024w, https:\/\/www.kde.cs.uni-kassel.de\/wp-content\/uploads\/2018\/10\/Nameling.png 1112w\" sizes=\"auto, (max-width: 490px) 100vw, 490px\" \/><\/a><\/h2>\n<div class=\"system__description\">\n<p><a href=\"http:\/\/nameling.net\/\"><u><span style=\"color: #0066cc;\">Nameling<\/span><\/u><\/a> ist die Vornamensuchmaschine welche Dir hilft, passende Namen zu finden, indem Methoden der Wissensverarbeitung auf Daten aus dem Social Web angewendet werden, um so neue Beziehungen zwischen Namen zu finden.<\/p>\n<ul>\n<li>Nameling ist seit 2012 \u00f6ffentlich verf\u00fcgbar und kostenlos zu nutzen.<\/li>\n<li>Folgen Sie Neuigkeiten zu Nameling \u00fcber unseren Twitter Account <a href=\"https:\/\/twitter.com\/Nameling\"><u><span style=\"color: #0066cc;\">@Nameling<\/span><\/u><\/a> oder auf unserer <a href=\"https:\/\/facebook.com\/nameling.net\"><u><span style=\"color: #0066cc;\">Facebook Seite<\/span><\/u><\/a>.<\/li>\n<li>F\u00fcr Wissenschaftler bieten wir <a href=\"http:\/\/kde.cs.uni-kassel.de\/datasets\"><u><span style=\"color: #0066cc;\">Datens\u00e4tze<\/span><\/u><\/a> von Nameling.<\/li>\n<\/ul>\n<\/div>\n<div class=\"system__screenshot\"><\/div>\n<\/section>\n<section class=\"system\">\n<h2 id=\"EveryAware\">EveryAware<a href=\"http:\/\/cs.everyaware.eu\/event\/airprobe\/map2\" rel=\"noopener\" target=\"_blank\"><img loading=\"lazy\" decoding=\"async\" src=\"https:\/\/www.kde.cs.uni-kassel.de\/wp-content\/uploads\/2018\/10\/EveryAware-300x187.jpg\" alt=\"\" class=\"alignright wp-image-4793\" width=\"490\" height=\"306\" srcset=\"https:\/\/www.kde.cs.uni-kassel.de\/wp-content\/uploads\/2018\/10\/EveryAware-300x187.jpg 300w, https:\/\/www.kde.cs.uni-kassel.de\/wp-content\/uploads\/2018\/10\/EveryAware-768x479.jpg 768w, https:\/\/www.kde.cs.uni-kassel.de\/wp-content\/uploads\/2018\/10\/EveryAware-1024x639.jpg 1024w, https:\/\/www.kde.cs.uni-kassel.de\/wp-content\/uploads\/2018\/10\/EveryAware.jpg 1112w\" sizes=\"auto, (max-width: 490px) 100vw, 490px\" \/><\/a><\/h2>\n<div class=\"system__description\">\n<p><a href=\"http:\/\/everyaware.eu\/\"><u><span style=\"color: #0066cc;\">EveryAware<\/span><\/u><\/a> bietet Methoden f\u00fcr Echtzeit-Analysen von Sensordaten und von subjektiven Meinungen, die es erlauben, den B\u00fcrgern direktes Feedback zu geben. Um EveryAware nutzen zu k\u00f6nnen, bieten wir zwei Smartphone Applikationen an.<\/p>\n<p><b>WideNoise Plus<\/b> misst den Umgebungsl\u00e4rm und zeigt ihn auf einer weltweiten Karte an. Au\u00dferdem kannst du die Messung mit Tags und deiner pers\u00f6nliche Wahrnehmung des Ger\u00e4usches annotieren; den nicht jedes laute Ger\u00e4usch ist unerw\u00fcnscht.<\/p>\n<p class=\"system__description__stores\"><a href=\"http:\/\/widenoise.eu\/\" rel=\"noopener\" target=\"_blank\"><img loading=\"lazy\" decoding=\"async\" src=\"https:\/\/www.kde.cs.uni-kassel.de\/wp-content\/uploads\/2018\/10\/WideNoisePlusIcon.png\" alt=\"\" class=\"alignnone wp-image-4806\" width=\"60\" height=\"60\" srcset=\"https:\/\/www.kde.cs.uni-kassel.de\/wp-content\/uploads\/2018\/10\/WideNoisePlusIcon.png 300w, https:\/\/www.kde.cs.uni-kassel.de\/wp-content\/uploads\/2018\/10\/WideNoisePlusIcon-150x150.png 150w\" sizes=\"auto, (max-width: 60px) 100vw, 60px\" \/><\/a><a title=\"Lade WideNoise Plus aus Google play\" href=\"https:\/\/play.google.com\/store\/apps\/details?id=eu.everyaware.widenoise.android\" rel=\"noopener\" target=\"_blank\"><img loading=\"lazy\" decoding=\"async\" src=\"https:\/\/www.kde.cs.uni-kassel.de\/wp-content\/uploads\/2018\/10\/Jetzt_bei_Google_play.png\" alt=\"\" class=\"alignnone size-full wp-image-4809\" width=\"115\" height=\"40\" \/><u>\u00a0<\/u><\/a><a title=\"Lade WideNoise Plus aus dem App Store\" href=\"https:\/\/itunes.apple.com\/app\/id657693514\" rel=\"noopener\" target=\"_blank\"><img loading=\"lazy\" decoding=\"async\" src=\"https:\/\/www.kde.cs.uni-kassel.de\/wp-content\/uploads\/2018\/10\/Laden_im_App_Store.png\" alt=\"\" class=\"alignnone size-full wp-image-4808\" width=\"135\" height=\"40\" \/><u> <\/u><\/a><\/p>\n<p><b>AirProbe<\/b> misst die Luftqualit\u00e4t und zeigt sie ebenfalls auf einer weltweiten Karte an. F\u00fcr die Verwendung von AirProbe ist es allerdings notwendig eine Sensorbox mit Bluetooth zu verbinden.<\/p>\n<p class=\"system__description__stores\"><a href=\"http:\/\/airprobe.eu\/\" rel=\"noopener\" target=\"_blank\"><img loading=\"lazy\" decoding=\"async\" src=\"https:\/\/www.kde.cs.uni-kassel.de\/wp-content\/uploads\/2018\/10\/AirProbeIcon.png\" alt=\"\" class=\"alignnone wp-image-4802\" width=\"60\" height=\"60\" srcset=\"https:\/\/www.kde.cs.uni-kassel.de\/wp-content\/uploads\/2018\/10\/AirProbeIcon.png 300w, https:\/\/www.kde.cs.uni-kassel.de\/wp-content\/uploads\/2018\/10\/AirProbeIcon-150x150.png 150w\" sizes=\"auto, (max-width: 60px) 100vw, 60px\" \/><\/a><a href=\"https:\/\/play.google.com\/store\/apps\/details?id=org.csp.everyaware\" rel=\"noopener\" target=\"_blank\"><img loading=\"lazy\" decoding=\"async\" src=\"https:\/\/www.kde.cs.uni-kassel.de\/wp-content\/uploads\/2018\/10\/Jetzt_bei_Google_play.png\" alt=\"\" class=\"alignnone size-full wp-image-4809\" width=\"115\" height=\"40\" \/><u> <\/u><\/a><\/p>\n<ul>\n<li>EveryAware, WideNoise Plus und AirProbe sind \u00f6ffentlich verf\u00fcgbar und kostenlos zu nutzen.<\/li>\n<li>Folgen Sie Neuigkeiten zu EveryAware \u00fcber unseren Twitter Account <a href=\"https:\/\/twitter.com\/CS_EveryAware\"><u><span style=\"color: #0066cc;\">@CS_EveryAware<\/span><\/u><\/a>.<\/li>\n<li>F\u00fcr Wissenschaftler bieten wir <a href=\"http:\/\/kde.cs.uni-kassel.de\/datasets\"><u><span style=\"color: #0066cc;\">Datens\u00e4tze<\/span><\/u><\/a> von WideNoise Plus und AirProbe.<\/li>\n<li>EveryAware wird in Kooperation mit der <a href=\"http:\/\/is.informatik.uni-wuerzburg.de\/dmir\"><u><span style=\"color: #0066cc;\">DMIR Gruppe<\/span><\/u><\/a> an der Universit\u00e4t W\u00fcrzburg und dem <a href=\"http:\/\/l3s.de\/\"><u><span style=\"color: #0066cc;\">Forschungszentrum L3S<\/span><\/u><\/a> an der Universit\u00e4t Hannover betrieben und entwickelt.<\/li>\n<\/ul>\n<\/div>\n<\/section>\n","protected":false},"excerpt":{"rendered":"<p>Unsere Forschungsgruppe entwickelt und betreibt mehrere Web Systeme. In dieser Liste werden die Systeme kurz beschrieben und auf zus\u00e4tzliche Ressourcen verlinkt. BibSonomy BibSonomy ist ein soziales Verschlagwortungssystem sowie die diesem zugrunde liegende\u00a0 technische Plattform (die<a class=\"moretag\" href=\"https:\/\/www.kde.cs.uni-kassel.de\/en\/systems\"> Read more&hellip;<\/a><\/p>\n","protected":false},"author":9,"featured_media":0,"parent":0,"menu_order":43,"comment_status":"closed","ping_status":"closed","template":"","meta":{"footnotes":""},"class_list":["post-33","page","type-page","status-publish","hentry"],"translation":{"provider":"WPGlobus","version":"3.0.2","language":"en","enabled_languages":["de","en"],"languages":{"de":{"title":true,"content":true,"excerpt":false},"en":{"title":false,"content":false,"excerpt":false}}},"_links":{"self":[{"href":"https:\/\/www.kde.cs.uni-kassel.de\/en\/wp-json\/wp\/v2\/pages\/33","targetHints":{"allow":["GET"]}}],"collection":[{"href":"https:\/\/www.kde.cs.uni-kassel.de\/en\/wp-json\/wp\/v2\/pages"}],"about":[{"href":"https:\/\/www.kde.cs.uni-kassel.de\/en\/wp-json\/wp\/v2\/types\/page"}],"author":[{"embeddable":true,"href":"https:\/\/www.kde.cs.uni-kassel.de\/en\/wp-json\/wp\/v2\/users\/9"}],"replies":[{"embeddable":true,"href":"https:\/\/www.kde.cs.uni-kassel.de\/en\/wp-json\/wp\/v2\/comments?post=33"}],"version-history":[{"count":20,"href":"https:\/\/www.kde.cs.uni-kassel.de\/en\/wp-json\/wp\/v2\/pages\/33\/revisions"}],"predecessor-version":[{"id":4790,"href":"https:\/\/www.kde.cs.uni-kassel.de\/en\/wp-json\/wp\/v2\/pages\/33\/revisions\/4790"}],"wp:attachment":[{"href":"https:\/\/www.kde.cs.uni-kassel.de\/en\/wp-json\/wp\/v2\/media?parent=33"}],"curies":[{"name":"wp","href":"https:\/\/api.w.org\/{rel}","templated":true}]}}