{"id":3094,"date":"2018-05-01T12:34:35","date_gmt":"2018-05-01T10:34:35","guid":{"rendered":"https:\/\/www.kde.cs.uni-kassel.de\/?page_id=3094"},"modified":"2023-11-15T14:23:14","modified_gmt":"2023-11-15T13:23:14","slug":"schaefermeier","status":"publish","type":"page","link":"https:\/\/www.kde.cs.uni-kassel.de\/en\/schaefermeier","title":{"rendered":"Bastian Sch\u00e4fermeier"},"content":{"rendered":"<h1><span>Dr. Bastian Sch\u00e4fermeier<\/span><\/h1>\n<p><span>Dr. Bastian Sch\u00e4fermeier ist seit dem 31.5.2022 nicht mehr im Fachgebiet besch\u00e4ftigt.<\/span><br \/><span>Email:\u00a0<\/span><a href=\"mailto:bsc@cs.uni-kassel.de\">bsc@cs.uni-kassel.de<\/a><\/p>\n<h1>Publikationen<\/h1>\n<ul>\n<li>Sch\u00e4fermeier, B., Hirth, J., & Hanika, T. (2022). <strong>Research Topic Flows in Co-Authorship Networks.\u00a0<\/strong>Scientometrics. [DOI:<a href=\"https:\/\/doi.org\/10.1007\/s11192-022-04529-w\"><span>10.1007\/s11192-022-04529-w<\/span><\/a><a href=\"https:\/\/doi.org\/10.48550\/arXiv.2206.07980\"><\/a> | <a href=\"https:\/\/www.bibsonomy.org\/bib\/publication\/2bdd261c96b21d7b614dfecb1f66bca56\/bsc\">BibTex<\/a> | <a href=\"https:\/\/www.bibsonomy.org\/bibtex\/2bdd261c96b21d7b614dfecb1f66bca56\/bsc\">BibSonomy<\/a>].<\/li>\n<li>Sch\u00e4fermeier, B., Stumme, G., & Hanika, T. (2022). <strong>Mapping Research Trajectories. <\/strong>CoRR. [DOI:<a href=\"https:\/\/doi.org\/10.48550\/arXiv.2204.11859\">10.48550\/2204.11859<\/a>\u00a0| <a href=\"https:\/\/www.bibsonomy.org\/bib\/publication\/2156354a19a4fadcf64beaf678ff4c44e\/bsc\">BibTex<\/a> | <a href=\"https:\/\/www.bibsonomy.org\/bibtex\/2156354a19a4fadcf64beaf678ff4c44e\/bsc\">BibSonomy<\/a>].<\/li>\n<li>Sch\u00e4fermeier, B., Stumme, G., & Hanika, T. (2021). <strong>Towards Explainable Scientific Venue Recommendations. <\/strong>CoRR. [DOI:<a href=\"https:\/\/doi.org\/10.48550\/arXiv.2109.11343\">10.48550\/2109.11343<\/a> | <a href=\"https:\/\/www.bibsonomy.org\/bib\/publication\/279a9e82152e6416811ddb2b2f6887b75\/bsc\">BibTex<\/a> | <a href=\"https:\/\/www.bibsonomy.org\/bibtex\/279a9e82152e6416811ddb2b2f6887b75\/bsc\">BibSonomy<\/a>].<\/li>\n<li>Sch\u00e4fermeier, B., Stumme, G., & Hanika, T. (2021). <strong>Topological Indoor Mapping through WiFi Signals. <\/strong>CoRR. [DOI:<a href=\"https:\/\/doi.org\/10.48550\/arXiv.2106.09789\">10.48550\/2106.09789<\/a> | <a href=\"https:\/\/www.bibsonomy.org\/bib\/publication\/2319304ff625ee98746f680b13cf3c6d7\/bsc\">BibTex<\/a> | <a href=\"https:\/\/www.bibsonomy.org\/bibtex\/2319304ff625ee98746f680b13cf3c6d7\/bsc\">BibSonomy<\/a>].<\/li>\n<li><span>Sch\u00e4fermeier, B., Stumme, G., & Hanika, T. <strong>Topic Space Trajectories.<\/strong> Scientometrics 126, 5759\u20135795 (2021). [DOI:<a href=\"https:\/\/doi.org\/10.1007\/s11192-021-03931-0\" data-track=\"click\" data-track-action=\"view doi\" data-track-label=\"link\">10.1007\/s11192-021-03931-0<\/a><a href=\"https:\/\/arxiv.org\/abs\/2010.12294\"><\/a> |\u00a0<a href=\"https:\/\/www.bibsonomy.org\/bib\/publication\/2ef56faa7ce557ad1526d2fdacc7623ed\/bsc\">BibTex<\/a> | <a href=\"https:\/\/www.bibsonomy.org\/publication\/2ef56faa7ce557ad1526d2fdacc7623ed\/bsc\">BibSonomy<\/a>]<\/span><\/li>\n<li><span>Sch\u00e4fermeier, B., Hanika, T., & Stumme, G. (2019). <strong>Distances for WiFi Based Topological Indoor Mapping<\/strong>. <\/span><i>16th EAI International Conference on Mobile and Ubiquitous Systems: Computing, Networking and Services (MobiQuitous), November 12\u201314, 2019, Houston, TX, USA<\/i><span>. https:\/\/doi.org\/10.1145\/3360774.3360780 <\/span><span class=\"opt\">[DOI:<a href=\"https:\/\/doi.org\/10.1145\/3360774.3360780\">10.1145\/3360774.3360780<\/a><span>\u00a0<\/span>|<span>\u00a0<\/span><a href=\"https:\/\/www.bibsonomy.org\/bib\/publication\/09f68c7569b44c806d6be3a7b0d9cecd\/bsc\">BibTeX<\/a><span>\u00a0<\/span>|<span>\u00a0<\/span><a href=\"https:\/\/www.bibsonomy.org\/publication\/09f68c7569b44c806d6be3a7b0d9cecd\/bsc\">BibSonomy<\/a>]<\/span><\/li>\n<\/ul>\n<h1>Projekte<\/h1>\n<ul>\n<li><a href=\"http:\/\/gepris.dfg.de\/gepris\/projekt\/314289056\">topikos \u2013 Collaborative Low-Effort Topological and Topical-Social Indoor Mapping<\/a><\/li>\n<li><a href=\"https:\/\/www.regio-project.org\/\">REGIO \u2013 A mapping of the origin and success of cooperative relationships in regional research networks and innovation clusters<\/a><\/li>\n<\/ul>\n<h1>Aktivit\u00e4ten<\/h1>\n<ul>\n<li><em>Talk on Topic Space Trajectories at LWDA KDML. September 1.-3. 2021, Munich, Germany.<\/em><\/li>\n<li><em>Workshop on WiFi localization given at 10th MINT Congress. June 17.-18. 2019, Kassel, Germany.<\/em><\/li>\n<li><em>VGIscience Collaborative Research Week, May 22.-25. 2018. Heidelberg, Germany.<\/em><\/li>\n<li><em>LIESMARS International Graduate Workshop on GeoInformatics, Nov. 25.-29. 2017, Wuhan, China.<\/em><\/li>\n<li><em>VGIscience Summer School, Sep. 11.-15. 2017, Dresden, Germany.<\/em><\/li>\n<\/ul>\n<h1>Reviews<\/h1>\n<ul>\n<li>Reviewer: Scientific Reports, Nature Publishing Group, 2022.<\/li>\n<li>Subreviewer: The 20th International Semantic Web Conference (ISWC), <span>October 24 \u2013 28, 2021<\/span>.<\/li>\n<li>Subreviewer: <span>ECML PKDD 2021 \u2013 The European Conference on Machine Learning and Principles and Practice of Knowledge Discovery in Databases, September 13 \u2013 17, 2021, Bilbao, Spain.<\/span><\/li>\n<li>Subreviewer: 18th European Semantic Web Conference (ESWC), June 6 \u2013 10, 2021, online or in Hersonissus, Greece.<\/li>\n<li>Subreviewer: ASONAM 2020 \u2013 The 2020 IEEE\/ACM International Conference on Advances in Social Networks Analysis and Mining, December 7 \u2013 10, 2020, The Hague, Netherlands (Virtual).<\/li>\n<li>Subreviewer: The 19th International Semantic Web Conference (ISWC), November 2 \u2013 6, 2020, Athens, Greece.<\/li>\n<li><span>Subreviewer: 25th ACM SIGKDD Conference on Knowledge Discovery and Data Mining, August 4 \u2013 8, 2019, Anchorage, Alaska \u2013 USA.<\/span><\/li>\n<li><span>Subreviewer: 11th ACM Conference \u200bon Web Science, June 30 \u2013 July 3, 2019, Boston, MA, USA\u200b.<\/span><\/li>\n<\/ul>\n<h1>Lehre<\/h1>\n<dl>\n<dt>\n<dl>\n<dt>\n<dl>\n<dt>\n<dl>\n<dt>\n<dl>\n<dt>\n<dl>\n<dt>Wintersemester 2021\/2022<\/dt>\n<dd>\n<ul>\n<li><a href=\"https:\/\/moodle.uni-kassel.de\/course\/view.php?id=127\">K\u00fcnstliche Intelligenz<\/a><\/li>\n<li><a href=\"https:\/\/moodle.uni-kassel.de\/course\/view.php?id=2639\">Seminar \u201cAusgew\u00e4hlte Themen der Wissensverarbeitung\u201d<\/a><\/li>\n<\/ul>\n<\/dd>\n<\/dl>\n<\/dt>\n<dt>Sommersemester 2021<\/dt>\n<dd>\n<ul>\n<li><a href=\"https:\/\/moodle.uni-kassel.de\/moodle\/course\/view.php?id=12872\">Seminar Begriffliche Strukturen & Ordnungstheorie<\/a><\/li>\n<\/ul>\n<\/dd>\n<\/dl>\n<\/dt>\n<\/dl>\n<\/dt>\n<\/dl>\n<\/dt>\n<\/dl>\n<\/dt>\n<\/dl>\n<dl>\n<dt>\n<dl>\n<dt>\n<dl>\n<dt>\n<dl>\n<dt>\n<dl>\n<dt>Wintersemester 2020\/2021<\/dt>\n<dd>\n<ul>\n<li><a href=\"https:\/\/moodle.uni-kassel.de\/moodle\/course\/view.php?id=5271\">Social Network Analysis (Praktikum)<\/a><\/li>\n<li>Datenbanken (Wdh.)<\/li>\n<\/ul>\n<\/dd>\n<\/dl>\n<\/dt>\n<dt>Sommersemester 2020<\/dt>\n<dd>\n<ul>\n<li><a href=\"https:\/\/moodle.uni-kassel.de\/moodle\/course\/view.php?id=7142\">Datenbanken<\/a><\/li>\n<\/ul>\n<\/dd>\n<\/dl>\n<\/dt>\n<\/dl>\n<\/dt>\n<\/dl>\n<\/dt>\n<\/dl>\n<dl>\n<dt>\n<dl>\n<dt>\n<dl>\n<dt>\n<dl>\n<dt>Wintersemester 2019\/2020<\/dt>\n<dd>\n<ul>\n<li><a href=\"https:\/\/moodle.uni-kassel.de\/moodle\/course\/view.php?id=5271\">Social Network Analysis (\u00dcbung & Praktikum)<\/a><\/li>\n<\/ul>\n<\/dd>\n<\/dl>\n<p>Sommersemester 2019<\/p>\n<\/dt>\n<dd>\n<ul>\n<li><a href=\"https:\/\/www.kde.cs.uni-kassel.de\/lehre\/ss2019\/seminar\">Seminar Einf\u00fchrung in das Schreiben wissenschaftlicher Texte<\/a><\/li>\n<\/ul>\n<\/dd>\n<\/dl>\n<dl>\n<dt>Wintersemester 2018\/2019<\/dt>\n<dd>\n<ul>\n<li><a href=\"https:\/\/www.kde.cs.uni-kassel.de\/lehre\/ws2018-19\/kdd\">Knowledge Discovery<\/a><\/li>\n<li><a href=\"https:\/\/www.kde.cs.uni-kassel.de\/lehre\/ws2018-19\/seminar\">Seminar Data Mining & Soziale Netzwerkanalyse<\/a><\/li>\n<\/ul>\n<\/dd>\n<\/dl>\n<\/dt>\n<dt>Sommersemester 2018<\/dt>\n<dd>\n<ul>\n<li><a href=\"https:\/\/moodle.uni-kassel.de\/moodle\/course\/view.php?id=11553\">Information Retrieval (Praktikum)<\/a><\/li>\n<\/ul>\n<\/dd>\n<\/dl>\n<dl>\n<dt>Wintersemester 2017\/2018<\/dt>\n<dd>\n<ul>\n<li><a href=\"https:\/\/www.kde.cs.uni-kassel.de\/lehre\/ws2017-18\/kdd_Praktikum\">Knowledge Discovery (Praktikum)<\/a><\/li>\n<\/ul>\n<\/dd>\n<dt>Sommersemester 2017<\/dt>\n<dd>\n<ul>\n<li><a href=\"https:\/\/moodle.uni-kassel.de\/moodle\/course\/view.php?id=7699\">Information Retrieval<\/a><\/li>\n<\/ul>\n<\/dd>\n<\/dl>\n<\/dt>\n<dd><\/dd>\n<\/dl>\n\n\n<p><\/p>\n","protected":false},"excerpt":{"rendered":"<p>Dr. Bastian Sch\u00e4fermeier Dr. Bastian Sch\u00e4fermeier ist seit dem 31.5.2022 nicht mehr im Fachgebiet besch\u00e4ftigt.Email:\u00a0bsc@cs.uni-kassel.de Publikationen Sch\u00e4fermeier, B., Hirth, J., &#038; Hanika, T. (2022). Research Topic Flows in Co-Authorship Networks.\u00a0Scientometrics. [DOI:10.1007\/s11192-022-04529-w | BibTex | BibSonomy].<a class=\"moretag\" href=\"https:\/\/www.kde.cs.uni-kassel.de\/en\/schaefermeier\"> Read more&hellip;<\/a><\/p>\n","protected":false},"author":7,"featured_media":0,"parent":0,"menu_order":12,"comment_status":"closed","ping_status":"closed","template":"employee_template.php","meta":{"footnotes":""},"class_list":["post-3094","page","type-page","status-publish","hentry"],"translation":{"provider":"WPGlobus","version":"3.0.2","language":"en","enabled_languages":["de","en"],"languages":{"de":{"title":true,"content":true,"excerpt":false},"en":{"title":false,"content":false,"excerpt":false}}},"_links":{"self":[{"href":"https:\/\/www.kde.cs.uni-kassel.de\/en\/wp-json\/wp\/v2\/pages\/3094","targetHints":{"allow":["GET"]}}],"collection":[{"href":"https:\/\/www.kde.cs.uni-kassel.de\/en\/wp-json\/wp\/v2\/pages"}],"about":[{"href":"https:\/\/www.kde.cs.uni-kassel.de\/en\/wp-json\/wp\/v2\/types\/page"}],"author":[{"embeddable":true,"href":"https:\/\/www.kde.cs.uni-kassel.de\/en\/wp-json\/wp\/v2\/users\/7"}],"replies":[{"embeddable":true,"href":"https:\/\/www.kde.cs.uni-kassel.de\/en\/wp-json\/wp\/v2\/comments?post=3094"}],"version-history":[{"count":70,"href":"https:\/\/www.kde.cs.uni-kassel.de\/en\/wp-json\/wp\/v2\/pages\/3094\/revisions"}],"predecessor-version":[{"id":9518,"href":"https:\/\/www.kde.cs.uni-kassel.de\/en\/wp-json\/wp\/v2\/pages\/3094\/revisions\/9518"}],"wp:attachment":[{"href":"https:\/\/www.kde.cs.uni-kassel.de\/en\/wp-json\/wp\/v2\/media?parent=3094"}],"curies":[{"name":"wp","href":"https:\/\/api.w.org\/{rel}","templated":true}]}}