{"id":2849,"date":"2018-02-22T00:13:49","date_gmt":"2018-02-21T23:13:49","guid":{"rendered":"https:\/\/www.kde.cs.uni-kassel.de\/?page_id=2849"},"modified":"2018-09-07T16:21:29","modified_gmt":"2018-09-07T14:21:29","slug":"pythonkurs","status":"publish","type":"page","link":"https:\/\/www.kde.cs.uni-kassel.de\/en\/lehre\/ws2017-18\/pythonkurs","title":{"rendered":"Python 3 Kurs"},"content":{"rendered":"<p><span style=\"color: #a3004e;\">Termine:<\/span><\/p>\n<p style=\"padding-left: 30px;\">16.11 (Raum 0446) \/ 20.11 (Raum 0446) \/ 21.11 (-1418)<\/p>\n<p><span style=\"color: #a3004e;\"> Angesprochener H\u00f6rerInnenkreis:<\/span><\/p>\n<p style=\"padding-left: 30px;\">Teilnehmer KDD-Praktikum und interessierte H\u00f6rer jeden Semesters.<\/p>\n<p><span style=\"color: #a3004e;\"> Voraussetzung:<\/span><\/p>\n<p style=\"padding-left: 30px;\">Keine<\/p>\n<p style=\"padding-left: 30px;\"><!-- InstanceEndEditable --><\/p>\n<p><span style=\"color: #a3004e;\"> Veranstalter:<\/span><\/p>\n<p style=\"padding-left: 30px;\"><a href=\"\/hanika\"><u><span style=\"color: #0066cc;\">Tom Hanika<\/span><\/u><\/a><\/p>\n<p><span style=\"color: #a3004e;\"> Inhalt:<\/span><\/p>\n<p style=\"padding-left: 30px;\">Angewandte Grundlagen von Python 3 und Einf\u00fchrung in wichtige Bibliotheken.<\/p>\n<p><span style=\"color: #a3004e;\"> Slides:<\/span><\/p>\n<ul>\n<li><a href=\"https:\/\/www.kde.cs.uni-kassel.de\/lehre\/ws2017-18\/pythonkurs\/pythonkurs_lecture_1.pdf\"><u><span style=\"color: #0066cc;\">Lecture 1<\/span><\/u><\/a><\/li>\n<li><a href=\"https:\/\/www.kde.cs.uni-kassel.de\/lehre\/ws2017-18\/pythonkurs\/pythonkurs_lecture_2.pdf\"><u><span style=\"color: #0066cc;\">Lecture 2<\/span><\/u><\/a><\/li>\n<li><a href=\"https:\/\/www.kde.cs.uni-kassel.de\/lehre\/ws2017-18\/pythonkurs\/pythonkurs_lecture_3.pdf\"><u><span style=\"color: #0066cc;\">Lecture 3<\/span><\/u><\/a><\/li>\n<li><a href=\"https:\/\/www.kde.cs.uni-kassel.de\/lehre\/ws2017-18\/pythonkurs\/Python_Uebungsblatt_1.pdf\"><u><span style=\"color: #0066cc;\">\u00dcbungsblatt 1<\/span><\/u><\/a><\/li>\n<li><a href=\"https:\/\/www.kde.cs.uni-kassel.de\/lehre\/ws2017-18\/pythonkurs\/Python_Uebungsblatt_2.pdf\"><u><span style=\"color: #0066cc;\">\u00dcbungsblatt 2<\/span><\/u><\/a><\/li>\n<\/ul>\n","protected":false},"excerpt":{"rendered":"<p>Termine: 16.11 (Raum 0446) \/ 20.11 (Raum 0446) \/ 21.11 (-1418) Angesprochener H\u00f6rerInnenkreis: Teilnehmer KDD-Praktikum und interessierte H\u00f6rer jeden Semesters. Voraussetzung: Keine Veranstalter: Tom Hanika Inhalt: Angewandte Grundlagen von Python 3 und Einf\u00fchrung in wichtige<a class=\"moretag\" href=\"https:\/\/www.kde.cs.uni-kassel.de\/en\/lehre\/ws2017-18\/pythonkurs\"> Read more&hellip;<\/a><\/p>\n","protected":false},"author":8,"featured_media":0,"parent":2847,"menu_order":0,"comment_status":"closed","ping_status":"closed","template":"","meta":{"footnotes":""},"class_list":["post-2849","page","type-page","status-publish","hentry"],"translation":{"provider":"WPGlobus","version":"3.0.2","language":"en","enabled_languages":["de","en"],"languages":{"de":{"title":true,"content":true,"excerpt":false},"en":{"title":false,"content":false,"excerpt":false}}},"_links":{"self":[{"href":"https:\/\/www.kde.cs.uni-kassel.de\/en\/wp-json\/wp\/v2\/pages\/2849","targetHints":{"allow":["GET"]}}],"collection":[{"href":"https:\/\/www.kde.cs.uni-kassel.de\/en\/wp-json\/wp\/v2\/pages"}],"about":[{"href":"https:\/\/www.kde.cs.uni-kassel.de\/en\/wp-json\/wp\/v2\/types\/page"}],"author":[{"embeddable":true,"href":"https:\/\/www.kde.cs.uni-kassel.de\/en\/wp-json\/wp\/v2\/users\/8"}],"replies":[{"embeddable":true,"href":"https:\/\/www.kde.cs.uni-kassel.de\/en\/wp-json\/wp\/v2\/comments?post=2849"}],"version-history":[{"count":4,"href":"https:\/\/www.kde.cs.uni-kassel.de\/en\/wp-json\/wp\/v2\/pages\/2849\/revisions"}],"predecessor-version":[{"id":4300,"href":"https:\/\/www.kde.cs.uni-kassel.de\/en\/wp-json\/wp\/v2\/pages\/2849\/revisions\/4300"}],"up":[{"embeddable":true,"href":"https:\/\/www.kde.cs.uni-kassel.de\/en\/wp-json\/wp\/v2\/pages\/2847"}],"wp:attachment":[{"href":"https:\/\/www.kde.cs.uni-kassel.de\/en\/wp-json\/wp\/v2\/media?parent=2849"}],"curies":[{"name":"wp","href":"https:\/\/api.w.org\/{rel}","templated":true}]}}