{"id":284,"date":"2016-03-15T16:08:12","date_gmt":"2016-03-15T15:08:12","guid":{"rendered":"https:\/\/www.kde.cs.uni-kassel.de\/?page_id=284"},"modified":"2019-03-26T15:48:01","modified_gmt":"2019-03-26T14:48:01","slug":"jaeschke","status":"publish","type":"page","link":"https:\/\/www.kde.cs.uni-kassel.de\/en\/jaeschke","title":{"rendered":"Prof. Dr. Robert J\u00e4schke"},"content":{"rendered":"<p>Hinweis: Robert J\u00e4schke ist seit dem 31.05.2012 nicht mehr im Fachgebiet besch\u00e4ftigt.<\/p>\n<pre>I am now a Juniorprofessor (<a href=\"http:\/\/www.kbs.uni-hannover.de\/~jaeschke\/\"><u><span style=\"color: #0066cc;\">Jun.-Prof. Dr. Robert J\u00e4schke<\/span><\/u><\/a>) at <a href=\"http:\/\/www.uni-hannover.de\/\"><u><span style=\"color: #0066cc;\">Leibniz Universit\u00e4t Hannover<\/span><\/u><\/a>, <a href=\"http:\/\/www.kbs.uni-hannover.de\/\"><u><span style=\"color: #0066cc;\">Knowledge-based Systems Institute<\/span><\/u><\/a>. You can reach me via phone: +49 511 762-17775, or e-mail: <a href=\"mailto:jaeschke@kbs.uni-hannover.de\"><u><span style=\"color: #0066cc;\">jaeschke@kbs.uni-hannover.de<\/span><\/u><\/a><\/pre>\n<pre>jaeschke at kbs.uni-hannover.de<\/pre>\n<p>, or you can visit <a href=\"http:\/\/www.kbs.uni-hannover.de\/~jaeschke\/\"><u><span style=\"color: #0066cc;\">my new homepage<\/span><\/u><\/a><br \/>\n<a href=\"tel:+495618046259\"><u><span style=\"color: #0066cc;\"><\/span><\/u><\/a><\/p>\n<p>Email: <a href=\"mailto:jaeschke@cs.uni-kassel.de\"><u><span style=\"color: #0066cc;\">jaeschke@cs.uni-kassel.de<\/span><\/u><\/a><\/p>\n<pre>jaeschke at cs.uni-kassel.de<\/pre>\n<p>(<a href=\"http:\/\/www.gnu.org\/philosophy\/no-word-attachments.html\"><u><span style=\"color: #0066cc;\">no Word attachments!<\/span><\/u><\/a>)<\/p>\n<p>For Spammers: <a href=\"mailto:kottenbroeder@cs.uni-kassel.de\"><u><span style=\"color: #0066cc;\">kottenbroeder@cs.uni-kassel.de<\/span><\/u><\/a><\/p>\n<pre>kottenbroeder at cs.uni-kassel.de<\/pre>\n<p>PGP-Key: <a href=\"http:\/\/www.kde.cs.uni-kassel.de\/jaeschke\/jaeschke.pgp.asc\"><u><span style=\"color: #0066cc;\">0x742E6A62<\/span><\/u><\/a> (CD11 173D F851 88C5 9508 152D 3F27 0630 742E 6A62)<\/p>\n","protected":false},"excerpt":{"rendered":"<p>Hinweis: Robert J\u00e4schke ist seit dem 31.05.2012 nicht mehr im Fachgebiet besch\u00e4ftigt. I am now a Juniorprofessor (Jun.-Prof. Dr. Robert J\u00e4schke) at Leibniz Universit\u00e4t Hannover, Knowledge-based Systems Institute. You can reach me via phone: +49<a class=\"moretag\" href=\"https:\/\/www.kde.cs.uni-kassel.de\/en\/jaeschke\"> Read more&hellip;<\/a><\/p>\n","protected":false},"author":18,"featured_media":0,"parent":0,"menu_order":70,"comment_status":"closed","ping_status":"closed","template":"employee_template.php","meta":{"footnotes":""},"class_list":["post-284","page","type-page","status-publish","hentry"],"translation":{"provider":"WPGlobus","version":"3.0.2","language":"en","enabled_languages":["de","en"],"languages":{"de":{"title":true,"content":true,"excerpt":false},"en":{"title":false,"content":false,"excerpt":false}}},"_links":{"self":[{"href":"https:\/\/www.kde.cs.uni-kassel.de\/en\/wp-json\/wp\/v2\/pages\/284","targetHints":{"allow":["GET"]}}],"collection":[{"href":"https:\/\/www.kde.cs.uni-kassel.de\/en\/wp-json\/wp\/v2\/pages"}],"about":[{"href":"https:\/\/www.kde.cs.uni-kassel.de\/en\/wp-json\/wp\/v2\/types\/page"}],"author":[{"embeddable":true,"href":"https:\/\/www.kde.cs.uni-kassel.de\/en\/wp-json\/wp\/v2\/users\/18"}],"replies":[{"embeddable":true,"href":"https:\/\/www.kde.cs.uni-kassel.de\/en\/wp-json\/wp\/v2\/comments?post=284"}],"version-history":[{"count":7,"href":"https:\/\/www.kde.cs.uni-kassel.de\/en\/wp-json\/wp\/v2\/pages\/284\/revisions"}],"predecessor-version":[{"id":4970,"href":"https:\/\/www.kde.cs.uni-kassel.de\/en\/wp-json\/wp\/v2\/pages\/284\/revisions\/4970"}],"wp:attachment":[{"href":"https:\/\/www.kde.cs.uni-kassel.de\/en\/wp-json\/wp\/v2\/media?parent=284"}],"curies":[{"name":"wp","href":"https:\/\/api.w.org\/{rel}","templated":true}]}}