{"id":2816,"date":"2018-02-21T23:04:28","date_gmt":"2018-02-21T22:04:28","guid":{"rendered":"https:\/\/www.kde.cs.uni-kassel.de\/?page_id=2816"},"modified":"2018-02-21T23:04:28","modified_gmt":"2018-02-21T22:04:28","slug":"kdd","status":"publish","type":"page","link":"https:\/\/www.kde.cs.uni-kassel.de\/en\/lehre\/ws2016-17\/kdd","title":{"rendered":"Knowledge Discovery (Vorlesung)"},"content":{"rendered":"<p><span style=\"color: #a3004e;\">Erster Veranstaltungstag:<\/span><\/p>\n<p style=\"padding-left: 30px;\">Mittwoch, 26. Oktober 2016, 10:15 h in Raum 1332.<\/p>\n<p><span style=\"color: #a3004e;\"> Ort und Zeit: <\/span><\/p>\n<p style=\"padding-left: 30px;\">Mittwochs, 10.15 Uhr &#8211; 11.45 Uhr, in Raum 1332.<\/p>\n<p><span style=\"color: #a3004e;\"> \u00dcbungen: <\/span><\/p>\n<p style=\"padding-left: 30px;\">Donnerstags, 14.15 Uhr &#8211; 15.45 Uhr, in Raum 0445\/E. Beginn 3. November 2016.<\/p>\n<p><span style=\"color: #a3004e;\"> Vorkenntnisse: <\/span><\/p>\n<p style=\"padding-left: 30px;\">Informatik Grundstudium<\/p>\n<p><span style=\"color: #a3004e;\"> Angesprochener H\u00f6rerInnenkreis: <\/span><\/p>\n<p style=\"padding-left: 30px;\">Informatik Bachelor, Mathematik Nebenfach<\/p>\n<p><span style=\"color: #a3004e;\"> Leistungsnachweis: <\/span><\/p>\n<p style=\"padding-left: 30px;\">M\u00fcndliche Pr\u00fcfung oder Klausur, je nach Teilnehmerzahl<\/p>\n<p><span style=\"color: #a3004e;\"> Veranstalter: <\/span><\/p>\n<p style=\"padding-left: 30px;\"><a href=\"\/stumme\"><u><span style=\"color: #0066cc;\">Prof. Dr. Gerd Stumme<\/span><\/u><\/a><\/p>\n<p><span style=\"color: #a3004e;\"> Inhalt: <\/span><\/p>\n<p style=\"padding-left: 30px;\">Die Vorlesung gibt einen \u00dcberblick \u00fcber Verfahren zur Wissensgewinnung aus strukturierten Daten und Texten. Behandelt werden<\/p>\n<ul>\n<li>Techniken zur Vorverarbeitung und Integration von Datenbest\u00e4nden, wozu das Konzept des Data Warehouse geh\u00f6rt,<\/li>\n<li>OLAP-Techniken f\u00fcr die interaktive Analyse gro\u00dfer Datenbest\u00e4nde,<\/li>\n<li>(halb-)automatische Verfahrung zur Gewinnung neuen Wissens aus strukturierten Daten und Methoden zur Wissensextraktion aus Texten.<\/li>\n<\/ul>\n<p style=\"padding-left: 30px;\">Der Schwerpunkt der Vorlesung liegt auf den maschinellen Lernverfahren, deren Anwendung an konkreten Beispielen aufgezeigt wird.<\/p>\n<p><span style=\"color: #a3004e;\">\u00a0Optionales Praktikum: <\/span><\/p>\n<p style=\"padding-left: 30px;\">Die Vorlesung kann bei Interesse durch die Teilnahme am parallel angebotenen <a href=\"\/kdd_Praktikum\"><u><span style=\"color: #0066cc;\">Praktikum Knowledge Discovery<\/span><\/u><\/a> (2 SWS) sowie am im folgenden Semester angebotenen <a href=\"\/lehre\/ss2017\/data_mining_cup\"><u><span style=\"color: #0066cc;\">Data Mining Cup<\/span><\/u><\/a> (Projektseminar, 4 SWS) erg\u00e4nzt werden.<\/p>\n<p><span style=\"color: #a3004e;\">\u00a0Literatur: <\/span><\/p>\n<ul>\n<li>M. Ester und J. Sander: Knowledge Discovery in Databases: Springer-Verlag, 2000. (Signatur: <a href=\"http:\/\/opac.bibliothek.uni-kassel.de\/DB=1\/CMD?ACT=SRCHA&amp;IKT=6015&amp;SRT=YOP&amp;TRM=Sander:%20Knowledge%20Discovery%20in%20Databases\"><u><span style=\"color: #0066cc;\">55 inf N 2 EST<\/span><\/u><\/a>)<\/li>\n<li>U. M. Fayyad, G. Piatetsky-Shapiro, P. Smyth and R. Uthurasamy: Advances in Knowledge Discovery and Data Mining. Cambridge , London. MIT Press, 1996. (Signatur: <a href=\"http:\/\/opac.bibliothek.uni-kassel.de\/DB=1\/SET=4\/TTL=1\/SHW?FRST=8\"><u><span style=\"color: #0066cc;\">55 inf N 2.3 ADV<\/span><\/u><\/a>)<\/li>\n<li><a href=\"http:\/\/www.crisp-dm.org\/CRISPWP-0800.pdf\"><u><span style=\"color: #0066cc;\">CRoss Industry Standard Process for Data Mining (CRISP-DM) <\/span><\/u><\/a> <i>(da diese Internetseite zurzeit nicht verf\u00fcgbar ist, kann dieses Dokument auch <a href=\"\/lehre\/ws2015-16\/kdd\/files\/CRISPWP-0800.pdf\"><u><span style=\"color: #0066cc;\">hier<\/span><\/u><\/a> bezogen werden)<\/i><\/li>\n<li><a href=\"http:\/\/www.bibsonomy.org\/group\/kde\/lecture+kdd\"><u><span style=\"color: #0066cc;\">Weitere Links und Referenzen zur KDD-Vorlesung in BibSonomy<\/span><\/u><\/a><\/li>\n<\/ul>\n","protected":false},"excerpt":{"rendered":"<p>Erster Veranstaltungstag: Mittwoch, 26. Oktober 2016, 10:15 h in Raum 1332. Ort und Zeit: Mittwochs, 10.15 Uhr &#8211; 11.45 Uhr, in Raum 1332. \u00dcbungen: Donnerstags, 14.15 Uhr &#8211; 15.45 Uhr, in Raum 0445\/E. Beginn 3.<a class=\"moretag\" href=\"https:\/\/www.kde.cs.uni-kassel.de\/en\/lehre\/ws2016-17\/kdd\"> Read more&hellip;<\/a><\/p>\n","protected":false},"author":8,"featured_media":0,"parent":2810,"menu_order":0,"comment_status":"closed","ping_status":"closed","template":"","meta":{"footnotes":""},"class_list":["post-2816","page","type-page","status-publish","hentry"],"translation":{"provider":"WPGlobus","version":"3.0.2","language":"en","enabled_languages":["de","en"],"languages":{"de":{"title":true,"content":true,"excerpt":false},"en":{"title":false,"content":false,"excerpt":false}}},"_links":{"self":[{"href":"https:\/\/www.kde.cs.uni-kassel.de\/en\/wp-json\/wp\/v2\/pages\/2816","targetHints":{"allow":["GET"]}}],"collection":[{"href":"https:\/\/www.kde.cs.uni-kassel.de\/en\/wp-json\/wp\/v2\/pages"}],"about":[{"href":"https:\/\/www.kde.cs.uni-kassel.de\/en\/wp-json\/wp\/v2\/types\/page"}],"author":[{"embeddable":true,"href":"https:\/\/www.kde.cs.uni-kassel.de\/en\/wp-json\/wp\/v2\/users\/8"}],"replies":[{"embeddable":true,"href":"https:\/\/www.kde.cs.uni-kassel.de\/en\/wp-json\/wp\/v2\/comments?post=2816"}],"version-history":[{"count":2,"href":"https:\/\/www.kde.cs.uni-kassel.de\/en\/wp-json\/wp\/v2\/pages\/2816\/revisions"}],"predecessor-version":[{"id":2837,"href":"https:\/\/www.kde.cs.uni-kassel.de\/en\/wp-json\/wp\/v2\/pages\/2816\/revisions\/2837"}],"up":[{"embeddable":true,"href":"https:\/\/www.kde.cs.uni-kassel.de\/en\/wp-json\/wp\/v2\/pages\/2810"}],"wp:attachment":[{"href":"https:\/\/www.kde.cs.uni-kassel.de\/en\/wp-json\/wp\/v2\/media?parent=2816"}],"curies":[{"name":"wp","href":"https:\/\/api.w.org\/{rel}","templated":true}]}}