{"id":2798,"date":"2018-02-21T17:09:04","date_gmt":"2018-02-21T16:09:04","guid":{"rendered":"https:\/\/www.kde.cs.uni-kassel.de\/?page_id=2798"},"modified":"2018-02-21T17:09:04","modified_gmt":"2018-02-21T16:09:04","slug":"fca-seminar","status":"publish","type":"page","link":"https:\/\/www.kde.cs.uni-kassel.de\/en\/lehre\/ss2017\/fca-seminar","title":{"rendered":"Begriffliche Strukturen und Ordnungstheorie (Seminar)"},"content":{"rendered":"<p><span style=\"color: #a3004e;\">Ort und Zeit:<\/span><\/p>\n<p style=\"padding-left: 30px;\">Freitag, 28.4.2017, 11.50 Uhr im Raum 0445\/E \/FG Wissensverarbeitung).<br \/>\nSp\u00e4tere Anmeldungen sind noch bis 5.5.2017 per E-Mail (<a href=\"mailto:stumme@cs.uni-kassel.de\"><u><span style=\"color: #0066cc;\">stumme@cs.uni-kassel.de<\/span><\/u><\/a>) m\u00f6glich.<\/p>\n<p><span style=\"color: #a3004e;\"> Vorkenntnisse:<\/span><\/p>\n<p style=\"padding-left: 30px;\">Informatik-Grundstudium f\u00fcr Einbringung in den Bachelor; abgeschlossener Bachelor f\u00fcr Einbringung in den Master.<\/p>\n<p><span style=\"color: #a3004e;\"> Angesprochener H\u00f6rerInnenkreis:<\/span><\/p>\n<p style=\"padding-left: 30px;\">Bachelor Inf. 4. Sem., Math. NF Inf. Hauptstudium; Master Informatik. F\u00fcr beide Zielgruppen liegen Seminarthemen vor.<\/p>\n<p><span style=\"color: #a3004e;\"> Leistungsnachweis:<\/span><\/p>\n<p style=\"padding-left: 30px;\">Vortrag und Ausarbeitung<br \/>\n<!-- InstanceEndEditable --><\/p>\n<p><span style=\"color: #a3004e;\"> Veranstalter:<\/span><\/p>\n<p style=\"padding-left: 30px;\"><a href=\"\/stumme\"><u><span style=\"color: #0066cc;\">Prof. Dr. Gerd Stumme<\/span><\/u><\/a>, <a href=\"\/hanika\"><u><span style=\"color: #0066cc;\">Tom Hanika<\/span><\/u><\/a><\/p>\n<p><span style=\"color: #a3004e;\">Ziel:<\/span><\/p>\n<p style=\"padding-left: 30px;\">Nach selbst\u00e4ndiger Erarbeitung und kritischer Auseinandersetzung mit einem Thema aus dem Bereich Ordnungstheorie und Begriffliche Strukturen soll eine Ausarbeitung gem\u00e4\u00df dem <a href=\"http:\/\/www.springer.com\/computer\/lncs?SGWID=0-164-2-72376-0\"><u><span style=\"color: #0066cc;\">Springer LNCS<\/span><\/u><\/a> Stil erstellt werden. Die Ausarbeitung soll einen Umfang von 12 Seiten (Bachelor) bzw. 16 Seiten (Master) aufweisen und mit dem Textsatzsystem <a href=\"http:\/\/www.latex-project.org\/\"><u><span style=\"color: #0066cc;\">LaTeX<\/span><\/u><\/a> erstellt werden.<\/p>\n<p><span style=\"color: #a3004e;\">Themen:<\/span><\/p>\n<ul>\n<li>TITANIC: Erstellen Sie einen Survey-Artikel in welchem Sie den TITANIC Algorithmus besprechen, sowie dessen weitere Verwendung in der wissenschaftlichen Literatur. Zitieren Sie dabei mindestens f\u00fcnf Folgearbeiten des Originalartikels und versuchen Sie auch den aktuellen Stand der Forschung abzubilden.<\/li>\n<li>Visualisierung: Zur Visualisierung von Begriffsverb\u00e4nden gibt es eine Vielzahl von Arbeiten. Versuchen sie eine m\u00f6glichst vollst\u00e4ndige \u00dcbersichtsarbeit hierf\u00fcr zu erstellen welche die Vor- und Nachteile der einzelnen Methoden darstellt.<\/li>\n<li>Soziale Netzwerke: F\u00fcr die Analyse von sozialen Netzwerken k\u00f6nnen viele Methoden der Formale Begriffsanalyse verwendet werden. Tragen Sie alle Arbeiten zu diesem Thema in einer neuen \u00dcbersichtsarbeit zusammen und versuchen Sie dabei die jeweiligen Zielstellungen zu kategorisieren.<\/li>\n<li>Komplexit\u00e4t von FCA-Algorithmen: In dem Gebiet der Formalen Begriffsanalyse gibt es eine Vielzahl an Problemstellungen und auch zugeh\u00f6rige Algorithmen die diese l\u00f6sen. Zum Beispiel, wie berechnet man alle formalen Begriffe? Wie entscheidet man ob ein formaler Begriff vorliegt? Wie berechnet man die kanonische Basis? Erstellen Sie eine umfassende \u00dcbersicht \u00fcber alle zentralen algorithmischen Problemstellungen und deren Komplexit\u00e4t.<\/li>\n<li>Weitere Themen auf Nachfrage<\/li>\n<\/ul>\n<p><span style=\"color: #a3004e;\"> Ablauf des Seminars:<\/span><\/p>\n<p style=\"padding-left: 30px;\">Zum Einf\u00fchrungstermin (siehe oben) findet die Themenvergabe statt. Restthemen k\u00f6nnen bis eine Woche sp\u00e4ter auch noch individuell vergeben werden.<\/p>\n<p style=\"padding-left: 30px;\">Eine Abmeldung vom Seminar ist maximal eine Woche nach Ausgabe des Themas m\u00f6glich, um dann anderen Studierenden die M\u00f6glichkeit der Teilnahme zu geben.<\/p>\n<p style=\"padding-left: 30px;\">Vier bis sechs Wochen vor dem geplanten Vortrag (der Termin wird auf der Vorbesprechung vereinbart), stellt der Teilnehmer seine Auswahl an Sekund\u00e4rliteratur dem Betreuer vor (vorherige R\u00fccksprachen sind ausdr\u00fccklich erlaubt). Diese Auswahl geht mit 20 % in die Endnote ein.<\/p>\n<p style=\"padding-left: 30px;\">Drei (3!) Tage vor dem geplanten Vortrag sind per Email als PDF abzugeben:<\/p>\n<ul>\n<li>Eine einseitige Zusammenfassung (die allen Teilnehmern ausgeh\u00e4ndigt wird)<\/li>\n<li>Der Foliensatz f\u00fcr den Vortrag<\/li>\n<li>Eine 12-seitige (Bachelor) bzw. 16-seitige (Master) Ausarbeitung im <a href=\"http:\/\/www.springer.com\/computer\/lncs?SGWID=0-164-2-72376-0\"><u><span style=\"color: #0066cc;\">Springer LNCS<\/span><\/u><\/a>.<\/li>\n<\/ul>\n<p style=\"padding-left: 30px;\">Auch hier sind vorherige Absprachen mit dem Betreuer ausdr\u00fccklich erlaubt. Alle verwendeten Referenzen sind zus\u00e4tzlich zum Literaturverzeichnis der Ausarbeitung in <a href=\"http:\/\/www.bibsonomy.org\" class=\"external\" rel=\"nofollow\"> <u><span style=\"color: #0066cc;\">BibSonomy<\/span><\/u><\/a> einzugeben, mit den Tags &#8220;kde&#8221;, &#8220;seminar&#8221;, &#8220;2017&#8221;, &#8220;fca&#8221; und weiteren sinnvollen Tags.<\/p>\n<p style=\"padding-left: 30px;\">Die Vortragsdauer betr\u00e4gt verbindlich 30 Minuten, nach dem Vortrag besteht Gelegenheit zur Diskussion. Wir empfehlen, den Vortrag vorher vor Zuh\u00f6rern zu \u00fcben. Der Vortrag (inkl. Folien und Abstract) geht mit 40 % in die Endnote ein, die Ausarbeitung ebenfalls mit 40 %. Als Richtlinie f\u00fcr die Erstellung einer guten Seminararbeit (inkl. Vortrag und Ausarbeitung) wird das Buch<\/p>\n<ul>\n<li>Markus Deininger, Horst Lichter, Jochen Ludewig und Kurt Schneider. Studien-Arbeiten: ein Leitfaden zur Vorbereitung, Durchf\u00fchrung und Betreuung von Studien-, Diplom- Abschluss- und Doktorarbeiten am Beispiel Informatik. 5. Auflage. vdf Hochschulverlag, Z\u00fcrich, 2005. <a href=\"http:\/\/www.bibsonomy.org\/bibtex\/0d8d61accf919ca55631acdbb6bcfec73\/stumme\" class=\"external\" rel=\"nofollow\"><u><span style=\"color: #0066cc;\">BibSonomy Eintrag \u00f6ffnen<\/span><\/u><\/a><\/li>\n<\/ul>\n<p style=\"padding-left: 30px;\">empfohlen, welches in der Bibliothek im Semesterapparat des Fachgebiets Wissensverarbeitung ausliegt, und welches auch in einigen Exemplaren ausleihbar ist. Die Benotung der Seminararbeit erfolgt in Anlehnung an das dort auf Seite 77 angegebene Schema, angepasst auf die Erfordernisse einer Seminararbeit und der konkreten Aufgabenstellung.<\/p>\n","protected":false},"excerpt":{"rendered":"<p>Ort und Zeit: Freitag, 28.4.2017, 11.50 Uhr im Raum 0445\/E \/FG Wissensverarbeitung). Sp\u00e4tere Anmeldungen sind noch bis 5.5.2017 per E-Mail (stumme@cs.uni-kassel.de) m\u00f6glich. Vorkenntnisse: Informatik-Grundstudium f\u00fcr Einbringung in den Bachelor; abgeschlossener Bachelor f\u00fcr Einbringung in den<a class=\"moretag\" href=\"https:\/\/www.kde.cs.uni-kassel.de\/en\/lehre\/ss2017\/fca-seminar\"> Read more&hellip;<\/a><\/p>\n","protected":false},"author":8,"featured_media":0,"parent":2734,"menu_order":0,"comment_status":"closed","ping_status":"closed","template":"","meta":{"footnotes":""},"class_list":["post-2798","page","type-page","status-publish","hentry"],"translation":{"provider":"WPGlobus","version":"3.0.2","language":"en","enabled_languages":["de","en"],"languages":{"de":{"title":true,"content":true,"excerpt":false},"en":{"title":false,"content":false,"excerpt":false}}},"_links":{"self":[{"href":"https:\/\/www.kde.cs.uni-kassel.de\/en\/wp-json\/wp\/v2\/pages\/2798","targetHints":{"allow":["GET"]}}],"collection":[{"href":"https:\/\/www.kde.cs.uni-kassel.de\/en\/wp-json\/wp\/v2\/pages"}],"about":[{"href":"https:\/\/www.kde.cs.uni-kassel.de\/en\/wp-json\/wp\/v2\/types\/page"}],"author":[{"embeddable":true,"href":"https:\/\/www.kde.cs.uni-kassel.de\/en\/wp-json\/wp\/v2\/users\/8"}],"replies":[{"embeddable":true,"href":"https:\/\/www.kde.cs.uni-kassel.de\/en\/wp-json\/wp\/v2\/comments?post=2798"}],"version-history":[{"count":2,"href":"https:\/\/www.kde.cs.uni-kassel.de\/en\/wp-json\/wp\/v2\/pages\/2798\/revisions"}],"predecessor-version":[{"id":2800,"href":"https:\/\/www.kde.cs.uni-kassel.de\/en\/wp-json\/wp\/v2\/pages\/2798\/revisions\/2800"}],"up":[{"embeddable":true,"href":"https:\/\/www.kde.cs.uni-kassel.de\/en\/wp-json\/wp\/v2\/pages\/2734"}],"wp:attachment":[{"href":"https:\/\/www.kde.cs.uni-kassel.de\/en\/wp-json\/wp\/v2\/media?parent=2798"}],"curies":[{"name":"wp","href":"https:\/\/api.w.org\/{rel}","templated":true}]}}