{"id":2688,"date":"2018-01-31T14:36:37","date_gmt":"2018-01-31T13:36:37","guid":{"rendered":"https:\/\/www.kde.cs.uni-kassel.de\/?page_id=2688"},"modified":"2018-04-27T11:29:07","modified_gmt":"2018-04-27T09:29:07","slug":"forschungsthemen","status":"publish","type":"page","link":"https:\/\/www.kde.cs.uni-kassel.de\/en\/forschungsthemen","title":{"rendered":"Forschungsthemen"},"content":{"rendered":"<h3>Forschungsthemen<\/h3>\n<p><span>Das Fachgebiet Wissensverarbeitung (Knowledge &amp; Data Engineering) besch\u00e4ftigt sich mit der organisatorischen und technischen Unterst\u00fctzung von Wissensprozessen im WWW. Wir arbeiten an dem allgegenw\u00e4rtigen Web (Ubiquitous Web), in dem das benutzergenerierte Wissen des Web 2.0 und Beobachtungen der r\u00e4umlich-zeitlichen und sozialen Umwelt der Anwender integriert, mit Methoden der Wissensentdeckung angereichert, und im Semantic Web formalisiert werden, um Anwendungen anbieten zu k\u00f6nnen, die den Mensch in all seinen Lebensbereichen umfassend unterst\u00fctzen.<\/span><\/p>\n","protected":false},"excerpt":{"rendered":"<p>Forschungsthemen Das Fachgebiet Wissensverarbeitung (Knowledge &amp; Data Engineering) besch\u00e4ftigt sich mit der organisatorischen und technischen Unterst\u00fctzung von Wissensprozessen im WWW. Wir arbeiten an dem allgegenw\u00e4rtigen Web (Ubiquitous Web), in dem das benutzergenerierte Wissen des Web<a class=\"moretag\" href=\"https:\/\/www.kde.cs.uni-kassel.de\/en\/forschungsthemen\"> Read more&hellip;<\/a><\/p>\n","protected":false},"author":7,"featured_media":0,"parent":0,"menu_order":33,"comment_status":"closed","ping_status":"closed","template":"","meta":{"footnotes":""},"class_list":["post-2688","page","type-page","status-publish","hentry"],"translation":{"provider":"WPGlobus","version":"3.0.2","language":"en","enabled_languages":["de","en"],"languages":{"de":{"title":true,"content":true,"excerpt":false},"en":{"title":false,"content":false,"excerpt":false}}},"_links":{"self":[{"href":"https:\/\/www.kde.cs.uni-kassel.de\/en\/wp-json\/wp\/v2\/pages\/2688","targetHints":{"allow":["GET"]}}],"collection":[{"href":"https:\/\/www.kde.cs.uni-kassel.de\/en\/wp-json\/wp\/v2\/pages"}],"about":[{"href":"https:\/\/www.kde.cs.uni-kassel.de\/en\/wp-json\/wp\/v2\/types\/page"}],"author":[{"embeddable":true,"href":"https:\/\/www.kde.cs.uni-kassel.de\/en\/wp-json\/wp\/v2\/users\/7"}],"replies":[{"embeddable":true,"href":"https:\/\/www.kde.cs.uni-kassel.de\/en\/wp-json\/wp\/v2\/comments?post=2688"}],"version-history":[{"count":4,"href":"https:\/\/www.kde.cs.uni-kassel.de\/en\/wp-json\/wp\/v2\/pages\/2688\/revisions"}],"predecessor-version":[{"id":3195,"href":"https:\/\/www.kde.cs.uni-kassel.de\/en\/wp-json\/wp\/v2\/pages\/2688\/revisions\/3195"}],"wp:attachment":[{"href":"https:\/\/www.kde.cs.uni-kassel.de\/en\/wp-json\/wp\/v2\/media?parent=2688"}],"curies":[{"name":"wp","href":"https:\/\/api.w.org\/{rel}","templated":true}]}}