{"id":1657,"date":"2016-04-14T14:20:45","date_gmt":"2016-04-14T12:20:45","guid":{"rendered":"https:\/\/www.kde.cs.uni-kassel.de\/?page_id=1657"},"modified":"2016-04-14T14:20:45","modified_gmt":"2016-04-14T12:20:45","slug":"bildervomtagdertechnik","status":"publish","type":"page","link":"https:\/\/www.kde.cs.uni-kassel.de\/en\/images\/bildervomtagdertechnik","title":{"rendered":"Bilder vom Tag der Technik"},"content":{"rendered":"<h6 id=\"subtitle\" style=\"text-align: right;\"><span style=\"color: #a3004e;\">&#8230; oder wie Google Musik im Internet findet.<\/span><\/h6>\n<div>\n<p><span class=\"textreg\"> Der Tag der Technik 2007 am 21.09.2007 umfasste wie im vergangenen Jahr Informationen rund um den Ingenieurberuf f\u00fcr interessierte Sch\u00fclerinnen und Sch\u00fcler sowie deren Lehrkr\u00e4fte. Auch bei uns traf eine Sch\u00fclergruppe ein, um sich \u00fcber das Fachgebiet der Wissensverarbeitung zu informieren. <\/span><\/p>\n<p><span class=\"textreg\"> Unser Thema war die Suche nach Musik im Internet, insbesondere die Indexierung von Webseiten und Ranking-Verfahren a la Google&#8217;s PageRank. Neben praktischen PageRank-Nachspiel-Experimenten, sind wir in diesem Experiment gespannt, ob und wann Google die Bilder vom Tag der Technik (bildervomtagdertechnik) findet \ud83d\ude42 <\/span><\/p>\n<p><span class=\"textreg\">Einfach klicken, um das Bild gr\u00f6\u00dfer anzuzeigen.<\/span><\/p>\n<hr \/>\n<p><img loading=\"lazy\" decoding=\"async\" title=\"img_2347.jpg\" src=\"\/images\/bildervomtagdertechnik\/thumbnails\/img_2347.jpg\" alt=\"\" width=\"154\" height=\"118\" align=\"middle\" border=\"0\" \/> <img loading=\"lazy\" decoding=\"async\" title=\"img_2348.jpg\" src=\"\/images\/bildervomtagdertechnik\/thumbnails\/img_2348.jpg\" alt=\"\" width=\"154\" height=\"118\" align=\"middle\" border=\"0\" \/> <img loading=\"lazy\" decoding=\"async\" title=\"img_2349.jpg\" src=\"\/images\/bildervomtagdertechnik\/thumbnails\/img_2349.jpg\" alt=\"\" width=\"154\" height=\"118\" align=\"middle\" border=\"0\" \/> <img loading=\"lazy\" decoding=\"async\" title=\"img_2350.jpg\" src=\"\/images\/bildervomtagdertechnik\/thumbnails\/img_2350.jpg\" alt=\"\" width=\"154\" height=\"118\" align=\"middle\" border=\"0\" \/> <img loading=\"lazy\" decoding=\"async\" title=\"img_2351.jpg\" src=\"\/images\/bildervomtagdertechnik\/thumbnails\/img_2351.jpg\" alt=\"\" width=\"154\" height=\"118\" align=\"middle\" border=\"0\" \/> <img loading=\"lazy\" decoding=\"async\" title=\"img_2352.jpg\" src=\"\/images\/bildervomtagdertechnik\/thumbnails\/img_2352.jpg\" alt=\"\" width=\"154\" height=\"118\" align=\"middle\" border=\"0\" \/> <img loading=\"lazy\" decoding=\"async\" title=\"img_2353.jpg\" src=\"\/images\/bildervomtagdertechnik\/thumbnails\/img_2353.jpg\" alt=\"\" width=\"154\" height=\"118\" align=\"middle\" border=\"0\" \/> <img loading=\"lazy\" decoding=\"async\" title=\"img_2354.jpg\" src=\"\/images\/bildervomtagdertechnik\/thumbnails\/img_2354.jpg\" alt=\"\" width=\"154\" height=\"118\" align=\"middle\" border=\"0\" \/> <img loading=\"lazy\" decoding=\"async\" title=\"img_2355.jpg\" src=\"\/images\/bildervomtagdertechnik\/thumbnails\/img_2355.jpg\" alt=\"\" width=\"154\" height=\"118\" align=\"middle\" border=\"0\" \/> <img loading=\"lazy\" decoding=\"async\" title=\"img_2356.jpg\" src=\"\/images\/bildervomtagdertechnik\/thumbnails\/img_2356.jpg\" alt=\"\" width=\"154\" height=\"118\" align=\"middle\" border=\"0\" \/> <img loading=\"lazy\" decoding=\"async\" title=\"img_2357.jpg\" src=\"\/images\/bildervomtagdertechnik\/thumbnails\/img_2357.jpg\" alt=\"\" width=\"154\" height=\"118\" align=\"middle\" border=\"0\" \/> <img loading=\"lazy\" decoding=\"async\" title=\"img_2358.jpg\" src=\"\/images\/bildervomtagdertechnik\/thumbnails\/img_2358.jpg\" alt=\"\" width=\"154\" height=\"118\" align=\"middle\" border=\"0\" \/><\/p>\n<\/div>\n","protected":false},"excerpt":{"rendered":"<p>&#8230; oder wie Google Musik im Internet findet. Der Tag der Technik 2007 am 21.09.2007 umfasste wie im vergangenen Jahr Informationen rund um den Ingenieurberuf f\u00fcr interessierte Sch\u00fclerinnen und Sch\u00fcler sowie deren Lehrkr\u00e4fte. Auch bei<a class=\"moretag\" href=\"https:\/\/www.kde.cs.uni-kassel.de\/en\/images\/bildervomtagdertechnik\"> Read more&hellip;<\/a><\/p>\n","protected":false},"author":1,"featured_media":0,"parent":1518,"menu_order":0,"comment_status":"closed","ping_status":"closed","template":"","meta":{"footnotes":""},"class_list":["post-1657","page","type-page","status-publish","hentry"],"translation":{"provider":"WPGlobus","version":"3.0.2","language":"en","enabled_languages":["de","en"],"languages":{"de":{"title":true,"content":true,"excerpt":false},"en":{"title":false,"content":false,"excerpt":false}}},"_links":{"self":[{"href":"https:\/\/www.kde.cs.uni-kassel.de\/en\/wp-json\/wp\/v2\/pages\/1657","targetHints":{"allow":["GET"]}}],"collection":[{"href":"https:\/\/www.kde.cs.uni-kassel.de\/en\/wp-json\/wp\/v2\/pages"}],"about":[{"href":"https:\/\/www.kde.cs.uni-kassel.de\/en\/wp-json\/wp\/v2\/types\/page"}],"author":[{"embeddable":true,"href":"https:\/\/www.kde.cs.uni-kassel.de\/en\/wp-json\/wp\/v2\/users\/1"}],"replies":[{"embeddable":true,"href":"https:\/\/www.kde.cs.uni-kassel.de\/en\/wp-json\/wp\/v2\/comments?post=1657"}],"version-history":[{"count":1,"href":"https:\/\/www.kde.cs.uni-kassel.de\/en\/wp-json\/wp\/v2\/pages\/1657\/revisions"}],"predecessor-version":[{"id":1658,"href":"https:\/\/www.kde.cs.uni-kassel.de\/en\/wp-json\/wp\/v2\/pages\/1657\/revisions\/1658"}],"up":[{"embeddable":true,"href":"https:\/\/www.kde.cs.uni-kassel.de\/en\/wp-json\/wp\/v2\/pages\/1518"}],"wp:attachment":[{"href":"https:\/\/www.kde.cs.uni-kassel.de\/en\/wp-json\/wp\/v2\/media?parent=1657"}],"curies":[{"name":"wp","href":"https:\/\/api.w.org\/{rel}","templated":true}]}}