{"id":1568,"date":"2016-04-07T16:52:06","date_gmt":"2016-04-07T14:52:06","guid":{"rendered":"https:\/\/www.kde.cs.uni-kassel.de\/?page_id=1568"},"modified":"2016-04-14T14:11:30","modified_gmt":"2016-04-14T12:11:30","slug":"bildervondersommeruni","status":"publish","type":"page","link":"https:\/\/www.kde.cs.uni-kassel.de\/en\/images\/bildervondersommeruni","title":{"rendered":"Bilder von der Sommeruni"},"content":{"rendered":"<h6 id=\"subtitle\" style=\"text-align: right;\"><span style=\"color: #a3004e;\">&#8230; oder wie Google Musik im Internet findet.<\/span><\/h6>\n<div>\n<p><span class=\"textreg\"> Am 26.08.2007 hatten 100 Sch\u00fclerinnen und Sch\u00fcler der Klassenstufen 9 und 10 aus Schulen in und um Kassel im Rahmen der &#8220;Sommeruniversit\u00e4t&#8221; die M\u00f6glichkeit, ein erstes Mal Uni-Luft zu schnuppern. 8 Angebote von verschiedenen Fachbereichen, die alle ein praktisches Experiment zum Mitmachen beinhalteten, gaben einen Einblick in die Themenfelder der jeweiligen Fachrichtung. Unter anderem war das Ziel, die Sch\u00fclerinnen und Sch\u00fcler f\u00fcr ein &#8220;Fr\u00fchstudium&#8221; zu begeistern. <\/span><\/p>\n<p><span class=\"textreg\"> In diesem Rahmen waren auch in unserem Fachgebiet der Wissensverarbeitung drei Sch\u00fclergruppen zu Besuch. Das Thema lautete &#8220;Wie Google gute Musik im Internet findet&#8221;. Nach einer grundlegenden Einf\u00fchrung \u00fcber die Crawling- und Indexing-Techniken von Google wurde der PageRank-Algorithmus am Beispiel eines Mini-Internets nachgestellt. Anschliessend konnten die Teilnehmer den PageRank von eigenen Webseiten herausfinden, sowie den Standort Ihrer Lieblingswebseiten \u00fcber ein visuelles Traceroute-Programm nachverfolgen. Als letztes Experiment wurden Bilder von diesem Tag ins Internet gestellt, die kurz darauf \u00fcber den Suchbegriff &#8220;bildervondersommeruni&#8221; \u00fcber Google gefunden werden konnten (siehe <a href=\"http:\/\/www.google.de\/search?q=bildervondersommeruni\"><u><span style=\"color: #0066cc;\">http:\/\/www.google.de\/search?q=bildervondersommeruni<\/span><\/u><\/a>). <\/span><\/p>\n<p><span class=\"textreg\">Einfach auf ein Bild klicken, um es gr\u00f6\u00dfer anzuzeigen.<\/span><\/p>\n<hr \/>\n<p><img loading=\"lazy\" decoding=\"async\" title=\"img_2063.jpg\" src=\"\/images\/bildervondersommeruni\/thumbnails\/img_2063.jpg\" alt=\"\" width=\"154\" height=\"118\" align=\"middle\" border=\"0\" \/> <img loading=\"lazy\" decoding=\"async\" title=\"img_2064.jpg\" src=\"\/images\/bildervondersommeruni\/thumbnails\/img_2064.jpg\" alt=\"\" width=\"118\" height=\"154\" align=\"middle\" border=\"0\" \/> <img loading=\"lazy\" decoding=\"async\" title=\"img_2065.jpg\" src=\"\/images\/bildervondersommeruni\/thumbnails\/img_2065.jpg\" alt=\"\" width=\"154\" height=\"118\" align=\"middle\" border=\"0\" \/> <img loading=\"lazy\" decoding=\"async\" title=\"img_2066.jpg\" src=\"\/images\/bildervondersommeruni\/thumbnails\/img_2066.jpg\" alt=\"\" width=\"154\" height=\"118\" align=\"middle\" border=\"0\" \/> <img loading=\"lazy\" decoding=\"async\" title=\"img_2067.jpg\" src=\"\/images\/bildervondersommeruni\/thumbnails\/img_2067.jpg\" alt=\"\" width=\"154\" height=\"118\" align=\"middle\" border=\"0\" \/> <img loading=\"lazy\" decoding=\"async\" title=\"img_2068.jpg\" src=\"\/images\/bildervondersommeruni\/thumbnails\/img_2068.jpg\" alt=\"\" width=\"154\" height=\"118\" align=\"middle\" border=\"0\" \/> <img loading=\"lazy\" decoding=\"async\" title=\"img_2069.jpg\" src=\"\/images\/bildervondersommeruni\/thumbnails\/img_2069.jpg\" alt=\"\" width=\"154\" height=\"118\" align=\"middle\" border=\"0\" \/> <img loading=\"lazy\" decoding=\"async\" title=\"img_2070.jpg\" src=\"\/images\/bildervondersommeruni\/thumbnails\/img_2070.jpg\" alt=\"\" width=\"154\" height=\"118\" align=\"middle\" border=\"0\" \/> <img loading=\"lazy\" decoding=\"async\" title=\"img_2071.jpg\" src=\"\/images\/bildervondersommeruni\/thumbnails\/img_2071.jpg\" alt=\"\" width=\"154\" height=\"118\" align=\"middle\" border=\"0\" \/> <img loading=\"lazy\" decoding=\"async\" title=\"img_2072.jpg\" src=\"\/images\/bildervondersommeruni\/thumbnails\/img_2072.jpg\" alt=\"\" width=\"118\" height=\"154\" align=\"middle\" border=\"0\" \/> <img loading=\"lazy\" decoding=\"async\" title=\"img_2073.jpg\" src=\"\/images\/bildervondersommeruni\/thumbnails\/img_2073.jpg\" alt=\"\" width=\"154\" height=\"118\" align=\"middle\" border=\"0\" \/> <img loading=\"lazy\" decoding=\"async\" title=\"img_2074.jpg\" src=\"\/images\/bildervondersommeruni\/thumbnails\/img_2074.jpg\" alt=\"\" width=\"154\" height=\"118\" align=\"middle\" border=\"0\" \/> <img loading=\"lazy\" decoding=\"async\" title=\"img_2075.jpg\" src=\"\/images\/bildervondersommeruni\/thumbnails\/img_2075.jpg\" alt=\"\" width=\"154\" height=\"118\" align=\"middle\" border=\"0\" \/> <img loading=\"lazy\" decoding=\"async\" title=\"img_2076.jpg\" src=\"\/images\/bildervondersommeruni\/thumbnails\/img_2076.jpg\" alt=\"\" width=\"154\" height=\"118\" align=\"middle\" border=\"0\" \/> <img loading=\"lazy\" decoding=\"async\" title=\"img_2077.jpg\" src=\"\/images\/bildervondersommeruni\/thumbnails\/img_2077.jpg\" alt=\"\" width=\"154\" height=\"118\" align=\"middle\" border=\"0\" \/> <img loading=\"lazy\" decoding=\"async\" title=\"img_2078.jpg\" src=\"\/images\/bildervondersommeruni\/thumbnails\/img_2078.jpg\" alt=\"\" width=\"118\" height=\"154\" align=\"middle\" border=\"0\" \/> <img loading=\"lazy\" decoding=\"async\" title=\"img_2080.jpg\" src=\"\/images\/bildervondersommeruni\/thumbnails\/img_2080.jpg\" alt=\"\" width=\"154\" height=\"118\" align=\"middle\" border=\"0\" \/> <img loading=\"lazy\" decoding=\"async\" title=\"img_2081.jpg\" src=\"\/images\/bildervondersommeruni\/thumbnails\/img_2081.jpg\" alt=\"\" width=\"154\" height=\"118\" align=\"middle\" border=\"0\" \/> <img loading=\"lazy\" decoding=\"async\" title=\"img_2082.jpg\" src=\"\/images\/bildervondersommeruni\/thumbnails\/img_2082.jpg\" alt=\"\" width=\"154\" height=\"118\" align=\"middle\" border=\"0\" \/><\/p>\n<\/div>\n","protected":false},"excerpt":{"rendered":"<p>&#8230; oder wie Google Musik im Internet findet. Am 26.08.2007 hatten 100 Sch\u00fclerinnen und Sch\u00fcler der Klassenstufen 9 und 10 aus Schulen in und um Kassel im Rahmen der &#8220;Sommeruniversit\u00e4t&#8221; die M\u00f6glichkeit, ein erstes Mal<a class=\"moretag\" href=\"https:\/\/www.kde.cs.uni-kassel.de\/en\/images\/bildervondersommeruni\"> Read more&hellip;<\/a><\/p>\n","protected":false},"author":1,"featured_media":0,"parent":1518,"menu_order":0,"comment_status":"closed","ping_status":"closed","template":"","meta":{"footnotes":""},"class_list":["post-1568","page","type-page","status-publish","hentry"],"translation":{"provider":"WPGlobus","version":"3.0.2","language":"en","enabled_languages":["de","en"],"languages":{"de":{"title":true,"content":true,"excerpt":false},"en":{"title":false,"content":false,"excerpt":false}}},"_links":{"self":[{"href":"https:\/\/www.kde.cs.uni-kassel.de\/en\/wp-json\/wp\/v2\/pages\/1568","targetHints":{"allow":["GET"]}}],"collection":[{"href":"https:\/\/www.kde.cs.uni-kassel.de\/en\/wp-json\/wp\/v2\/pages"}],"about":[{"href":"https:\/\/www.kde.cs.uni-kassel.de\/en\/wp-json\/wp\/v2\/types\/page"}],"author":[{"embeddable":true,"href":"https:\/\/www.kde.cs.uni-kassel.de\/en\/wp-json\/wp\/v2\/users\/1"}],"replies":[{"embeddable":true,"href":"https:\/\/www.kde.cs.uni-kassel.de\/en\/wp-json\/wp\/v2\/comments?post=1568"}],"version-history":[{"count":2,"href":"https:\/\/www.kde.cs.uni-kassel.de\/en\/wp-json\/wp\/v2\/pages\/1568\/revisions"}],"predecessor-version":[{"id":1649,"href":"https:\/\/www.kde.cs.uni-kassel.de\/en\/wp-json\/wp\/v2\/pages\/1568\/revisions\/1649"}],"up":[{"embeddable":true,"href":"https:\/\/www.kde.cs.uni-kassel.de\/en\/wp-json\/wp\/v2\/pages\/1518"}],"wp:attachment":[{"href":"https:\/\/www.kde.cs.uni-kassel.de\/en\/wp-json\/wp\/v2\/media?parent=1568"}],"curies":[{"name":"wp","href":"https:\/\/api.w.org\/{rel}","templated":true}]}}