{"id":141,"date":"2016-03-02T11:53:57","date_gmt":"2016-03-02T10:53:57","guid":{"rendered":"https:\/\/www.kde.cs.uni-kassel.de\/?page_id=141"},"modified":"2025-11-13T23:05:18","modified_gmt":"2025-11-13T22:05:18","slug":"fries","status":"publish","type":"page","link":"https:\/\/www.kde.cs.uni-kassel.de\/en\/fries","title":{"rendered":"Bj\u00f6rn Fries"},"content":{"rendered":"<p><a href=\"https:\/\/home.9lb.de\/\">Bj\u00f6rn Fries<\/a> &#8211; Systemadministrator<\/p>\n<ul>\n<li>Universit\u00e4t Kassel, Fachgebiet Wissensverarbeitung<\/li>\n<li><a href=\"http:\/\/www.openstreetmap.de\/karte.html?lon=9.47398&amp;lat=51.31126&amp;zoom=17&amp;layers=B00TT\"><u><span style=\"color: #0066cc;\">Wilhelmsh\u00f6her Allee 73<\/span><\/u><\/a><\/li>\n<li>34121 Kassel<\/li>\n<li>Raum: 0445\/C<\/li>\n<li>Telefon: <a href=\"tel:+495618046249\"><u><span style=\"color: #0066cc;\">+49 561 804-6249<\/span><\/u><\/a><\/li>\n<li>Email: <u><span style=\"color: #0066cc;\"><a href=\"mailto:fries@cs.uni-kassel.de\">fries@cs.uni-kassel.de<\/a>\u00a0\u00a0<\/span><\/u><span>(PGP-Key: <\/span><span><a href=\"https:\/\/keyserver.ubuntu.com\/pks\/lookup?op=get&amp;search=0x88A4062E79AEFDA1\">0x88A4062E79AEFDA1<\/a>)<a rel=\"me\" href=\"https:\/\/social.lol\/@bfr\"><\/a><\/span><\/li>\n<\/ul>\n<hr \/>\n<p><u><span style=\"color: #0066cc;\"><!--\n\n\n\n\n\n\n\n\n\n\n\n\n\n<nav itemprop=\"breadcrumb\" class=\"breadcrumb\">\n <a href=\"#links\">links<\/a>\n<\/nav>\n\n\n\n\n\n\n\n\n\n\n\n\n\n--><\/span><\/u><\/p>\n\n\n<p><\/p>\n","protected":false},"excerpt":{"rendered":"<p>Bj\u00f6rn Fries &#8211; Systemadministrator Universit\u00e4t Kassel, Fachgebiet Wissensverarbeitung Wilhelmsh\u00f6her Allee 73 34121 Kassel Raum: 0445\/C Telefon: +49 561 804-6249 Email: fries@cs.uni-kassel.de\u00a0\u00a0(PGP-Key: 0x88A4062E79AEFDA1)<\/p>\n","protected":false},"author":9,"featured_media":4417,"parent":0,"menu_order":64,"comment_status":"closed","ping_status":"closed","template":"employee_template.php","meta":{"footnotes":""},"class_list":["post-141","page","type-page","status-publish","has-post-thumbnail","hentry"],"translation":{"provider":"WPGlobus","version":"3.0.2","language":"en","enabled_languages":["de","en"],"languages":{"de":{"title":true,"content":true,"excerpt":false},"en":{"title":false,"content":false,"excerpt":false}}},"_links":{"self":[{"href":"https:\/\/www.kde.cs.uni-kassel.de\/en\/wp-json\/wp\/v2\/pages\/141","targetHints":{"allow":["GET"]}}],"collection":[{"href":"https:\/\/www.kde.cs.uni-kassel.de\/en\/wp-json\/wp\/v2\/pages"}],"about":[{"href":"https:\/\/www.kde.cs.uni-kassel.de\/en\/wp-json\/wp\/v2\/types\/page"}],"author":[{"embeddable":true,"href":"https:\/\/www.kde.cs.uni-kassel.de\/en\/wp-json\/wp\/v2\/users\/9"}],"replies":[{"embeddable":true,"href":"https:\/\/www.kde.cs.uni-kassel.de\/en\/wp-json\/wp\/v2\/comments?post=141"}],"version-history":[{"count":23,"href":"https:\/\/www.kde.cs.uni-kassel.de\/en\/wp-json\/wp\/v2\/pages\/141\/revisions"}],"predecessor-version":[{"id":10396,"href":"https:\/\/www.kde.cs.uni-kassel.de\/en\/wp-json\/wp\/v2\/pages\/141\/revisions\/10396"}],"wp:featuredmedia":[{"embeddable":true,"href":"https:\/\/www.kde.cs.uni-kassel.de\/en\/wp-json\/wp\/v2\/media\/4417"}],"wp:attachment":[{"href":"https:\/\/www.kde.cs.uni-kassel.de\/en\/wp-json\/wp\/v2\/media?parent=141"}],"curies":[{"name":"wp","href":"https:\/\/api.w.org\/{rel}","templated":true}]}}