{"id":10418,"date":"2026-02-13T12:57:47","date_gmt":"2026-02-13T11:57:47","guid":{"rendered":"https:\/\/www.kde.cs.uni-kassel.de\/?page_id=10418"},"modified":"2026-03-18T09:57:52","modified_gmt":"2026-03-18T08:57:52","slug":"data_science_competition","status":"publish","type":"page","link":"https:\/\/www.kde.cs.uni-kassel.de\/en\/lehre\/ss2026\/data_science_competition","title":{"rendered":"Bachelorprojekt im Fachgebiet Wissensverarbeitung:  Data Science Competition"},"content":{"rendered":"\n<h2 class=\"wp-block-heading\">Bachelorprojekt im Fachgebiet Wissensverarbeitung: Data Science Competition<\/h2>\n\n\n\n<p>Die Teilnehmer nehmen an einem <strong>Wettbewerb<\/strong> im Bereich des <strong>Maschinellen Lernens<\/strong> teil. <br><br> M\u00f6gliche Wettbewerbe sind:<\/p>\n\n\n\n<ul class=\"wp-block-list\">\n<li><a href=\"https:\/\/ecmlpkdd.org\/2026\/submissions-discovery-track\/\">Discovery Challenge of the ECMLPKDD Conference<\/a><\/li>\n\n\n\n<li><a href=\"https:\/\/graphdrawing.org\">Graph Drawing Contest<\/a><\/li>\n\n\n\n<li><a href=\"https:\/\/scrollprize.org\/\">Vesuvius Challenge<\/a><\/li>\n\n\n\n<li><a href=\"https:\/\/arcprize.org\/\">ARC Prize<\/a><\/li>\n<\/ul>\n\n\n\n<p>Schlagen Sie gerne weitere Wettbewerbe vor. Eine umfangreiche Liste finden Sie hier <a href=\"https:\/\/mlcontests.com\/\">https:\/\/mlcontests.com\/<\/a><\/p>\n\n\n\n<h3 class=\"wp-block-heading\">Aufgabe:<\/h3>\n\n\n\n<p>Teilnahme an einem Wettbewerb auf universit\u00e4tsweiter, nationaler oder internationaler Ebene, bspw. Wettbewerbe \u00fcber Daten von Industrie und Forschung des Fachgebiets oder Kaggle Competitions; Einf\u00fchrung in ben\u00f6tigte theoretische und methodische Grundkenntnisse im Themengebiet; Erarbeitung eines L\u00f6sungskonzepts; Erstellen einer Implementierung.<\/p>\n\n\n\n<h3 class=\"wp-block-heading\"> Vorbesprechungstermin:<\/h3>\n\n\n\n<p>20.04.2026, 16:00 Uhr, Raum 0445\/E im Fachgebiet.<br>Eine fr\u00fchere Kontaktaufnahme ist gerne m\u00f6glich, da manche der Wettbewerbe mitunter mitten in der vorlesungsfreien Zeit beginnen oder enden.<\/p>\n\n\n\n<h3 class=\"wp-block-heading\">Angesprochener H\u00f6rendenkreis:<\/h3>\n\n\n\n<p>Informatik Bachelor<\/p>\n\n\n\n<h3 class=\"wp-block-heading\">Voraussetzungen: <\/h3>\n\n\n\n<p>Kenntnisse aus, bzw. Teilnahme an mindestens einer der Vorlesungen\u00a0Information Retrieval,\u00a0 <a href=\"https:\/\/www.kde.cs.uni-kassel.de\/lehre\/ss2026\/sna\">Social Network Analysis<\/a>, <a href=\"https:\/\/www.kde.cs.uni-kassel.de\/lehre\/ws2025-26\/cda\">Conceptual Data Analysis<\/a> und\u00a0<a href=\"https:\/\/www.kde.cs.uni-kassel.de\/lehre\/ws2025-26\/skida\">Symbolische k\u00fcnstliche Intelligenz und diskrete Datenanalyse<\/a>.<\/p>\n\n\n\n<h3 class=\"wp-block-heading\">Veranstalter: <\/h3>\n\n\n\n<p><a href=\"https:\/\/www.kde.cs.uni-kassel.de\/stumme\">Prof. Dr. Gerd Stumme<\/a>, <a href=\"https:\/\/www.kde.cs.uni-kassel.de\/abdulla\">Mo Abdulla, M.Sc. M.Sc.<\/a>, <a href=\"https:\/\/www.kde.cs.uni-kassel.de\/en\/hille\" data-type=\"link\" data-id=\"https:\/\/www.kde.cs.uni-kassel.de\/en\/hille\">Tobias Hille, M.Sc.<\/a>, <a href=\"https:\/\/www.kde.cs.uni-kassel.de\/noehre\">Marcel N\u00f6hre, M.Sc.<\/a><\/p>\n\n\n\n<p><\/p>\n","protected":false},"excerpt":{"rendered":"<p>Bachelorprojekt im Fachgebiet Wissensverarbeitung: Data Science Competition Die Teilnehmer nehmen an einem Wettbewerb im Bereich des Maschinellen Lernens teil. M\u00f6gliche Wettbewerbe sind: Schlagen Sie gerne weitere Wettbewerbe vor. Eine umfangreiche Liste finden Sie hier https:\/\/mlcontests.com\/<a class=\"moretag\" href=\"https:\/\/www.kde.cs.uni-kassel.de\/en\/lehre\/ss2026\/data_science_competition\"> Read more&hellip;<\/a><\/p>\n","protected":false},"author":15,"featured_media":0,"parent":10413,"menu_order":10,"comment_status":"closed","ping_status":"closed","template":"","meta":{"footnotes":""},"class_list":["post-10418","page","type-page","status-publish","hentry"],"translation":{"provider":"WPGlobus","version":"3.0.2","language":"en","enabled_languages":["de","en"],"languages":{"de":{"title":true,"content":true,"excerpt":false},"en":{"title":false,"content":false,"excerpt":false}}},"_links":{"self":[{"href":"https:\/\/www.kde.cs.uni-kassel.de\/en\/wp-json\/wp\/v2\/pages\/10418","targetHints":{"allow":["GET"]}}],"collection":[{"href":"https:\/\/www.kde.cs.uni-kassel.de\/en\/wp-json\/wp\/v2\/pages"}],"about":[{"href":"https:\/\/www.kde.cs.uni-kassel.de\/en\/wp-json\/wp\/v2\/types\/page"}],"author":[{"embeddable":true,"href":"https:\/\/www.kde.cs.uni-kassel.de\/en\/wp-json\/wp\/v2\/users\/15"}],"replies":[{"embeddable":true,"href":"https:\/\/www.kde.cs.uni-kassel.de\/en\/wp-json\/wp\/v2\/comments?post=10418"}],"version-history":[{"count":4,"href":"https:\/\/www.kde.cs.uni-kassel.de\/en\/wp-json\/wp\/v2\/pages\/10418\/revisions"}],"predecessor-version":[{"id":10490,"href":"https:\/\/www.kde.cs.uni-kassel.de\/en\/wp-json\/wp\/v2\/pages\/10418\/revisions\/10490"}],"up":[{"embeddable":true,"href":"https:\/\/www.kde.cs.uni-kassel.de\/en\/wp-json\/wp\/v2\/pages\/10413"}],"wp:attachment":[{"href":"https:\/\/www.kde.cs.uni-kassel.de\/en\/wp-json\/wp\/v2\/media?parent=10418"}],"curies":[{"name":"wp","href":"https:\/\/api.w.org\/{rel}","templated":true}]}}