{"id":1030,"date":"2016-04-04T17:42:19","date_gmt":"2016-04-04T15:42:19","guid":{"rendered":"https:\/\/www.kde.cs.uni-kassel.de\/?page_id=1030"},"modified":"2016-04-04T17:42:19","modified_gmt":"2016-04-04T15:42:19","slug":"datenbanken","status":"publish","type":"page","link":"https:\/\/www.kde.cs.uni-kassel.de\/en\/lehre\/ss2004\/datenbanken","title":{"rendered":"Datenbanken (Vorlesung)"},"content":{"rendered":"<p>Informationen zur Nachklausur:<\/p>\n<ul>\n<li><b>Termin:<\/b> 18.3.2004, 9:00 Uhr<\/li>\n<li>Ort: WA73, H\u00f6rsaal 0446 (gegen\u00fcber Fachgebiet Wissensverarbeitung)<\/li>\n<li><b>Dauer:<\/b> 120 min<\/li>\n<li><b>Hilfsmittel:<\/b> Es sind ausschlie\u00dflich die <b>Folien der Vorlesung<\/b> als Hilfsmittel zugelassen.<\/li>\n<\/ul>\n<p>Korrekturen zu den Folien verf\u00fcgbar:<a href=\"\/lehre\/ss2004\/datenbanken\/#errata\"><u><span style=\"color: #0066cc;\">siehe unten<\/span><\/u><\/a>.<\/p>\n<p>&nbsp;<\/p>\n<p><span style=\"color: #a3004e;\">Erster Veranstaltungstag:<\/span><\/p>\n<p style=\"padding-left: 30px;\">Dienstag, 20. April 2004 (\u00dcbungen ab Montag, 26. April 2004)<\/p>\n<p><span style=\"color: #a3004e;\"> Ort und Zeit: <\/span><\/p>\n<p style=\"padding-left: 30px;\">Dienstags, 14.00 Uhr s.t.(!) in Raum 1332<\/p>\n<p><span style=\"color: #a3004e;\"> \u00dcbungen: <\/span><\/p>\n<p style=\"padding-left: 30px;\">Montag, 12.00 s.t.(!) &#8211; 13.30 Uhr, in Raum -1606 bzw. im Pool -1201<br \/>\nDienstag, 15.45 s.t.(!) &#8211; 17.15 Uhr in Raum 0443 bzw. im Pool -1201<br \/>\n<b>Achtung: Montags\u00fcbung startet ab sofort um 12.00 statt 12.15!<\/b><\/p>\n<p><span style=\"color: #a3004e;\"> Vorkenntnisse: <\/span><\/p>\n<p style=\"padding-left: 30px;\">Informatik Grundstudium<\/p>\n<p><span style=\"color: #a3004e;\"> Angesprochener H\u00f6rerInnenkreis: <\/span><\/p>\n<p style=\"padding-left: 30px;\"><!-- InstanceEndEditable -->Inf. 4. Sem., Math. NF Inf. Hauptstudium<\/p>\n<p><span style=\"color: #a3004e;\"> Leistungsnachweis: <\/span><\/p>\n<p style=\"padding-left: 30px;\">Klausur<\/p>\n<p><span style=\"color: #a3004e;\"> Veranstalter: <\/span><\/p>\n<p style=\"padding-left: 30px;\"><!-- InstanceEndEditable --><!-- InstanceEndEditable --><!-- InstanceEndEditable -->Prof. Dr. Gerd Stumme, Dipl.-Inform. Christoph Schmitz<\/p>\n<p><span style=\"color: #a3004e;\"> Inhalt: <\/span><\/p>\n<p style=\"padding-left: 30px;\"><!-- InstanceEndEditable --><!-- InstanceEndEditable -->Behandelt werden Theorie und Praxis relationaler Datenbanksysteme, einschlie\u00dflich Schichtenarchitektur, Modellierung mittels ER-Diagrammen, Funktionale Abh\u00e4ngigkeiten, Normalisierung, Armstrongsche Axiome, Relationenkalk\u00fcl und dessen Realisierung in SQL. Soweit die Zeit reicht, werden auch Implementierungsaspekte, speziell die ACID-Eigenschaften des Transaktionskonzepts, angesprochen. In den \u00dcbungen soll verst\u00e4rkt mit SQL auf dem vorhandenen System gearbeitet werden.<\/p>\n<p><span style=\"color: #a3004e;\"> Literatur: <\/span><\/p>\n<p style=\"padding-left: 30px;\"><!-- InstanceEndEditable --><!-- InstanceEndEditable --><!-- InstanceEndEditable -->Alfons Kemper, Andr\u00e9 Eickler: Datenbanksysteme. Eine Einf\u00fchrung. 5., aktualisierte und erweiterte Auflage, Oldenbourg Verlag, 2004. ISBN: 3-486-27392-2. 640 Seiten (Siehe auch <a href=\"http:\/\/www.db.fmi.uni-passau.de\/publications\/books\/DBMSeinf\/\"><u><span style=\"color: #0066cc;\">http:\/\/www.db.fmi.uni-passau.de\/publications\/books\/DBMSeinf\/<\/span><\/u><\/a>)<\/p>\n<p><span style=\"color: #a3004e;\"> Weitere Informationen: <\/span><\/p>\n<p style=\"padding-left: 30px;\"><a href=\"\/daten\"><u><span style=\"color: #0066cc;\">Datenfiles<\/span><\/u><\/a> zu den \u00dcbungen. Das Material der letzten Datenbanken-Vorlesung ist zu finden unter <a href=\"\/ss2004\/datenbanken\"><u><span style=\"color: #0066cc;\">Datenbanken.<\/span><\/u><\/a><\/p>\n<p><span style=\"color: #a3004e;\">Folien:<\/span><\/p>\n<p><span style=\"color: #a3004e;\">Errata:<\/span><\/p>\n<p style=\"padding-left: 30px;\">Es gibt folgende Korrekturen zu den Vorlesungsfolien:<\/p>\n<dl>\n<dd>Kapitel 11, Folie 18:<\/dd>\n<dd>es fehlt ein Pfeil von w1(A) nach w3(A)<\/dd>\n<dd>Kapitel 11, Folie 55:<\/dd>\n<dd>das &#8220;\u2265&#8221; muss durch ein &#8220;&lt;&#8221; ersetzt werden.<\/dd>\n<\/dl>\n<ul>\n<li>1. Kapitel <a href=\"\/lehre\/ss2004\/datenbanken\/folien\/Kapitel1.pdf\"><img decoding=\"async\" src=\"\/images\/pdf.gif\" alt=\"PDF-Download\" \/><\/a> <a href=\"\/lehre\/ss2004\/datenbanken\/folien\/4Folie_Kapitel1.pdf\"><img decoding=\"async\" src=\"\/images\/pdf_4.gif\" alt=\"PDF-Download (4 in 1)\" \/><\/a><\/li>\n<li>2. Kapitel <a href=\"\/lehre\/ss2004\/datenbanken\/folien\/Kapitel2.pdf\"><img decoding=\"async\" src=\"\/images\/pdf.gif\" alt=\"PDF-Download\" \/><\/a> <a href=\"\/lehre\/ss2004\/datenbanken\/folien\/4Folie_Kapitel2.pdf\"><img decoding=\"async\" src=\"\/images\/pdf_4.gif\" alt=\"PDF-Download (4 in 1)\" \/><\/a><\/li>\n<li>3. Kapitel <a href=\"\/lehre\/ss2004\/datenbanken\/folien\/Kapitel3.pdf\"><img decoding=\"async\" src=\"\/images\/pdf.gif\" alt=\"PDF-Download\" \/><\/a> <a href=\"\/lehre\/ss2004\/datenbanken\/folien\/4Folie_Kapitel3.pdf\"><img decoding=\"async\" src=\"\/images\/pdf_4.gif\" alt=\"PDF-Download (4 in 1)\" \/><\/a><\/li>\n<li>4. Kapitel <a href=\"\/lehre\/ss2004\/datenbanken\/folien\/Kapitel4.pdf\"><img decoding=\"async\" src=\"\/images\/pdf.gif\" alt=\"PDF-Download\" \/><\/a> <a href=\"\/lehre\/ss2004\/datenbanken\/folien\/4Folie_Kapitel4.pdf\"><img decoding=\"async\" src=\"\/images\/pdf_4.gif\" alt=\"PDF-Download (4 in 1)\" \/><\/a><\/li>\n<li>5. Kapitel <a href=\"\/lehre\/ss2004\/datenbanken\/folien\/Kapitel5.pdf\"><img decoding=\"async\" src=\"\/images\/pdf.gif\" alt=\"PDF-Download\" \/><\/a> <a href=\"\/lehre\/ss2004\/datenbanken\/folien\/4Folie_Kapitel5.pdf\"><img decoding=\"async\" src=\"\/images\/pdf_4.gif\" alt=\"PDF-Download (4 in 1)\" \/><\/a><\/li>\n<li>6. Kapitel <a href=\"\/lehre\/ss2004\/datenbanken\/folien\/Kapitel6.pdf\"><img decoding=\"async\" src=\"\/images\/pdf.gif\" alt=\"PDF-Download\" \/><\/a> <a href=\"\/lehre\/ss2004\/datenbanken\/folien\/4Folie_Kapitel6.pdf\"><img decoding=\"async\" src=\"\/images\/pdf_4.gif\" alt=\"PDF-Download (4 in 1)\" \/><\/a><\/li>\n<li>M\ufffdtik <a href=\"\/lehre\/ss2004\/datenbanken\/folien\/Maeeutik.pdf\"><img decoding=\"async\" src=\"\/images\/pdf.gif\" alt=\"PDF-Download\" \/><\/a> <a href=\"\/lehre\/ss2004\/datenbanken\/folien\/4Folie_Maeeutik.pdf\"><img decoding=\"async\" src=\"\/images\/pdf_4.gif\" alt=\"PDF-Download (4 in 1)\" \/><\/a><\/li>\n<li>HIS Datenmodell <a href=\"\/lehre\/ss2004\/datenbanken\/folien\/HIS-Datenmodell.pdf\"><img decoding=\"async\" src=\"\/images\/pdf.gif\" alt=\"PDF-Download\" \/><\/a><\/li>\n<li>7. Kapitel <a href=\"\/lehre\/ss2004\/datenbanken\/folien\/Kapitel7.pdf\"><img decoding=\"async\" src=\"\/images\/pdf.gif\" alt=\"PDF-Download\" \/><\/a> <a href=\"\/lehre\/ss2004\/datenbanken\/folien\/4Folie_Kapitel7.pdf\"><img decoding=\"async\" src=\"\/images\/pdf_4.gif\" alt=\"PDF-Download (4 in 1)\" \/><\/a><\/li>\n<li>8. Kapitel <a href=\"\/lehre\/ss2004\/datenbanken\/folien\/Kapitel8.pdf\"><img decoding=\"async\" src=\"\/images\/pdf.gif\" alt=\"PDF-Download\" \/><\/a> <a href=\"\/lehre\/ss2004\/datenbanken\/folien\/4Folie_Kapitel8.pdf\"><img decoding=\"async\" src=\"\/images\/pdf_4.gif\" alt=\"PDF-Download (4 in 1)\" \/><\/a><\/li>\n<li>9. Kapitel <a href=\"\/lehre\/ss2004\/datenbanken\/folien\/Kapitel9.pdf\"><img decoding=\"async\" src=\"\/images\/pdf.gif\" alt=\"PDF-Download\" \/><\/a> <a href=\"\/lehre\/ss2004\/datenbanken\/folien\/4Folie_Kapitel9.pdf\"><img decoding=\"async\" src=\"\/images\/pdf_4.gif\" alt=\"PDF-Download (4 in 1)\" \/><\/a><\/li>\n<li>10. Kapitel <a href=\"\/lehre\/ss2004\/datenbanken\/folien\/Kapitel10.pdf\"><img decoding=\"async\" src=\"\/images\/pdf.gif\" alt=\"PDF-Download\" \/><\/a> <a href=\"\/lehre\/ss2004\/datenbanken\/folien\/4Folie_Kapitel10.pdf\"><img decoding=\"async\" src=\"\/images\/pdf_4.gif\" alt=\"PDF-Download (4 in 1)\" \/><\/a><\/li>\n<li>11. Kapitel <a href=\"\/lehre\/ss2004\/datenbanken\/folien\/Kapitel11.pdf\"><img decoding=\"async\" src=\"\/images\/pdf.gif\" alt=\"PDF-Download\" \/><\/a> <a href=\"\/lehre\/ss2004\/datenbanken\/folien\/4Folie_Kapitel11.pdf\"><img decoding=\"async\" src=\"\/images\/pdf_4.gif\" alt=\"PDF-Download (4 in 1)\" \/><\/a><\/li>\n<li>14. Kapitel <a href=\"\/lehre\/ss2004\/datenbanken\/folien\/Kapitel14.pdf\"><img decoding=\"async\" src=\"\/images\/pdf.gif\" alt=\"PDF-Download\" \/><\/a> <a href=\"\/lehre\/ss2004\/datenbanken\/folien\/4Folie_Kapitel14.pdf\"><img decoding=\"async\" src=\"\/images\/pdf_4.gif\" alt=\"PDF-Download (4 in 1)\" \/><\/a><\/li>\n<li>17. Kapitel <a href=\"\/lehre\/ss2004\/datenbanken\/folien\/Kapitel17.pdf\"><img decoding=\"async\" src=\"\/images\/pdf.gif\" alt=\"PDF-Download\" \/><\/a> <a href=\"\/lehre\/ss2004\/datenbanken\/folien\/4Folie_Kapitel17.pdf\"><img decoding=\"async\" src=\"\/images\/pdf_4.gif\" alt=\"PDF-Download (4 in 1)\" \/><\/a><\/li>\n<\/ul>\n<p><span style=\"color: #a3004e;\">\u00dcbungsaufgaben:<\/span><\/p>\n<ul>\n<li><a href=\"\/lehre\/ss2004\/datenbanken\/uebungen\/uebung1.pdf\"><u><span style=\"color: #0066cc;\">1. \ufffdung (26.4.2004) <img decoding=\"async\" src=\"\/images\/pdf.gif\" alt=\"PDF-Download\" \/><\/span><\/u><\/a> &#8212;<\/li>\n<li><a href=\"\/lehre\/ss2004\/datenbanken\/uebungen\/uebung2.pdf\"><u><span style=\"color: #0066cc;\">2. \ufffdung (3.5.2004) <img decoding=\"async\" src=\"\/images\/pdf.gif\" alt=\"PDF-Download\" \/><\/span><\/u><\/a> &#8212;<\/li>\n<li><a href=\"\/lehre\/ss2004\/datenbanken\/uebungen\/uebung3.pdf\"><u><span style=\"color: #0066cc;\">3. \ufffdung (10.5.2004) <img decoding=\"async\" src=\"\/images\/pdf.gif\" alt=\"PDF-Download\" \/><\/span><\/u><\/a> &#8212;<\/li>\n<li><a href=\"\/lehre\/ss2004\/datenbanken\/uebungen\/uebung4.pdf\"><u><span style=\"color: #0066cc;\">4. \ufffdung (24.5.2004) <img decoding=\"async\" src=\"\/images\/pdf.gif\" alt=\"PDF-Download\" \/><\/span><\/u><\/a> &#8212;<\/li>\n<li><a href=\"\/lehre\/ss2004\/datenbanken\/uebungen\/uebung5.pdf\"><u><span style=\"color: #0066cc;\">5. \ufffdung (1.6.2004) <img decoding=\"async\" src=\"\/images\/pdf.gif\" alt=\"PDF-Download\" \/><\/span><\/u><\/a> &#8212;<\/li>\n<li><a href=\"\/lehre\/ss2004\/datenbanken\/uebungen\/uebung6.pdf\"><u><span style=\"color: #0066cc;\">6. \ufffdung (7.6.2004) <img decoding=\"async\" src=\"\/images\/pdf.gif\" alt=\"PDF-Download\" \/><\/span><\/u><\/a> &#8212;<\/li>\n<li><a href=\"\/lehre\/ss2004\/datenbanken\/uebungen\/uebung7.pdf\"><u><span style=\"color: #0066cc;\">7. \ufffdung (14.6.2004) <img decoding=\"async\" src=\"\/images\/pdf.gif\" alt=\"PDF-Download\" \/><\/span><\/u><\/a> &#8212;<\/li>\n<li><a href=\"\/lehre\/ss2004\/datenbanken\/uebungen\/uebung8.pdf\"><u><span style=\"color: #0066cc;\">8. \ufffdung (21.6.2004) <img decoding=\"async\" src=\"\/images\/pdf.gif\" alt=\"PDF-Download\" \/><\/span><\/u><\/a> &#8212;<\/li>\n<li><a href=\"\/lehre\/ss2004\/datenbanken\/uebungen\/uebung9.pdf\"><u><span style=\"color: #0066cc;\">9. \ufffdung (28.6.2004) <img decoding=\"async\" src=\"\/images\/pdf.gif\" alt=\"PDF-Download\" \/><\/span><\/u><\/a> &#8212;<\/li>\n<li><a href=\"\/lehre\/ss2004\/datenbanken\/uebungen\/uebung10.pdf\"><u><span style=\"color: #0066cc;\">10. \ufffdung (5.7.2004) <img decoding=\"async\" src=\"\/images\/pdf.gif\" alt=\"PDF-Download\" \/><\/span><\/u><\/a> &#8212;<\/li>\n<li><a href=\"\/lehre\/ss2004\/datenbanken\/uebungen\/uebung11.pdf\"><u><span style=\"color: #0066cc;\">11. \ufffdung (12.7.2004) <img decoding=\"async\" src=\"\/images\/pdf.gif\" alt=\"PDF-Download\" \/><\/span><\/u><\/a> &#8212;<\/li>\n<li><a href=\"\/lehre\/ss2004\/datenbanken\/uebungen\/uebung12.pdf\"><u><span style=\"color: #0066cc;\">12. \ufffdung (19.7.2004) <img decoding=\"async\" src=\"\/images\/pdf.gif\" alt=\"PDF-Download\" \/><\/span><\/u><\/a> &#8212;<\/li>\n<\/ul>\n<p><span style=\"color: #a3004e;\">Daten zu den \u00dcbungsaufgaben:<\/span><\/p>\n<ul>\n<li>Schema: <a href=\"\/lehre\/ss2004\/datenbanken\/daten\/schule.sql\"><u><span style=\"color: #0066cc;\">schule.sql<\/span><\/u><\/a><\/li>\n<li>Daten: <a href=\"\/lehre\/ss2004\/datenbanken\/daten\/schule-daten.sql\"><u><span style=\"color: #0066cc;\">schule-daten.sql<\/span><\/u><\/a><\/li>\n<\/ul>\n<p><span style=\"color: #a3004e;\">Weitere Informationen:<\/span><\/p>\n<p style=\"padding-left: 30px;\">Das Material der letzten Datenbanken-Vorlesung ist zu finden unter <a href=\"http:\/\/gretel.db.informatik.uni-kassel.de\/Lehre\/SS2003\/DB\/\"><u><span style=\"color: #0066cc;\">http:\/\/gretel.db.informatik.uni-kassel.de\/Lehre\/SS2003\/DB\/<\/span><\/u><\/a><\/p>\n","protected":false},"excerpt":{"rendered":"<p>Informationen zur Nachklausur: Termin: 18.3.2004, 9:00 Uhr Ort: WA73, H\u00f6rsaal 0446 (gegen\u00fcber Fachgebiet Wissensverarbeitung) Dauer: 120 min Hilfsmittel: Es sind ausschlie\u00dflich die Folien der Vorlesung als Hilfsmittel zugelassen. Korrekturen zu den Folien verf\u00fcgbar:siehe unten. &nbsp;<a class=\"moretag\" href=\"https:\/\/www.kde.cs.uni-kassel.de\/en\/lehre\/ss2004\/datenbanken\"> Read more&hellip;<\/a><\/p>\n","protected":false},"author":1,"featured_media":0,"parent":1026,"menu_order":0,"comment_status":"closed","ping_status":"closed","template":"","meta":{"footnotes":""},"class_list":["post-1030","page","type-page","status-publish","hentry"],"translation":{"provider":"WPGlobus","version":"3.0.2","language":"en","enabled_languages":["de","en"],"languages":{"de":{"title":true,"content":true,"excerpt":false},"en":{"title":false,"content":false,"excerpt":false}}},"_links":{"self":[{"href":"https:\/\/www.kde.cs.uni-kassel.de\/en\/wp-json\/wp\/v2\/pages\/1030","targetHints":{"allow":["GET"]}}],"collection":[{"href":"https:\/\/www.kde.cs.uni-kassel.de\/en\/wp-json\/wp\/v2\/pages"}],"about":[{"href":"https:\/\/www.kde.cs.uni-kassel.de\/en\/wp-json\/wp\/v2\/types\/page"}],"author":[{"embeddable":true,"href":"https:\/\/www.kde.cs.uni-kassel.de\/en\/wp-json\/wp\/v2\/users\/1"}],"replies":[{"embeddable":true,"href":"https:\/\/www.kde.cs.uni-kassel.de\/en\/wp-json\/wp\/v2\/comments?post=1030"}],"version-history":[{"count":2,"href":"https:\/\/www.kde.cs.uni-kassel.de\/en\/wp-json\/wp\/v2\/pages\/1030\/revisions"}],"predecessor-version":[{"id":2676,"href":"https:\/\/www.kde.cs.uni-kassel.de\/en\/wp-json\/wp\/v2\/pages\/1030\/revisions\/2676"}],"up":[{"embeddable":true,"href":"https:\/\/www.kde.cs.uni-kassel.de\/en\/wp-json\/wp\/v2\/pages\/1026"}],"wp:attachment":[{"href":"https:\/\/www.kde.cs.uni-kassel.de\/en\/wp-json\/wp\/v2\/media?parent=1030"}],"curies":[{"name":"wp","href":"https:\/\/api.w.org\/{rel}","templated":true}]}}