{"id":1028,"date":"2016-04-04T17:46:47","date_gmt":"2016-04-04T15:46:47","guid":{"rendered":"https:\/\/www.kde.cs.uni-kassel.de\/?page_id=1028"},"modified":"2018-01-26T14:17:51","modified_gmt":"2018-01-26T13:17:51","slug":"semwebmine","status":"publish","type":"page","link":"https:\/\/www.kde.cs.uni-kassel.de\/en\/lehre\/ss2004\/semwebmine","title":{"rendered":"Semantic Web and Web Mining (Seminar)"},"content":{"rendered":"<p><span style=\"color: #a3004e;\">Erster Veranstaltungstag:<\/span><\/p>\n<p style=\"padding-left: 30px;\">Montag, 26. April 2004<\/p>\n<p><span style=\"color: #a3004e;\">Vortragstermine:<\/span><\/p>\n<p style=\"padding-left: 30px;\">siehe <a href=\"\/lehre\/ss2004\/semwebmine\/currentinfos\"><u><span style=\"color: #0066cc;\">hier<\/span><\/u><\/a><\/p>\n<p><span style=\"color: #a3004e;\">Vorkenntnisse:<\/span><\/p>\n<p style=\"padding-left: 30px;\">Informatik Grundstudium<\/p>\n<p><span style=\"color: #a3004e;\">Angesprochener H\u00f6rerInnenkreis:<\/span><\/p>\n<p style=\"padding-left: 30px;\">Inf. 5. Semester, Math. NF Inf. Hauptstudium<\/p>\n<p><span style=\"color: #a3004e;\">Leistungsnachweis:<\/span><\/p>\n<p style=\"padding-left: 30px;\">Vortrag, schriftliche Ausarbeitung und regelm\u00e4\u00dfige Teilnahme<\/p>\n<p><span style=\"color: #a3004e;\">Veranstalter:<\/span><\/p>\n<p style=\"padding-left: 30px;\">Prof. Dr. Gerd Stumme, D.E.A. Julien Tane<\/p>\n<p><span style=\"color: #a3004e;\">Ort:<\/span><\/p>\n<p style=\"padding-left: 30px;\">WA Neu R -1605, Seminarraum<\/p>\n<p><span style=\"color: #a3004e;\">Inhalt:<\/span><\/p>\n<p style=\"padding-left: 30px;\" align=\"justify\">Das World Wide Web ist zu einer sehr gro\u00dfen Sammlung von Dokumenten gewachsen, die kaum explizit strukturiert ist. Das Semantic Web ist die Vision, Hintergrundwissen \u00fcber die Bedeutung und den Inhalt von Webressourcen durch die Verwendung von maschinenverarbeitbaren Metadaten (XML, RDF, Ontologien) zu speichern, um automatisierte Dienstleistungen, z.B. thematische Suche und Navigation, basierend auf den semantischen Beschreibungen, zu unterst\u00fctzen.<\/p>\n<p style=\"padding-left: 30px;\">Web Mining kann definiert werden als die Entdeckung und die Analyse interessanter und n\u00fctzlicher Information vom World Wide Web. Im generellen unterscheidet man zwischen Web Content Mining, Web Structure Mining und Web Usage Mining. Derzeitige Ans\u00e4tze im Bereich Content Mining beschr\u00e4nken sich haupts\u00e4chlich auf syntaktische Matches (z.B. Keyword-Beziehungsanalyse), im Bereich Structure Mining auf Graph-basierte Algorithmen, und im Bereich Usage Mining werden Click Streams und Hyperlink-Beziehungen untersucht. Das Semantic Web definiert neue Aufgaben f\u00fcr das Mining komplexer Metadaten. W\u00e4hrend die derzeitigen Ans\u00e4tze haupts\u00e4chlich bedeutungslose Assoziationen explorieren, k\u00f6nnen auf Basis maschinenverarbeitbarer Metadaten Struktur und semantische Beziehungen analysiert werden.<\/p>\n<p style=\"padding-left: 30px;\">Das Seminar wird Themen des Semantic Web und des Web Mining analysieren und in Beziehung setzen. In der ersten Sitzung des Seminars wird eine kurze Einf\u00fchrung in das Themengebiet gegeben [1]. Dann werden ausgew\u00e4hlte Texte ausgeteilt, die von den TeilnehmerInnen des Seminars in den folgenden Sitzungen pr\u00e4sentiert werden. Bei der Pr\u00e4sentation geht es in erster Linie um die Vorstellung des Textes, zugleich soll jedoch eine Einordnung in das Thema Semantic Web Mining vorgenommen werden. Zu jedem Vortrag ist eine schriftliche Ausarbeitung abzugeben.<\/p>\n<p style=\"padding-left: 30px;\">[1] <a href=\"http:\/\/www.aifb.uni-karlsruhe.de\/WBS\/gst\/papers\/2002\/ISWC02.pdf\"><u><span style=\"color: #0066cc;\">B. Berendt, A. Hotho, G. Stumme: Towards Semantic Web Mining. In: I. Horrocks, J. Hendler (Eds.) : The Semantic Web \u2014 ISWC 2002, Proc. ISWC \u201902, LNCS, Springer, Heidelberg 2002, 264-278.<\/span><\/u><\/a><\/p>\n","protected":false},"excerpt":{"rendered":"<p>Erster Veranstaltungstag: Montag, 26. April 2004 Vortragstermine: siehe hier Vorkenntnisse: Informatik Grundstudium Angesprochener H\u00f6rerInnenkreis: Inf. 5. Semester, Math. NF Inf. Hauptstudium Leistungsnachweis: Vortrag, schriftliche Ausarbeitung und regelm\u00e4\u00dfige Teilnahme Veranstalter: Prof. Dr. Gerd Stumme, D.E.A. Julien<a class=\"moretag\" href=\"https:\/\/www.kde.cs.uni-kassel.de\/en\/lehre\/ss2004\/semwebmine\"> Read more&hellip;<\/a><\/p>\n","protected":false},"author":1,"featured_media":0,"parent":1026,"menu_order":0,"comment_status":"closed","ping_status":"closed","template":"","meta":{"footnotes":""},"class_list":["post-1028","page","type-page","status-publish","hentry"],"translation":{"provider":"WPGlobus","version":"3.0.2","language":"en","enabled_languages":["de","en"],"languages":{"de":{"title":true,"content":true,"excerpt":false},"en":{"title":false,"content":false,"excerpt":false}}},"_links":{"self":[{"href":"https:\/\/www.kde.cs.uni-kassel.de\/en\/wp-json\/wp\/v2\/pages\/1028","targetHints":{"allow":["GET"]}}],"collection":[{"href":"https:\/\/www.kde.cs.uni-kassel.de\/en\/wp-json\/wp\/v2\/pages"}],"about":[{"href":"https:\/\/www.kde.cs.uni-kassel.de\/en\/wp-json\/wp\/v2\/types\/page"}],"author":[{"embeddable":true,"href":"https:\/\/www.kde.cs.uni-kassel.de\/en\/wp-json\/wp\/v2\/users\/1"}],"replies":[{"embeddable":true,"href":"https:\/\/www.kde.cs.uni-kassel.de\/en\/wp-json\/wp\/v2\/comments?post=1028"}],"version-history":[{"count":3,"href":"https:\/\/www.kde.cs.uni-kassel.de\/en\/wp-json\/wp\/v2\/pages\/1028\/revisions"}],"predecessor-version":[{"id":2622,"href":"https:\/\/www.kde.cs.uni-kassel.de\/en\/wp-json\/wp\/v2\/pages\/1028\/revisions\/2622"}],"up":[{"embeddable":true,"href":"https:\/\/www.kde.cs.uni-kassel.de\/en\/wp-json\/wp\/v2\/pages\/1026"}],"wp:attachment":[{"href":"https:\/\/www.kde.cs.uni-kassel.de\/en\/wp-json\/wp\/v2\/media?parent=1028"}],"curies":[{"name":"wp","href":"https:\/\/api.w.org\/{rel}","templated":true}]}}