{"id":10237,"date":"2025-07-22T14:33:11","date_gmt":"2025-07-22T12:33:11","guid":{"rendered":"https:\/\/www.kde.cs.uni-kassel.de\/?page_id=10237"},"modified":"2025-10-10T17:19:16","modified_gmt":"2025-10-10T15:19:16","slug":"skida","status":"publish","type":"page","link":"https:\/\/www.kde.cs.uni-kassel.de\/en\/lehre\/ws2025-26\/skida","title":{"rendered":"Symbolische k\u00fcnstliche Intelligenz und diskrete Datenanalyse (Vorlesung)"},"content":{"rendered":"<h2>Symbolische k\u00fcnstliche Intelligenz und diskrete Datenanalyse<\/h2>\n<p><span style=\"color: #a3004e;\">Erster Veranstaltungstag:<\/span><\/p>\n<p style=\"padding-left: 30px;\">Mittwoch, 22. Oktober 2025, 10:15 h.\u00a0<span style=\"color: #ff0000;\"><strong><\/strong><\/span><\/p>\n<p><span style=\"color: #a3004e;\"> Ort und Zeit: <\/span><\/p>\n<p style=\"padding-left: 30px;\">Mittwochs, 10.15 Uhr &#8211; 11.45 Uhr, in Raum 0445\/E.<\/p>\n<p><span style=\"color: #a3004e;\"> \u00dcbungen: <\/span><\/p>\n<p style=\"padding-left: 30px;\">Donnerstags, 14.15 Uhr &#8211; 15.45 Uhr<del><\/del>. Beginn 23. Oktober 2025 in Raum 0445\/E.<\/p>\n<p><span style=\"color: #a3004e;\"> Vorkenntnisse: <\/span><\/p>\n<p style=\"padding-left: 30px;\">Informatik Grundstudium<\/p>\n<p><span style=\"color: #a3004e;\"> Angesprochener H\u00f6rendenkreis: <\/span><\/p>\n<p style=\"padding-left: 30px;\">Informatik Bachelor, Mathematik Nebenfach<\/p>\n<p><span style=\"color: #a3004e;\"> Leistungsnachweis: <\/span><\/p>\n<p style=\"padding-left: 30px;\">M\u00fcndliche Pr\u00fcfung oder Klausur, je nach Teilnehmendenzahl<\/p>\n<p><span style=\"color: #a3004e;\"> Veranstalter: <\/span><\/p>\n<p style=\"padding-left: 30px;\"><a href=\"\/stumme\"><u><span>Prof. Dr. Gerd Stumme<\/span><\/u> <\/a><\/p>\n<p><span style=\"color: #a3004e;\"> \u00dcbungsleitung: <\/span><\/p>\n<p style=\"padding-left: 30px;\"><a href=\"\/hille\"><u><span>Tobias Hille<\/span><\/u><\/a><\/p>\n<p><span style=\"color: #a3004e;\"> Links: <\/span><\/p>\n<p style=\"padding-left: 30px;\"><a href=\"https:\/\/moodle.uni-kassel.de\/course\/view.php?id=20191\">Moodle Kurs<\/a><\/p>\n<p><span style=\"color: #a3004e;\"> Inhalt: <\/span><\/p>\n<p style=\"padding-left: 30px;\">Die Vorlesung gibt einen \u00dcberblick \u00fcber Verfahren der symbolischen k\u00fcnstlichen Intelligenz und der Wissensgewinnung aus strukturierten Daten: u.a. heuristische Suche und Constraints, Beschreibungslogiken, Clustering, soziale Netzwerkanalyse, Assoziationsregeln, Formale Begriffsanalyse.<\/p>\n<p><span style=\"color: #a3004e;\">\u00a0Bemerkung: <\/span><\/p>\n<p style=\"padding-left: 30px;\">Die Vorlesung kann im Bachelor Informatik im Bereich Praktische Informatik sowie in den Anwendungsgebieten Knowledge &amp; Data Engineering und Internet-Technologien angerechnet werden.<\/p>\n<p style=\"padding-left: 30px;\">Eine Anmeldung \u00fcber HIS-LSF ist nicht erforderlich.<\/p>\n<p><span style=\"color: #a3004e;\">\u00a0Literatur: <\/span><\/p>\n<ul>\n<li>\n<p>S. Russel, P. Norvig: Artificial Intelligence: A Modern Approach. 4<sup>th<\/sup> Ed., Pearson 2021<\/p>\n<\/li>\n<li>\n<p>M. Ester, J. Sander: Knowledge Discovery in Databases: Springer-Verlag, 2000<\/p>\n<\/li>\n<li>\n<p>B. Ganter, R. Wille: Formal Concept Analysis: Mathematical Foundations. 2<sup>nd<\/sup> Ed., Springer 2024<\/p>\n<p><a href=\"http:\/\/www.bibsonomy.org\/group\/kde\/lecture+kdd\"><u><span style=\"color: #0066cc;\"><\/span><\/u><\/a><\/p>\n<\/li>\n<\/ul>\n\n\n<p><\/p>\n","protected":false},"excerpt":{"rendered":"<p>Symbolische k\u00fcnstliche Intelligenz und diskrete Datenanalyse Erster Veranstaltungstag: Mittwoch, 22. Oktober 2025, 10:15 h.\u00a0 Ort und Zeit: Mittwochs, 10.15 Uhr &#8211; 11.45 Uhr, in Raum 0445\/E. \u00dcbungen: Donnerstags, 14.15 Uhr &#8211; 15.45 Uhr. Beginn 23.<a class=\"moretag\" href=\"https:\/\/www.kde.cs.uni-kassel.de\/en\/lehre\/ws2025-26\/skida\"> Read more&hellip;<\/a><\/p>\n","protected":false},"author":15,"featured_media":0,"parent":10213,"menu_order":15,"comment_status":"closed","ping_status":"closed","template":"","meta":{"footnotes":""},"class_list":["post-10237","page","type-page","status-publish","hentry"],"translation":{"provider":"WPGlobus","version":"3.0.2","language":"en","enabled_languages":["de","en"],"languages":{"de":{"title":true,"content":true,"excerpt":false},"en":{"title":false,"content":false,"excerpt":false}}},"_links":{"self":[{"href":"https:\/\/www.kde.cs.uni-kassel.de\/en\/wp-json\/wp\/v2\/pages\/10237","targetHints":{"allow":["GET"]}}],"collection":[{"href":"https:\/\/www.kde.cs.uni-kassel.de\/en\/wp-json\/wp\/v2\/pages"}],"about":[{"href":"https:\/\/www.kde.cs.uni-kassel.de\/en\/wp-json\/wp\/v2\/types\/page"}],"author":[{"embeddable":true,"href":"https:\/\/www.kde.cs.uni-kassel.de\/en\/wp-json\/wp\/v2\/users\/15"}],"replies":[{"embeddable":true,"href":"https:\/\/www.kde.cs.uni-kassel.de\/en\/wp-json\/wp\/v2\/comments?post=10237"}],"version-history":[{"count":7,"href":"https:\/\/www.kde.cs.uni-kassel.de\/en\/wp-json\/wp\/v2\/pages\/10237\/revisions"}],"predecessor-version":[{"id":10364,"href":"https:\/\/www.kde.cs.uni-kassel.de\/en\/wp-json\/wp\/v2\/pages\/10237\/revisions\/10364"}],"up":[{"embeddable":true,"href":"https:\/\/www.kde.cs.uni-kassel.de\/en\/wp-json\/wp\/v2\/pages\/10213"}],"wp:attachment":[{"href":"https:\/\/www.kde.cs.uni-kassel.de\/en\/wp-json\/wp\/v2\/media?parent=10237"}],"curies":[{"name":"wp","href":"https:\/\/api.w.org\/{rel}","templated":true}]}}