{"id":10220,"date":"2025-07-22T13:55:17","date_gmt":"2025-07-22T11:55:17","guid":{"rendered":"https:\/\/www.kde.cs.uni-kassel.de\/?page_id=10220"},"modified":"2025-10-10T17:11:47","modified_gmt":"2025-10-10T15:11:47","slug":"cda","status":"publish","type":"page","link":"https:\/\/www.kde.cs.uni-kassel.de\/en\/lehre\/ws2025-26\/cda","title":{"rendered":"Conceptual Data Analysis \/ Begriffliche Datenanalyse (Vorlesung)"},"content":{"rendered":"\n<h2 class=\"wp-block-heading\">Conceptual Data Analysis \/ Begriffliche Datenanalyse (Vorlesung)<\/h2>\n\n\n\n<p>Die Formale Begriffsanalyse ist ein Teilgebiet der <strong>K\u00fcnstlichen Intelligenz<\/strong>, mit dem Daten auf Zusammenh\u00e4nge und Struktur analysiert werden k\u00f6nnen. Sie geh\u00f6rt zu den <strong>un\u00fcberwachten Lernverfahren<\/strong>: Die Daten werden dabei so geclustert, dass sie dem menschlichen Denken in Begriffen und <strong>Begriffshierarchien<\/strong> entsprechen.<\/p>\n\n\n\n<p>Die Studierenden erlernen die grundlegenden Konzepte und Methoden der Begriffsanalyse im Bereich der <strong>Wissensverarbeitung und \u2013repr\u00e4sentation<\/strong>: Theorie und Anwendungen der Formalen Begriffsanalyse; Gewinnung von Begriffen und Begriffshierarchien aus Daten; Datenanalyse und Unterst\u00fctzung der Wissensakquisition; Strukturierung der Begriffe in (Spezialisierungs-)Hierarchien; verschiedene Darstellungsformen; Algorithmus zur Exploration eines Merkmalraumes.<\/p>\n\n\n\n<p><strong>Die Materialien zur Vorlesung (Videos, Skript, \u00dcbungsbl\u00e4tter) und Ank\u00fcndigungen (Termin\u00e4nderungen etc.) finden Sie im <\/strong><a href=\"https:\/\/moodle.uni-kassel.de\/course\/view.php?id=20192\" data-type=\"link\" data-id=\"https:\/\/moodle.uni-kassel.de\/course\/view.php?id=20192\">Moodle Kurs<\/a><strong> der Veranstaltung.<\/strong><\/p>\n\n\n\n<p>Der gleichzeitige oder anschlie\u00dfende Besuch des Labors <a href=\"https:\/\/www.kde.cs.uni-kassel.de\/lehre\/ws2025-26\/labor-qda\">Qualitative Datenanalyse<\/a> wird empfohlen.<\/p>\n\n\n\n<h3 class=\"wp-block-heading\">Erster Veranstaltungstag:<\/h3>\n\n\n\n<p>Dienstag, 21.10.2025<\/p>\n\n\n\n<h3 class=\"wp-block-heading\">Ort und Zeit: <\/h3>\n\n\n\n<p>Dienstags, 10.15 h &#8211; 11.45 h in Raum 0445\/E<\/p>\n\n\n\n<h3 class=\"wp-block-heading\">\u00dcbungen: <\/h3>\n\n\n\n<p>Donnerstags, 16.00 h &#8211; 17.30 h, in Raum 0445\/E, Beginn 23.10.2025<\/p>\n\n\n\n<h3 class=\"wp-block-heading\">Vorkenntnisse: <\/h3>\n\n\n\n<p>Informatik Grundstudium<\/p>\n\n\n\n<h3 class=\"wp-block-heading\">Angesprochener H\u00f6rendenkreis:<\/h3>\n\n\n\n<p>Informatik Master<\/p>\n\n\n\n<h3 class=\"wp-block-heading\">Umfang: <\/h3>\n\n\n\n<p>6 Cr.<\/p>\n\n\n\n<h3 class=\"wp-block-heading\">Leistungsnachweis: <\/h3>\n\n\n\n<p>m\u00fcndliche Pr\u00fcfung (ca. 30min) oder schriftliche Pr\u00fcfung (ca. 120min)<\/p>\n\n\n\n<h3 class=\"wp-block-heading\">Veranstalter: <\/h3>\n\n\n\n<p><a href=\"\/stumme\"><u><span style=\"color: #0066cc;\">Prof. Dr. Gerd Stumme<\/span><\/u><\/a><\/p>\n\n\n\n<h3 class=\"wp-block-heading\">\u00dcbungsleiter: <\/h3>\n\n\n\n<p><a href=\"\/abdulla\"><u><span style=\"color: #0066cc;\">Mo Abdulla<\/span><\/u><\/a><\/p>\n\n\n<p><!-- \/wp:post-content --><\/p>\n<p><!-- wp:heading {\"level\":3} --><\/p>\n<h3>Literatur: <\/h3>\n<p><!-- \/wp:heading --><\/p>\n<p><!-- wp:paragraph --><\/p>\n<p>&#8211; Ganter, Wille: Formale Begriffsanalyse \u2013 mathematische Grundlagen<br \/>&#8211; Ganter, Stumme, Wille: Formal Concept Analysis \u2013 Foundations and Applications<br \/>&#8211; Ganter, Obiedkov: Conceptual Exploration<!-- InstanceEndEditable --><\/p>\n<p><!-- \/wp:paragraph --><\/p>","protected":false},"excerpt":{"rendered":"<p>Conceptual Data Analysis \/ Begriffliche Datenanalyse (Vorlesung) Die Formale Begriffsanalyse ist ein Teilgebiet der K\u00fcnstlichen Intelligenz, mit dem Daten auf Zusammenh\u00e4nge und Struktur analysiert werden k\u00f6nnen. Sie geh\u00f6rt zu den un\u00fcberwachten Lernverfahren: Die Daten werden<a class=\"moretag\" href=\"https:\/\/www.kde.cs.uni-kassel.de\/en\/lehre\/ws2025-26\/cda\"> Read more&hellip;<\/a><\/p>\n","protected":false},"author":15,"featured_media":0,"parent":10213,"menu_order":15,"comment_status":"closed","ping_status":"closed","template":"","meta":{"footnotes":""},"class_list":["post-10220","page","type-page","status-publish","hentry"],"translation":{"provider":"WPGlobus","version":"3.0.2","language":"en","enabled_languages":["de","en"],"languages":{"de":{"title":true,"content":true,"excerpt":false},"en":{"title":false,"content":false,"excerpt":false}}},"_links":{"self":[{"href":"https:\/\/www.kde.cs.uni-kassel.de\/en\/wp-json\/wp\/v2\/pages\/10220","targetHints":{"allow":["GET"]}}],"collection":[{"href":"https:\/\/www.kde.cs.uni-kassel.de\/en\/wp-json\/wp\/v2\/pages"}],"about":[{"href":"https:\/\/www.kde.cs.uni-kassel.de\/en\/wp-json\/wp\/v2\/types\/page"}],"author":[{"embeddable":true,"href":"https:\/\/www.kde.cs.uni-kassel.de\/en\/wp-json\/wp\/v2\/users\/15"}],"replies":[{"embeddable":true,"href":"https:\/\/www.kde.cs.uni-kassel.de\/en\/wp-json\/wp\/v2\/comments?post=10220"}],"version-history":[{"count":7,"href":"https:\/\/www.kde.cs.uni-kassel.de\/en\/wp-json\/wp\/v2\/pages\/10220\/revisions"}],"predecessor-version":[{"id":10356,"href":"https:\/\/www.kde.cs.uni-kassel.de\/en\/wp-json\/wp\/v2\/pages\/10220\/revisions\/10356"}],"up":[{"embeddable":true,"href":"https:\/\/www.kde.cs.uni-kassel.de\/en\/wp-json\/wp\/v2\/pages\/10213"}],"wp:attachment":[{"href":"https:\/\/www.kde.cs.uni-kassel.de\/en\/wp-json\/wp\/v2\/media?parent=10220"}],"curies":[{"name":"wp","href":"https:\/\/api.w.org\/{rel}","templated":true}]}}