{"id":1016,"date":"2016-04-04T17:25:46","date_gmt":"2016-04-04T15:25:46","guid":{"rendered":"https:\/\/www.kde.cs.uni-kassel.de\/?page_id=1016"},"modified":"2016-04-04T17:33:04","modified_gmt":"2016-04-04T15:33:04","slug":"kdd","status":"publish","type":"page","link":"https:\/\/www.kde.cs.uni-kassel.de\/en\/lehre\/ss2005\/kdd","title":{"rendered":"Knowledge Discovery (Vorlesung)"},"content":{"rendered":"<p><span style=\"color: #a3004e;\">Anmeldung beim Gforce-Projekt &#8220;KDD_\u00dcbung&#8221; zur Teilnahme an der praktischen \u00dcbungsaufgabe.<\/span><\/p>\n<p style=\"padding-left: 30px;\">Und hier findet man den <a href=\"https:\/\/gforge.cs.uni-kassel.de\/\"><u><span style=\"color: #0066cc;\">Gforge Server<\/span><\/u><\/a> und hier das Projekt <a href=\"https:\/\/gforge.cs.uni-kassel.de\/projects\/kddss2005\/\"><u><span style=\"color: #0066cc;\">KDD_\u00dcbung<\/span><\/u><\/a> f\u00fcr die \u00dcbung. So ich habe eine Mailman-Liste angelegt, mit dem Namen <a href=\"http:\/\/lists.gforge.cs.uni-kassel.de\/mailman\/listinfo\/kddss2005-discuss\"><u><span style=\"color: #0066cc;\">kddss2005-discuss<\/span><\/u><\/a>. Bitte tragt Euch dort ein.<\/p>\n<p><span style=\"color: #a3004e;\">Erster Veranstaltungstag:<\/span><\/p>\n<p style=\"padding-left: 30px;\">Dienstag, 13. April 2005 (\u00dcbungen ab Dienstag 26. April) in Raum 0443<\/p>\n<p><span style=\"color: #a3004e;\"> Vorlesungen:<\/span><\/p>\n<p style=\"padding-left: 30px;\">Mittwochs, 14.00 h &#8211; 15.30 h, in Raum 0443<\/p>\n<p><span style=\"color: #a3004e;\"> \u00dcbungen: <\/span><\/p>\n<p style=\"padding-left: 30px;\">Dienstag, 12.30 h &#8211; 14.00 h, in Raum 0443<\/p>\n<p><span style=\"color: #a3004e;\"> Vorkenntnisse: <\/span><\/p>\n<p style=\"padding-left: 30px;\">Informatik Grundstudium<\/p>\n<p><span style=\"color: #a3004e;\"> Angesprochener H\u00f6rerInnenkreis: <\/span><\/p>\n<p style=\"padding-left: 30px;\">Inf. Hauptstudium, Math. NF Inf. Hauptstudium<\/p>\n<p><span style=\"color: #a3004e;\"> Leistungsnachweis: <\/span><\/p>\n<p style=\"padding-left: 30px;\">m\u00fcndliche Pr\u00fcfung oder Klausur, je nach Teilnehmerzahl<\/p>\n<p><span style=\"color: #a3004e;\"> Veranstalter: <\/span><\/p>\n<p style=\"padding-left: 30px;\"><a href=\"\/hotho\"><u><span style=\"color: #0066cc;\">Dr. Andreas Hotho<\/span><\/u><\/a><\/p>\n<p><span style=\"color: #a3004e;\"> Inhalt: <\/span><\/p>\n<p style=\"padding-left: 30px;\">Die Vorlesung gibt einen \u00dcberblick \u00fcber Verfahren zur Wissensgewinnung aus strukturierten Daten und Texten. Behandelt werden<\/p>\n<ul>\n<li>Techniken zur Vorverarbeitung und Integration von Datenbest\u00e4nden, wozu das Konzept des Data Warehouse geh\u00f6rt,<\/li>\n<li>OLAP-Techniken f\u00fcr die interaktive Analyse gro\u00dfer Datenbest\u00e4nde,<\/li>\n<li>(halb-)automatische Verfahrung zur Gewinnung neuen Wissens aus strukturierten Daten und<\/li>\n<li>Methoden zur Wissensextraktion aus Texten.<\/li>\n<\/ul>\n<p style=\"padding-left: 30px;\">Der Schwerpunkt der Vorlesung liegt auf den maschinellen Lernverfahren, deren Anwendung an konkreten Beispielen aufgezeigt wird.<\/p>\n<p><span style=\"color: #a3004e;\"> Literatur: <\/span><\/p>\n<ul>\n<li>M. Ester und J. Sander: Knowledge Discovery in Databases: Springer-Verlag, 2000.<\/li>\n<li>U. M. Fayyad, G. Piatetsky-Shapiro, P. Smyth and R. Uthurasamy: Advances in Knowledge Discovery and Data Mining. Cambridge, London. MIT Press, 1996.<\/li>\n<li>T.M. Mitchell. Machine Learning. McGraw-Hill. 1997.<\/li>\n<li>Berthold M., Hand D. J. (eds.), \u201eIntelligent Data Analysis: An Introduction\u201c, Springer Verlag, Heidelberg, 1999.<\/li>\n<li>Witten I. H., Frank E., \u201eData Mining: Practical Machine Learning Tools and Techniques with Java Implementations\u201c, Morgan Kaufmann Publishers, 2000.<\/li>\n<li>D. Pyle. Data Preparation for Data Mining. Morgan Kaufmann. 1999.<\/li>\n<li>S. Chaudhuri and U. Dayal: An Overview of Data Warehousing and OLAP Technology. in: SIGMOD Record, Vol. 26, No. 1, March 1997. S.65-74.<\/li>\n<li><a href=\"http:\/\/www.crisp-dm.org\/CRISPWP-0800.pdf\"><u><span style=\"color: #0066cc;\">CRoss Industry Standard Process for Data Mining (CRISP-DM)<\/span><\/u><\/a><\/li>\n<li>Die Folien zur Vorlesung basieren zum gro\u00dfen Teil auf den Informationen der Seite: <a href=\"http:\/\/www.dbs.informatik.uni-muenchen.de\/buecher\/kdd.html\"><u><span style=\"color: #0066cc;\">Weitere Informationen zum Lehrbuch &#8220;Knowledge Discovery in Databases&#8221;<\/span><\/u><\/a><\/li>\n<li>Die Folien (Kap5.6) zur Einf\u00fchrung der SVM wurden der <a href=\"http:\/\/www-ai.cs.uni-dortmund.de\/LEHRE\/VORLESUNGEN\/MLRN\/ml.html\"><u><span style=\"color: #0066cc;\">Vorlesung &#8220;Maschinelles Lernen und Data Mining&#8221; von Katharina Morik<\/span><\/u><\/a> entnommen.<\/li>\n<\/ul>\n<p><span style=\"color: #a3004e;\"> Folien:<\/span><\/p>\n<ul>\n<li>Kap1.pdf<span style=\"color: #a3004e;\"> <a href=\"http:\/\/www.kde.cs.uni-kassel.de\/lehre\/ss2005\/kdd\/folien\/Kap1.pdf\"><img decoding=\"async\" src=\"http:\/\/www.kde.cs.uni-kassel.de\/images\/pdf.gif\" alt=\"PDF-Download\" \/><\/a> <a href=\"http:\/\/www.kde.cs.uni-kassel.de\/lehre\/ss2005\/kdd\/folien\/4Folie_Kap1.pdf\"><img decoding=\"async\" src=\"http:\/\/www.kde.cs.uni-kassel.de\/images\/pdf_4.gif\" alt=\"PDF-Download (4 in 1)\" \/><\/a><\/span><\/li>\n<li>Kap2.pdf <a href=\"http:\/\/www.kde.cs.uni-kassel.de\/lehre\/ss2005\/kdd\/folien\/Kap2.pdf\"><img decoding=\"async\" src=\"http:\/\/www.kde.cs.uni-kassel.de\/images\/pdf.gif\" alt=\"PDF-Download\" \/><\/a> <a href=\"http:\/\/www.kde.cs.uni-kassel.de\/lehre\/ss2005\/kdd\/folien\/4Folie_Kap2.pdf\"><img decoding=\"async\" src=\"http:\/\/www.kde.cs.uni-kassel.de\/images\/pdf_4.gif\" alt=\"PDF-Download (4 in 1)\" \/><\/a><\/li>\n<li>Kap3.pdf <a href=\"http:\/\/www.kde.cs.uni-kassel.de\/lehre\/ss2005\/kdd\/folien\/Kap3.pdf\"><img decoding=\"async\" src=\"http:\/\/www.kde.cs.uni-kassel.de\/images\/pdf.gif\" alt=\"PDF-Download\" \/><\/a> <a href=\"http:\/\/www.kde.cs.uni-kassel.de\/lehre\/ss2005\/kdd\/folien\/4Folie_Kap3.pdf\"><img decoding=\"async\" src=\"http:\/\/www.kde.cs.uni-kassel.de\/images\/pdf_4.gif\" alt=\"PDF-Download (4 in 1)\" \/><\/a><\/li>\n<li>Kap4.pdf <a href=\"http:\/\/www.kde.cs.uni-kassel.de\/lehre\/ss2005\/kdd\/folien\/Kap4.pdf\"><img decoding=\"async\" src=\"http:\/\/www.kde.cs.uni-kassel.de\/images\/pdf.gif\" alt=\"PDF-Download\" \/><\/a> <a href=\"http:\/\/www.kde.cs.uni-kassel.de\/lehre\/ss2005\/kdd\/folien\/4Folie_Kap4.pdf\"><img decoding=\"async\" src=\"http:\/\/www.kde.cs.uni-kassel.de\/images\/pdf_4.gif\" alt=\"PDF-Download (4 in 1)\" \/><\/a><\/li>\n<li>Kap5.pdf <a href=\"http:\/\/www.kde.cs.uni-kassel.de\/lehre\/ss2005\/kdd\/folien\/Kap5.pdf\"><img decoding=\"async\" src=\"http:\/\/www.kde.cs.uni-kassel.de\/images\/pdf.gif\" alt=\"PDF-Download\" \/><\/a> <a href=\"http:\/\/www.kde.cs.uni-kassel.de\/lehre\/ss2005\/kdd\/folien\/4Folie_Kap5.pdf\"><img decoding=\"async\" src=\"http:\/\/www.kde.cs.uni-kassel.de\/images\/pdf_4.gif\" alt=\"PDF-Download (4 in 1)\" \/><\/a><\/li>\n<li>Kap4-Ergaenzung-FBA.pdf <a href=\"http:\/\/www.kde.cs.uni-kassel.de\/lehre\/ss2005\/kdd\/folien\/Kap4-Ergaenzung-FBA.pdf\"><img decoding=\"async\" src=\"http:\/\/www.kde.cs.uni-kassel.de\/images\/pdf.gif\" alt=\"PDF-Download\" \/><\/a> <a href=\"http:\/\/www.kde.cs.uni-kassel.de\/lehre\/ss2005\/kdd\/folien\/4Folie_Kap4-Ergaenzung-FBA.pdf\"><img decoding=\"async\" src=\"http:\/\/www.kde.cs.uni-kassel.de\/images\/pdf_4.gif\" alt=\"PDF-Download (4 in 1)\" \/><\/a><\/li>\n<li>Kap5_6_SVM.pdf <a href=\"http:\/\/www.kde.cs.uni-kassel.de\/lehre\/ss2005\/kdd\/folien\/Kap5_6_SVM.pdf\"><img decoding=\"async\" src=\"http:\/\/www.kde.cs.uni-kassel.de\/images\/pdf.gif\" alt=\"PDF-Download\" \/><\/a> <a href=\"http:\/\/www.kde.cs.uni-kassel.de\/lehre\/ss2005\/kdd\/folien\/4Folie_Kap5_6_SVM.pdf\"><img decoding=\"async\" src=\"http:\/\/www.kde.cs.uni-kassel.de\/images\/pdf_4.gif\" alt=\"PDF-Download (4 in 1)\" \/><\/a><\/li>\n<li>Kap6.pdf <a href=\"http:\/\/www.kde.cs.uni-kassel.de\/lehre\/ss2005\/kdd\/folien\/Kap6.pdf\"><img decoding=\"async\" src=\"http:\/\/www.kde.cs.uni-kassel.de\/images\/pdf.gif\" alt=\"PDF-Download\" \/><\/a> <a href=\"http:\/\/www.kde.cs.uni-kassel.de\/lehre\/ss2005\/kdd\/folien\/4Folie_Kap6.pdf\"><img decoding=\"async\" src=\"http:\/\/www.kde.cs.uni-kassel.de\/images\/pdf_4.gif\" alt=\"PDF-Download (4 in 1)\" \/><\/a><\/li>\n<li>Kap7.pdf <a href=\"http:\/\/www.kde.cs.uni-kassel.de\/lehre\/ss2005\/kdd\/folien\/Kap7.pdf\"><img decoding=\"async\" src=\"http:\/\/www.kde.cs.uni-kassel.de\/images\/pdf.gif\" alt=\"PDF-Download\" \/><\/a> <a href=\"http:\/\/www.kde.cs.uni-kassel.de\/lehre\/ss2005\/kdd\/folien\/4Folie_Kap7.pdf\"><img decoding=\"async\" src=\"http:\/\/www.kde.cs.uni-kassel.de\/images\/pdf_4.gif\" alt=\"PDF-Download (4 in 1)\" \/><\/a><\/li>\n<\/ul>\n<p><span style=\"color: #a3004e;\">\u00dcbungsaufgaben:<\/span><\/p>\n<ul>\n<li><span style=\"color: #a3004e;\"><a href=\"http:\/\/www.kde.cs.uni-kassel.de\/lehre\/ss2005\/kdd\/uebung\/Uebung1.pdf\"><u><span style=\"color: #0066cc;\">\ufffdung 1 <img decoding=\"async\" src=\"http:\/\/www.kde.cs.uni-kassel.de\/images\/pdf.gif\" alt=\"PDF-Download\" \/><\/span><\/u><\/a><\/span><\/li>\n<li><a href=\"http:\/\/www.kde.cs.uni-kassel.de\/lehre\/ss2005\/kdd\/uebung\/Uebung2_Praxis.pdf\"><u><span style=\"color: #0066cc;\">Uebung 2 (Praxis) <img decoding=\"async\" src=\"http:\/\/www.kde.cs.uni-kassel.de\/images\/pdf.gif\" alt=\"PDF-Download\" \/><\/span><\/u><\/a><\/li>\n<li><a href=\"http:\/\/www.kde.cs.uni-kassel.de\/lehre\/ss2005\/kdd\/uebung\/Uebung3.pdf\"><u><span style=\"color: #0066cc;\">\ufffdung 3 <img decoding=\"async\" src=\"http:\/\/www.kde.cs.uni-kassel.de\/images\/pdf.gif\" alt=\"PDF-Download\" \/><\/span><\/u><\/a><\/li>\n<li><a href=\"http:\/\/www.kde.cs.uni-kassel.de\/lehre\/ss2005\/kdd\/uebung\/Uebung4.pdf\"><u><span style=\"color: #0066cc;\">\ufffdung 4 <img decoding=\"async\" src=\"http:\/\/www.kde.cs.uni-kassel.de\/images\/pdf.gif\" alt=\"PDF-Download\" \/><\/span><\/u><\/a><\/li>\n<li><a href=\"http:\/\/www.kde.cs.uni-kassel.de\/lehre\/ss2005\/kdd\/uebung\/Uebung5.pdf\"><u><span style=\"color: #0066cc;\">\ufffdung 5 <img decoding=\"async\" src=\"http:\/\/www.kde.cs.uni-kassel.de\/images\/pdf.gif\" alt=\"PDF-Download\" \/><\/span><\/u><\/a><\/li>\n<li><a href=\"http:\/\/www.kde.cs.uni-kassel.de\/lehre\/ss2005\/kdd\/uebung\/Uebung6.pdf\"><u><span style=\"color: #0066cc;\">\ufffdung 6 <img decoding=\"async\" src=\"http:\/\/www.kde.cs.uni-kassel.de\/images\/pdf.gif\" alt=\"PDF-Download\" \/><\/span><\/u><\/a><\/li>\n<li><a href=\"http:\/\/www.kde.cs.uni-kassel.de\/lehre\/ss2005\/kdd\/uebung\/Uebung7.pdf\"><u><span style=\"color: #0066cc;\">\ufffdung 7 <img decoding=\"async\" src=\"http:\/\/www.kde.cs.uni-kassel.de\/images\/pdf.gif\" alt=\"PDF-Download\" \/><\/span><\/u><\/a><\/li>\n<li><a href=\"http:\/\/www.kde.cs.uni-kassel.de\/lehre\/ss2005\/kdd\/uebung\/Uebung8.pdf\"><u><span style=\"color: #0066cc;\">\ufffdung 8 <img decoding=\"async\" src=\"http:\/\/www.kde.cs.uni-kassel.de\/images\/pdf.gif\" alt=\"PDF-Download\" \/><\/span><\/u><\/a><\/li>\n<\/ul>\n<p><span style=\"color: #a3004e;\">Weitere Informationen:<\/span><\/p>\n<p style=\"padding-left: 30px;\">Das Material der letzten KDD-Vorlesung ist zu finden unter <a href=\"\/ss2004\/kdd\/\"><u><span style=\"color: #0066cc;\">\/lehre\/ss2004\/kdd\/<\/span><\/u><\/a><\/p>\n<p>&nbsp;<\/p>\n","protected":false},"excerpt":{"rendered":"<p>Anmeldung beim Gforce-Projekt &#8220;KDD_\u00dcbung&#8221; zur Teilnahme an der praktischen \u00dcbungsaufgabe. Und hier findet man den Gforge Server und hier das Projekt KDD_\u00dcbung f\u00fcr die \u00dcbung. So ich habe eine Mailman-Liste angelegt, mit dem Namen kddss2005-discuss.<a class=\"moretag\" href=\"https:\/\/www.kde.cs.uni-kassel.de\/en\/lehre\/ss2005\/kdd\"> Read more&hellip;<\/a><\/p>\n","protected":false},"author":1,"featured_media":0,"parent":341,"menu_order":0,"comment_status":"closed","ping_status":"closed","template":"","meta":{"footnotes":""},"class_list":["post-1016","page","type-page","status-publish","hentry"],"translation":{"provider":"WPGlobus","version":"3.0.2","language":"en","enabled_languages":["de","en"],"languages":{"de":{"title":true,"content":true,"excerpt":false},"en":{"title":false,"content":false,"excerpt":false}}},"_links":{"self":[{"href":"https:\/\/www.kde.cs.uni-kassel.de\/en\/wp-json\/wp\/v2\/pages\/1016","targetHints":{"allow":["GET"]}}],"collection":[{"href":"https:\/\/www.kde.cs.uni-kassel.de\/en\/wp-json\/wp\/v2\/pages"}],"about":[{"href":"https:\/\/www.kde.cs.uni-kassel.de\/en\/wp-json\/wp\/v2\/types\/page"}],"author":[{"embeddable":true,"href":"https:\/\/www.kde.cs.uni-kassel.de\/en\/wp-json\/wp\/v2\/users\/1"}],"replies":[{"embeddable":true,"href":"https:\/\/www.kde.cs.uni-kassel.de\/en\/wp-json\/wp\/v2\/comments?post=1016"}],"version-history":[{"count":2,"href":"https:\/\/www.kde.cs.uni-kassel.de\/en\/wp-json\/wp\/v2\/pages\/1016\/revisions"}],"predecessor-version":[{"id":1022,"href":"https:\/\/www.kde.cs.uni-kassel.de\/en\/wp-json\/wp\/v2\/pages\/1016\/revisions\/1022"}],"up":[{"embeddable":true,"href":"https:\/\/www.kde.cs.uni-kassel.de\/en\/wp-json\/wp\/v2\/pages\/341"}],"wp:attachment":[{"href":"https:\/\/www.kde.cs.uni-kassel.de\/en\/wp-json\/wp\/v2\/media?parent=1016"}],"curies":[{"name":"wp","href":"https:\/\/api.w.org\/{rel}","templated":true}]}}