{"id":1015,"date":"2016-04-04T17:25:40","date_gmt":"2016-04-04T15:25:40","guid":{"rendered":"https:\/\/www.kde.cs.uni-kassel.de\/?page_id=1015"},"modified":"2018-01-26T14:12:22","modified_gmt":"2018-01-26T13:12:22","slug":"datenbanken","status":"publish","type":"page","link":"https:\/\/www.kde.cs.uni-kassel.de\/en\/lehre\/ss2005\/datenbanken","title":{"rendered":"Datenbanken (Vorlesung)"},"content":{"rendered":"<p><span style=\"color: #a3004e;\">Klausur<\/span><\/p>\n<p style=\"padding-left: 30px;\">Die Noten der Klausur sind ab sofort in der <a href=\"https:\/\/oka.eecs.uni-kassel.de\/\"><u><span style=\"color: #0066cc;\">OKA<\/span><\/u><\/a> verf\u00fcgbar und h\u00e4ngen im Flur vor dem Fachgebiet Wissensverarbeitung aus.<\/p>\n<p style=\"padding-left: 30px;\">Am Donnerstag, den 27.10.2005, 14-15 Uhr, kann Einsicht in die Klausur\u00a0genommen werden (Raum 0445\/B in den R\u00e4umen des Fachgebiets).<\/p>\n<p><span style=\"color: #a3004e;\">Errata:<\/span><\/p>\n<p style=\"padding-left: 30px;\">Es gibt folgende Korrekturen zu den Vorlesungsfolien:<\/p>\n<p style=\"padding-left: 30px;\">Kapitel 11, Folie 18:<\/p>\n<p style=\"padding-left: 60px;\">Es muss ein Pfeil von w<sub>1<\/sub>(A) nach r<sub>3<\/sub>(A) (statt nach w<sub>3<\/sub>(A)) gehen.<\/p>\n<p style=\"padding-left: 30px;\">Kapitel 11, Folie 55:<\/p>\n<p style=\"padding-left: 60px;\">das &#8220;\u2265&#8221; muss durch ein &#8220;&lt;&#8221; ersetzt werden.<\/p>\n<p><span style=\"color: #a3004e;\">Anmeldung zur \u00dcbung<\/span><\/p>\n<p style=\"padding-left: 30px;\">Hier gibt es das <a href=\"\/lehre\/ss2005\/datenbanken\/anmeldung\"><u><span style=\"color: #0066cc;\">Anmeldeformular<\/span><\/u><\/a> f\u00fcr die \u00dcbung.<\/p>\n<p><span style=\"color: #a3004e;\">Erster Veranstaltungstag:<\/span><\/p>\n<p style=\"padding-left: 30px;\">Dienstag, 12. April 2005 (\u00dcbungen ab Montag, 18. April 2005)<\/p>\n<p><span style=\"color: #a3004e;\"> Ort und Zeit: <\/span><\/p>\n<p style=\"padding-left: 30px;\">Dienstags, 14.15 h &#8211; 15.45 h in Raum 1332<\/p>\n<p style=\"padding-left: 30px;\">Am Montag, den 11.7. und Dienstag, den 12.7. finden keine \u00dcbungen statt. Am 12.7. gibt es zum Vorlesungstermin eine Fragestunde, in der allgemeine Fragen zum Stoff der Klausur und insbesondere das SQL-\u00dcbungsblatt besprochen werden k\u00f6nnen.<\/p>\n<p><span style=\"color: #a3004e;\"> \u00dcbungen: <\/span><\/p>\n<p style=\"padding-left: 30px;\">Montag, 12:30 h &#8211; 14:00 h, in Raum -1606 bzw. im Pool -1201<br \/>\nDienstag, 10:15 h &#8211; 11:45 h, Raum 0611 bzw. im Pool -1201<\/p>\n<p><span style=\"color: #a3004e;\"> Vorkenntnisse: <\/span><\/p>\n<p style=\"padding-left: 30px;\">Informatik Grundstudium<\/p>\n<p><span style=\"color: #a3004e;\"> Angesprochener H\u00f6rerInnenkreis: <\/span><\/p>\n<p style=\"padding-left: 30px;\"><!-- InstanceEndEditable -->Inf. 4. Sem., Math. NF Inf. Hauptstudium<\/p>\n<p><span style=\"color: #a3004e;\"> Leistungsnachweis: <\/span><\/p>\n<p style=\"padding-left: 30px;\">Klausur<\/p>\n<p><span style=\"color: #a3004e;\"> Veranstalter: <\/span><\/p>\n<p style=\"padding-left: 30px;\"><!-- InstanceEndEditable --><!-- InstanceEndEditable --><!-- InstanceEndEditable -->Prof. Dr. Gerd Stumme, Dipl.-Inform. Christoph Schmitz<\/p>\n<p><span style=\"color: #a3004e;\"> Inhalt: <\/span><\/p>\n<p style=\"padding-left: 30px;\"><!-- InstanceEndEditable --><!-- InstanceEndEditable -->Behandelt werden Theorie und Praxis relationaler Datenbanksysteme, einschlie\u00dflich Schichtenarchitektur, Modellierung mittels ER-Diagrammen, Funktionale Abh\u00e4ngigkeiten, Normalisierung, Armstrongsche Axiome, Relationenkalk\u00fcl und dessen Realisierung in SQL. Soweit die Zeit reicht, werden auch Implementierungsaspekte, speziell die ACID-Eigenschaften des Transaktionskonzepts, angesprochen. In den \u00dcbungen soll verst\u00e4rkt mit SQL auf dem vorhandenen System gearbeitet werden.<\/p>\n<p><span style=\"color: #a3004e;\"> Literatur: <\/span><\/p>\n<p style=\"padding-left: 30px;\"><!-- InstanceEndEditable --><!-- InstanceEndEditable --><!-- InstanceEndEditable -->Alfons Kemper, Andr\u00e9 Eickler: Datenbanksysteme. Eine Einf\u00fchrung. 5., aktualisierte und erweiterte Auflage, Oldenbourg Verlag, 2004. ISBN: 3-486-27392-2. 640 Seiten (Siehe auch <a href=\"http:\/\/www.db.fmi.uni-passau.de\/publications\/books\/DBMSeinf\/\"><u><span style=\"color: #0066cc;\">http:\/\/www.db.fmi.uni-passau.de\/publications\/books\/DBMSeinf\/<\/span><\/u><\/a>, wo u.a. die Vorlagen der unten gelisteten Folien zu finden sind.)<\/p>\n<p><span style=\"color: #a3004e;\"> Weitere Informationen: <\/span><\/p>\n<p style=\"padding-left: 30px;\"><a href=\"\/lehre\/ss2005\/datenbanken\/daten\"><u><span style=\"color: #0066cc;\">Datenfiles<\/span><\/u><\/a> zu den \u00dcbungen. Das Material der letzten Datenbanken-Vorlesung ist zu finden unter <a href=\"\/ss2004\/datenbanken\"><u><span style=\"color: #0066cc;\">Datenbanken.<\/span><\/u><\/a><\/p>\n<p><span style=\"color: #a3004e;\">Folien:<\/span><\/p>\n<ul>\n<li>Kapitel1.pdf <a href=\"http:\/\/www.kde.cs.uni-kassel.de\/lehre\/ss2005\/datenbanken\/folien\/Kapitel1.pdf\"><img decoding=\"async\" src=\"http:\/\/www.kde.cs.uni-kassel.de\/images\/pdf.gif\" alt=\"PDF-Download\" \/><\/a><a href=\"http:\/\/www.kde.cs.uni-kassel.de\/lehre\/ss2005\/datenbanken\/folien\/4Folie_Kapitel1.pdf\"><img decoding=\"async\" src=\"http:\/\/www.kde.cs.uni-kassel.de\/images\/pdf_4.gif\" alt=\"PDF-Download (4 in 1)\" \/><\/a><\/li>\n<li>Kapitel2.pdf <a href=\"http:\/\/www.kde.cs.uni-kassel.de\/lehre\/ss2005\/datenbanken\/folien\/Kapitel2.pdf\"><img decoding=\"async\" src=\"http:\/\/www.kde.cs.uni-kassel.de\/images\/pdf.gif\" alt=\"PDF-Download\" \/><\/a><a href=\"http:\/\/www.kde.cs.uni-kassel.de\/lehre\/ss2005\/datenbanken\/folien\/4Folie_Kapitel2.pdf\"><img decoding=\"async\" src=\"http:\/\/www.kde.cs.uni-kassel.de\/images\/pdf_4.gif\" alt=\"PDF-Download (4 in 1)\" \/><\/a><\/li>\n<li>Kapitel3.pdf <a href=\"http:\/\/www.kde.cs.uni-kassel.de\/lehre\/ss2005\/datenbanken\/folien\/Kapitel3.pdf\"><img decoding=\"async\" src=\"http:\/\/www.kde.cs.uni-kassel.de\/images\/pdf.gif\" alt=\"PDF-Download\" \/><\/a><a href=\"http:\/\/www.kde.cs.uni-kassel.de\/lehre\/ss2005\/datenbanken\/folien\/4Folie_Kapitel3.pdf\"><img decoding=\"async\" src=\"http:\/\/www.kde.cs.uni-kassel.de\/images\/pdf_4.gif\" alt=\"PDF-Download (4 in 1)\" \/><\/a><\/li>\n<li>Kapitel4.pdf <a href=\"http:\/\/www.kde.cs.uni-kassel.de\/lehre\/ss2005\/datenbanken\/folien\/Kapitel4.pdf\"><img decoding=\"async\" src=\"http:\/\/www.kde.cs.uni-kassel.de\/images\/pdf.gif\" alt=\"PDF-Download\" \/><\/a><a href=\"http:\/\/www.kde.cs.uni-kassel.de\/lehre\/ss2005\/datenbanken\/folien\/4Folie_Kapitel4.pdf\"><img decoding=\"async\" src=\"http:\/\/www.kde.cs.uni-kassel.de\/images\/pdf_4.gif\" alt=\"PDF-Download (4 in 1)\" \/><\/a><\/li>\n<li>Kapitel5.pdf <a href=\"http:\/\/www.kde.cs.uni-kassel.de\/lehre\/ss2005\/datenbanken\/folien\/Kapitel5.pdf\"><img decoding=\"async\" src=\"http:\/\/www.kde.cs.uni-kassel.de\/images\/pdf.gif\" alt=\"PDF-Download\" \/><\/a><a href=\"http:\/\/www.kde.cs.uni-kassel.de\/lehre\/ss2005\/datenbanken\/folien\/4Folie_Kapitel5.pdf\"><img decoding=\"async\" src=\"http:\/\/www.kde.cs.uni-kassel.de\/images\/pdf_4.gif\" alt=\"PDF-Download (4 in 1)\" \/><\/a><\/li>\n<li>Maeeutik.pdf <a href=\"http:\/\/www.kde.cs.uni-kassel.de\/lehre\/ss2005\/datenbanken\/folien\/Maeeutik.pdf\"><img decoding=\"async\" src=\"http:\/\/www.kde.cs.uni-kassel.de\/images\/pdf.gif\" alt=\"PDF-Download\" \/><\/a><a href=\"http:\/\/www.kde.cs.uni-kassel.de\/lehre\/ss2005\/datenbanken\/folien\/4Folie_Maeeutik.pdf\"><img decoding=\"async\" src=\"http:\/\/www.kde.cs.uni-kassel.de\/images\/pdf_4.gif\" alt=\"PDF-Download (4 in 1)\" \/><\/a><\/li>\n<li>Kapitel6.pdf <a href=\"http:\/\/www.kde.cs.uni-kassel.de\/lehre\/ss2005\/datenbanken\/folien\/Kapitel6.pdf\"><img decoding=\"async\" src=\"http:\/\/www.kde.cs.uni-kassel.de\/images\/pdf.gif\" alt=\"PDF-Download\" \/><\/a><a href=\"http:\/\/www.kde.cs.uni-kassel.de\/lehre\/ss2005\/datenbanken\/folien\/4Folie_Kapitel6.pdf\"><img decoding=\"async\" src=\"http:\/\/www.kde.cs.uni-kassel.de\/images\/pdf_4.gif\" alt=\"PDF-Download (4 in 1)\" \/><\/a><\/li>\n<li>Kapitel7a.pdf <a href=\"http:\/\/www.kde.cs.uni-kassel.de\/lehre\/ss2005\/datenbanken\/folien\/Kapitel7a.pdf\"><img decoding=\"async\" src=\"http:\/\/www.kde.cs.uni-kassel.de\/images\/pdf.gif\" alt=\"PDF-Download\" \/><\/a><a href=\"http:\/\/www.kde.cs.uni-kassel.de\/lehre\/ss2005\/datenbanken\/folien\/4Folie_Kapitel7a.pdf\"><img decoding=\"async\" src=\"http:\/\/www.kde.cs.uni-kassel.de\/images\/pdf_4.gif\" alt=\"PDF-Download (4 in 1)\" \/><\/a><\/li>\n<li>HIS-Datenmodell.pdf <a href=\"http:\/\/www.kde.cs.uni-kassel.de\/lehre\/ss2005\/datenbanken\/folien\/HIS-Datenmodell.pdf\"><img decoding=\"async\" src=\"http:\/\/www.kde.cs.uni-kassel.de\/images\/pdf.gif\" alt=\"PDF-Download\" \/><\/a><\/li>\n<li>Kapitel7b.pdf <a href=\"http:\/\/www.kde.cs.uni-kassel.de\/lehre\/ss2005\/datenbanken\/folien\/Kapitel7b.pdf\"><img decoding=\"async\" src=\"http:\/\/www.kde.cs.uni-kassel.de\/images\/pdf.gif\" alt=\"PDF-Download\" \/><\/a><a href=\"http:\/\/www.kde.cs.uni-kassel.de\/lehre\/ss2005\/datenbanken\/folien\/4Folie_Kapitel7b.pdf\"><img decoding=\"async\" src=\"http:\/\/www.kde.cs.uni-kassel.de\/images\/pdf_4.gif\" alt=\"PDF-Download (4 in 1)\" \/><\/a><\/li>\n<li>Kapitel4-Ergaenzung_count.pdf <a href=\"http:\/\/www.kde.cs.uni-kassel.de\/lehre\/ss2005\/datenbanken\/folien\/Kapitel4-Ergaenzung_count.pdf\"><img decoding=\"async\" src=\"http:\/\/www.kde.cs.uni-kassel.de\/images\/pdf.gif\" alt=\"PDF-Download\" \/><\/a><\/li>\n<li>Kapitel8.pdf <a href=\"http:\/\/www.kde.cs.uni-kassel.de\/lehre\/ss2005\/datenbanken\/folien\/Kapitel8.pdf\"><img decoding=\"async\" src=\"http:\/\/www.kde.cs.uni-kassel.de\/images\/pdf.gif\" alt=\"PDF-Download\" \/><\/a><a href=\"http:\/\/www.kde.cs.uni-kassel.de\/lehre\/ss2005\/datenbanken\/folien\/4Folie_Kapitel8.pdf\"><img decoding=\"async\" src=\"http:\/\/www.kde.cs.uni-kassel.de\/images\/pdf_4.gif\" alt=\"PDF-Download (4 in 1)\" \/><\/a><\/li>\n<li>Kapitel9.pdf <a href=\"http:\/\/www.kde.cs.uni-kassel.de\/lehre\/ss2005\/datenbanken\/folien\/Kapitel9.pdf\"><img decoding=\"async\" src=\"http:\/\/www.kde.cs.uni-kassel.de\/images\/pdf.gif\" alt=\"PDF-Download\" \/><\/a><a href=\"http:\/\/www.kde.cs.uni-kassel.de\/lehre\/ss2005\/datenbanken\/folien\/4Folie_Kapitel9.pdf\"><img decoding=\"async\" src=\"http:\/\/www.kde.cs.uni-kassel.de\/images\/pdf_4.gif\" alt=\"PDF-Download (4 in 1)\" \/><\/a><\/li>\n<li>Kapitel10.pdf <a href=\"http:\/\/www.kde.cs.uni-kassel.de\/lehre\/ss2005\/datenbanken\/folien\/Kapitel10.pdf\"><img decoding=\"async\" src=\"http:\/\/www.kde.cs.uni-kassel.de\/images\/pdf.gif\" alt=\"PDF-Download\" \/><\/a><a href=\"http:\/\/www.kde.cs.uni-kassel.de\/lehre\/ss2005\/datenbanken\/folien\/4Folie_Kapitel10.pdf\"><img decoding=\"async\" src=\"http:\/\/www.kde.cs.uni-kassel.de\/images\/pdf_4.gif\" alt=\"PDF-Download (4 in 1)\" \/><\/a><\/li>\n<li>Kapitel11.pdf <a href=\"http:\/\/www.kde.cs.uni-kassel.de\/lehre\/ss2005\/datenbanken\/folien\/Kapitel11.pdf\"><img decoding=\"async\" src=\"http:\/\/www.kde.cs.uni-kassel.de\/images\/pdf.gif\" alt=\"PDF-Download\" \/><\/a><a href=\"http:\/\/www.kde.cs.uni-kassel.de\/lehre\/ss2005\/datenbanken\/folien\/4Folie_Kapitel11.pdf\"><img decoding=\"async\" src=\"http:\/\/www.kde.cs.uni-kassel.de\/images\/pdf_4.gif\" alt=\"PDF-Download (4 in 1)\" \/><\/a><\/li>\n<li>ZeitaufwandKlausur.pdf <a href=\"http:\/\/www.kde.cs.uni-kassel.de\/lehre\/ss2005\/datenbanken\/folien\/ZeitaufwandKlausur.pdf\"><img decoding=\"async\" src=\"http:\/\/www.kde.cs.uni-kassel.de\/images\/pdf.gif\" alt=\"PDF-Download\" \/><\/a><a href=\"http:\/\/www.kde.cs.uni-kassel.de\/lehre\/ss2005\/datenbanken\/folien\/4Folie_ZeitaufwandKlausur.pdf\"><img decoding=\"async\" src=\"http:\/\/www.kde.cs.uni-kassel.de\/images\/pdf_4.gif\" alt=\"PDF-Download (4 in 1)\" \/><\/a><\/li>\n<li>Kapitel6Ergaenzung-kanonischeUeberdeckung.pdf <a href=\"http:\/\/www.kde.cs.uni-kassel.de\/lehre\/ss2005\/datenbanken\/folien\/Kapitel6Ergaenzung-kanonischeUeberdeckung.pdf\"><img decoding=\"async\" src=\"http:\/\/www.kde.cs.uni-kassel.de\/images\/pdf.gif\" alt=\"PDF-Download\" \/><\/a><\/li>\n<li>Kapitel14.pdf <a href=\"http:\/\/www.kde.cs.uni-kassel.de\/lehre\/ss2005\/datenbanken\/folien\/Kapitel14.pdf\"><img decoding=\"async\" src=\"http:\/\/www.kde.cs.uni-kassel.de\/images\/pdf.gif\" alt=\"PDF-Download\" \/><\/a><a href=\"http:\/\/www.kde.cs.uni-kassel.de\/lehre\/ss2005\/datenbanken\/folien\/4Folie_Kapitel14.pdf\"><img decoding=\"async\" src=\"http:\/\/www.kde.cs.uni-kassel.de\/images\/pdf_4.gif\" alt=\"PDF-Download (4 in 1)\" \/><\/a><\/li>\n<li>Kapitel17.pdf <a href=\"http:\/\/www.kde.cs.uni-kassel.de\/lehre\/ss2005\/datenbanken\/folien\/Kapitel17.pdf\"><img decoding=\"async\" src=\"http:\/\/www.kde.cs.uni-kassel.de\/images\/pdf.gif\" alt=\"PDF-Download\" \/><\/a><a href=\"http:\/\/www.kde.cs.uni-kassel.de\/lehre\/ss2005\/datenbanken\/folien\/4Folie_Kapitel17.pdf\"><img decoding=\"async\" src=\"http:\/\/www.kde.cs.uni-kassel.de\/images\/pdf_4.gif\" alt=\"PDF-Download (4 in 1)\" \/><\/a><\/li>\n<li>Kapitel19.pdf <a href=\"http:\/\/www.kde.cs.uni-kassel.de\/lehre\/ss2005\/datenbanken\/folien\/Kapitel19.pdf\"><img decoding=\"async\" src=\"http:\/\/www.kde.cs.uni-kassel.de\/images\/pdf.gif\" alt=\"PDF-Download\" \/><\/a><a href=\"http:\/\/www.kde.cs.uni-kassel.de\/lehre\/ss2005\/datenbanken\/folien\/4Folie_Kapitel19.pdf\"><img decoding=\"async\" src=\"http:\/\/www.kde.cs.uni-kassel.de\/images\/pdf_4.gif\" alt=\"PDF-Download (4 in 1)\" \/><\/a><\/li>\n<\/ul>\n<p><span style=\"color: #a3004e;\">\u00dcbungsaufgaben:<\/span><\/p>\n<ul>\n<li><a href=\"http:\/\/www.kde.cs.uni-kassel.de\/lehre\/ss2005\/datenbanken\/uebungen\/uebung1.pdf\"><u><span style=\"color: #0066cc;\">1. \ufffdung (18.4.2005) <img decoding=\"async\" src=\"http:\/\/www.kde.cs.uni-kassel.de\/images\/pdf.gif\" alt=\"PDF-Download\" \/><\/span><\/u><\/a><\/li>\n<li><a href=\"http:\/\/www.kde.cs.uni-kassel.de\/lehre\/ss2005\/datenbanken\/uebungen\/uebung2.pdf\"><u><span style=\"color: #0066cc;\">2. \ufffdung (25.4.2005) <img decoding=\"async\" src=\"http:\/\/www.kde.cs.uni-kassel.de\/images\/pdf.gif\" alt=\"PDF-Download\" \/><\/span><\/u><\/a><\/li>\n<li><a href=\"http:\/\/www.kde.cs.uni-kassel.de\/lehre\/ss2005\/datenbanken\/uebungen\/uebung3.pdf\"><u><span style=\"color: #0066cc;\">3. \ufffdung (2.5.2005) <img decoding=\"async\" src=\"http:\/\/www.kde.cs.uni-kassel.de\/images\/pdf.gif\" alt=\"PDF-Download\" \/><\/span><\/u><\/a><\/li>\n<li><a href=\"http:\/\/www.kde.cs.uni-kassel.de\/lehre\/ss2005\/datenbanken\/uebungen\/uebung4.pdf\"><u><span style=\"color: #0066cc;\">4. \ufffdung (9.5.2005) <img decoding=\"async\" src=\"http:\/\/www.kde.cs.uni-kassel.de\/images\/pdf.gif\" alt=\"PDF-Download\" \/><\/span><\/u><\/a><\/li>\n<li><a href=\"http:\/\/www.kde.cs.uni-kassel.de\/lehre\/ss2005\/datenbanken\/uebungen\/uebung5.pdf\"><u><span style=\"color: #0066cc;\">5. \ufffdung (23.5.2005) <img decoding=\"async\" src=\"http:\/\/www.kde.cs.uni-kassel.de\/images\/pdf.gif\" alt=\"PDF-Download\" \/><\/span><\/u><\/a><\/li>\n<li><a href=\"http:\/\/www.kde.cs.uni-kassel.de\/lehre\/ss2005\/datenbanken\/uebungen\/uebung6.pdf\"><u><span style=\"color: #0066cc;\">6. \ufffdung (30.5.2005) <img decoding=\"async\" src=\"http:\/\/www.kde.cs.uni-kassel.de\/images\/pdf.gif\" alt=\"PDF-Download\" \/><\/span><\/u><\/a><\/li>\n<li><a href=\"http:\/\/www.kde.cs.uni-kassel.de\/lehre\/ss2005\/datenbanken\/uebungen\/uebung7.pdf\"><u><span style=\"color: #0066cc;\">7. \ufffdung (7.6.2005) <img decoding=\"async\" src=\"http:\/\/www.kde.cs.uni-kassel.de\/images\/pdf.gif\" alt=\"PDF-Download\" \/><\/span><\/u><\/a><\/li>\n<li><a href=\"http:\/\/www.kde.cs.uni-kassel.de\/lehre\/ss2005\/datenbanken\/uebungen\/uebung_sqlzusatz.pdf\"><u><span style=\"color: #0066cc;\">SQL-Zusatz\ufffd(8.6.2005) <img decoding=\"async\" src=\"http:\/\/www.kde.cs.uni-kassel.de\/images\/pdf.gif\" alt=\"PDF-Download\" \/><\/span><\/u><\/a><\/li>\n<li><a href=\"http:\/\/www.kde.cs.uni-kassel.de\/lehre\/ss2005\/datenbanken\/uebungen\/uebung8.pdf\"><u><span style=\"color: #0066cc;\">8. \ufffdung (13.6.2005) <img decoding=\"async\" src=\"http:\/\/www.kde.cs.uni-kassel.de\/images\/pdf.gif\" alt=\"PDF-Download\" \/><\/span><\/u><\/a><\/li>\n<li><a href=\"http:\/\/www.kde.cs.uni-kassel.de\/lehre\/ss2005\/datenbanken\/uebungen\/uebung9.pdf\"><u><span style=\"color: #0066cc;\">9. \ufffdung (20.6.2005) <img decoding=\"async\" src=\"http:\/\/www.kde.cs.uni-kassel.de\/images\/pdf.gif\" alt=\"PDF-Download\" \/><\/span><\/u><\/a><\/li>\n<li><a href=\"http:\/\/www.kde.cs.uni-kassel.de\/lehre\/ss2005\/datenbanken\/uebungen\/uebung10.pdf\"><u><span style=\"color: #0066cc;\">10. \ufffdung (27.6.2005) <img decoding=\"async\" src=\"http:\/\/www.kde.cs.uni-kassel.de\/images\/pdf.gif\" alt=\"PDF-Download\" \/><\/span><\/u><\/a><\/li>\n<li><a href=\"http:\/\/www.kde.cs.uni-kassel.de\/lehre\/ss2005\/datenbanken\/uebungen\/uebung11.pdf\"><u><span style=\"color: #0066cc;\">11. \ufffdung (4.7.2005) <img decoding=\"async\" src=\"http:\/\/www.kde.cs.uni-kassel.de\/images\/pdf.gif\" alt=\"PDF-Download\" \/><\/span><\/u><\/a><\/li>\n<\/ul>\n","protected":false},"excerpt":{"rendered":"<p>Klausur Die Noten der Klausur sind ab sofort in der OKA verf\u00fcgbar und h\u00e4ngen im Flur vor dem Fachgebiet Wissensverarbeitung aus. Am Donnerstag, den 27.10.2005, 14-15 Uhr, kann Einsicht in die Klausur\u00a0genommen werden (Raum 0445\/B<a class=\"moretag\" href=\"https:\/\/www.kde.cs.uni-kassel.de\/en\/lehre\/ss2005\/datenbanken\"> Read more&hellip;<\/a><\/p>\n","protected":false},"author":1,"featured_media":0,"parent":341,"menu_order":0,"comment_status":"closed","ping_status":"closed","template":"","meta":{"footnotes":""},"class_list":["post-1015","page","type-page","status-publish","hentry"],"translation":{"provider":"WPGlobus","version":"3.0.2","language":"en","enabled_languages":["de","en"],"languages":{"de":{"title":true,"content":true,"excerpt":false},"en":{"title":false,"content":false,"excerpt":false}}},"_links":{"self":[{"href":"https:\/\/www.kde.cs.uni-kassel.de\/en\/wp-json\/wp\/v2\/pages\/1015","targetHints":{"allow":["GET"]}}],"collection":[{"href":"https:\/\/www.kde.cs.uni-kassel.de\/en\/wp-json\/wp\/v2\/pages"}],"about":[{"href":"https:\/\/www.kde.cs.uni-kassel.de\/en\/wp-json\/wp\/v2\/types\/page"}],"author":[{"embeddable":true,"href":"https:\/\/www.kde.cs.uni-kassel.de\/en\/wp-json\/wp\/v2\/users\/1"}],"replies":[{"embeddable":true,"href":"https:\/\/www.kde.cs.uni-kassel.de\/en\/wp-json\/wp\/v2\/comments?post=1015"}],"version-history":[{"count":4,"href":"https:\/\/www.kde.cs.uni-kassel.de\/en\/wp-json\/wp\/v2\/pages\/1015\/revisions"}],"predecessor-version":[{"id":2674,"href":"https:\/\/www.kde.cs.uni-kassel.de\/en\/wp-json\/wp\/v2\/pages\/1015\/revisions\/2674"}],"up":[{"embeddable":true,"href":"https:\/\/www.kde.cs.uni-kassel.de\/en\/wp-json\/wp\/v2\/pages\/341"}],"wp:attachment":[{"href":"https:\/\/www.kde.cs.uni-kassel.de\/en\/wp-json\/wp\/v2\/media?parent=1015"}],"curies":[{"name":"wp","href":"https:\/\/api.w.org\/{rel}","templated":true}]}}