{"id":10089,"date":"2025-02-24T15:46:01","date_gmt":"2025-02-24T14:46:01","guid":{"rendered":"https:\/\/www.kde.cs.uni-kassel.de\/?page_id=10089"},"modified":"2025-04-23T13:56:43","modified_gmt":"2025-04-23T11:56:43","slug":"sna","status":"publish","type":"page","link":"https:\/\/www.kde.cs.uni-kassel.de\/en\/lehre\/ss2025\/sna","title":{"rendered":"Soziale Netzwerkanalyse (Vorlesung)"},"content":{"rendered":"<h2>Soziale Netzwerkanalyse<\/h2>\n<p><span style=\"color: #a3004e;\">Erster Veranstaltungstag:<\/span><\/p>\n<p style=\"padding-left: 30px;\">Mittwoch, 23. April 2025, 10:15 h.\u00a0<span style=\"color: #ff0000;\"><strong><\/strong><\/span><\/p>\n<p><span style=\"color: #a3004e;\"> Ort und Zeit: <\/span><\/p>\n<p style=\"padding-left: 30px;\">Mittwochs, 10:15 Uhr &#8211; 11:45 Uhr, in Raum 0445\/E.<\/p>\n<p><span style=\"color: #a3004e;\"> \u00dcbungen: <\/span><\/p>\n<p style=\"padding-left: 30px;\">Mittwochs, 11:45 Uhr &#8211; 13:15 Uhr, in Raum 0445\/E im Fachgebiet. Beginn 30. April 2025.<\/p>\n<p><span style=\"color: #a3004e;\"> Voraussetzungen: <\/span><\/p>\n<p style=\"padding-left: 30px;\">Informatik Bachelor\/Diplom I ab 4. Sem., Mathematik Nebenfach<br \/>\nInformatik Grundstudium<\/p>\n<p><span style=\"color: #a3004e;\"> Angesprochener H\u00f6rendenkreis: <\/span><\/p>\n<p style=\"padding-left: 30px;\">Informatik Master \/ Mathematik Nebenfach<\/p>\n<p><span style=\"color: #a3004e;\"> Leistungsnachweis: <\/span><\/p>\n<p style=\"padding-left: 30px;\">M\u00fcndliche Pr\u00fcfung oder Klausur, je nach Teilnehmendenzahl<\/p>\n<p><span style=\"color: #a3004e;\"> Veranstalter: <\/span><\/p>\n<p style=\"padding-left: 30px;\"><a href=\"\/stumme\"><u><span style=\"color: #0066cc;\">Prof. Dr. Gerd Stumme<\/span><\/u><\/a><\/p>\n<p><span style=\"color: #a3004e;\">Links:<\/span><\/p>\n<p style=\"padding-left: 30px;\"><a href=\"https:\/\/moodle.uni-kassel.de\/course\/view.php?id=6767\"><\/a>Moodle-Link folgt in K\u00fcrze.<\/p>\n<p><span style=\"color: #a3004e;\">Inhalt:<\/span><\/p>\n<p style=\"padding-left: 30px;\">Die Vorlesung gibt eine Einf\u00fchrung in die soziale Netzwerkanalyse. Darunter versteht man eine Sammlung von Methoden zur Analyse sozialer Relationen zwischen Entit\u00e4ten Menschen). Dabei wird ein strukturelles Vorgehen genutzt um verschiedene Fragen zu kl\u00e4ren, zum Beispiel: gibt es wiederkehrende Muster? Wie erkennt man abweichende Verbindungen? Wie identifiziert man besondere Entit\u00e4ten?<br \/>\nDas wichtigste Instrument der sozialen Netzwerkanalyse ist die Graphentheorie. Als ein mathematisches Teilgebiet bietet sie die notwendige Formalisierung, sowie bereits eine Vielzahl von erarbeiteten Konzepten und Erkl\u00e4rungsmodellen. Beispiele hierf\u00fcr sind beschreibende Gr\u00f6\u00dfen, wie Dichte, Fragmentierung und Cores, oder Substrukturen, wie Cliquen, Clans und algebraische \u00c4quivalenz.<br \/>\nZiel der Vorlesung ist es den Teilnehmenden die formalen Analysemethoden sowie deren algorithmische Berechenbarkeit zu vermitteln.<\/p>\n<p style=\"padding-left: 30px;\">Wir empfehlen den begleitenden Besuch des <a href=\"\/lehre\/ss2025\/ln\"><u><span style=\"color: #0066cc;\">Labor Netzwerke<\/span><\/u><\/a>.<\/p>\n<p><span style=\"color: #a3004e;\">\u00a0Literatur: <\/span><\/p>\n<ul>\n<li>Hennig, Brandes, Pfeffer, Mergel. <em>Studying Social Networks.<\/em> Campus, 2012.<\/li>\n<li>Brandes, Erlebach (Hrsg.). <em>Network Analysis<\/em>. LNCS 3418, Springer, 2005.<\/li>\n<li>Diestel, R.\u00a0<i>Graph theory<\/i> , Springer-Verlag Berlin Heidelberg , 2018.<\/li>\n<li>Pattison, Philippa. <i>Algebraic Models for Social Networks<\/i>. Structural Analysis in the Social Sciences. Cambridge University Press, 1993.<\/li>\n<\/ul>\n","protected":false},"excerpt":{"rendered":"<p>Soziale Netzwerkanalyse Erster Veranstaltungstag: Mittwoch, 23. April 2025, 10:15 h.\u00a0 Ort und Zeit: Mittwochs, 10:15 Uhr &#8211; 11:45 Uhr, in Raum 0445\/E. \u00dcbungen: Mittwochs, 11:45 Uhr &#8211; 13:15 Uhr, in Raum 0445\/E im Fachgebiet. Beginn<a class=\"moretag\" href=\"https:\/\/www.kde.cs.uni-kassel.de\/en\/lehre\/ss2025\/sna\"> Read more&hellip;<\/a><\/p>\n","protected":false},"author":15,"featured_media":0,"parent":10069,"menu_order":0,"comment_status":"closed","ping_status":"closed","template":"","meta":{"footnotes":""},"class_list":["post-10089","page","type-page","status-publish","hentry"],"translation":{"provider":"WPGlobus","version":"3.0.2","language":"en","enabled_languages":["de","en"],"languages":{"de":{"title":true,"content":true,"excerpt":false},"en":{"title":false,"content":false,"excerpt":false}}},"_links":{"self":[{"href":"https:\/\/www.kde.cs.uni-kassel.de\/en\/wp-json\/wp\/v2\/pages\/10089","targetHints":{"allow":["GET"]}}],"collection":[{"href":"https:\/\/www.kde.cs.uni-kassel.de\/en\/wp-json\/wp\/v2\/pages"}],"about":[{"href":"https:\/\/www.kde.cs.uni-kassel.de\/en\/wp-json\/wp\/v2\/types\/page"}],"author":[{"embeddable":true,"href":"https:\/\/www.kde.cs.uni-kassel.de\/en\/wp-json\/wp\/v2\/users\/15"}],"replies":[{"embeddable":true,"href":"https:\/\/www.kde.cs.uni-kassel.de\/en\/wp-json\/wp\/v2\/comments?post=10089"}],"version-history":[{"count":5,"href":"https:\/\/www.kde.cs.uni-kassel.de\/en\/wp-json\/wp\/v2\/pages\/10089\/revisions"}],"predecessor-version":[{"id":10172,"href":"https:\/\/www.kde.cs.uni-kassel.de\/en\/wp-json\/wp\/v2\/pages\/10089\/revisions\/10172"}],"up":[{"embeddable":true,"href":"https:\/\/www.kde.cs.uni-kassel.de\/en\/wp-json\/wp\/v2\/pages\/10069"}],"wp:attachment":[{"href":"https:\/\/www.kde.cs.uni-kassel.de\/en\/wp-json\/wp\/v2\/media?parent=10089"}],"curies":[{"name":"wp","href":"https:\/\/api.w.org\/{rel}","templated":true}]}}