{"id":10073,"date":"2025-02-25T09:56:33","date_gmt":"2025-02-25T08:56:33","guid":{"rendered":"https:\/\/www.kde.cs.uni-kassel.de\/?page_id=10073"},"modified":"2025-03-25T10:14:56","modified_gmt":"2025-03-25T09:14:56","slug":"labor-ml","status":"publish","type":"page","link":"https:\/\/www.kde.cs.uni-kassel.de\/en\/lehre\/ss2025\/labor-ml","title":{"rendered":"Labor Grand Challenges of Machine Learning"},"content":{"rendered":"\n<h2 class=\"wp-block-heading\">Labor Grand Challenges of Machine Learning<\/h2>\n\n\n\n<p>Teilnahme an einem <strong>Wettbewerb<\/strong> im Bereich des <strong>Maschinellen Lernens<\/strong>, bspw. aus den Gebieten Netzwerkanalyse, Formale Begriffsanalyse, Data Mining, Pattern Recognition, Deep Learning, Organic Computing, Autonomes Lernen.\n<br><br>\nM\u00f6gliche Wettbewerbe sind:<\/p>\n\n\n\n<ul class=\"wp-block-list\">\n<li><a href=\"https:\/\/ecmlpkdd.org\/2025\/submissions-discovery-track\/\">Discovery Challenge of the ECMLPKDD Conference<\/a><\/li>\n\n\n\n<li><a href=\"https:\/\/graphdrawing.org\">Graph Drawing Contest<\/a><\/li>\n\n\n\n<li><a href=\"https:\/\/scrollprize.org\/\">Vesuvius Challenge<\/a><\/li>\n\n\n\n<li><a href=\"https:\/\/arcprize.org\/\">ARC Prize<\/a><\/li>\n<\/ul>\n\n\n\n<p>Schlagen Sie gerne weitere Wettbewerbe vor. Eine umfangreiche Liste finden Sie hier <a href=\"https:\/\/mlcontests.com\/\">https:\/\/mlcontests.com\/<\/a><\/p>\n\n\n\n<h3 class=\"wp-block-heading\">Aufgabe:<\/h3>\n\n\n\n<p>Teilnahme an einem Wettbewerb auf universit\u00e4tsweiter, nationaler oder internationaler Ebene, bspw. Wettbewerbe \u00fcber Daten von Industrie und Forschung des Fachgebiets oder Kaggle Competitions; Einf\u00fchrung in ben\u00f6tigte theoretische und methodische Grundkenntnisse im Themengebiet; Erarbeitung eines L\u00f6sungskonzepts; Erstellen einer Implementierung.<\/p>\n\n\n\n<h3 class=\"wp-block-heading\"> Vorbesprechungstermin:<\/h3>\n\n\n\n<p>29.04.2025, 16:00 Uhr, Raum 0445E im Fachgebiet.<br>Eine fr\u00fchere Kontaktaufnahme ist gerne m\u00f6glich, , da manche der Wettbewerbe mitunter mitten in der vorlesungsfreien Zeit beginnen oder enden.<\/p>\n\n\n\n<h3 class=\"wp-block-heading\">Angesprochener H\u00f6rendenkreis:<\/h3>\n\n\n\n<p>Informatik Master,  Vorkenntnisse: Informatik Bachelor<\/p>\n\n\n\n<h3 class=\"wp-block-heading\">Umfang:<\/h3>\n\n\n\n<p>6 Cr.<\/p>\n\n\n\n<h3 class=\"wp-block-heading\">Leistungsnachweis:<\/h3>\n\n\n\n<p>Praktikumsarbeit und Praktikumsbericht. <\/p>\n\n\n\n<h3 class=\"wp-block-heading\">Voraussetzung:<\/h3>\n\n\n\n<p>Die f\u00fcr den jeweiligen Wettbewerb erforderlichen Grundkenntnisse aus dem Bereich der Datenanalyse bzw. der Computational Intelligence.<\/p>\n\n\n\n<h3 class=\"wp-block-heading\">Veranstalter: <\/h3>\n\n\n\n<p><a href=\"https:\/\/www.kde.cs.uni-kassel.de\/stumme\">Prof. Dr. Gerd Stumme<\/a>, <a href=\"https:\/\/www.kde.cs.uni-kassel.de\/duerrschnabel\">Dr. Dominik D\u00fcrrschnabel<\/a>, <a href=\"https:\/\/www.kde.cs.uni-kassel.de\/en\/hille\" data-type=\"link\" data-id=\"https:\/\/www.kde.cs.uni-kassel.de\/en\/hille\">Tobias Hille<\/a><\/p>\n\n\n\n<h3 class=\"wp-block-heading\">Literatur:<\/h3>\n\n\n\n<ul class=\"wp-block-list\">\n<li>Mitchell: Machine Learning<\/li>\n\n\n\n<li>Buduma, Locascio: Fundamentals of Deep Learning<\/li>\n<\/ul>\n","protected":false},"excerpt":{"rendered":"<p>Labor Grand Challenges of Machine Learning Teilnahme an einem Wettbewerb im Bereich des Maschinellen Lernens, bspw. aus den Gebieten Netzwerkanalyse, Formale Begriffsanalyse, Data Mining, Pattern Recognition, Deep Learning, Organic Computing, Autonomes Lernen. M\u00f6gliche Wettbewerbe sind:<a class=\"moretag\" href=\"https:\/\/www.kde.cs.uni-kassel.de\/en\/lehre\/ss2025\/labor-ml\"> Read more&hellip;<\/a><\/p>\n","protected":false},"author":15,"featured_media":0,"parent":10069,"menu_order":6,"comment_status":"closed","ping_status":"closed","template":"","meta":{"footnotes":""},"class_list":["post-10073","page","type-page","status-publish","hentry"],"translation":{"provider":"WPGlobus","version":"3.0.2","language":"en","enabled_languages":["de","en"],"languages":{"de":{"title":true,"content":true,"excerpt":false},"en":{"title":false,"content":false,"excerpt":false}}},"_links":{"self":[{"href":"https:\/\/www.kde.cs.uni-kassel.de\/en\/wp-json\/wp\/v2\/pages\/10073","targetHints":{"allow":["GET"]}}],"collection":[{"href":"https:\/\/www.kde.cs.uni-kassel.de\/en\/wp-json\/wp\/v2\/pages"}],"about":[{"href":"https:\/\/www.kde.cs.uni-kassel.de\/en\/wp-json\/wp\/v2\/types\/page"}],"author":[{"embeddable":true,"href":"https:\/\/www.kde.cs.uni-kassel.de\/en\/wp-json\/wp\/v2\/users\/15"}],"replies":[{"embeddable":true,"href":"https:\/\/www.kde.cs.uni-kassel.de\/en\/wp-json\/wp\/v2\/comments?post=10073"}],"version-history":[{"count":8,"href":"https:\/\/www.kde.cs.uni-kassel.de\/en\/wp-json\/wp\/v2\/pages\/10073\/revisions"}],"predecessor-version":[{"id":10160,"href":"https:\/\/www.kde.cs.uni-kassel.de\/en\/wp-json\/wp\/v2\/pages\/10073\/revisions\/10160"}],"up":[{"embeddable":true,"href":"https:\/\/www.kde.cs.uni-kassel.de\/en\/wp-json\/wp\/v2\/pages\/10069"}],"wp:attachment":[{"href":"https:\/\/www.kde.cs.uni-kassel.de\/en\/wp-json\/wp\/v2\/media?parent=10073"}],"curies":[{"name":"wp","href":"https:\/\/api.w.org\/{rel}","templated":true}]}}