{"id":10071,"date":"2025-02-25T09:10:30","date_gmt":"2025-02-25T08:10:30","guid":{"rendered":"https:\/\/www.kde.cs.uni-kassel.de\/?page_id=10071"},"modified":"2025-03-25T10:15:22","modified_gmt":"2025-03-25T09:15:22","slug":"data_science_competition","status":"publish","type":"page","link":"https:\/\/www.kde.cs.uni-kassel.de\/en\/lehre\/ss2025\/data_science_competition","title":{"rendered":"Bachelorprojekt im Fachgebiet Wissensverarbeitung:  Data Science Competition"},"content":{"rendered":"\n<h2 class=\"wp-block-heading\">Bachelorprojekt im Fachgebiet Wissensverarbeitung: Data Science Competition<\/h2>\n\n\n\n<p>Die Teilnehmer nehmen an einem <strong>Wettbewerb<\/strong> im Bereich des <strong>Maschinellen Lernens<\/strong> teil, bspw. aus den Gebieten Netzwerkanalyse, Formale Begriffsanalyse, Data Mining, Pattern Recognition, Deep Learning, Organic Computing, Autonomes Lernen.\n<br><br>\nM\u00f6gliche Wettbewerbe sind:<\/p>\n\n\n\n<ul class=\"wp-block-list\">\n<li><a href=\"https:\/\/ecmlpkdd.org\/2025\/submissions-discovery-track\/\">Discovery Challenge of the ECMLPKDD Conference<\/a><\/li>\n\n\n\n<li><a href=\"https:\/\/graphdrawing.org\">Graph Drawing Contest<\/a><\/li>\n\n\n\n<li><a href=\"https:\/\/scrollprize.org\/\">Vesuvius Challenge<\/a><\/li>\n\n\n\n<li><a href=\"https:\/\/arcprize.org\/\">ARC Prize<\/a><\/li>\n<\/ul>\n\n\n\n<p>Schlagen Sie gerne weitere Wettbewerbe vor. Eine umfangreiche Liste finden Sie hier <a href=\"https:\/\/mlcontests.com\/\">https:\/\/mlcontests.com\/<\/a><\/p>\n\n\n\n<h3 class=\"wp-block-heading\">Aufgabe:<\/h3>\n\n\n\n<p>Teilnahme an einem Wettbewerb auf universit\u00e4tsweiter, nationaler oder internationaler Ebene, bspw. Wettbewerbe \u00fcber Daten von Industrie und Forschung des Fachgebiets oder Kaggle Competitions; Einf\u00fchrung in ben\u00f6tigte theoretische und methodische Grundkenntnisse im Themengebiet; Erarbeitung eines L\u00f6sungskonzepts; Erstellen einer Implementierung.<\/p>\n\n\n\n<h3 class=\"wp-block-heading\"> Vorbesprechungstermin:<\/h3>\n\n\n\n<p>29.04.2025, 16:00 Uhr, Raum 0445\/E im Fachgebiet.<br>Eine fr\u00fchere Kontaktaufnahme ist gerne m\u00f6glich, , da manche der Wettbewerbe mitunter mitten in der vorlesungsfreien Zeit beginnen oder enden.<\/p>\n\n\n\n<h3 class=\"wp-block-heading\">Angesprochener H\u00f6rendenkreis:<\/h3>\n\n\n\n<p>Informatik Bachelor<\/p>\n\n\n\n<h3 class=\"wp-block-heading\">Voraussetzungen: <\/h3>\n\n\n\n<p>Kenntnisse aus, bzw. Teilnahme an mindestens einer der Vorlesungen&nbsp;<a href=\"https:\/\/www.kde.cs.uni-kassel.de\/lehre\/ws2024-25\/kdd\">Knowledge Discovery<\/a>,&nbsp; <a href=\"https:\/\/www.kde.cs.uni-kassel.de\/lehre\/ss2025\/sna\">Social Network Analysis<\/a>, <a href=\"https:\/\/www.kde.cs.uni-kassel.de\/lehre\/ws2024-25\/cda\">Conceptual Data Analysis<\/a> und&nbsp;<a href=\"https:\/\/www.kde.cs.uni-kassel.de\/lehre\/ss2024\/ki\">K\u00fcnstliche Intelligenz<\/a>.<\/p>\n\n\n\n<h3 class=\"wp-block-heading\">Veranstalter: <\/h3>\n\n\n\n<p><a href=\"https:\/\/www.kde.cs.uni-kassel.de\/stumme\">Prof. Dr. Gerd Stumme<\/a>, <a href=\"https:\/\/www.kde.cs.uni-kassel.de\/duerrschnabel\">Dr. Dominik D\u00fcrrschnabel<\/a>, <a href=\"https:\/\/www.kde.cs.uni-kassel.de\/en\/hille\" data-type=\"link\" data-id=\"https:\/\/www.kde.cs.uni-kassel.de\/en\/hille\">Tobias Hille<\/a><\/p>\n\n\n\n<p><\/p>\n","protected":false},"excerpt":{"rendered":"<p>Bachelorprojekt im Fachgebiet Wissensverarbeitung: Data Science Competition Die Teilnehmer nehmen an einem Wettbewerb im Bereich des Maschinellen Lernens teil, bspw. aus den Gebieten Netzwerkanalyse, Formale Begriffsanalyse, Data Mining, Pattern Recognition, Deep Learning, Organic Computing, Autonomes<a class=\"moretag\" href=\"https:\/\/www.kde.cs.uni-kassel.de\/en\/lehre\/ss2025\/data_science_competition\"> Read more&hellip;<\/a><\/p>\n","protected":false},"author":15,"featured_media":0,"parent":10069,"menu_order":10,"comment_status":"closed","ping_status":"closed","template":"","meta":{"footnotes":""},"class_list":["post-10071","page","type-page","status-publish","hentry"],"translation":{"provider":"WPGlobus","version":"3.0.2","language":"en","enabled_languages":["de","en"],"languages":{"de":{"title":true,"content":true,"excerpt":false},"en":{"title":false,"content":false,"excerpt":false}}},"_links":{"self":[{"href":"https:\/\/www.kde.cs.uni-kassel.de\/en\/wp-json\/wp\/v2\/pages\/10071","targetHints":{"allow":["GET"]}}],"collection":[{"href":"https:\/\/www.kde.cs.uni-kassel.de\/en\/wp-json\/wp\/v2\/pages"}],"about":[{"href":"https:\/\/www.kde.cs.uni-kassel.de\/en\/wp-json\/wp\/v2\/types\/page"}],"author":[{"embeddable":true,"href":"https:\/\/www.kde.cs.uni-kassel.de\/en\/wp-json\/wp\/v2\/users\/15"}],"replies":[{"embeddable":true,"href":"https:\/\/www.kde.cs.uni-kassel.de\/en\/wp-json\/wp\/v2\/comments?post=10071"}],"version-history":[{"count":6,"href":"https:\/\/www.kde.cs.uni-kassel.de\/en\/wp-json\/wp\/v2\/pages\/10071\/revisions"}],"predecessor-version":[{"id":10161,"href":"https:\/\/www.kde.cs.uni-kassel.de\/en\/wp-json\/wp\/v2\/pages\/10071\/revisions\/10161"}],"up":[{"embeddable":true,"href":"https:\/\/www.kde.cs.uni-kassel.de\/en\/wp-json\/wp\/v2\/pages\/10069"}],"wp:attachment":[{"href":"https:\/\/www.kde.cs.uni-kassel.de\/en\/wp-json\/wp\/v2\/media?parent=10071"}],"curies":[{"name":"wp","href":"https:\/\/api.w.org\/{rel}","templated":true}]}}