{"id":1005,"date":"2016-04-04T17:15:13","date_gmt":"2016-04-04T15:15:13","guid":{"rendered":"https:\/\/www.kde.cs.uni-kassel.de\/?page_id=1005"},"modified":"2018-01-26T14:06:11","modified_gmt":"2018-01-26T13:06:11","slug":"datenbanken","status":"publish","type":"page","link":"https:\/\/www.kde.cs.uni-kassel.de\/en\/lehre\/ss2006\/datenbanken","title":{"rendered":"Datenbanken (Vorlesung)"},"content":{"rendered":"<p>Die Klausur-Ergebnisse sind online in der OKA. Die Klausureinsicht findet am 19.10.06 von 14:15 bis 15:00 in Raum 0443 statt, danach werden die Ergebnisse als endg\u00fcltig gemeldet.<\/p>\n<p>Klausur<\/p>\n<p style=\"padding-left: 30px;\">am 18.9.2006 um 13.00-15.00 Uhr im H\u00f6rsaal 1603!<\/p>\n<p>Hilfsmittel<\/p>\n<p style=\"padding-left: 30px;\">Als Hilfsmittel sind ausschlie\u00dflich die Folien zur Vorlesung erlaubt, <b>nicht<\/b> die \u00dcbungsaufgaben und deren Musterl\u00f6sungen. Handschriftliche Notizen in den Folien, die w\u00e4hrend der Vorlesung gemacht wurden, oder etwa Post-Its als Wegweiser sind kein Problem.<\/p>\n<p><span style=\"color: #a3004e;\">Erster Veranstaltungstag:<\/span><\/p>\n<p style=\"padding-left: 30px;\">Dienstag, 18. April 2006<\/p>\n<p><span style=\"color: #a3004e;\"> Ort und Zeit: <\/span><\/p>\n<p style=\"padding-left: 30px;\">Dienstags, 14.00 h &#8211; 15.30 h in Raum 1332 (einmalig im H\u00f6rsaal 0446 am 20.6.)<\/p>\n<p><span style=\"color: #a3004e;\"> \u00dcbungen: <\/span><\/p>\n<p style=\"padding-left: 30px;\">Montag, 13.00 h &#8211; 15.00 h, in Raum -1607<\/p>\n<p><span style=\"color: #a3004e;\"> Vorkenntnisse: <\/span><\/p>\n<p style=\"padding-left: 30px;\">Informatik Grundstudium<\/p>\n<p><span style=\"color: #a3004e;\"> Angesprochener H\u00f6rerInnenkreis: <\/span><\/p>\n<p style=\"padding-left: 30px;\">Inf. 4. Sem., Math. NF Inf. Hauptstudium<!-- InstanceEndEditable --><\/p>\n<p><span style=\"color: #a3004e;\"> Leistungsnachweis: <\/span><\/p>\n<p style=\"padding-left: 30px;\">Klausur<\/p>\n<p><span style=\"color: #a3004e;\"> Veranstalter: <\/span><\/p>\n<p style=\"padding-left: 30px;\"><!-- InstanceEndEditable --><!-- InstanceEndEditable -->Prof. Dr. Gerd Stumme, Dipl.-Inform. Christoph Schmitz<!-- InstanceEndEditable --><\/p>\n<p><span style=\"color: #a3004e;\"> Inhalt: <\/span><\/p>\n<p style=\"padding-left: 30px;\"><!-- InstanceEndEditable -->Behandelt werden Theorie und Praxis relationaler Datenbanksysteme, einschlie\u00dflich Schichten\u00adarchitektur, Modellierung mittels ER-Diagrammen, Funktionale Abh\u00e4ngigkeiten, Normalisierung, Armstrongsche Axiome, Relationenkalk\u00fcl und dessen Realisierung in SQL, Transaktionskonzept.<br \/>\nIn den \u00dcbungen wird u.a. verst\u00e4rkt mit SQL auf dem vorhandenen System gearbeitet.\u00a0\u00a0<!-- InstanceEndEditable --><\/p>\n<p><span style=\"color: #a3004e;\"> Literatur: <\/span><\/p>\n<p style=\"padding-left: 30px;\"><!-- InstanceEndEditable --><!-- InstanceEndEditable -->Alfons Kemper, Andr\u00e9 Eickler: Datenbanksysteme. Eine Einf\u00fchrung. 5., aktualisierte und erweiterte Auflage, Oldenbourg Verlag, 2004.<br \/>\nISBN: 3-486-27392-2. 640 Seiten (Siehe auch <a href=\"http:\/\/www-db.in.tum.de\/research\/publications\/books\/DBMSeinf\/\"><u><span style=\"color: #0066cc;\">http:\/\/www-db.in.tum.de\/research\/publications\/books\/DBMSeinf\/<\/span><\/u><\/a>), wo u.a. die Vorlagen der unten gelisteten Folien zu finden sind.))<!-- InstanceEndEditable --><\/p>\n<p><span style=\"color: #a3004e;\"> Weitere Informationen: <\/span><\/p>\n<p style=\"padding-left: 30px;\"><a href=\"\/lehre\/ss2006\/datenbanken\/daten\"><u><span style=\"color: #0066cc;\">Dateien<\/span><\/u><\/a> zu den \u00dcbungen; weitere Daten (z. B. Philosophenuni) gibt es auf der <a href=\"http:\/\/www.db.fmi.uni-passau.de\/publications\/books\/%20DBMSeinf\/\"><u><span style=\"color: #0066cc;\">Seite zum Buch<\/span><\/u><\/a>. Das Material der letzten Datenbanken-Vorlesung ist zu finden unter <a href=\"\/ss2005\/datenbanken\"><u><span style=\"color: #0066cc;\">Datenbanken<\/span><\/u><\/a>.<\/p>\n<p>Weitere Informationen zu SQL (zu finden auch in <a href=\"http:\/\/www.bibsonomy.org\/user\/schmitz\/dbms2006\"><u><span style=\"color: #0066cc;\">BibSonomy<\/span><\/u><\/a>):<\/p>\n<p><span style=\"color: #a3004e;\">Korrektur:<\/span><\/p>\n<ul>\n<li>Auf Folie 8 in Kap. 4 muss es statt &#8220;delete studenten where&#8230;&#8221; hei\u00dfen: &#8220;delete <b>from<\/b> studenten where&#8230;&#8221;<\/li>\n<\/ul>\n<p><span style=\"color: #a3004e;\">Folien:<\/span><\/p>\n<ul>\n<li>Kapitel1.pdf <a href=\"http:\/\/www.kde.cs.uni-kassel.de\/lehre\/ss2006\/datenbanken\/folien\/Kapitel1.pdf\"><img decoding=\"async\" src=\"http:\/\/www.kde.cs.uni-kassel.de\/images\/pdf.gif\" alt=\"PDF-Download\" \/><\/a><a href=\"http:\/\/www.kde.cs.uni-kassel.de\/lehre\/ss2006\/datenbanken\/folien\/4_Kapitel1.pdf\"><img decoding=\"async\" src=\"http:\/\/www.kde.cs.uni-kassel.de\/images\/pdf_4.gif\" alt=\"PDF-Download (4 in 1)\" \/><\/a><\/li>\n<li>Kapitel2.pdf <a href=\"http:\/\/www.kde.cs.uni-kassel.de\/lehre\/ss2006\/datenbanken\/folien\/Kapitel2.pdf\"><img decoding=\"async\" src=\"http:\/\/www.kde.cs.uni-kassel.de\/images\/pdf.gif\" alt=\"PDF-Download\" \/><\/a><a href=\"http:\/\/www.kde.cs.uni-kassel.de\/lehre\/ss2006\/datenbanken\/folien\/4_Kapitel2.pdf\"><img decoding=\"async\" src=\"http:\/\/www.kde.cs.uni-kassel.de\/images\/pdf_4.gif\" alt=\"PDF-Download (4 in 1)\" \/><\/a><\/li>\n<li>Kapitel3.pdf <a href=\"http:\/\/www.kde.cs.uni-kassel.de\/lehre\/ss2006\/datenbanken\/folien\/Kapitel3.pdf\"><img decoding=\"async\" src=\"http:\/\/www.kde.cs.uni-kassel.de\/images\/pdf.gif\" alt=\"PDF-Download\" \/><\/a><a href=\"http:\/\/www.kde.cs.uni-kassel.de\/lehre\/ss2006\/datenbanken\/folien\/4_Kapitel3.pdf\"><img decoding=\"async\" src=\"http:\/\/www.kde.cs.uni-kassel.de\/images\/pdf_4.gif\" alt=\"PDF-Download (4 in 1)\" \/><\/a><\/li>\n<li>Kapitel4.pdf <a href=\"http:\/\/www.kde.cs.uni-kassel.de\/lehre\/ss2006\/datenbanken\/folien\/Kapitel4.pdf\"><img decoding=\"async\" src=\"http:\/\/www.kde.cs.uni-kassel.de\/images\/pdf.gif\" alt=\"PDF-Download\" \/><\/a><a href=\"http:\/\/www.kde.cs.uni-kassel.de\/lehre\/ss2006\/datenbanken\/folien\/4_Kapitel4.pdf\"><img decoding=\"async\" src=\"http:\/\/www.kde.cs.uni-kassel.de\/images\/pdf_4.gif\" alt=\"PDF-Download (4 in 1)\" \/><\/a><\/li>\n<li>Kapitel5.pdf <a href=\"http:\/\/www.kde.cs.uni-kassel.de\/lehre\/ss2006\/datenbanken\/folien\/Kapitel5.pdf\"><img decoding=\"async\" src=\"http:\/\/www.kde.cs.uni-kassel.de\/images\/pdf.gif\" alt=\"PDF-Download\" \/><\/a><a href=\"http:\/\/www.kde.cs.uni-kassel.de\/lehre\/ss2006\/datenbanken\/folien\/4_Kapitel5.pdf\"><img decoding=\"async\" src=\"http:\/\/www.kde.cs.uni-kassel.de\/images\/pdf_4.gif\" alt=\"PDF-Download (4 in 1)\" \/><\/a><\/li>\n<li>Kapitel6.pdf <a href=\"http:\/\/www.kde.cs.uni-kassel.de\/lehre\/ss2006\/datenbanken\/folien\/Kapitel6.pdf\"><img decoding=\"async\" src=\"http:\/\/www.kde.cs.uni-kassel.de\/images\/pdf.gif\" alt=\"PDF-Download\" \/><\/a><a href=\"http:\/\/www.kde.cs.uni-kassel.de\/lehre\/ss2006\/datenbanken\/folien\/4_Kapitel6.pdf\"><img decoding=\"async\" src=\"http:\/\/www.kde.cs.uni-kassel.de\/images\/pdf_4.gif\" alt=\"PDF-Download (4 in 1)\" \/><\/a><\/li>\n<li>Maeeutik.pdf <a href=\"http:\/\/www.kde.cs.uni-kassel.de\/lehre\/ss2006\/datenbanken\/folien\/Maeeutik.pdf\"><img decoding=\"async\" src=\"http:\/\/www.kde.cs.uni-kassel.de\/images\/pdf.gif\" alt=\"PDF-Download\" \/><\/a><a href=\"http:\/\/www.kde.cs.uni-kassel.de\/lehre\/ss2006\/datenbanken\/folien\/4_Maeeutik.pdf\"><img decoding=\"async\" src=\"http:\/\/www.kde.cs.uni-kassel.de\/images\/pdf_4.gif\" alt=\"PDF-Download (4 in 1)\" \/><\/a><\/li>\n<li>Kapitel7.pdf <a href=\"http:\/\/www.kde.cs.uni-kassel.de\/lehre\/ss2006\/datenbanken\/folien\/Kapitel7.pdf\"><img decoding=\"async\" src=\"http:\/\/www.kde.cs.uni-kassel.de\/images\/pdf.gif\" alt=\"PDF-Download\" \/><\/a><a href=\"http:\/\/www.kde.cs.uni-kassel.de\/lehre\/ss2006\/datenbanken\/folien\/4_Kapitel7.pdf\"><img decoding=\"async\" src=\"http:\/\/www.kde.cs.uni-kassel.de\/images\/pdf_4.gif\" alt=\"PDF-Download (4 in 1)\" \/><\/a><\/li>\n<li>Kapitel8.pdf <a href=\"http:\/\/www.kde.cs.uni-kassel.de\/lehre\/ss2006\/datenbanken\/folien\/Kapitel8.pdf\"><img decoding=\"async\" src=\"http:\/\/www.kde.cs.uni-kassel.de\/images\/pdf.gif\" alt=\"PDF-Download\" \/><\/a><a href=\"http:\/\/www.kde.cs.uni-kassel.de\/lehre\/ss2006\/datenbanken\/folien\/4_Kapitel8.pdf\"><img decoding=\"async\" src=\"http:\/\/www.kde.cs.uni-kassel.de\/images\/pdf_4.gif\" alt=\"PDF-Download (4 in 1)\" \/><\/a><\/li>\n<li>Kapitel9.pdf <a href=\"http:\/\/www.kde.cs.uni-kassel.de\/lehre\/ss2006\/datenbanken\/folien\/Kapitel9.pdf\"><img decoding=\"async\" src=\"http:\/\/www.kde.cs.uni-kassel.de\/images\/pdf.gif\" alt=\"PDF-Download\" \/><\/a><a href=\"http:\/\/www.kde.cs.uni-kassel.de\/lehre\/ss2006\/datenbanken\/folien\/4_Kapitel9.pdf\"><img decoding=\"async\" src=\"http:\/\/www.kde.cs.uni-kassel.de\/images\/pdf_4.gif\" alt=\"PDF-Download (4 in 1)\" \/><\/a><\/li>\n<li>Kapitel10.pdf <a href=\"http:\/\/www.kde.cs.uni-kassel.de\/lehre\/ss2006\/datenbanken\/folien\/Kapitel10.pdf\"><img decoding=\"async\" src=\"http:\/\/www.kde.cs.uni-kassel.de\/images\/pdf.gif\" alt=\"PDF-Download\" \/><\/a><a href=\"http:\/\/www.kde.cs.uni-kassel.de\/lehre\/ss2006\/datenbanken\/folien\/4_Kapitel10.pdf\"><img decoding=\"async\" src=\"http:\/\/www.kde.cs.uni-kassel.de\/images\/pdf_4.gif\" alt=\"PDF-Download (4 in 1)\" \/><\/a><\/li>\n<li>Kapitel11.pdf <a href=\"http:\/\/www.kde.cs.uni-kassel.de\/lehre\/ss2006\/datenbanken\/folien\/Kapitel11.pdf\"><img decoding=\"async\" src=\"http:\/\/www.kde.cs.uni-kassel.de\/images\/pdf.gif\" alt=\"PDF-Download\" \/><\/a><a href=\"http:\/\/www.kde.cs.uni-kassel.de\/lehre\/ss2006\/datenbanken\/folien\/4_Kapitel11.pdf\"><img decoding=\"async\" src=\"http:\/\/www.kde.cs.uni-kassel.de\/images\/pdf_4.gif\" alt=\"PDF-Download (4 in 1)\" \/><\/a><\/li>\n<li>HIS-Datenmodell.pdf <a href=\"http:\/\/www.kde.cs.uni-kassel.de\/lehre\/ss2006\/datenbanken\/folien\/HIS-Datenmodell.pdf\"><img decoding=\"async\" src=\"http:\/\/www.kde.cs.uni-kassel.de\/images\/pdf.gif\" alt=\"PDF-Download\" \/><\/a><\/li>\n<li>Kapitel14.pdf <a href=\"http:\/\/www.kde.cs.uni-kassel.de\/lehre\/ss2006\/datenbanken\/folien\/Kapitel14.pdf\"><img decoding=\"async\" src=\"http:\/\/www.kde.cs.uni-kassel.de\/images\/pdf.gif\" alt=\"PDF-Download\" \/><\/a><a href=\"http:\/\/www.kde.cs.uni-kassel.de\/lehre\/ss2006\/datenbanken\/folien\/4_Kapitel14.pdf\"><img decoding=\"async\" src=\"http:\/\/www.kde.cs.uni-kassel.de\/images\/pdf_4.gif\" alt=\"PDF-Download (4 in 1)\" \/><\/a><\/li>\n<li>Kapitel17.pdf <a href=\"http:\/\/www.kde.cs.uni-kassel.de\/lehre\/ss2006\/datenbanken\/folien\/Kapitel17.pdf\"><img decoding=\"async\" src=\"http:\/\/www.kde.cs.uni-kassel.de\/images\/pdf.gif\" alt=\"PDF-Download\" \/><\/a><a href=\"http:\/\/www.kde.cs.uni-kassel.de\/lehre\/ss2006\/datenbanken\/folien\/4_Kapitel17.pdf\"><img decoding=\"async\" src=\"http:\/\/www.kde.cs.uni-kassel.de\/images\/pdf_4.gif\" alt=\"PDF-Download (4 in 1)\" \/><\/a><\/li>\n<li>Kapitel11-Ergaenzung.pdf <a href=\"http:\/\/www.kde.cs.uni-kassel.de\/lehre\/ss2006\/datenbanken\/folien\/Kapitel11-Ergaenzung.pdf\"><img decoding=\"async\" src=\"http:\/\/www.kde.cs.uni-kassel.de\/images\/pdf.gif\" alt=\"PDF-Download\" \/><\/a><a href=\"http:\/\/www.kde.cs.uni-kassel.de\/lehre\/ss2006\/datenbanken\/folien\/4_Kapitel11-Ergaenzung.pdf\"><img decoding=\"async\" src=\"http:\/\/www.kde.cs.uni-kassel.de\/images\/pdf_4.gif\" alt=\"PDF-Download (4 in 1)\" \/><\/a><\/li>\n<li>Kapitel15.pdf <a href=\"http:\/\/www.kde.cs.uni-kassel.de\/lehre\/ss2006\/datenbanken\/folien\/Kapitel15.pdf\"><img decoding=\"async\" src=\"http:\/\/www.kde.cs.uni-kassel.de\/images\/pdf.gif\" alt=\"PDF-Download\" \/><\/a><a href=\"http:\/\/www.kde.cs.uni-kassel.de\/lehre\/ss2006\/datenbanken\/folien\/4_Kapitel15.pdf\"><img decoding=\"async\" src=\"http:\/\/www.kde.cs.uni-kassel.de\/images\/pdf_4.gif\" alt=\"PDF-Download (4 in 1)\" \/><\/a><\/li>\n<\/ul>\n<p><span style=\"color: #a3004e;\">\u00dcbungsaufgaben:<\/span><\/p>\n<ul>\n<li><a href=\"http:\/\/www.kde.cs.uni-kassel.de\/lehre\/ss2006\/datenbanken\/uebungen\/uebung1.pdf\"><u><span style=\"color: #0066cc;\">1. \u00dcbung (24.4.2006) <img decoding=\"async\" src=\"http:\/\/www.kde.cs.uni-kassel.de\/images\/pdf.gif\" alt=\"PDF-Download\" \/><\/span><\/u><\/a><\/li>\n<li><a href=\"http:\/\/www.kde.cs.uni-kassel.de\/lehre\/ss2006\/datenbanken\/uebungen\/uebung2.pdf\"><u><span style=\"color: #0066cc;\">2. \u00dcbung (8.5.2006) <img decoding=\"async\" src=\"http:\/\/www.kde.cs.uni-kassel.de\/images\/pdf.gif\" alt=\"PDF-Download\" \/><\/span><\/u><\/a><\/li>\n<li><a href=\"http:\/\/www.kde.cs.uni-kassel.de\/lehre\/ss2006\/datenbanken\/uebungen\/uebung3.pdf\"><u><span style=\"color: #0066cc;\">3. \u00dcbung (15.5.2006) <img decoding=\"async\" src=\"http:\/\/www.kde.cs.uni-kassel.de\/images\/pdf.gif\" alt=\"PDF-Download\" \/><\/span><\/u><\/a><\/li>\n<li><a href=\"http:\/\/www.kde.cs.uni-kassel.de\/lehre\/ss2006\/datenbanken\/uebungen\/uebung4.pdf\"><u><span style=\"color: #0066cc;\">4. \u00dcbung (22.5.2006) <img decoding=\"async\" src=\"http:\/\/www.kde.cs.uni-kassel.de\/images\/pdf.gif\" alt=\"PDF-Download\" \/><\/span><\/u><\/a><\/li>\n<li><a href=\"http:\/\/www.kde.cs.uni-kassel.de\/lehre\/ss2006\/datenbanken\/uebungen\/uebung5.pdf\"><u><span style=\"color: #0066cc;\">5. \u00dcbung (29.5.2006) <img decoding=\"async\" src=\"http:\/\/www.kde.cs.uni-kassel.de\/images\/pdf.gif\" alt=\"PDF-Download\" \/><\/span><\/u><\/a><\/li>\n<li><a href=\"http:\/\/www.kde.cs.uni-kassel.de\/lehre\/ss2006\/datenbanken\/uebungen\/uebung6.pdf\"><u><span style=\"color: #0066cc;\">6. \u00dcbung (19.6.2006) <img decoding=\"async\" src=\"http:\/\/www.kde.cs.uni-kassel.de\/images\/pdf.gif\" alt=\"PDF-Download\" \/><\/span><\/u><\/a><\/li>\n<li><a href=\"http:\/\/www.kde.cs.uni-kassel.de\/lehre\/ss2006\/datenbanken\/uebungen\/uebung7.pdf\"><u><span style=\"color: #0066cc;\">7. \u00dcbung (22.6.2006) <img decoding=\"async\" src=\"http:\/\/www.kde.cs.uni-kassel.de\/images\/pdf.gif\" alt=\"PDF-Download\" \/><\/span><\/u><\/a><\/li>\n<li><a href=\"http:\/\/www.kde.cs.uni-kassel.de\/lehre\/ss2006\/datenbanken\/uebungen\/uebung8.pdf\"><u><span style=\"color: #0066cc;\">8. \u00dcbung (26.6.2006) <img decoding=\"async\" src=\"http:\/\/www.kde.cs.uni-kassel.de\/images\/pdf.gif\" alt=\"PDF-Download\" \/><\/span><\/u><\/a><\/li>\n<li><a href=\"http:\/\/www.kde.cs.uni-kassel.de\/lehre\/ss2006\/datenbanken\/uebungen\/uebung9.pdf\"><u><span style=\"color: #0066cc;\">9. \u00dcbung (3.7.2006) <img decoding=\"async\" src=\"http:\/\/www.kde.cs.uni-kassel.de\/images\/pdf.gif\" alt=\"PDF-Download\" \/><\/span><\/u><\/a><\/li>\n<li><a href=\"http:\/\/www.kde.cs.uni-kassel.de\/lehre\/ss2006\/datenbanken\/uebungen\/uebung10.pdf\"><u><span style=\"color: #0066cc;\">10. \u00dcbung (10.7.2006) <img decoding=\"async\" src=\"http:\/\/www.kde.cs.uni-kassel.de\/images\/pdf.gif\" alt=\"PDF-Download\" \/><\/span><\/u><\/a><\/li>\n<li><a href=\"http:\/\/www.kde.cs.uni-kassel.de\/lehre\/ss2006\/datenbanken\/uebungen\/uebung11.pdf\"><u><span style=\"color: #0066cc;\">11. \u00dcbung (17.7.2006) <img decoding=\"async\" src=\"http:\/\/www.kde.cs.uni-kassel.de\/images\/pdf.gif\" alt=\"PDF-Download\" \/><\/span><\/u><\/a><\/li>\n<\/ul>\n","protected":false},"excerpt":{"rendered":"<p>Die Klausur-Ergebnisse sind online in der OKA. Die Klausureinsicht findet am 19.10.06 von 14:15 bis 15:00 in Raum 0443 statt, danach werden die Ergebnisse als endg\u00fcltig gemeldet. Klausur am 18.9.2006 um 13.00-15.00 Uhr im H\u00f6rsaal<a class=\"moretag\" href=\"https:\/\/www.kde.cs.uni-kassel.de\/en\/lehre\/ss2006\/datenbanken\"> Read more&hellip;<\/a><\/p>\n","protected":false},"author":1,"featured_media":0,"parent":998,"menu_order":0,"comment_status":"closed","ping_status":"closed","template":"","meta":{"footnotes":""},"class_list":["post-1005","page","type-page","status-publish","hentry"],"translation":{"provider":"WPGlobus","version":"3.0.2","language":"en","enabled_languages":["de","en"],"languages":{"de":{"title":true,"content":true,"excerpt":false},"en":{"title":false,"content":false,"excerpt":false}}},"_links":{"self":[{"href":"https:\/\/www.kde.cs.uni-kassel.de\/en\/wp-json\/wp\/v2\/pages\/1005","targetHints":{"allow":["GET"]}}],"collection":[{"href":"https:\/\/www.kde.cs.uni-kassel.de\/en\/wp-json\/wp\/v2\/pages"}],"about":[{"href":"https:\/\/www.kde.cs.uni-kassel.de\/en\/wp-json\/wp\/v2\/types\/page"}],"author":[{"embeddable":true,"href":"https:\/\/www.kde.cs.uni-kassel.de\/en\/wp-json\/wp\/v2\/users\/1"}],"replies":[{"embeddable":true,"href":"https:\/\/www.kde.cs.uni-kassel.de\/en\/wp-json\/wp\/v2\/comments?post=1005"}],"version-history":[{"count":3,"href":"https:\/\/www.kde.cs.uni-kassel.de\/en\/wp-json\/wp\/v2\/pages\/1005\/revisions"}],"predecessor-version":[{"id":2613,"href":"https:\/\/www.kde.cs.uni-kassel.de\/en\/wp-json\/wp\/v2\/pages\/1005\/revisions\/2613"}],"up":[{"embeddable":true,"href":"https:\/\/www.kde.cs.uni-kassel.de\/en\/wp-json\/wp\/v2\/pages\/998"}],"wp:attachment":[{"href":"https:\/\/www.kde.cs.uni-kassel.de\/en\/wp-json\/wp\/v2\/media?parent=1005"}],"curies":[{"name":"wp","href":"https:\/\/api.w.org\/{rel}","templated":true}]}}