{"id":1004,"date":"2016-04-04T17:17:40","date_gmt":"2016-04-04T15:17:40","guid":{"rendered":"https:\/\/www.kde.cs.uni-kassel.de\/?page_id=1004"},"modified":"2016-04-04T17:17:40","modified_gmt":"2016-04-04T15:17:40","slug":"kdd","status":"publish","type":"page","link":"https:\/\/www.kde.cs.uni-kassel.de\/en\/lehre\/ss2006\/kdd","title":{"rendered":"Knowledge Discovery (Vorlesung)"},"content":{"rendered":"<p>Klausureinsicht am 19.10.06 von 14:15 bis 15:00 in Raum 0443.<\/p>\n<p><span style=\"color: #a3004e;\">Erster Veranstaltungstag:<\/span><\/p>\n<p style=\"padding-left: 30px;\">Dienstag, 18. April 2006 in Raum -1607<\/p>\n<p><span style=\"color: #a3004e;\"> Ort und Zeit: <\/span><\/p>\n<p style=\"padding-left: 30px;\">Dienstags, 10.15 h &#8211; 11.45 h, in Raum 0443 (ab 9.5. nicht mehr -1607)<\/p>\n<p><span style=\"color: #a3004e;\"> \u00dcbungen: <\/span><\/p>\n<p style=\"padding-left: 30px;\">Donnerstags, 08.30 h &#8211; 10.00 h, in Raum 2104 (ab der 2. \u00dcbung in 0443)<\/p>\n<p><span style=\"color: #a3004e;\"> Vorkenntnisse: <\/span><\/p>\n<p style=\"padding-left: 30px;\">Informatik Grundstudium<\/p>\n<p><span style=\"color: #a3004e;\"> Angesprochener H\u00f6rerInnenkreis: <\/span><\/p>\n<p style=\"padding-left: 30px;\">Inf. 4. Sem., Math. NF Inf. Hauptstudium<\/p>\n<p><span style=\"color: #a3004e;\"> Leistungsnachweis: <\/span><\/p>\n<p style=\"padding-left: 30px;\">m\u00fcndliche Pr\u00fcfung oder Klausur, je nach Teilnehmerzahl<\/p>\n<p><span style=\"color: #a3004e;\"> Veranstalter: <\/span><\/p>\n<p style=\"padding-left: 30px;\"><a href=\"\/hotho\"><u><span style=\"color: #0066cc;\">Dr. Andreas Hotho<\/span><\/u><\/a>, Prof. Dr. Gerd Stumme, Dipl.-Math. Robert J\u00e4schke<\/p>\n<p><span style=\"color: #a3004e;\"> Inhalt: <\/span><\/p>\n<p style=\"padding-left: 30px;\">Die Vorlesung gibt einen \u00dcberblick \u00fcber Verfahren zur Wissensgewinnung aus strukturierten Daten und Texten. Behandelt werden<\/p>\n<ul>\n<li>Techniken zur Vorverarbeitung und Integration von Datenbest\u00e4nden, wozu das Konzept des Data Warehouse geh\u00f6rt,<\/li>\n<li>OLAP-Techniken f\u00fcr die interaktive Analyse gro\u00dfer Datenbest\u00e4nde,<\/li>\n<li>(halb-)automatische Verfahrung zur Gewinnung neuen Wissens aus strukturierten Daten und Methoden zur Wissensextraktion aus Texten.<\/li>\n<\/ul>\n<p style=\"padding-left: 30px;\">Der Schwerpunkt der Vorlesung liegt auf den maschinellen Lernverfahren, deren Anwendung an konkreten Beispielen aufgezeigt wird. Die Vorlesung kann durch die Teilnahme an Data Mining Cup (Projektseminar, 4 SWS) erg\u00e4nzt werden.<\/p>\n<p><span style=\"color: #a3004e;\"> Literatur: <\/span><\/p>\n<ul>\n<li>M. Ester und J. Sander: Knowledge Discovery in Databases: Springer-Verlag, 2000.<\/li>\n<li>U. M. Fayyad, G. Piatetsky-Shapiro, P. Smyth and R. Uthurasamy: Advances in Knowledge Discovery and Data Mining. Cambridge , London . MIT Press, 1996.<\/li>\n<li><a href=\"http:\/\/www.crisp-dm.org\/CRISPWP-0800.pdf\"><u><span style=\"color: #0066cc;\">CRoss Industry Standard Process for Data Mining (CRISP-DM) <\/span><\/u><\/a><\/li>\n<li><a href=\"http:\/\/www.bibsonomy.org\/tag\/lecture+kdd+2006\"><u><span style=\"color: #0066cc;\">Weitere Links und Referenzen zur KDD Vorlesung in BibSonomy<\/span><\/u><\/a><\/li>\n<\/ul>\n<p><span style=\"color: #a3004e;\"> Folien:<\/span><\/p>\n<ul>\n<li>Kap1.pdf <span style=\"color: #a3004e;\"><a href=\"http:\/\/www.kde.cs.uni-kassel.de\/lehre\/ss2006\/kdd\/folien\/Kap1.pdf\"><img decoding=\"async\" src=\"http:\/\/www.kde.cs.uni-kassel.de\/images\/pdf.gif\" alt=\"PDF-Download\" \/><\/a><a href=\"http:\/\/www.kde.cs.uni-kassel.de\/lehre\/ss2006\/kdd\/folien\/4_Kap1.pdf\"><img decoding=\"async\" src=\"http:\/\/www.kde.cs.uni-kassel.de\/images\/pdf_4.gif\" alt=\"PDF-Download (4 in 1)\" \/><\/a><\/span><\/li>\n<li>Kap2.pdf <a href=\"http:\/\/www.kde.cs.uni-kassel.de\/lehre\/ss2006\/kdd\/folien\/Kap2.pdf\"><img decoding=\"async\" src=\"http:\/\/www.kde.cs.uni-kassel.de\/images\/pdf.gif\" alt=\"PDF-Download\" \/><\/a><a href=\"http:\/\/www.kde.cs.uni-kassel.de\/lehre\/ss2006\/kdd\/folien\/4_Kap2.pdf\"><img decoding=\"async\" src=\"http:\/\/www.kde.cs.uni-kassel.de\/images\/pdf_4.gif\" alt=\"PDF-Download (4 in 1)\" \/><\/a><\/li>\n<li>Kap3.pdf <a href=\"http:\/\/www.kde.cs.uni-kassel.de\/lehre\/ss2006\/kdd\/folien\/Kap3.pdf\"><img decoding=\"async\" src=\"http:\/\/www.kde.cs.uni-kassel.de\/images\/pdf.gif\" alt=\"PDF-Download\" \/><\/a><a href=\"http:\/\/www.kde.cs.uni-kassel.de\/lehre\/ss2006\/kdd\/folien\/4_Kap3.pdf\"><img decoding=\"async\" src=\"http:\/\/www.kde.cs.uni-kassel.de\/images\/pdf_4.gif\" alt=\"PDF-Download (4 in 1)\" \/><\/a><\/li>\n<li>Kap4.pdf <a href=\"http:\/\/www.kde.cs.uni-kassel.de\/lehre\/ss2006\/kdd\/folien\/Kap4.pdf\"><img decoding=\"async\" src=\"http:\/\/www.kde.cs.uni-kassel.de\/images\/pdf.gif\" alt=\"PDF-Download\" \/><\/a><a href=\"http:\/\/www.kde.cs.uni-kassel.de\/lehre\/ss2006\/kdd\/folien\/4_Kap4.pdf\"><img decoding=\"async\" src=\"http:\/\/www.kde.cs.uni-kassel.de\/images\/pdf_4.gif\" alt=\"PDF-Download (4 in 1)\" \/><\/a><\/li>\n<li>Kap5.pdf <a href=\"http:\/\/www.kde.cs.uni-kassel.de\/lehre\/ss2006\/kdd\/folien\/Kap5.pdf\"><img decoding=\"async\" src=\"http:\/\/www.kde.cs.uni-kassel.de\/images\/pdf.gif\" alt=\"PDF-Download\" \/><\/a><a href=\"http:\/\/www.kde.cs.uni-kassel.de\/lehre\/ss2006\/kdd\/folien\/4_Kap5.pdf\"><img decoding=\"async\" src=\"http:\/\/www.kde.cs.uni-kassel.de\/images\/pdf_4.gif\" alt=\"PDF-Download (4 in 1)\" \/><\/a><\/li>\n<li>Kap5_SVM-Update.pdf <a href=\"http:\/\/www.kde.cs.uni-kassel.de\/lehre\/ss2006\/kdd\/folien\/Kap5_SVM-Update.pdf\"><img decoding=\"async\" src=\"http:\/\/www.kde.cs.uni-kassel.de\/images\/pdf.gif\" alt=\"PDF-Download\" \/><\/a><a href=\"http:\/\/www.kde.cs.uni-kassel.de\/lehre\/ss2006\/kdd\/folien\/4_Kap5_SVM-Update.pdf\"><img decoding=\"async\" src=\"http:\/\/www.kde.cs.uni-kassel.de\/images\/pdf_4.gif\" alt=\"PDF-Download (4 in 1)\" \/><\/a><\/li>\n<li>Kap6.pdf <a href=\"http:\/\/www.kde.cs.uni-kassel.de\/lehre\/ss2006\/kdd\/folien\/Kap6.pdf\"><img decoding=\"async\" src=\"http:\/\/www.kde.cs.uni-kassel.de\/images\/pdf.gif\" alt=\"PDF-Download\" \/><\/a><a href=\"http:\/\/www.kde.cs.uni-kassel.de\/lehre\/ss2006\/kdd\/folien\/4_Kap6.pdf\"><img decoding=\"async\" src=\"http:\/\/www.kde.cs.uni-kassel.de\/images\/pdf_4.gif\" alt=\"PDF-Download (4 in 1)\" \/><\/a><\/li>\n<li>Kap7.pdf <a href=\"http:\/\/www.kde.cs.uni-kassel.de\/lehre\/ss2006\/kdd\/folien\/Kap7.pdf\"><img decoding=\"async\" src=\"http:\/\/www.kde.cs.uni-kassel.de\/images\/pdf.gif\" alt=\"PDF-Download\" \/><\/a><a href=\"http:\/\/www.kde.cs.uni-kassel.de\/lehre\/ss2006\/kdd\/folien\/4_Kap7.pdf\"><img decoding=\"async\" src=\"http:\/\/www.kde.cs.uni-kassel.de\/images\/pdf_4.gif\" alt=\"PDF-Download (4 in 1)\" \/><\/a><\/li>\n<li>Kap8.pdf <a href=\"http:\/\/www.kde.cs.uni-kassel.de\/lehre\/ss2006\/kdd\/folien\/Kap8.pdf\"><img decoding=\"async\" src=\"http:\/\/www.kde.cs.uni-kassel.de\/images\/pdf.gif\" alt=\"PDF-Download\" \/><\/a><a href=\"http:\/\/www.kde.cs.uni-kassel.de\/lehre\/ss2006\/kdd\/folien\/4_Kap8.pdf\"><img decoding=\"async\" src=\"http:\/\/www.kde.cs.uni-kassel.de\/images\/pdf_4.gif\" alt=\"PDF-Download (4 in 1)\" \/><\/a><\/li>\n<li>Kap9.pdf <a href=\"http:\/\/www.kde.cs.uni-kassel.de\/lehre\/ss2006\/kdd\/folien\/Kap9.pdf\"><img decoding=\"async\" src=\"http:\/\/www.kde.cs.uni-kassel.de\/images\/pdf.gif\" alt=\"PDF-Download\" \/><\/a><a href=\"http:\/\/www.kde.cs.uni-kassel.de\/lehre\/ss2006\/kdd\/folien\/4_Kap9.pdf\"><img decoding=\"async\" src=\"http:\/\/www.kde.cs.uni-kassel.de\/images\/pdf_4.gif\" alt=\"PDF-Download (4 in 1)\" \/><\/a><\/li>\n<\/ul>\n<p><span style=\"color: #a3004e;\">\u00dcbungsaufgaben:<\/span><\/p>\n<ul>\n<li><a href=\"http:\/\/www.kde.cs.uni-kassel.de\/lehre\/ss2006\/kdd\/uebung\/Uebung1.pdf\"><u><span style=\"color: #0066cc;\">\ufffdung 1 <img decoding=\"async\" src=\"http:\/\/www.kde.cs.uni-kassel.de\/images\/pdf.gif\" alt=\"PDF-Download\" \/><\/span><\/u><\/a><\/li>\n<li><a href=\"http:\/\/www.kde.cs.uni-kassel.de\/lehre\/ss2006\/kdd\/uebung\/Uebung2.pdf\"><u><span style=\"color: #0066cc;\">\ufffdung 2 (Praxis\ufffd <img decoding=\"async\" src=\"http:\/\/www.kde.cs.uni-kassel.de\/images\/pdf.gif\" alt=\"PDF-Download\" \/><\/span><\/u><\/a><\/li>\n<li><a href=\"http:\/\/www.kde.cs.uni-kassel.de\/lehre\/ss2006\/kdd\/uebung\/Uebung3.pdf\"><u><span style=\"color: #0066cc;\">\ufffdung 3 <img decoding=\"async\" src=\"http:\/\/www.kde.cs.uni-kassel.de\/images\/pdf.gif\" alt=\"PDF-Download\" \/><\/span><\/u><\/a><\/li>\n<li><a href=\"http:\/\/www.kde.cs.uni-kassel.de\/lehre\/ss2006\/kdd\/uebung\/Uebung4.pdf\"><u><span style=\"color: #0066cc;\">\ufffdung 4 <img decoding=\"async\" src=\"http:\/\/www.kde.cs.uni-kassel.de\/images\/pdf.gif\" alt=\"PDF-Download\" \/><\/span><\/u><\/a><\/li>\n<li><a href=\"http:\/\/www.kde.cs.uni-kassel.de\/lehre\/ss2006\/kdd\/uebung\/Uebung5.pdf\"><u><span style=\"color: #0066cc;\">\ufffdung 5 <img decoding=\"async\" src=\"http:\/\/www.kde.cs.uni-kassel.de\/images\/pdf.gif\" alt=\"PDF-Download\" \/><\/span><\/u><\/a><\/li>\n<li><a href=\"http:\/\/www.kde.cs.uni-kassel.de\/lehre\/ss2006\/kdd\/uebung\/Uebung6.pdf\"><u><span style=\"color: #0066cc;\">\ufffdung 6 <img decoding=\"async\" src=\"http:\/\/www.kde.cs.uni-kassel.de\/images\/pdf.gif\" alt=\"PDF-Download\" \/><\/span><\/u><\/a><\/li>\n<li><a href=\"http:\/\/www.kde.cs.uni-kassel.de\/lehre\/ss2006\/kdd\/uebung\/Uebung7.pdf\"><u><span style=\"color: #0066cc;\">\ufffdung 7 <img decoding=\"async\" src=\"http:\/\/www.kde.cs.uni-kassel.de\/images\/pdf.gif\" alt=\"PDF-Download\" \/><\/span><\/u><\/a><\/li>\n<li><a href=\"http:\/\/www.kde.cs.uni-kassel.de\/lehre\/ss2006\/kdd\/uebung\/Uebung8.pdf\"><u><span style=\"color: #0066cc;\">\ufffdung 8 <img decoding=\"async\" src=\"http:\/\/www.kde.cs.uni-kassel.de\/images\/pdf.gif\" alt=\"PDF-Download\" \/><\/span><\/u><\/a><\/li>\n<li><a href=\"http:\/\/www.kde.cs.uni-kassel.de\/lehre\/ss2006\/kdd\/uebung\/Uebung9.pdf\"><u><span style=\"color: #0066cc;\">\ufffdung 9 <img decoding=\"async\" src=\"http:\/\/www.kde.cs.uni-kassel.de\/images\/pdf.gif\" alt=\"PDF-Download\" \/><\/span><\/u><\/a><\/li>\n<li><a href=\"http:\/\/www.kde.cs.uni-kassel.de\/lehre\/ss2006\/kdd\/uebung\/Uebung10.pdf\"><u><span style=\"color: #0066cc;\">\ufffdung 10 <img decoding=\"async\" src=\"http:\/\/www.kde.cs.uni-kassel.de\/images\/pdf.gif\" alt=\"PDF-Download\" \/><\/span><\/u><\/a><\/li>\n<li><a href=\"http:\/\/www.kde.cs.uni-kassel.de\/lehre\/ss2006\/kdd\/uebung\/Uebung11.pdf\"><u><span style=\"color: #0066cc;\">\ufffdung 11 <img decoding=\"async\" src=\"http:\/\/www.kde.cs.uni-kassel.de\/images\/pdf.gif\" alt=\"PDF-Download\" \/><\/span><\/u><\/a><\/li>\n<\/ul>\n<p><span style=\"color: #a3004e;\">L\u00f6sungsvorschl\u00e4ge:<\/span><\/p>\n","protected":false},"excerpt":{"rendered":"<p>Klausureinsicht am 19.10.06 von 14:15 bis 15:00 in Raum 0443. Erster Veranstaltungstag: Dienstag, 18. April 2006 in Raum -1607 Ort und Zeit: Dienstags, 10.15 h &#8211; 11.45 h, in Raum 0443 (ab 9.5. nicht mehr<a class=\"moretag\" href=\"https:\/\/www.kde.cs.uni-kassel.de\/en\/lehre\/ss2006\/kdd\"> Read more&hellip;<\/a><\/p>\n","protected":false},"author":1,"featured_media":0,"parent":998,"menu_order":0,"comment_status":"closed","ping_status":"closed","template":"","meta":{"footnotes":""},"class_list":["post-1004","page","type-page","status-publish","hentry"],"translation":{"provider":"WPGlobus","version":"3.0.2","language":"en","enabled_languages":["de","en"],"languages":{"de":{"title":true,"content":true,"excerpt":false},"en":{"title":false,"content":false,"excerpt":false}}},"_links":{"self":[{"href":"https:\/\/www.kde.cs.uni-kassel.de\/en\/wp-json\/wp\/v2\/pages\/1004","targetHints":{"allow":["GET"]}}],"collection":[{"href":"https:\/\/www.kde.cs.uni-kassel.de\/en\/wp-json\/wp\/v2\/pages"}],"about":[{"href":"https:\/\/www.kde.cs.uni-kassel.de\/en\/wp-json\/wp\/v2\/types\/page"}],"author":[{"embeddable":true,"href":"https:\/\/www.kde.cs.uni-kassel.de\/en\/wp-json\/wp\/v2\/users\/1"}],"replies":[{"embeddable":true,"href":"https:\/\/www.kde.cs.uni-kassel.de\/en\/wp-json\/wp\/v2\/comments?post=1004"}],"version-history":[{"count":1,"href":"https:\/\/www.kde.cs.uni-kassel.de\/en\/wp-json\/wp\/v2\/pages\/1004\/revisions"}],"predecessor-version":[{"id":1008,"href":"https:\/\/www.kde.cs.uni-kassel.de\/en\/wp-json\/wp\/v2\/pages\/1004\/revisions\/1008"}],"up":[{"embeddable":true,"href":"https:\/\/www.kde.cs.uni-kassel.de\/en\/wp-json\/wp\/v2\/pages\/998"}],"wp:attachment":[{"href":"https:\/\/www.kde.cs.uni-kassel.de\/en\/wp-json\/wp\/v2\/media?parent=1004"}],"curies":[{"name":"wp","href":"https:\/\/api.w.org\/{rel}","templated":true}]}}