{"id":1002,"date":"2016-04-04T17:21:32","date_gmt":"2016-04-04T15:21:32","guid":{"rendered":"https:\/\/www.kde.cs.uni-kassel.de\/?page_id=1002"},"modified":"2016-04-04T17:21:32","modified_gmt":"2016-04-04T15:21:32","slug":"data_mining_cup","status":"publish","type":"page","link":"https:\/\/www.kde.cs.uni-kassel.de\/en\/lehre\/ss2006\/data_mining_cup","title":{"rendered":"Data Mining Cup (Projektseminar, 4 SWS)"},"content":{"rendered":"<p><span style=\"color: #a3004e;\">Ort und Zeit: <\/span><\/p>\n<p style=\"padding-left: 30px;\">Die Aufgabenstellung wird am 12. April 2006 ver\u00f6ffentlicht. Bis 31. Mai 2006 haben die Teilnehmer dann die M\u00f6glichkeit, ein entsprechendes L\u00f6sungsmodell einzureichen. Das Projekt endet mit demselben Datum. Interessierten wird eine umgehende Kontaktaufnahme mit dem FG Wissens\u00adverarbeitung empfohlen.<\/p>\n<p><span style=\"color: #a3004e;\">Voraussetzung: <\/span><\/p>\n<p style=\"padding-left: 30px;\">Kenntnisse der Vorlesung Knowledge Discovery oder Teilnahme an dieser Vorlesung im Sommersemester 2006.<\/p>\n<p><span style=\"color: #a3004e;\">\u00a0<\/span><span style=\"color: #a3004e;\">Veranstalter: <\/span><\/p>\n<p style=\"padding-left: 30px;\">Prof. Dr. Gerd Stumme, Dipl.-Inform. Christoph Schmitz<u> <\/u><\/p>\n<p><span style=\"color: #a3004e;\"> Inhalt: <\/span><\/p>\n<p style=\"padding-left: 30px;\">Das Fachgebiet Wissensverarbeitung ruft zur Teilnahme am Data Mining Cup 2006 auf. Der Wettbewerb zum DATA-MINING-CUP 2006 richtet sich an Studierende (Direkt- oder Fernstudium, keine Promotion) von Universit\u00e4ten, Fachhochschulen sowie Berufsakademien aus dem In- und Ausland. Die Aufgabenstellung wird sich an einer aktuellen und praxisnahen Problemstellung basierend auf eBay Marktdaten orientieren.<br \/>\nDetails zur Aufgabe werden zum Start des Wettbewerbs, d. h. am 12.04.2006 unter &lt;http:\/\/www.data-mining-cup.de\/&gt; ver\u00f6ffentlicht.<\/p>\n<p><span style=\"color: #a3004e;\"> Weitere Informationen: <\/span><\/p>\n<p style=\"padding-left: 30px;\"><a href=\"http:\/\/www.data-mining-cup.de\/\">http:\/\/www.data-mining-cup.de\/<\/a><\/p>\n","protected":false},"excerpt":{"rendered":"<p>Ort und Zeit: Die Aufgabenstellung wird am 12. April 2006 ver\u00f6ffentlicht. Bis 31. Mai 2006 haben die Teilnehmer dann die M\u00f6glichkeit, ein entsprechendes L\u00f6sungsmodell einzureichen. Das Projekt endet mit demselben Datum. Interessierten wird eine umgehende<a class=\"moretag\" href=\"https:\/\/www.kde.cs.uni-kassel.de\/en\/lehre\/ss2006\/data_mining_cup\"> Read more&hellip;<\/a><\/p>\n","protected":false},"author":1,"featured_media":0,"parent":998,"menu_order":0,"comment_status":"closed","ping_status":"closed","template":"","meta":{"footnotes":""},"class_list":["post-1002","page","type-page","status-publish","hentry"],"translation":{"provider":"WPGlobus","version":"3.0.2","language":"en","enabled_languages":["de","en"],"languages":{"de":{"title":true,"content":true,"excerpt":false},"en":{"title":false,"content":false,"excerpt":false}}},"_links":{"self":[{"href":"https:\/\/www.kde.cs.uni-kassel.de\/en\/wp-json\/wp\/v2\/pages\/1002","targetHints":{"allow":["GET"]}}],"collection":[{"href":"https:\/\/www.kde.cs.uni-kassel.de\/en\/wp-json\/wp\/v2\/pages"}],"about":[{"href":"https:\/\/www.kde.cs.uni-kassel.de\/en\/wp-json\/wp\/v2\/types\/page"}],"author":[{"embeddable":true,"href":"https:\/\/www.kde.cs.uni-kassel.de\/en\/wp-json\/wp\/v2\/users\/1"}],"replies":[{"embeddable":true,"href":"https:\/\/www.kde.cs.uni-kassel.de\/en\/wp-json\/wp\/v2\/comments?post=1002"}],"version-history":[{"count":1,"href":"https:\/\/www.kde.cs.uni-kassel.de\/en\/wp-json\/wp\/v2\/pages\/1002\/revisions"}],"predecessor-version":[{"id":1010,"href":"https:\/\/www.kde.cs.uni-kassel.de\/en\/wp-json\/wp\/v2\/pages\/1002\/revisions\/1010"}],"up":[{"embeddable":true,"href":"https:\/\/www.kde.cs.uni-kassel.de\/en\/wp-json\/wp\/v2\/pages\/998"}],"wp:attachment":[{"href":"https:\/\/www.kde.cs.uni-kassel.de\/en\/wp-json\/wp\/v2\/media?parent=1002"}],"curies":[{"name":"wp","href":"https:\/\/api.w.org\/{rel}","templated":true}]}}